{"id":1822,"date":"2025-11-09T19:21:16","date_gmt":"2025-11-09T19:21:16","guid":{"rendered":"https:\/\/www.zkprintpack.com\/?post_type=product&#038;p=1822"},"modified":"2025-11-09T19:21:47","modified_gmt":"2025-11-09T19:21:47","slug":"custom-resealable-stand-up-pouch","status":"publish","type":"product","link":"https:\/\/www.zkprintpack.com\/es\/product\/custom-resealable-stand-up-pouch\/","title":{"rendered":"Bolsa personalizada resellable con l\u00ednea de rasgado 1.13Kg 2.5lb"},"content":{"rendered":"<div class=\"wp-block-columns is-layout-flex wp-container-core-columns-is-layout-9d6595d7 wp-block-columns-is-layout-flex\">\n<div class=\"wp-block-column is-layout-flow wp-block-column-is-layout-flow\">\n<h2 class=\"wp-block-heading\">Caracter\u00edsticas de la bolsa de pie resellable personalizada<\/h2>\n\n\n\n<p><strong>Reutilizable y dise\u00f1o superior:<\/strong><br>Nuestra bolsa de pie resellable personalizada es f\u00e1cil de volver a cerrar por la parte superior y tiene una l\u00ednea de rasgado. Reduce el desperdicio de alimentos, mantiene la humedad y conserva el marisco abierto.<\/p>\n\n\n\n<p><strong>Frescura sellada al vac\u00edo<\/strong>: A diferencia del envasado ordinario, el envasado al vac\u00edo por porciones controladas proporciona la m\u00e1xima frescura, evita la entrada de ox\u00edgeno y humedad y prolonga autom\u00e1ticamente la vida \u00fatil.<\/p>\n\n\n\n<p><strong>Materiales seguros y de calidad alimentaria:<\/strong> Compuesto por pel\u00edculas laminadas de alta barrera aptas para uso alimentario que cumplen todas las normas de seguridad alimentaria y son resistentes al agua, al ox\u00edgeno y al aceite.<\/p>\n\n\n\n<p><strong>Alternativa ligera y ecol\u00f3gica: <\/strong>Las bolsas con autocierre ahorran espacio de almacenamiento, ya que utilizan menos pl\u00e1stico que las latas o los tarros. Los envases de porciones con cierre al vac\u00edo reducen los residuos y fomentan el uso sostenible.<\/p>\n<\/div>\n\n\n\n<div class=\"wp-block-column is-layout-flow wp-block-column-is-layout-flow\">\n<figure class=\"wp-block-image size-full\"><img decoding=\"async\" width=\"800\" height=\"800\" src=\"https:\/\/www.zkprintpack.com\/wp-content\/uploads\/2025\/08\/Custom-vacuum-sealed-stand-up-pouch-3.webp\" alt=\"Bolsa de pie sellada al vac\u00edo personalizada (3)\" class=\"wp-image-1825\" srcset=\"https:\/\/www.zkprintpack.com\/wp-content\/uploads\/2025\/08\/Custom-vacuum-sealed-stand-up-pouch-3.webp 800w, https:\/\/www.zkprintpack.com\/wp-content\/uploads\/2025\/08\/Custom-vacuum-sealed-stand-up-pouch-3-150x150.webp 150w, https:\/\/www.zkprintpack.com\/wp-content\/uploads\/2025\/08\/Custom-vacuum-sealed-stand-up-pouch-3-768x768.webp 768w, https:\/\/www.zkprintpack.com\/wp-content\/uploads\/2025\/08\/Custom-vacuum-sealed-stand-up-pouch-3-12x12.webp 12w, https:\/\/www.zkprintpack.com\/wp-content\/uploads\/2025\/08\/Custom-vacuum-sealed-stand-up-pouch-3-600x600.webp 600w, https:\/\/www.zkprintpack.com\/wp-content\/uploads\/2025\/08\/Custom-vacuum-sealed-stand-up-pouch-3-300x300.webp 300w, https:\/\/www.zkprintpack.com\/wp-content\/uploads\/2025\/08\/Custom-vacuum-sealed-stand-up-pouch-3-100x100.webp 100w\" sizes=\"(max-width: 800px) 100vw, 800px\" \/><\/figure>\n<\/div>\n<\/div>\n\n\n\n<p><\/p>","protected":false},"excerpt":{"rendered":"<p>Estas bolsas stand up resellables personalizadas est\u00e1n fabricadas con materiales de primera calidad aptos para uso alimentario que garantizan que los alimentos se mantengan frescos durante m\u00e1s tiempo. Los materiales de primera calidad utilizados en la construcci\u00f3n de estas bolsas proporcionan una excelente resistencia. Totalmente personalizables (OEM\/ODM) con impresiones vibrantes y opciones de etiqueta privada. P\u00f3ngase en contacto con nosotros para obtener muestras ahora.<\/p>\n<h2>Par\u00e1metros de la bolsa resellable de pie personalizada<\/h2>\n<ul>\n<li><strong>Material:<\/strong>\u00a0PET\/PE, PET\/NY\/PE, PET\/AL\/NY\/PE, etc.<\/li>\n<li><strong>Tipo de bolsa<\/strong>: Bolsa de pie<\/li>\n<li><strong>Talla<\/strong>: 1.13kg\/Custom<\/li>\n<li><strong>Pedido a medida<\/strong>: Aceptamos OEM y ODM<\/li>\n<li><strong>Muestra gratuita<\/strong>: Soporte<\/li>\n<li><strong>Utilizaci\u00f3n<\/strong>: Productos l\u00e1cteos, alimentos listos para cocinar, marisco y mucho m\u00e1s<\/li>\n<li><strong>Manipulaci\u00f3n de superficies<\/strong>: Impresi\u00f3n en huecograbado<\/li>\n<li><strong>Color<\/strong>: Personalizable<\/li>\n<li><strong>Mercados destinatarios<\/strong>: En todo el mundo<\/li>\n<\/ul>","protected":false},"featured_media":1818,"comment_status":"closed","ping_status":"closed","template":"","meta":{"_acf_changed":false},"market":[64],"product_brand":[],"product_cat":[50],"product_tag":[],"class_list":{"0":"post-1822","1":"product","2":"type-product","3":"status-publish","4":"has-post-thumbnail","6":"market-seafood-packaging-supplier","7":"product_cat-stand-up-pouches-wholesale","9":"first","10":"instock","11":"shipping-taxable","12":"product-type-simple"},"acf":[],"_links":{"self":[{"href":"https:\/\/www.zkprintpack.com\/es\/wp-json\/wp\/v2\/product\/1822","targetHints":{"allow":["GET"]}}],"collection":[{"href":"https:\/\/www.zkprintpack.com\/es\/wp-json\/wp\/v2\/product"}],"about":[{"href":"https:\/\/www.zkprintpack.com\/es\/wp-json\/wp\/v2\/types\/product"}],"replies":[{"embeddable":true,"href":"https:\/\/www.zkprintpack.com\/es\/wp-json\/wp\/v2\/comments?post=1822"}],"wp:featuredmedia":[{"embeddable":true,"href":"https:\/\/www.zkprintpack.com\/es\/wp-json\/wp\/v2\/media\/1818"}],"wp:attachment":[{"href":"https:\/\/www.zkprintpack.com\/es\/wp-json\/wp\/v2\/media?parent=1822"}],"wp:term":[{"taxonomy":"market","embeddable":true,"href":"https:\/\/www.zkprintpack.com\/es\/wp-json\/wp\/v2\/market?post=1822"},{"taxonomy":"product_brand","embeddable":true,"href":"https:\/\/www.zkprintpack.com\/es\/wp-json\/wp\/v2\/product_brand?post=1822"},{"taxonomy":"product_cat","embeddable":true,"href":"https:\/\/www.zkprintpack.com\/es\/wp-json\/wp\/v2\/product_cat?post=1822"},{"taxonomy":"product_tag","embeddable":true,"href":"https:\/\/www.zkprintpack.com\/es\/wp-json\/wp\/v2\/product_tag?post=1822"}],"curies":[{"name":"wp","href":"https:\/\/api.w.org\/{rel}","templated":true}]}}