{"id":1817,"date":"2025-09-05T08:01:42","date_gmt":"2025-09-05T08:01:42","guid":{"rendered":"https:\/\/www.zkprintpack.com\/?post_type=product&#038;p=1817"},"modified":"2025-09-05T08:12:32","modified_gmt":"2025-09-05T08:12:32","slug":"custom-resealable-stand-up-pouches","status":"publish","type":"product","link":"https:\/\/www.zkprintpack.com\/es\/product\/custom-resealable-stand-up-pouches\/","title":{"rendered":"Bolsas personalizadas resellables con muesca para marisco"},"content":{"rendered":"<div class=\"wp-block-columns is-layout-flex wp-container-core-columns-is-layout-9d6595d7 wp-block-columns-is-layout-flex\">\n<div class=\"wp-block-column is-layout-flow wp-block-column-is-layout-flow\">\n<h2 class=\"wp-block-heading\">Bolsas de pie resellables Caracter\u00edsticas:<\/h2>\n\n\n\n<p><strong>Dise\u00f1o resellable y rasgable<\/strong>:<br>Con una simple l\u00ednea de apertura y un cierre sencillo en la parte superior, estas bolsas stand up con cierre personalizado conservan la frescura del marisco una vez abiertas, evitan la entrada de humedad y reducen el desperdicio de alimentos.<\/p>\n\n\n\n<p><strong>Frescura sellada al vac\u00edo<\/strong>:<br>El envasado al vac\u00edo de porciones controladas de nuestras bolsas stand up resellables personalizadas proporciona la m\u00e1xima frescura, excluye el ox\u00edgeno y la humedad y prolonga autom\u00e1ticamente la vida \u00fatil en comparaci\u00f3n con los envases convencionales.<\/p>\n\n\n\n<p><strong>Materiales seguros y de calidad alimentaria<\/strong>:<br>Fabricados con films laminados de alta barrera para uso alimentario, resistentes al aceite, al ox\u00edgeno y a la humedad, y totalmente conformes con las normas de seguridad alimentaria.<\/p>\n\n\n\n<p><strong>Alternativa verde y ligera<\/strong>:<br>Dado que se utilizan menos pl\u00e1sticos que en las latas o los tarros, nuestras bolsas stand up resellables personalizadas tambi\u00e9n conservan el espacio de almacenamiento. Los envases de porciones se envasan al vac\u00edo para minimizar el desperdicio y fomentar el consumo sostenible.<\/p>\n<\/div>\n\n\n\n<div class=\"wp-block-column is-layout-flow wp-block-column-is-layout-flow\">\n<figure class=\"wp-block-image size-full\"><img decoding=\"async\" width=\"800\" height=\"800\" src=\"https:\/\/www.zkprintpack.com\/wp-content\/uploads\/2025\/08\/Custom-Resealable-Stand-up-Pouch-with-Tear-Notch-1.webp\" alt=\"Funda de pie resellable personalizada con muesca para rasgar (1)\" class=\"wp-image-1818\" srcset=\"https:\/\/www.zkprintpack.com\/wp-content\/uploads\/2025\/08\/Custom-Resealable-Stand-up-Pouch-with-Tear-Notch-1.webp 800w, https:\/\/www.zkprintpack.com\/wp-content\/uploads\/2025\/08\/Custom-Resealable-Stand-up-Pouch-with-Tear-Notch-1-150x150.webp 150w, https:\/\/www.zkprintpack.com\/wp-content\/uploads\/2025\/08\/Custom-Resealable-Stand-up-Pouch-with-Tear-Notch-1-768x768.webp 768w, https:\/\/www.zkprintpack.com\/wp-content\/uploads\/2025\/08\/Custom-Resealable-Stand-up-Pouch-with-Tear-Notch-1-12x12.webp 12w, https:\/\/www.zkprintpack.com\/wp-content\/uploads\/2025\/08\/Custom-Resealable-Stand-up-Pouch-with-Tear-Notch-1-600x600.webp 600w, https:\/\/www.zkprintpack.com\/wp-content\/uploads\/2025\/08\/Custom-Resealable-Stand-up-Pouch-with-Tear-Notch-1-300x300.webp 300w, https:\/\/www.zkprintpack.com\/wp-content\/uploads\/2025\/08\/Custom-Resealable-Stand-up-Pouch-with-Tear-Notch-1-100x100.webp 100w\" sizes=\"(max-width: 800px) 100vw, 800px\" \/><\/figure>\n<\/div>\n<\/div>\n\n\n\n<p><\/p>","protected":false},"excerpt":{"rendered":"<p>Fabricadas con materiales aptos para uso alimentario, estas bolsas de pie resellables personalizadas son ideales para alimentos crudos o semicrudos, o m\u00e1s productos. Totalmente personalizables (OEM\/ODM) con vibrantes impresiones y opciones de etiqueta privada. Solicite muestras hoy mismo.<\/p>\n<h2>Par\u00e1metros de las bolsas autoadhesivas resellables<\/h2>\n<ul>\n<li><strong>Material:<\/strong>\u00a0PET\/PE, PET\/NY\/PE, PET\/AL\/NY\/PE, etc.<\/li>\n<li><strong>Tipo de bolsa<\/strong>: Bolsa de pie<\/li>\n<li><strong>Talla<\/strong>: 284g\/ Personalizado<\/li>\n<li><strong>Pedido a medida<\/strong>: Aceptamos OEM y ODM<\/li>\n<li><strong>Muestra gratuita<\/strong>: Soporte<\/li>\n<li><strong>Utilizaci\u00f3n<\/strong>: Productos l\u00e1cteos, y m\u00e1s<\/li>\n<li><strong>Manipulaci\u00f3n de superficies<\/strong>: Impresi\u00f3n en huecograbado<\/li>\n<li><strong>Color<\/strong>: Personalizable<\/li>\n<li><strong>Mercados destinatarios<\/strong>: En todo el mundo<\/li>\n<\/ul>","protected":false},"featured_media":1819,"comment_status":"closed","ping_status":"closed","template":"","meta":{"_acf_changed":false},"market":[64],"product_brand":[],"product_cat":[50],"product_tag":[],"class_list":{"0":"post-1817","1":"product","2":"type-product","3":"status-publish","4":"has-post-thumbnail","6":"market-seafood-packaging-supplier","7":"product_cat-stand-up-pouches-wholesale","9":"first","10":"instock","11":"shipping-taxable","12":"product-type-simple"},"acf":[],"_links":{"self":[{"href":"https:\/\/www.zkprintpack.com\/es\/wp-json\/wp\/v2\/product\/1817","targetHints":{"allow":["GET"]}}],"collection":[{"href":"https:\/\/www.zkprintpack.com\/es\/wp-json\/wp\/v2\/product"}],"about":[{"href":"https:\/\/www.zkprintpack.com\/es\/wp-json\/wp\/v2\/types\/product"}],"replies":[{"embeddable":true,"href":"https:\/\/www.zkprintpack.com\/es\/wp-json\/wp\/v2\/comments?post=1817"}],"wp:featuredmedia":[{"embeddable":true,"href":"https:\/\/www.zkprintpack.com\/es\/wp-json\/wp\/v2\/media\/1819"}],"wp:attachment":[{"href":"https:\/\/www.zkprintpack.com\/es\/wp-json\/wp\/v2\/media?parent=1817"}],"wp:term":[{"taxonomy":"market","embeddable":true,"href":"https:\/\/www.zkprintpack.com\/es\/wp-json\/wp\/v2\/market?post=1817"},{"taxonomy":"product_brand","embeddable":true,"href":"https:\/\/www.zkprintpack.com\/es\/wp-json\/wp\/v2\/product_brand?post=1817"},{"taxonomy":"product_cat","embeddable":true,"href":"https:\/\/www.zkprintpack.com\/es\/wp-json\/wp\/v2\/product_cat?post=1817"},{"taxonomy":"product_tag","embeddable":true,"href":"https:\/\/www.zkprintpack.com\/es\/wp-json\/wp\/v2\/product_tag?post=1817"}],"curies":[{"name":"wp","href":"https:\/\/api.w.org\/{rel}","templated":true}]}}