{"id":1806,"date":"2025-11-09T19:17:35","date_gmt":"2025-11-09T19:17:35","guid":{"rendered":"https:\/\/www.zkprintpack.com\/?post_type=product&#038;p=1806"},"modified":"2025-11-09T19:17:37","modified_gmt":"2025-11-09T19:17:37","slug":"custom-stand-up-pouch-for-powder-eco","status":"publish","type":"product","link":"https:\/\/www.zkprintpack.com\/es\/product\/custom-stand-up-pouch-for-powder-eco\/","title":{"rendered":"Fabricante de bolsas autoportantes a medida para el envasado de polvos - muescas de rasgado"},"content":{"rendered":"<div class=\"wp-block-columns is-layout-flex wp-container-core-columns-is-layout-9d6595d7 wp-block-columns-is-layout-flex\">\n<div class=\"wp-block-column is-layout-flow wp-block-column-is-layout-flow\">\n<h2 class=\"wp-block-heading\">Caracter\u00edsticas de las bolsas autoportantes a medida para el envasado de polvos<\/h2>\n\n\n\n<p><strong>Pack de pie estable<\/strong>:<br>Nuestras bolsas de pie personalizadas se mantienen estables, de pie, sin soporte, lo que permite una exposici\u00f3n eficaz en los estantes de un supermercado, una tienda de conveniencia o en casa. La informaci\u00f3n sobre la marca y el producto es legible en su totalidad, f\u00e1cil de leer y elegida por los consumidores.<\/p>\n\n\n\n<p><strong>Funcional y orientado al consumidor<\/strong>:<br>La muesca de rasgado de nuestras bolsas de pie personalizadas permite abrirlas f\u00e1cilmente con una sola mano.<br>El envase a prueba de humedad y ox\u00edgeno garantiza la frescura y la protecci\u00f3n contra el deterioro.<br>Ligero, f\u00e1cil de usar, f\u00e1cil de maniobrar y f\u00e1cil de transportar cuando se est\u00e1 de viaje mientras se trabaja, se viaja o se realiza una actividad al aire libre.<\/p>\n\n\n\n<p><strong>Material sostenible:<\/strong><br>Al incorporar materiales sostenibles, las empresas de bolsas autoportantes personalizadas no s\u00f3lo reducen sus emisiones de carbono y sus residuos de envases, sino que tambi\u00e9n responden a la creciente demanda de sostenibilidad por parte de los consumidores. Esta caracter\u00edstica permite a las empresas aunar funcionalidad, durabilidad y sostenibilidad en un solo producto.<\/p>\n<\/div>\n\n\n\n<div class=\"wp-block-column is-layout-flow wp-block-column-is-layout-flow\">\n<figure class=\"wp-block-image size-full\"><img decoding=\"async\" width=\"800\" height=\"800\" src=\"https:\/\/www.zkprintpack.com\/wp-content\/uploads\/2025\/08\/custom-stand-up-pouch-for-powder-1.webp\" alt=\"\" class=\"wp-image-1813\" srcset=\"https:\/\/www.zkprintpack.com\/wp-content\/uploads\/2025\/08\/custom-stand-up-pouch-for-powder-1.webp 800w, https:\/\/www.zkprintpack.com\/wp-content\/uploads\/2025\/08\/custom-stand-up-pouch-for-powder-1-150x150.webp 150w, https:\/\/www.zkprintpack.com\/wp-content\/uploads\/2025\/08\/custom-stand-up-pouch-for-powder-1-768x768.webp 768w, https:\/\/www.zkprintpack.com\/wp-content\/uploads\/2025\/08\/custom-stand-up-pouch-for-powder-1-12x12.webp 12w, https:\/\/www.zkprintpack.com\/wp-content\/uploads\/2025\/08\/custom-stand-up-pouch-for-powder-1-600x600.webp 600w, https:\/\/www.zkprintpack.com\/wp-content\/uploads\/2025\/08\/custom-stand-up-pouch-for-powder-1-300x300.webp 300w, https:\/\/www.zkprintpack.com\/wp-content\/uploads\/2025\/08\/custom-stand-up-pouch-for-powder-1-100x100.webp 100w\" sizes=\"(max-width: 800px) 100vw, 800px\" \/><\/figure>\n<\/div>\n<\/div>","protected":false},"excerpt":{"rendered":"<p>Fabricada con materiales aptos para uso alimentario, esta bolsa de pie personalizada es ideal para productos en polvo. Totalmente personalizable (OEM\/ODM) con impresiones vibrantes y opciones de etiqueta privada. Esta bolsa stand-up personalizada tambi\u00e9n es perfecta para marcas de productos en polvo que buscan un envase llamativo. Solicite muestras hoy mismo.<\/p>\n<h2>Par\u00e1metros de la bolsa de polvos a medida<\/h2>\n<ul>\n<li><strong>Material:<\/strong>\u00a0PET\/PE, PET\/NY\/PE, PET\/AL\/NY\/PE, etc.<\/li>\n<li><strong>Tipo de bolsa<\/strong>: Bolsa de pie<\/li>\n<li><strong>Talla<\/strong>: A medida<\/li>\n<li><strong>Pedido a medida<\/strong>: Aceptamos OEM y ODM<\/li>\n<li><strong>Muestra gratuita<\/strong>: Soporte<\/li>\n<li><strong>Utilizaci\u00f3n<\/strong>: Productos en polvo<\/li>\n<li><strong>Manipulaci\u00f3n de superficies<\/strong>: Impresi\u00f3n en huecograbado<\/li>\n<li><strong>Color<\/strong>: Puede ser personalizado<\/li>\n<li><strong>Mercados destinatarios<\/strong>: En todo el mundo<\/li>\n<\/ul>","protected":false},"featured_media":1812,"comment_status":"closed","ping_status":"closed","template":"","meta":{"_acf_changed":false},"market":[],"product_brand":[],"product_cat":[],"product_tag":[],"class_list":{"0":"post-1806","1":"product","2":"type-product","3":"status-publish","4":"has-post-thumbnail","7":"first","8":"instock","9":"shipping-taxable","10":"product-type-simple"},"acf":[],"_links":{"self":[{"href":"https:\/\/www.zkprintpack.com\/es\/wp-json\/wp\/v2\/product\/1806","targetHints":{"allow":["GET"]}}],"collection":[{"href":"https:\/\/www.zkprintpack.com\/es\/wp-json\/wp\/v2\/product"}],"about":[{"href":"https:\/\/www.zkprintpack.com\/es\/wp-json\/wp\/v2\/types\/product"}],"replies":[{"embeddable":true,"href":"https:\/\/www.zkprintpack.com\/es\/wp-json\/wp\/v2\/comments?post=1806"}],"wp:featuredmedia":[{"embeddable":true,"href":"https:\/\/www.zkprintpack.com\/es\/wp-json\/wp\/v2\/media\/1812"}],"wp:attachment":[{"href":"https:\/\/www.zkprintpack.com\/es\/wp-json\/wp\/v2\/media?parent=1806"}],"wp:term":[{"taxonomy":"market","embeddable":true,"href":"https:\/\/www.zkprintpack.com\/es\/wp-json\/wp\/v2\/market?post=1806"},{"taxonomy":"product_brand","embeddable":true,"href":"https:\/\/www.zkprintpack.com\/es\/wp-json\/wp\/v2\/product_brand?post=1806"},{"taxonomy":"product_cat","embeddable":true,"href":"https:\/\/www.zkprintpack.com\/es\/wp-json\/wp\/v2\/product_cat?post=1806"},{"taxonomy":"product_tag","embeddable":true,"href":"https:\/\/www.zkprintpack.com\/es\/wp-json\/wp\/v2\/product_tag?post=1806"}],"curies":[{"name":"wp","href":"https:\/\/api.w.org\/{rel}","templated":true}]}}