{"id":1800,"date":"2025-08-29T09:55:51","date_gmt":"2025-08-29T09:55:51","guid":{"rendered":"https:\/\/www.zkprintpack.com\/?post_type=product&#038;p=1800"},"modified":"2026-02-04T02:50:12","modified_gmt":"2026-02-04T02:50:12","slug":"custom-stand-up-pouch-for-powder","status":"publish","type":"product","link":"https:\/\/www.zkprintpack.com\/es\/product\/custom-stand-up-pouch-for-powder\/","title":{"rendered":"Envasado en bolsa autoportante personalizada para productos en polvo - Dise\u00f1o claro, pr\u00e1ctico y llamativo"},"content":{"rendered":"<div class=\"wp-block-columns is-layout-flex wp-container-core-columns-is-layout-9d6595d7 wp-block-columns-is-layout-flex\">\n<div class=\"wp-block-column is-layout-flow wp-block-column-is-layout-flow\">\n<h2 class=\"wp-block-heading\">Caracter\u00edsticas del envasado en bolsa autoportante personalizada para productos en polvo<\/h2>\n\n\n\n<p><strong>Pantalla de pie estable para una mejor visualizaci\u00f3n<\/strong>:<br>La bolsa de pie personalizada se sostiene por s\u00ed misma sin necesidad de un marco de soporte para evitar el problema de apilamiento de los envases de almohadilla tradicionales. Dondequiera que se almacenen, en las estanter\u00edas de los supermercados, en el frigor\u00edfico o en los almacenes dom\u00e9sticos, el dise\u00f1o de pie garantiza que la marca y la etiqueta del producto queden totalmente expuestas, maximizando la exposici\u00f3n y la interacci\u00f3n con el consumidor.<\/p>\n\n\n\n<p><strong>Sellado y port\u00e1til <\/strong>:<br>Esta bolsa de pie est\u00e1 fabricada con materiales laminados de calidad alimentaria y es resistente al agua y al ox\u00edgeno para garantizar que los polvos se mantengan frescos durante m\u00e1s tiempo. Es apta para aviones, ligera y plegable, perfecta para uso dom\u00e9stico, transporte o deportes.<\/p>\n\n\n\n<p><strong>Muesca para facilitar la apertura<\/strong>:<br>Las muescas f\u00e1ciles de rasgar de esta bolsa autoportante personalizada permiten abrirla f\u00e1cilmente sin necesidad de utilizar cuchillas ni tijeras. De este modo se consigue una apertura limpia, se evita la contaminaci\u00f3n del producto y se complementa la cremallera resellable para un uso repetido.<\/p>\n<\/div>\n\n\n\n<div class=\"wp-block-column is-layout-flow wp-block-column-is-layout-flow\">\n<figure class=\"wp-block-image size-full\"><img decoding=\"async\" width=\"800\" height=\"800\" src=\"https:\/\/www.zkprintpack.com\/wp-content\/uploads\/2025\/08\/custom-stand-up-pouch-1.webp\" alt=\"bolsa de pie personalizada (1)\" class=\"wp-image-1850\" srcset=\"https:\/\/www.zkprintpack.com\/wp-content\/uploads\/2025\/08\/custom-stand-up-pouch-1.webp 800w, https:\/\/www.zkprintpack.com\/wp-content\/uploads\/2025\/08\/custom-stand-up-pouch-1-150x150.webp 150w, https:\/\/www.zkprintpack.com\/wp-content\/uploads\/2025\/08\/custom-stand-up-pouch-1-768x768.webp 768w, https:\/\/www.zkprintpack.com\/wp-content\/uploads\/2025\/08\/custom-stand-up-pouch-1-12x12.webp 12w, https:\/\/www.zkprintpack.com\/wp-content\/uploads\/2025\/08\/custom-stand-up-pouch-1-600x600.webp 600w, https:\/\/www.zkprintpack.com\/wp-content\/uploads\/2025\/08\/custom-stand-up-pouch-1-300x300.webp 300w, https:\/\/www.zkprintpack.com\/wp-content\/uploads\/2025\/08\/custom-stand-up-pouch-1-100x100.webp 100w\" sizes=\"(max-width: 800px) 100vw, 800px\" \/><\/figure>\n<\/div>\n<\/div>\n\n\n\n<p><\/p>","protected":false},"excerpt":{"rendered":"<p>Bolsas personalizadas, c\u00f3modas y elegantes dise\u00f1adas para bebidas instant\u00e1neas en polvo y postres. Esta bolsa de pie personalizada presenta un expositor estable, una muesca para rasgar, informaci\u00f3n clara sobre el producto y atractivos elementos visuales. Estas bolsas son ideales para supermercados, estanter\u00edas de tiendas y estilos de vida sobre la marcha. Ofrecemos servicios ODM\/OEM. P\u00f3ngase en contacto con nosotros para solicitar muestras.<\/p>\n<h2>Par\u00e1metros de la bolsa de polvos a medida<\/h2>\n<ul>\n<li><strong>Material:<\/strong>\u00a0PET\/PE, PET\/NY\/PE, PET\/AL\/NY\/PE, etc.<\/li>\n<li><strong>Tipo de bolsa<\/strong>: Bolsa de pie<\/li>\n<li><strong>Talla<\/strong>: A medida<\/li>\n<li><strong>Pedido a medida<\/strong>: Aceptamos OEM y ODM<\/li>\n<li><strong>Muestra gratuita<\/strong>: Soporte<\/li>\n<li><strong>Utilizaci\u00f3n<\/strong>: Productos en polvo<\/li>\n<li><strong>Manipulaci\u00f3n de superficies<\/strong>: Impresi\u00f3n en huecograbado<\/li>\n<li><strong>Color<\/strong>: Puede ser personalizado<\/li>\n<li><strong>Mercados destinatarios<\/strong>: En todo el mundo<\/li>\n<\/ul>","protected":false},"featured_media":1851,"comment_status":"closed","ping_status":"closed","template":"","meta":{"_acf_changed":false},"market":[62],"product_brand":[],"product_cat":[50],"product_tag":[],"class_list":{"0":"post-1800","1":"product","2":"type-product","3":"status-publish","4":"has-post-thumbnail","6":"market-powder-packaging-supplier","7":"product_cat-stand-up-pouches-wholesale","9":"first","10":"instock","11":"shipping-taxable","12":"product-type-simple"},"acf":[],"_links":{"self":[{"href":"https:\/\/www.zkprintpack.com\/es\/wp-json\/wp\/v2\/product\/1800","targetHints":{"allow":["GET"]}}],"collection":[{"href":"https:\/\/www.zkprintpack.com\/es\/wp-json\/wp\/v2\/product"}],"about":[{"href":"https:\/\/www.zkprintpack.com\/es\/wp-json\/wp\/v2\/types\/product"}],"replies":[{"embeddable":true,"href":"https:\/\/www.zkprintpack.com\/es\/wp-json\/wp\/v2\/comments?post=1800"}],"wp:featuredmedia":[{"embeddable":true,"href":"https:\/\/www.zkprintpack.com\/es\/wp-json\/wp\/v2\/media\/1851"}],"wp:attachment":[{"href":"https:\/\/www.zkprintpack.com\/es\/wp-json\/wp\/v2\/media?parent=1800"}],"wp:term":[{"taxonomy":"market","embeddable":true,"href":"https:\/\/www.zkprintpack.com\/es\/wp-json\/wp\/v2\/market?post=1800"},{"taxonomy":"product_brand","embeddable":true,"href":"https:\/\/www.zkprintpack.com\/es\/wp-json\/wp\/v2\/product_brand?post=1800"},{"taxonomy":"product_cat","embeddable":true,"href":"https:\/\/www.zkprintpack.com\/es\/wp-json\/wp\/v2\/product_cat?post=1800"},{"taxonomy":"product_tag","embeddable":true,"href":"https:\/\/www.zkprintpack.com\/es\/wp-json\/wp\/v2\/product_tag?post=1800"}],"curies":[{"name":"wp","href":"https:\/\/api.w.org\/{rel}","templated":true}]}}