{"id":3072,"date":"2026-04-23T08:02:57","date_gmt":"2026-04-23T08:02:57","guid":{"rendered":"https:\/\/www.zkprintpack.com\/?post_type=product&#038;p=3072"},"modified":"2026-04-23T08:09:55","modified_gmt":"2026-04-23T08:09:55","slug":"custom-back-seal-bag-for-noodles","status":"publish","type":"product","link":"https:\/\/www.zkprintpack.com\/de\/product\/custom-back-seal-bag-for-noodles\/","title":{"rendered":"Individuell bedruckter Beutel mit R\u00fccksiegelung f\u00fcr Nudeln, Lebensmittelverpackungsbeutel Lieferant"},"content":{"rendered":"<div class=\"wp-block-columns is-layout-flex wp-container-core-columns-is-layout-9d6595d7 wp-block-columns-is-layout-flex\">\n<div class=\"wp-block-column is-layout-flow wp-block-column-is-layout-flow\">\n<h2 class=\"wp-block-heading\">Kundenspezifischer Back Seal Bag f\u00fcr Nudeln Merkmale:<\/h2>\n\n\n\n<ul class=\"wp-block-list\">\n<li><strong>Kosteneffektive &amp; effiziente Verpackungsl\u00f6sung<\/strong><br>Unser <strong>Kundenspezifischer R\u00fcckenverschlussbeutel f\u00fcr Nudeln<\/strong> ist mit einer einfachen Mittel-R\u00fcckseiten-Dichtungsstruktur konstruiert, die den Materialverbrauch reduziert und gleichzeitig eine hohe Dichtungsleistung gew\u00e4hrleistet - ideal f\u00fcr die Produktion hoher St\u00fcckzahlen und die Kostenkontrolle. <\/li>\n\n\n\n<li><strong>Perfekt f\u00fcr automatische Hochgeschwindigkeitsverpackungen<\/strong><br>Entwickelt f\u00fcr den reibungslosen Betrieb von vertikalen Form-F\u00fcll-Siegel-Maschinen (VFFS), ist dieses <strong>Kundenspezifischer R\u00fcckenverschlussbeutel f\u00fcr Nudeln<\/strong> gew\u00e4hrleistet eine stabile Zuf\u00fchrung, eine pr\u00e4zise Versiegelung und eine verbesserte Verpackungseffizienz. <\/li>\n\n\n\n<li><strong>Starker Barriereschutz f\u00fcr Frische<\/strong><br>Mehrschichtige Verbundfolien bieten eine hervorragende Best\u00e4ndigkeit gegen Feuchtigkeit, Sauerstoff und Fett und tragen dazu bei, die Qualit\u00e4t, den Geschmack und die Haltbarkeit der Nudeln zu erhalten. <\/li>\n\n\n\n<li><strong>Hochwertiger individueller Druck<\/strong><br>Der fortschrittliche Tiefdruck unterst\u00fctzt leuchtende Farben und scharfe Grafiken, so dass Ihre Marke in den Regalen des Einzelhandels hervorsticht und mehr Kunden anzieht. <\/li>\n\n\n\n<li><strong>Zuverl\u00e4ssige Abdichtung und Langlebigkeit<\/strong><br>Die r\u00fcckseitige Versiegelung sorgt f\u00fcr einen dichten Verschluss und verringert das Risiko von Leckagen, Verunreinigungen oder Besch\u00e4digungen bei Lagerung und Transport. <\/li>\n\n\n\n<li><strong>Flexible Materialoptionen<\/strong><br>Erh\u00e4ltlich in verschiedenen Materialstrukturen wie BOPP\/CPP, PET\/PE, PET\/AL\/PE, ma\u00dfgeschneidert f\u00fcr unterschiedliche Verpackungsanforderungen und Produkteigenschaften. <\/li>\n\n\n\n<li><strong>Kundenspezifische Gr\u00f6\u00dfen und Dicken<\/strong><br>Vollst\u00e4ndig anpassbare Abmessungen und Folienst\u00e4rken f\u00fcr verschiedene Nudelarten, einschlie\u00dflich Instantnudeln, Trockennudeln und Snacknudeln. <\/li>\n\n\n\n<li><strong>Lebensmittelqualit\u00e4t und Exportstandard<\/strong><br>Hergestellt aus zertifizierten, lebensmittelechten Materialien, die den internationalen Verpackungsstandards f\u00fcr globale M\u00e4rkte entsprechen.<\/li>\n<\/ul>\n<\/div>\n\n\n\n<div class=\"wp-block-column is-layout-flow wp-block-column-is-layout-flow\">\n<figure class=\"wp-block-image size-full\"><img decoding=\"async\" width=\"800\" height=\"800\" src=\"https:\/\/www.zkprintpack.com\/wp-content\/uploads\/2026\/04\/Custom-Back-Seal-Bag-for-Noodles.webp\" alt=\"Individuell gestalteter R\u00fcckenverschlussbeutel f\u00fcr Nudeln\" class=\"wp-image-3071\" srcset=\"https:\/\/www.zkprintpack.com\/wp-content\/uploads\/2026\/04\/Custom-Back-Seal-Bag-for-Noodles.webp 800w, https:\/\/www.zkprintpack.com\/wp-content\/uploads\/2026\/04\/Custom-Back-Seal-Bag-for-Noodles-150x150.webp 150w, https:\/\/www.zkprintpack.com\/wp-content\/uploads\/2026\/04\/Custom-Back-Seal-Bag-for-Noodles-768x768.webp 768w, https:\/\/www.zkprintpack.com\/wp-content\/uploads\/2026\/04\/Custom-Back-Seal-Bag-for-Noodles-12x12.webp 12w, https:\/\/www.zkprintpack.com\/wp-content\/uploads\/2026\/04\/Custom-Back-Seal-Bag-for-Noodles-600x600.webp 600w, https:\/\/www.zkprintpack.com\/wp-content\/uploads\/2026\/04\/Custom-Back-Seal-Bag-for-Noodles-300x300.webp 300w, https:\/\/www.zkprintpack.com\/wp-content\/uploads\/2026\/04\/Custom-Back-Seal-Bag-for-Noodles-100x100.webp 100w\" sizes=\"(max-width: 800px) 100vw, 800px\" \/><\/figure>\n<\/div>\n<\/div>\n\n\n\n<p><\/p>","protected":false},"excerpt":{"rendered":"<p>Gro\u00dfhandel benutzerdefinierte R\u00fcckenversiegelung Beutel f\u00fcr Nudeln mit starken Abdichtung und High-Speed-Maschine kompatibel. Lebensmittelgeeignete Materialien, individuelle Bedruckung und Direktlieferung ab Werk. Erhalten Sie jetzt ein Angebot!<\/p>\n<h2>Benutzerdefinierte Back Seal Bag f\u00fcr Nudeln Parameter:<\/h2>\n<ul>\n<li><strong>Hersteller:\u00a0<a href=\"https:\/\/www.zkprintpack.com\/de\/\">Zhongjia Verpackung<\/a><\/strong><\/li>\n<li><strong>Material:<\/strong> PET\/PE, PET\/NY\/PE, usw.<\/li>\n<li><strong>Tasche Typ<\/strong>: Back Seal Bag<\/li>\n<li><strong>Gr\u00f6\u00dfe<\/strong>: Benutzerdefiniert<\/li>\n<li><strong>Individuelle Bestellung<\/strong>: Akzeptieren Sie OEM &amp; ODM<\/li>\n<li><strong>Kostenlose Probe<\/strong>: Unterst\u00fctzung<\/li>\n<li><strong>Verwendung<\/strong>: Molkereiprodukte, Pulverprodukte, Snacks, etc.<\/li>\n<li><strong>Handhabung der Oberfl\u00e4che<\/strong>: Tiefdruck<\/li>\n<li><strong>Farbe<\/strong>: Kann angepasst werden<\/li>\n<li><strong>Zielm\u00e4rkte<\/strong>: \u00dcberall auf der Welt<\/li>\n<\/ul>","protected":false},"featured_media":3071,"comment_status":"closed","ping_status":"closed","template":"","meta":{"_acf_changed":false},"market":[],"product_brand":[],"product_cat":[54],"product_tag":[],"class_list":{"0":"post-3072","1":"product","2":"type-product","3":"status-publish","4":"has-post-thumbnail","6":"product_cat-quad-seal-pouch-supplier","8":"first","9":"instock","10":"shipping-taxable","11":"product-type-simple"},"acf":[],"_links":{"self":[{"href":"https:\/\/www.zkprintpack.com\/de\/wp-json\/wp\/v2\/product\/3072","targetHints":{"allow":["GET"]}}],"collection":[{"href":"https:\/\/www.zkprintpack.com\/de\/wp-json\/wp\/v2\/product"}],"about":[{"href":"https:\/\/www.zkprintpack.com\/de\/wp-json\/wp\/v2\/types\/product"}],"replies":[{"embeddable":true,"href":"https:\/\/www.zkprintpack.com\/de\/wp-json\/wp\/v2\/comments?post=3072"}],"wp:featuredmedia":[{"embeddable":true,"href":"https:\/\/www.zkprintpack.com\/de\/wp-json\/wp\/v2\/media\/3071"}],"wp:attachment":[{"href":"https:\/\/www.zkprintpack.com\/de\/wp-json\/wp\/v2\/media?parent=3072"}],"wp:term":[{"taxonomy":"market","embeddable":true,"href":"https:\/\/www.zkprintpack.com\/de\/wp-json\/wp\/v2\/market?post=3072"},{"taxonomy":"product_brand","embeddable":true,"href":"https:\/\/www.zkprintpack.com\/de\/wp-json\/wp\/v2\/product_brand?post=3072"},{"taxonomy":"product_cat","embeddable":true,"href":"https:\/\/www.zkprintpack.com\/de\/wp-json\/wp\/v2\/product_cat?post=3072"},{"taxonomy":"product_tag","embeddable":true,"href":"https:\/\/www.zkprintpack.com\/de\/wp-json\/wp\/v2\/product_tag?post=3072"}],"curies":[{"name":"wp","href":"https:\/\/api.w.org\/{rel}","templated":true}]}}