{"id":3068,"date":"2026-04-23T07:28:22","date_gmt":"2026-04-23T07:28:22","guid":{"rendered":"https:\/\/www.zkprintpack.com\/?post_type=product&#038;p=3068"},"modified":"2026-04-23T08:02:45","modified_gmt":"2026-04-23T08:02:45","slug":"custom-printed-gusset-pouch-packaging","status":"publish","type":"product","link":"https:\/\/www.zkprintpack.com\/de\/product\/custom-printed-gusset-pouch-packaging\/","title":{"rendered":"Individuell bedruckter Seitenfaltenbeutel f\u00fcr Nudelverpackungen, Hersteller von flexiblen Beuteln f\u00fcr Lebensmittel"},"content":{"rendered":"<div class=\"wp-block-columns is-layout-flex wp-container-core-columns-is-layout-9d6595d7 wp-block-columns-is-layout-flex\">\n<div class=\"wp-block-column is-layout-flow wp-block-column-is-layout-flow\">\n<h2 class=\"wp-block-heading\">Individuell bedruckter Zwickelbeutel Merkmale:<\/h2>\n\n\n\n<ul class=\"wp-block-list\">\n<li><strong>Verbesserte Regalpr\u00e4senz mit individuellem Branding<\/strong><br>Unser <strong>Individuell bedruckter Zwickelbeutel<\/strong> bietet durch den fortschrittlichen Tiefdruck eine hohe visuelle Anziehungskraft, so dass Ihre Nudelprodukte durch lebendige Farben und scharfe Details hervorstechen.<\/li>\n\n\n\n<li><strong>Expandierbares Zwickel-Design f\u00fcr mehr Kapazit\u00e4t<\/strong><br>Die Struktur der Seitenfalten l\u00e4sst sich erweitern, um gr\u00f6\u00dfere Volumina aufzunehmen, wodurch dieses <strong>Individuell bedruckter Zwickelbeutel<\/strong> ideal f\u00fcr die effiziente Verpackung von Instantnudeln, getrockneten Nudeln und losen Lebensmitteln.<\/li>\n\n\n\n<li><strong>Ausgezeichnete Barriereleistung<\/strong><br>Mehrschichtige laminierte Materialien bieten einen starken Schutz vor Feuchtigkeit, Sauerstoff und Licht und sorgen so f\u00fcr eine l\u00e4ngere Haltbarkeit und den Erhalt der Produktfrische.<\/li>\n\n\n\n<li><strong>Langlebige und rei\u00dffeste Struktur<\/strong><br>Der auf Festigkeit ausgelegte Beutel bietet eine hohe Durchsto\u00dffestigkeit und eine zuverl\u00e4ssige Versiegelung, die ein Auslaufen oder eine Besch\u00e4digung bei Lagerung und Transport verhindert.<\/li>\n\n\n\n<li><strong>Kompatibel mit automatischen Abf\u00fcllanlagen<\/strong><br>Diese auf Effizienz ausgelegten Beutel k\u00f6nnen in automatische oder halbautomatische Verpackungsmaschinen integriert werden, was die Produktionsgeschwindigkeit erh\u00f6ht und die Arbeitskosten senkt.<\/li>\n\n\n\n<li><strong>Anpassbare Materialien und Gr\u00f6\u00dfen<\/strong><br>W\u00e4hlen Sie aus verschiedenen Materialkombinationen (BOPP\/CPP, PET\/PE, PET\/AL\/PE usw.) und Gr\u00f6\u00dfen, die auf Ihre spezifischen Produkt- und Marktanforderungen zugeschnitten sind.<\/li>\n\n\n\n<li><strong>Optionale Funktionsmerkmale<\/strong><br>Erh\u00f6hen Sie den Wert mit benutzerfreundlichen Optionen wie wiederverschlie\u00dfbaren Rei\u00dfverschl\u00fcssen, Aufrei\u00dfkerben, Euro-L\u00f6chern und transparenten Fenstern, um die Verbraucherfreundlichkeit zu verbessern.<\/li>\n\n\n\n<li><strong>Lebensmittelecht &amp; zertifizierte Qualit\u00e4t<\/strong><br>Hergestellt aus sicheren, lebensmittelechten Materialien, die den internationalen Normen entsprechen und f\u00fcr den direkten Kontakt mit Lebensmitteln sowie f\u00fcr den weltweiten Export geeignet sind.<\/li>\n<\/ul>\n<\/div>\n\n\n\n<div class=\"wp-block-column is-layout-flow wp-block-column-is-layout-flow\">\n<figure class=\"wp-block-image size-full\"><img decoding=\"async\" width=\"800\" height=\"800\" src=\"https:\/\/www.zkprintpack.com\/wp-content\/uploads\/2026\/04\/Custom-Printed-Gusset-Pouch-for-Noodles-Packaging.webp\" alt=\"Individuell bedruckter Zwickelbeutel f\u00fcr Nudelverpackungen\" class=\"wp-image-3069\" srcset=\"https:\/\/www.zkprintpack.com\/wp-content\/uploads\/2026\/04\/Custom-Printed-Gusset-Pouch-for-Noodles-Packaging.webp 800w, https:\/\/www.zkprintpack.com\/wp-content\/uploads\/2026\/04\/Custom-Printed-Gusset-Pouch-for-Noodles-Packaging-150x150.webp 150w, https:\/\/www.zkprintpack.com\/wp-content\/uploads\/2026\/04\/Custom-Printed-Gusset-Pouch-for-Noodles-Packaging-768x768.webp 768w, https:\/\/www.zkprintpack.com\/wp-content\/uploads\/2026\/04\/Custom-Printed-Gusset-Pouch-for-Noodles-Packaging-12x12.webp 12w, https:\/\/www.zkprintpack.com\/wp-content\/uploads\/2026\/04\/Custom-Printed-Gusset-Pouch-for-Noodles-Packaging-600x600.webp 600w, https:\/\/www.zkprintpack.com\/wp-content\/uploads\/2026\/04\/Custom-Printed-Gusset-Pouch-for-Noodles-Packaging-300x300.webp 300w, https:\/\/www.zkprintpack.com\/wp-content\/uploads\/2026\/04\/Custom-Printed-Gusset-Pouch-for-Noodles-Packaging-100x100.webp 100w\" sizes=\"(max-width: 800px) 100vw, 800px\" \/><\/figure>\n<\/div>\n<\/div>\n\n\n\n<p><\/p>","protected":false},"excerpt":{"rendered":"<p>Hochwertige, individuell bedruckte Seitenfaltenbeutel f\u00fcr Nudelverpackungen. Expandierbar, langlebig und lebensmittelecht mit individuellen Druckoptionen - zuverl\u00e4ssiger Hersteller flexibler Verpackungen. Fordern Sie noch heute ein Angebot an!<\/p>\n<h2>Individuell bedruckter Zwickelbeutel Parameter:<\/h2>\n<ul>\n<li><strong>Hersteller:\u00a0<a href=\"https:\/\/www.zkprintpack.com\/de\/\">Zhongjia Verpackung<\/a><\/strong><\/li>\n<li><strong>Material:<\/strong> PET\/PE, PET\/NY\/PE, usw.<\/li>\n<li><strong>Tasche Typ<\/strong>: \u00a0<a href=\"https:\/\/www.zkprintpack.com\/de\/custom-gusset-pouch-manufacturer\/\"><strong>G\u00e4stetasche<\/strong><\/a><\/li>\n<li><strong>Gr\u00f6\u00dfe<\/strong>: Benutzerdefiniert<\/li>\n<li><strong>Individuelle Bestellung<\/strong>: Akzeptieren Sie OEM &amp; ODM<\/li>\n<li><strong>Kostenlose Probe<\/strong>: Unterst\u00fctzung<\/li>\n<li><strong>Verwendung<\/strong>: Molkereiprodukte, Pulverprodukte, Snacks, etc.<\/li>\n<li><strong>Handhabung der Oberfl\u00e4che<\/strong>: Tiefdruck<\/li>\n<li><strong>Farbe<\/strong>: Kann angepasst werden<\/li>\n<li><strong>Zielm\u00e4rkte<\/strong>: \u00dcberall auf der Welt<\/li>\n<\/ul>","protected":false},"featured_media":3069,"comment_status":"closed","ping_status":"closed","template":"","meta":{"_acf_changed":false},"market":[61],"product_brand":[],"product_cat":[54],"product_tag":[],"class_list":{"0":"post-3068","1":"product","2":"type-product","3":"status-publish","4":"has-post-thumbnail","6":"market-snack-packaging-supplier","7":"product_cat-quad-seal-pouch-supplier","9":"first","10":"instock","11":"shipping-taxable","12":"product-type-simple"},"acf":[],"_links":{"self":[{"href":"https:\/\/www.zkprintpack.com\/de\/wp-json\/wp\/v2\/product\/3068","targetHints":{"allow":["GET"]}}],"collection":[{"href":"https:\/\/www.zkprintpack.com\/de\/wp-json\/wp\/v2\/product"}],"about":[{"href":"https:\/\/www.zkprintpack.com\/de\/wp-json\/wp\/v2\/types\/product"}],"replies":[{"embeddable":true,"href":"https:\/\/www.zkprintpack.com\/de\/wp-json\/wp\/v2\/comments?post=3068"}],"wp:featuredmedia":[{"embeddable":true,"href":"https:\/\/www.zkprintpack.com\/de\/wp-json\/wp\/v2\/media\/3069"}],"wp:attachment":[{"href":"https:\/\/www.zkprintpack.com\/de\/wp-json\/wp\/v2\/media?parent=3068"}],"wp:term":[{"taxonomy":"market","embeddable":true,"href":"https:\/\/www.zkprintpack.com\/de\/wp-json\/wp\/v2\/market?post=3068"},{"taxonomy":"product_brand","embeddable":true,"href":"https:\/\/www.zkprintpack.com\/de\/wp-json\/wp\/v2\/product_brand?post=3068"},{"taxonomy":"product_cat","embeddable":true,"href":"https:\/\/www.zkprintpack.com\/de\/wp-json\/wp\/v2\/product_cat?post=3068"},{"taxonomy":"product_tag","embeddable":true,"href":"https:\/\/www.zkprintpack.com\/de\/wp-json\/wp\/v2\/product_tag?post=3068"}],"curies":[{"name":"wp","href":"https:\/\/api.w.org\/{rel}","templated":true}]}}