{"id":3066,"date":"2026-04-23T07:05:06","date_gmt":"2026-04-23T07:05:06","guid":{"rendered":"https:\/\/www.zkprintpack.com\/?post_type=product&#038;p=3066"},"modified":"2026-04-23T07:23:52","modified_gmt":"2026-04-23T07:23:52","slug":"custom-printed-noodles-pouch-supplier","status":"publish","type":"product","link":"https:\/\/www.zkprintpack.com\/de\/product\/custom-printed-noodles-pouch-supplier\/","title":{"rendered":"Benutzerdefinierte gedruckt Nudeln Beutel, Bulk flachen Boden Tasche Gro\u00dfhandel Lieferant"},"content":{"rendered":"<div class=\"wp-block-columns is-layout-flex wp-container-core-columns-is-layout-9d6595d7 wp-block-columns-is-layout-flex\">\n<div class=\"wp-block-column is-layout-flow wp-block-column-is-layout-flow\">\n<h2 class=\"wp-block-heading\">Individuell bedruckter Nudelbeutel Merkmale<\/h2>\n\n\n\n<ul class=\"wp-block-list\">\n<li><strong>Hochwertige Regaloptik mit individuellem Branding<\/strong>: Unser <strong>individuell bedruckter Nudelbeutel<\/strong> wurde entwickelt, um die Wirkung im Einzelhandel mit hochaufl\u00f6sendem Druck, leuchtenden Farben und pr\u00e4ziser Markenpr\u00e4sentation zu maximieren - damit Ihre Nudeln im Wettbewerb hervorstechen. <\/li>\n\n\n\n<li><strong>Stabile flache Unterseite f\u00fcr bessere Anzeige<\/strong>: Durch die flache Bodenstruktur steht der Beutel sicher aufrecht im Regal, was die Sichtbarkeit des Produkts und die Verbraucherfreundlichkeit erh\u00f6ht. <\/li>\n\n\n\n<li><strong>Gro\u00dfe Kapazit\u00e4t und effiziente Lagerung<\/strong>: Im Vergleich zu herk\u00f6mmlichen Taschen ist diese <strong>individuell bedruckter Nudelbeutel<\/strong> bietet mehr Stauraum bei gleichbleibend kompakter Grundfl\u00e4che, ideal f\u00fcr die Verpackung von Nudeln in gro\u00dfen Mengen und den Vertrieb im Gro\u00dfhandel. <\/li>\n\n\n\n<li><strong>Starker Barriereschutz<\/strong>: Mehrschichtige laminierte Materialien bieten eine ausgezeichnete Best\u00e4ndigkeit gegen Feuchtigkeit, Sauerstoff und externe Verunreinigungen und gew\u00e4hrleisten eine l\u00e4ngere Haltbarkeit und bewahrte Produktfrische. <\/li>\n\n\n\n<li><strong>Robuste und langlebige Konstruktion<\/strong>: Die verst\u00e4rkten Seitenfalten und die Bodendichtung bieten eine hervorragende Tragf\u00e4higkeit und verhindern Bruch bei Transport und Handhabung.<\/li>\n\n\n\n<li><strong>Anpassbare Gr\u00f6\u00dfen und Materialstrukturen<\/strong>: Erh\u00e4ltlich in verschiedenen Gr\u00f6\u00dfen und Materialoptionen (z. B. PET\/PE, BOPP\/CPP, Kraft\/PE) f\u00fcr unterschiedliche Produkttypen, von Instantnudeln bis zu Trockenteigwaren. <\/li>\n\n\n\n<li><strong>Benutzerfreundliche Designoptionen<\/strong>: Optionale Merkmale wie wiederverschlie\u00dfbare Rei\u00dfverschl\u00fcsse, Aufrei\u00dfkerben und transparente Fenster verbessern die Benutzerfreundlichkeit und erh\u00f6hen das Gesamterlebnis des Verbrauchers. <\/li>\n\n\n\n<li><strong>Fabrik Direkt Gro\u00dfhandel Versorgung<\/strong>: Als Gro\u00dflieferant bieten wir wettbewerbsf\u00e4hige Preise, stabile Qualit\u00e4t und schnelle Produktionszeiten - ideal f\u00fcr Vertriebsh\u00e4ndler, Importeure und Markeninhaber.<\/li>\n<\/ul>\n<\/div>\n\n\n\n<div class=\"wp-block-column is-layout-flow wp-block-column-is-layout-flow\">\n<figure class=\"wp-block-image size-full\"><img decoding=\"async\" width=\"800\" height=\"800\" src=\"https:\/\/www.zkprintpack.com\/wp-content\/uploads\/2026\/04\/Custom-Printed-Noodles-Pouch-Supplier.webp\" alt=\"Individuell bedruckter Nudelbeutel Lieferant\" class=\"wp-image-3067\" srcset=\"https:\/\/www.zkprintpack.com\/wp-content\/uploads\/2026\/04\/Custom-Printed-Noodles-Pouch-Supplier.webp 800w, https:\/\/www.zkprintpack.com\/wp-content\/uploads\/2026\/04\/Custom-Printed-Noodles-Pouch-Supplier-150x150.webp 150w, https:\/\/www.zkprintpack.com\/wp-content\/uploads\/2026\/04\/Custom-Printed-Noodles-Pouch-Supplier-768x768.webp 768w, https:\/\/www.zkprintpack.com\/wp-content\/uploads\/2026\/04\/Custom-Printed-Noodles-Pouch-Supplier-12x12.webp 12w, https:\/\/www.zkprintpack.com\/wp-content\/uploads\/2026\/04\/Custom-Printed-Noodles-Pouch-Supplier-600x600.webp 600w, https:\/\/www.zkprintpack.com\/wp-content\/uploads\/2026\/04\/Custom-Printed-Noodles-Pouch-Supplier-300x300.webp 300w, https:\/\/www.zkprintpack.com\/wp-content\/uploads\/2026\/04\/Custom-Printed-Noodles-Pouch-Supplier-100x100.webp 100w\" sizes=\"(max-width: 800px) 100vw, 800px\" \/><\/figure>\n<\/div>\n<\/div>","protected":false},"excerpt":{"rendered":"<p>Bestellen Sie individuell bedruckte Nudelbeutel mit flachem Boden f\u00fcr eine bessere Pr\u00e4sentation im Regal. Hochbarrierefrei, langlebig und vollst\u00e4ndig anpassbar. Gro\u00dfhandelslieferant mit Direktpreisen ab Werk. Fordern Sie jetzt ein Angebot an!<\/p>\n<h2>Parameter des individuell bedruckten Nudelbeutels<\/h2>\n<ul>\n<li><strong>Hersteller:\u00a0<a href=\"https:\/\/www.zkprintpack.com\/de\/\">Zhongjia Verpackung<\/a><\/strong><\/li>\n<li><strong>Material:<\/strong>\u00a0PET\/PE, PET\/NY\/PE, PET\/AL\/NY\/PE, usw.<\/li>\n<li><strong>Tasche Typ<\/strong>: Flat Bottom Pouch<\/li>\n<li><strong>Gr\u00f6\u00dfe<\/strong>: Benutzerdefiniert<\/li>\n<li><strong>Individuelle Bestellung<\/strong>: Akzeptieren Sie OEM &amp; ODM<\/li>\n<li><strong>Kostenlose Probe<\/strong>: Unterst\u00fctzung<\/li>\n<li><strong>Verwendung<\/strong>: Molkereiprodukte, Pulverprodukte, Snacks, etc.<\/li>\n<li><strong>Handhabung der Oberfl\u00e4che<\/strong>: Tiefdruck<\/li>\n<li><strong>Farbe<\/strong>: Kann angepasst werden<\/li>\n<li><strong>Zielm\u00e4rkte<\/strong>: \u00dcberall auf der Welt<\/li>\n<\/ul>","protected":false},"featured_media":3067,"comment_status":"closed","ping_status":"closed","template":"","meta":{"_acf_changed":false},"market":[61],"product_brand":[],"product_cat":[55],"product_tag":[],"class_list":{"0":"post-3066","1":"product","2":"type-product","3":"status-publish","4":"has-post-thumbnail","6":"market-snack-packaging-supplier","7":"product_cat-flat-bottom-pouches-wholesale","9":"first","10":"instock","11":"shipping-taxable","12":"product-type-simple"},"acf":[],"_links":{"self":[{"href":"https:\/\/www.zkprintpack.com\/de\/wp-json\/wp\/v2\/product\/3066","targetHints":{"allow":["GET"]}}],"collection":[{"href":"https:\/\/www.zkprintpack.com\/de\/wp-json\/wp\/v2\/product"}],"about":[{"href":"https:\/\/www.zkprintpack.com\/de\/wp-json\/wp\/v2\/types\/product"}],"replies":[{"embeddable":true,"href":"https:\/\/www.zkprintpack.com\/de\/wp-json\/wp\/v2\/comments?post=3066"}],"wp:featuredmedia":[{"embeddable":true,"href":"https:\/\/www.zkprintpack.com\/de\/wp-json\/wp\/v2\/media\/3067"}],"wp:attachment":[{"href":"https:\/\/www.zkprintpack.com\/de\/wp-json\/wp\/v2\/media?parent=3066"}],"wp:term":[{"taxonomy":"market","embeddable":true,"href":"https:\/\/www.zkprintpack.com\/de\/wp-json\/wp\/v2\/market?post=3066"},{"taxonomy":"product_brand","embeddable":true,"href":"https:\/\/www.zkprintpack.com\/de\/wp-json\/wp\/v2\/product_brand?post=3066"},{"taxonomy":"product_cat","embeddable":true,"href":"https:\/\/www.zkprintpack.com\/de\/wp-json\/wp\/v2\/product_cat?post=3066"},{"taxonomy":"product_tag","embeddable":true,"href":"https:\/\/www.zkprintpack.com\/de\/wp-json\/wp\/v2\/product_tag?post=3066"}],"curies":[{"name":"wp","href":"https:\/\/api.w.org\/{rel}","templated":true}]}}