{"id":3064,"date":"2026-04-23T06:48:17","date_gmt":"2026-04-23T06:48:17","guid":{"rendered":"https:\/\/www.zkprintpack.com\/?post_type=product&#038;p=3064"},"modified":"2026-04-23T07:02:27","modified_gmt":"2026-04-23T07:02:27","slug":"oem-noodles-packaging-film-factory","status":"publish","type":"product","link":"https:\/\/www.zkprintpack.com\/de\/product\/oem-noodles-packaging-film-factory\/","title":{"rendered":"OEM Nudeln Verpackung Film Fabrik, Roll Stock Film Lieferant"},"content":{"rendered":"<div class=\"wp-block-columns is-layout-flex wp-container-core-columns-is-layout-9d6595d7 wp-block-columns-is-layout-flex\">\n<div class=\"wp-block-column is-layout-flow wp-block-column-is-layout-flow\">\n<h2 class=\"wp-block-heading\">OEM-Nudelverpackungsfolie Merkmale<\/h2>\n\n\n\n<ul class=\"wp-block-list\">\n<li><strong>Hochbarriereschutz f\u00fcr Frische<\/strong><br>Unser <strong>OEM-Nudelverpackungsfolie<\/strong> ist mit einer mehrschichtigen Laminatstruktur ausgestattet, die eine hervorragende Best\u00e4ndigkeit gegen Feuchtigkeit, Sauerstoff und Fett bietet und daf\u00fcr sorgt, dass die Nudeln ihren optimalen Geschmack, ihre Textur und ihre Haltbarkeit behalten.<\/li>\n\n\n\n<li><strong>Optimiert f\u00fcr automatische Verpackungsmaschinen<\/strong><br>Diese Folie wurde speziell f\u00fcr Hochgeschwindigkeits-Produktionslinien entwickelt und l\u00e4uft reibungslos auf verschiedenen automatischen Verpackungsmaschinen mit stabiler Siegelleistung, wodurch Ausfallzeiten reduziert und die Effizienz verbessert werden.<\/li>\n\n\n\n<li><strong>Kundenspezifischer OEM-Druck &amp; Branding<\/strong><br>Als Fachmann <strong>OEM-Nudelverpackungsfolie<\/strong> Fabrik bieten wir einen hochaufl\u00f6senden Tiefdruck mit bis zu 10 Farben an, der Ihre Marke mit lebendigen und haltbaren Grafiken in den Regalen des Einzelhandels hervorhebt.<\/li>\n\n\n\n<li><strong>Hervorragende Hei\u00dfsiegelfestigkeit und -haltbarkeit<\/strong><br>Die hohe Dichtigkeit verhindert Leckagen und Verunreinigungen w\u00e4hrend des Transports und der Lagerung und ist daher ideal f\u00fcr die Verpackung von Instantnudeln, Trockennudeln und frischen Nudeln.<\/li>\n\n\n\n<li><strong>Flexibles Rollenmaterial f\u00fcr vielseitige Anwendungen<\/strong><br>Sie werden als Rollenware geliefert und sind mit Kissenbeuteln, R\u00fccksiegelbeuteln und Flowpacks kompatibel, was Flexibilit\u00e4t f\u00fcr verschiedene Verpackungsarten und Produktionsanforderungen bietet.<\/li>\n\n\n\n<li><strong>Lebensmittelgeeignete und sichere Materialien<\/strong><br>Hergestellt aus zertifizierten lebensmittelechten Materialien, die den internationalen Sicherheitsstandards entsprechen und einen sicheren direkten Kontakt mit Lebensmitteln gew\u00e4hrleisten.<\/li>\n\n\n\n<li><strong>Anpassbare Struktur und Dicke<\/strong><br>Ma\u00dfgeschneiderte Folienstrukturen (z. B. BOPP\/CPP, PET\/PE, PET\/AL\/PE) und Dickenoptionen, um unterschiedlichen Produktanforderungen und Haltbarkeitserwartungen gerecht zu werden.<\/li>\n<\/ul>\n<\/div>\n\n\n\n<div class=\"wp-block-column is-layout-flow wp-block-column-is-layout-flow\">\n<figure class=\"wp-block-image size-full\"><img decoding=\"async\" width=\"800\" height=\"800\" src=\"https:\/\/www.zkprintpack.com\/wp-content\/uploads\/2026\/04\/OEM-Noodles-Packaging-Film-Factory.webp\" alt=\"OEM Nudeln Verpackungsfolie Fabrik\" class=\"wp-image-3065\" srcset=\"https:\/\/www.zkprintpack.com\/wp-content\/uploads\/2026\/04\/OEM-Noodles-Packaging-Film-Factory.webp 800w, https:\/\/www.zkprintpack.com\/wp-content\/uploads\/2026\/04\/OEM-Noodles-Packaging-Film-Factory-150x150.webp 150w, https:\/\/www.zkprintpack.com\/wp-content\/uploads\/2026\/04\/OEM-Noodles-Packaging-Film-Factory-768x768.webp 768w, https:\/\/www.zkprintpack.com\/wp-content\/uploads\/2026\/04\/OEM-Noodles-Packaging-Film-Factory-12x12.webp 12w, https:\/\/www.zkprintpack.com\/wp-content\/uploads\/2026\/04\/OEM-Noodles-Packaging-Film-Factory-600x600.webp 600w, https:\/\/www.zkprintpack.com\/wp-content\/uploads\/2026\/04\/OEM-Noodles-Packaging-Film-Factory-300x300.webp 300w, https:\/\/www.zkprintpack.com\/wp-content\/uploads\/2026\/04\/OEM-Noodles-Packaging-Film-Factory-100x100.webp 100w\" sizes=\"(max-width: 800px) 100vw, 800px\" \/><\/figure>\n<\/div>\n<\/div>\n\n\n\n<p><\/p>","protected":false},"excerpt":{"rendered":"<p>Professioneller OEM-Anbieter von Nudelverpackungsfolien, der hochbarrieref\u00e4hige Rollenware f\u00fcr automatische Verpackungsmaschinen anbietet. Kundenspezifische Bedruckung, starke Versiegelung und Direktpreise ab Werk. Fordern Sie noch heute ein Angebot an!<\/p>\n<h2>OEM Nudeln Verpackungsfolie Parameter:<\/h2>\n<ul>\n<li><strong>Hersteller:\u00a0<a href=\"https:\/\/www.zkprintpack.com\/de\/\">Zhongjia Verpackung<\/a><\/strong><\/li>\n<li><strong>Material:<\/strong>\u00a0PET\/PE, PET\/NY\/PE, PET\/AL\/NY\/PE, usw.<\/li>\n<li><strong>Tasche Typ<\/strong>: Rollenmaterial<\/li>\n<li><strong>Gr\u00f6\u00dfe<\/strong>: 85g\/Zoll<\/li>\n<li><strong>Individuelle Bestellung<\/strong>: Akzeptieren Sie OEM &amp; ODM<\/li>\n<li><strong>Kostenlose Probe<\/strong>: Unterst\u00fctzung<\/li>\n<li><strong>Verwendung<\/strong>: Molkereiprodukte, Pulverprodukte, Snacks, etc.<\/li>\n<li><strong>Handhabung der Oberfl\u00e4che<\/strong>: Tiefdruck<\/li>\n<li><strong>Farbe<\/strong>: Kann angepasst werden<\/li>\n<li><strong>Zielm\u00e4rkte<\/strong>: \u00dcberall auf der Welt<\/li>\n<\/ul>","protected":false},"featured_media":3065,"comment_status":"closed","ping_status":"closed","template":"","meta":{"_acf_changed":false},"market":[61],"product_brand":[],"product_cat":[57],"product_tag":[],"class_list":{"0":"post-3064","1":"product","2":"type-product","3":"status-publish","4":"has-post-thumbnail","6":"market-snack-packaging-supplier","7":"product_cat-rollstock-film-supplier","9":"first","10":"instock","11":"shipping-taxable","12":"product-type-simple"},"acf":[],"_links":{"self":[{"href":"https:\/\/www.zkprintpack.com\/de\/wp-json\/wp\/v2\/product\/3064","targetHints":{"allow":["GET"]}}],"collection":[{"href":"https:\/\/www.zkprintpack.com\/de\/wp-json\/wp\/v2\/product"}],"about":[{"href":"https:\/\/www.zkprintpack.com\/de\/wp-json\/wp\/v2\/types\/product"}],"replies":[{"embeddable":true,"href":"https:\/\/www.zkprintpack.com\/de\/wp-json\/wp\/v2\/comments?post=3064"}],"wp:featuredmedia":[{"embeddable":true,"href":"https:\/\/www.zkprintpack.com\/de\/wp-json\/wp\/v2\/media\/3065"}],"wp:attachment":[{"href":"https:\/\/www.zkprintpack.com\/de\/wp-json\/wp\/v2\/media?parent=3064"}],"wp:term":[{"taxonomy":"market","embeddable":true,"href":"https:\/\/www.zkprintpack.com\/de\/wp-json\/wp\/v2\/market?post=3064"},{"taxonomy":"product_brand","embeddable":true,"href":"https:\/\/www.zkprintpack.com\/de\/wp-json\/wp\/v2\/product_brand?post=3064"},{"taxonomy":"product_cat","embeddable":true,"href":"https:\/\/www.zkprintpack.com\/de\/wp-json\/wp\/v2\/product_cat?post=3064"},{"taxonomy":"product_tag","embeddable":true,"href":"https:\/\/www.zkprintpack.com\/de\/wp-json\/wp\/v2\/product_tag?post=3064"}],"curies":[{"name":"wp","href":"https:\/\/api.w.org\/{rel}","templated":true}]}}