{"id":3061,"date":"2026-04-23T04:04:30","date_gmt":"2026-04-23T04:04:30","guid":{"rendered":"https:\/\/www.zkprintpack.com\/?post_type=product&#038;p=3061"},"modified":"2026-04-23T04:04:33","modified_gmt":"2026-04-23T04:04:33","slug":"custom-flat-bottom-bag-for-dry-foods","status":"publish","type":"product","link":"https:\/\/www.zkprintpack.com\/de\/product\/custom-flat-bottom-bag-for-dry-foods\/","title":{"rendered":"Benutzerdefinierte flachen Boden Tasche f\u00fcr Jujube, Versorgung Trockenfutter Beutel Hersteller"},"content":{"rendered":"<div class=\"wp-block-columns is-layout-flex wp-container-core-columns-is-layout-9d6595d7 wp-block-columns-is-layout-flex\">\n<div class=\"wp-block-column is-layout-flow wp-block-column-is-layout-flow\">\n<h2 class=\"wp-block-heading\">Kundenspezifische wiederverschlie\u00dfbare Tasche mit flachem Boden und Rei\u00dfverschluss Merkmale<\/h2>\n\n\n\n<ul class=\"wp-block-list\">\n<li><strong>Stabiles Design mit flachem Boden:<\/strong> Der kastenf\u00f6rmige Boden des Flachbodenbeutels wurde f\u00fcr eine hervorragende Regalstabilit\u00e4t entwickelt und erm\u00f6glicht es ihm, unabh\u00e4ngig aufrecht zu stehen, was eine maximale Sichtbarkeit im Einzelhandel und eine geordnete Pr\u00e4sentation gew\u00e4hrleistet.<\/li>\n\n\n\n<li><strong>Wiederverschlie\u00dfbarer Rei\u00dfverschluss Integration:<\/strong> Der leistungsstarke, wiederverschlie\u00dfbare Rei\u00dfverschluss bietet dem Verbraucher Komfort und bewahrt die Frische und Unversehrtheit des Produkts nach dem ersten \u00d6ffnen.<\/li>\n\n\n\n<li><strong>Hochsperrige Materialqualit\u00e4t:<\/strong> Unsere Beutel bestehen aus hochwertigen, lebensmittelechten Materialien und bieten eine robuste Barriere gegen Feuchtigkeit und Luft, wodurch sich die Haltbarkeit Ihrer Produkte erheblich verl\u00e4ngert.<\/li>\n\n\n\n<li><strong>Vollst\u00e4ndige OEM\/ODM-Anpassung:<\/strong> Wir bieten einen umfassenden Anpassungsservice, der es Ihnen erm\u00f6glicht, die Gr\u00f6\u00dfe, die strukturellen Merkmale und den individuellen Druck auf Ihre spezifischen Bed\u00fcrfnisse als Gro\u00dfhandelsmarke abzustimmen.<\/li>\n<\/ul>\n<\/div>\n\n\n\n<div class=\"wp-block-column is-layout-flow wp-block-column-is-layout-flow\">\n<figure class=\"wp-block-image size-full\"><img decoding=\"async\" width=\"800\" height=\"800\" src=\"https:\/\/www.zkprintpack.com\/wp-content\/uploads\/2026\/04\/Custom-Resealable-Zipper-Flat-Bottom-Bag.webp\" alt=\"Kundenspezifische wiederverschlie\u00dfbare Tasche mit flachem Boden und Rei\u00dfverschluss\" class=\"wp-image-3062\" srcset=\"https:\/\/www.zkprintpack.com\/wp-content\/uploads\/2026\/04\/Custom-Resealable-Zipper-Flat-Bottom-Bag.webp 800w, https:\/\/www.zkprintpack.com\/wp-content\/uploads\/2026\/04\/Custom-Resealable-Zipper-Flat-Bottom-Bag-150x150.webp 150w, https:\/\/www.zkprintpack.com\/wp-content\/uploads\/2026\/04\/Custom-Resealable-Zipper-Flat-Bottom-Bag-768x768.webp 768w, https:\/\/www.zkprintpack.com\/wp-content\/uploads\/2026\/04\/Custom-Resealable-Zipper-Flat-Bottom-Bag-12x12.webp 12w, https:\/\/www.zkprintpack.com\/wp-content\/uploads\/2026\/04\/Custom-Resealable-Zipper-Flat-Bottom-Bag-600x600.webp 600w, https:\/\/www.zkprintpack.com\/wp-content\/uploads\/2026\/04\/Custom-Resealable-Zipper-Flat-Bottom-Bag-300x300.webp 300w, https:\/\/www.zkprintpack.com\/wp-content\/uploads\/2026\/04\/Custom-Resealable-Zipper-Flat-Bottom-Bag-100x100.webp 100w\" sizes=\"(max-width: 800px) 100vw, 800px\" \/><\/figure>\n<\/div>\n<\/div>\n\n\n\n<p><\/p>","protected":false},"excerpt":{"rendered":"<p>Kundenspezifische wiederverschlie\u00dfbare Flachbodenbeutel mit Rei\u00dfverschluss, Lieferung durch den Hersteller. Das flache Bodendesign sorgt daf\u00fcr, dass diese Beutel perfekt aufrecht im Regal stehen und ein professionelles und organisiertes Aussehen erzeugen, um die Pr\u00e4senz des Produkts zu maximieren. Kontaktieren Sie uns jetzt!<\/p>\n<h2>Parameter des benutzerdefinierten flachen Bodens Tasche<\/h2>\n<ul>\n<li><strong>Hersteller:\u00a0<a href=\"https:\/\/www.zkprintpack.com\/de\/\">Zhongjia Verpackung<\/a><\/strong><\/li>\n<li><strong>Material:<\/strong>\u00a0PET\/PE, PET\/NY\/PE, PET\/AL\/NY\/PE, usw.<\/li>\n<li><strong>Tasche Typ<\/strong>: <a href=\"https:\/\/www.zkprintpack.com\/de\/custom-flat-bottom-pouch\/\"><strong>Flachboden-Beutel<\/strong><\/a><\/li>\n<li><strong>Gr\u00f6\u00dfe<\/strong>: Benutzerdefiniert<\/li>\n<li><strong>Individuelle Bestellung<\/strong>: Akzeptieren Sie OEM &amp; ODM<\/li>\n<li><strong>Kostenlose Probe<\/strong>: Unterst\u00fctzung<\/li>\n<li><strong>Verwendung<\/strong>: Jujube, Trockenfutter und andere<\/li>\n<li><strong>Farbe<\/strong>: Kann angepasst werden<\/li>\n<li><strong>Zielm\u00e4rkte<\/strong>: \u00dcberall auf der Welt<\/li>\n<\/ul>","protected":false},"featured_media":3062,"comment_status":"closed","ping_status":"closed","template":"","meta":{"_acf_changed":false},"market":[61],"product_brand":[],"product_cat":[55],"product_tag":[],"class_list":{"0":"post-3061","1":"product","2":"type-product","3":"status-publish","4":"has-post-thumbnail","6":"market-snack-packaging-supplier","7":"product_cat-flat-bottom-pouches-wholesale","9":"first","10":"instock","11":"shipping-taxable","12":"product-type-simple"},"acf":[],"_links":{"self":[{"href":"https:\/\/www.zkprintpack.com\/de\/wp-json\/wp\/v2\/product\/3061","targetHints":{"allow":["GET"]}}],"collection":[{"href":"https:\/\/www.zkprintpack.com\/de\/wp-json\/wp\/v2\/product"}],"about":[{"href":"https:\/\/www.zkprintpack.com\/de\/wp-json\/wp\/v2\/types\/product"}],"replies":[{"embeddable":true,"href":"https:\/\/www.zkprintpack.com\/de\/wp-json\/wp\/v2\/comments?post=3061"}],"wp:featuredmedia":[{"embeddable":true,"href":"https:\/\/www.zkprintpack.com\/de\/wp-json\/wp\/v2\/media\/3062"}],"wp:attachment":[{"href":"https:\/\/www.zkprintpack.com\/de\/wp-json\/wp\/v2\/media?parent=3061"}],"wp:term":[{"taxonomy":"market","embeddable":true,"href":"https:\/\/www.zkprintpack.com\/de\/wp-json\/wp\/v2\/market?post=3061"},{"taxonomy":"product_brand","embeddable":true,"href":"https:\/\/www.zkprintpack.com\/de\/wp-json\/wp\/v2\/product_brand?post=3061"},{"taxonomy":"product_cat","embeddable":true,"href":"https:\/\/www.zkprintpack.com\/de\/wp-json\/wp\/v2\/product_cat?post=3061"},{"taxonomy":"product_tag","embeddable":true,"href":"https:\/\/www.zkprintpack.com\/de\/wp-json\/wp\/v2\/product_tag?post=3061"}],"curies":[{"name":"wp","href":"https:\/\/api.w.org\/{rel}","templated":true}]}}