{"id":3059,"date":"2026-04-23T06:12:31","date_gmt":"2026-04-23T06:12:31","guid":{"rendered":"https:\/\/www.zkprintpack.com\/?post_type=product&#038;p=3059"},"modified":"2026-04-23T06:12:33","modified_gmt":"2026-04-23T06:12:33","slug":"custom-laundry-detergent-pouch-supply","status":"publish","type":"product","link":"https:\/\/www.zkprintpack.com\/de\/product\/custom-laundry-detergent-pouch-supply\/","title":{"rendered":"Benutzerdefinierte W\u00e4sche-Waschmittel-Beutel f\u00fcr Baby, Gro\u00dfhandel Stand Up Bag Supply"},"content":{"rendered":"<div class=\"wp-block-columns is-layout-flex wp-container-core-columns-is-layout-9d6595d7 wp-block-columns-is-layout-flex\">\n<div class=\"wp-block-column is-layout-flow wp-block-column-is-layout-flow\">\n<h2 class=\"wp-block-heading\">Individuelle Waschmittelbeutel Merkmale<\/h2>\n\n\n\n<ul class=\"wp-block-list\">\n<li><strong>Selbstst\u00e4ndige Stabilit\u00e4t:<\/strong> Die verst\u00e4rkte Bodenfalte sorgt f\u00fcr eine hervorragende Regalpr\u00e4senz, so dass der Beutel f\u00fcr maximale Sichtbarkeit im Einzelhandel aufrecht stehen kann.<\/li>\n\n\n\n<li><strong>Leckagesichere Technik:<\/strong> Diese f\u00fcr fl\u00fcssige Anwendungen konzipierten Beutel verf\u00fcgen \u00fcber hochintegrierte Dichtungen, die ein Auslaufen verhindern und den sicheren Transport von Waschmittelprodukten gew\u00e4hrleisten.<\/li>\n\n\n\n<li><strong>Premium-Markenanpassung:<\/strong> Als direkter Hersteller bieten wir einen umfassenden OEM\/ODM-Service f\u00fcr Waschmittelbeutel an, der es Ihnen erm\u00f6glicht, Design, Gr\u00f6\u00dfe und Materialzusammensetzung an Ihre spezifischen Gro\u00dfhandelsmarkenanforderungen anzupassen.<\/li>\n\n\n\n<li><strong>Effizientes Speicherprofil:<\/strong> Im Vergleich zu herk\u00f6mmlichen starren Flaschen sind unsere Standbodenbeutel \u00e4u\u00dferst platzsparend, was die Logistik- und Lagerkosten f\u00fcr den Massenvertrieb erheblich reduziert.<\/li>\n<\/ul>\n<\/div>\n\n\n\n<div class=\"wp-block-column is-layout-flow wp-block-column-is-layout-flow\">\n<figure class=\"wp-block-image size-full\"><img decoding=\"async\" width=\"800\" height=\"800\" src=\"https:\/\/www.zkprintpack.com\/wp-content\/uploads\/2026\/04\/Custom-Laundry-Detergent-Pouch-Stand-Up-Bag-Packaging.webp\" alt=\"Kundenspezifische Waschmittelbeutel Stand Up Bag Verpackung\" class=\"wp-image-3060\" srcset=\"https:\/\/www.zkprintpack.com\/wp-content\/uploads\/2026\/04\/Custom-Laundry-Detergent-Pouch-Stand-Up-Bag-Packaging.webp 800w, https:\/\/www.zkprintpack.com\/wp-content\/uploads\/2026\/04\/Custom-Laundry-Detergent-Pouch-Stand-Up-Bag-Packaging-150x150.webp 150w, https:\/\/www.zkprintpack.com\/wp-content\/uploads\/2026\/04\/Custom-Laundry-Detergent-Pouch-Stand-Up-Bag-Packaging-768x768.webp 768w, https:\/\/www.zkprintpack.com\/wp-content\/uploads\/2026\/04\/Custom-Laundry-Detergent-Pouch-Stand-Up-Bag-Packaging-12x12.webp 12w, https:\/\/www.zkprintpack.com\/wp-content\/uploads\/2026\/04\/Custom-Laundry-Detergent-Pouch-Stand-Up-Bag-Packaging-600x600.webp 600w, https:\/\/www.zkprintpack.com\/wp-content\/uploads\/2026\/04\/Custom-Laundry-Detergent-Pouch-Stand-Up-Bag-Packaging-300x300.webp 300w, https:\/\/www.zkprintpack.com\/wp-content\/uploads\/2026\/04\/Custom-Laundry-Detergent-Pouch-Stand-Up-Bag-Packaging-100x100.webp 100w\" sizes=\"(max-width: 800px) 100vw, 800px\" \/><\/figure>\n<\/div>\n<\/div>","protected":false},"excerpt":{"rendered":"<p>Zhongjia Printing bietet kundenspezifische Waschmittelbeutel f\u00fcr Marken im Gro\u00dfhandel an. Unsere Verpackungen sind sowohl auf \u00c4sthetik als auch auf N\u00fctzlichkeit ausgelegt und verf\u00fcgen \u00fcber ein glattes, mattes Layout, das sich perfekt f\u00fcr hochwertiges Branding eignet. Kontaktieren Sie uns jetzt!<\/p>\n<h2>Parameter des kundenspezifischen Waschmittelbeutels<\/h2>\n<ul>\n<li><strong>Hersteller:<\/strong>\u00a0<a href=\"https:\/\/www.zkprintpack.com\/de\/\">Zhongjia Verpackung<\/a><\/li>\n<li><strong>Material:<\/strong>\u00a0PET\/PE, PET\/NY\/PE, PET\/AL\/NY\/PE, usw.<\/li>\n<li><strong>Tasche Typ<\/strong>: <strong>Stand Up Pouch<\/strong><\/li>\n<li><strong>Gr\u00f6\u00dfe<\/strong>: Benutzerdefiniert<\/li>\n<li><strong>Individuelle Bestellung<\/strong>: Akzeptieren Sie OEM &amp; ODM<\/li>\n<li><strong>Kostenlose Probe<\/strong>: Unterst\u00fctzung<\/li>\n<li><strong>Verwendung<\/strong>: Waschmittel, Shampoo, K\u00f6rperpflegemittel und andere<\/li>\n<li><strong>Farbe<\/strong>: Kann angepasst werden<\/li>\n<li><strong>Zielm\u00e4rkte<\/strong>: \u00dcberall auf der Welt<\/li>\n<\/ul>","protected":false},"featured_media":3060,"comment_status":"closed","ping_status":"closed","template":"","meta":{"_acf_changed":false},"market":[51],"product_brand":[],"product_cat":[50],"product_tag":[],"class_list":{"0":"post-3059","1":"product","2":"type-product","3":"status-publish","4":"has-post-thumbnail","6":"market-personal-care-and-cosmetic","7":"product_cat-stand-up-pouches-wholesale","9":"first","10":"instock","11":"shipping-taxable","12":"product-type-simple"},"acf":[],"_links":{"self":[{"href":"https:\/\/www.zkprintpack.com\/de\/wp-json\/wp\/v2\/product\/3059","targetHints":{"allow":["GET"]}}],"collection":[{"href":"https:\/\/www.zkprintpack.com\/de\/wp-json\/wp\/v2\/product"}],"about":[{"href":"https:\/\/www.zkprintpack.com\/de\/wp-json\/wp\/v2\/types\/product"}],"replies":[{"embeddable":true,"href":"https:\/\/www.zkprintpack.com\/de\/wp-json\/wp\/v2\/comments?post=3059"}],"wp:featuredmedia":[{"embeddable":true,"href":"https:\/\/www.zkprintpack.com\/de\/wp-json\/wp\/v2\/media\/3060"}],"wp:attachment":[{"href":"https:\/\/www.zkprintpack.com\/de\/wp-json\/wp\/v2\/media?parent=3059"}],"wp:term":[{"taxonomy":"market","embeddable":true,"href":"https:\/\/www.zkprintpack.com\/de\/wp-json\/wp\/v2\/market?post=3059"},{"taxonomy":"product_brand","embeddable":true,"href":"https:\/\/www.zkprintpack.com\/de\/wp-json\/wp\/v2\/product_brand?post=3059"},{"taxonomy":"product_cat","embeddable":true,"href":"https:\/\/www.zkprintpack.com\/de\/wp-json\/wp\/v2\/product_cat?post=3059"},{"taxonomy":"product_tag","embeddable":true,"href":"https:\/\/www.zkprintpack.com\/de\/wp-json\/wp\/v2\/product_tag?post=3059"}],"curies":[{"name":"wp","href":"https:\/\/api.w.org\/{rel}","templated":true}]}}