{"id":3057,"date":"2026-04-23T06:23:41","date_gmt":"2026-04-23T06:23:41","guid":{"rendered":"https:\/\/www.zkprintpack.com\/?post_type=product&#038;p=3057"},"modified":"2026-04-23T06:23:44","modified_gmt":"2026-04-23T06:23:44","slug":"custom-jelly-powder-stand-up-pouch","status":"publish","type":"product","link":"https:\/\/www.zkprintpack.com\/de\/product\/custom-jelly-powder-stand-up-pouch\/","title":{"rendered":"Benutzerdefinierte Gelee-Pulver Stand Up Pouch 300g Lebensmittelverpackung Tasche Hersteller"},"content":{"rendered":"<div class=\"wp-block-columns is-layout-flex wp-container-core-columns-is-layout-9d6595d7 wp-block-columns-is-layout-flex\">\n<div class=\"wp-block-column is-layout-flow wp-block-column-is-layout-flow\">\n<h2 class=\"wp-block-heading\">Individuelle Jelly Powder Stand Up Pouch Merkmale<\/h2>\n\n\n\n<ul class=\"wp-block-list\">\n<li><strong>Regaloptimiertes Design:<\/strong> Die verst\u00e4rkte Bodenfalte sorgt daf\u00fcr, dass der Beutel unabh\u00e4ngig aufrecht steht, was die Sichtbarkeit im Einzelhandel und die Ausnutzung der Regalfl\u00e4che maximiert.<\/li>\n\n\n\n<li><strong>Premium-Barriereschutz:<\/strong> Die aus lebensmittelechtem, hochbarrierem\u00e4\u00dfigem Material gefertigten Beutel sperren Feuchtigkeit und Luft effektiv aus, um die Qualit\u00e4t und Frische der Gelee-Pulver zu erhalten.<\/li>\n\n\n\n<li><strong>High-Resolution Branding:<\/strong> Unsere fortschrittlichen Druckverfahren erm\u00f6glichen lebendige, gestochen scharfe Grafiken, die die Aufmerksamkeit der Verbraucher auf sich ziehen und die Pr\u00e4senz Ihrer Marke im Einzelhandel verst\u00e4rken.<\/li>\n\n\n\n<li><strong>Effizienz der Massenversorgung:<\/strong> Als erfahrener Lieferant von flexiblen Verpackungen sind wir in der Lage, Gro\u00dfauftr\u00e4ge mit gleichbleibender Qualit\u00e4tskontrolle und zuverl\u00e4ssigen Lieferzeiten f\u00fcr Ihr Vertriebsnetz abzuwickeln.<\/li>\n<\/ul>\n<\/div>\n\n\n\n<div class=\"wp-block-column is-layout-flow wp-block-column-is-layout-flow\">\n<figure class=\"wp-block-image size-full\"><img decoding=\"async\" width=\"800\" height=\"800\" src=\"https:\/\/www.zkprintpack.com\/wp-content\/uploads\/2026\/04\/Custom-Jelly-Powder-Stand-Up-Pouch.webp\" alt=\"Individueller Jelly Powder Stand Up Pouch\" class=\"wp-image-3058\" srcset=\"https:\/\/www.zkprintpack.com\/wp-content\/uploads\/2026\/04\/Custom-Jelly-Powder-Stand-Up-Pouch.webp 800w, https:\/\/www.zkprintpack.com\/wp-content\/uploads\/2026\/04\/Custom-Jelly-Powder-Stand-Up-Pouch-150x150.webp 150w, https:\/\/www.zkprintpack.com\/wp-content\/uploads\/2026\/04\/Custom-Jelly-Powder-Stand-Up-Pouch-768x768.webp 768w, https:\/\/www.zkprintpack.com\/wp-content\/uploads\/2026\/04\/Custom-Jelly-Powder-Stand-Up-Pouch-12x12.webp 12w, https:\/\/www.zkprintpack.com\/wp-content\/uploads\/2026\/04\/Custom-Jelly-Powder-Stand-Up-Pouch-600x600.webp 600w, https:\/\/www.zkprintpack.com\/wp-content\/uploads\/2026\/04\/Custom-Jelly-Powder-Stand-Up-Pouch-300x300.webp 300w, https:\/\/www.zkprintpack.com\/wp-content\/uploads\/2026\/04\/Custom-Jelly-Powder-Stand-Up-Pouch-100x100.webp 100w\" sizes=\"(max-width: 800px) 100vw, 800px\" \/><\/figure>\n<\/div>\n<\/div>","protected":false},"excerpt":{"rendered":"<p>Wir bieten eine ausgekl\u00fcgelte Verpackungsl\u00f6sung, die ein ausgewogenes Verh\u00e4ltnis zwischen einer ansprechenden Optik und der f\u00fcr Pulververpackungen erforderlichen funktionalen Integrit\u00e4t bietet. Diese ma\u00dfgeschneiderten Jelly-Power-Standbeutel f\u00fcr den Gro\u00dfhandel sind so konzipiert, dass sie ein sauberes, professionelles Aussehen bieten, das Ihrer Marke hilft, im Einzelhandel effektiv zu konkurrieren und gleichzeitig die Langlebigkeit und Frische Ihrer Produkte zu gew\u00e4hrleisten.<\/p>\n<h2>Parameter der benutzerdefinierten Jelly Powder Stand Up Pouch<\/h2>\n<ul>\n<li><strong>Hersteller:<\/strong>\u00a0<a href=\"https:\/\/www.zkprintpack.com\/de\/\">Zhongjia Verpackung<\/a><\/li>\n<li><strong>Material:<\/strong>\u00a0PET\/PE, PET\/NY\/PE, PET\/AL\/NY\/PE, usw.<\/li>\n<li><strong>Tasche Typ<\/strong>: <strong>Stand Up Pouch<\/strong><\/li>\n<li><strong>Gr\u00f6\u00dfe<\/strong>: Benutzerdefiniert<\/li>\n<li><strong>Individuelle Bestellung<\/strong>: Akzeptieren Sie OEM &amp; ODM<\/li>\n<li><strong>Kostenlose Probe<\/strong>: Unterst\u00fctzung<\/li>\n<li><strong>Verwendung<\/strong>: Puder, Snacks und andere<\/li>\n<li><strong>Farbe<\/strong>: Kann angepasst werden<\/li>\n<li><strong>Zielm\u00e4rkte<\/strong>: \u00dcberall auf der Welt<\/li>\n<\/ul>","protected":false},"featured_media":3058,"comment_status":"closed","ping_status":"closed","template":"","meta":{"_acf_changed":false},"market":[62],"product_brand":[],"product_cat":[50],"product_tag":[],"class_list":{"0":"post-3057","1":"product","2":"type-product","3":"status-publish","4":"has-post-thumbnail","6":"market-powder-packaging-supplier","7":"product_cat-stand-up-pouches-wholesale","9":"first","10":"instock","11":"shipping-taxable","12":"product-type-simple"},"acf":[],"_links":{"self":[{"href":"https:\/\/www.zkprintpack.com\/de\/wp-json\/wp\/v2\/product\/3057","targetHints":{"allow":["GET"]}}],"collection":[{"href":"https:\/\/www.zkprintpack.com\/de\/wp-json\/wp\/v2\/product"}],"about":[{"href":"https:\/\/www.zkprintpack.com\/de\/wp-json\/wp\/v2\/types\/product"}],"replies":[{"embeddable":true,"href":"https:\/\/www.zkprintpack.com\/de\/wp-json\/wp\/v2\/comments?post=3057"}],"wp:featuredmedia":[{"embeddable":true,"href":"https:\/\/www.zkprintpack.com\/de\/wp-json\/wp\/v2\/media\/3058"}],"wp:attachment":[{"href":"https:\/\/www.zkprintpack.com\/de\/wp-json\/wp\/v2\/media?parent=3057"}],"wp:term":[{"taxonomy":"market","embeddable":true,"href":"https:\/\/www.zkprintpack.com\/de\/wp-json\/wp\/v2\/market?post=3057"},{"taxonomy":"product_brand","embeddable":true,"href":"https:\/\/www.zkprintpack.com\/de\/wp-json\/wp\/v2\/product_brand?post=3057"},{"taxonomy":"product_cat","embeddable":true,"href":"https:\/\/www.zkprintpack.com\/de\/wp-json\/wp\/v2\/product_cat?post=3057"},{"taxonomy":"product_tag","embeddable":true,"href":"https:\/\/www.zkprintpack.com\/de\/wp-json\/wp\/v2\/product_tag?post=3057"}],"curies":[{"name":"wp","href":"https:\/\/api.w.org\/{rel}","templated":true}]}}