{"id":3055,"date":"2026-04-23T06:35:29","date_gmt":"2026-04-23T06:35:29","guid":{"rendered":"https:\/\/www.zkprintpack.com\/?post_type=product&#038;p=3055"},"modified":"2026-04-23T06:35:31","modified_gmt":"2026-04-23T06:35:31","slug":"custom-zipper-pouch-for-medicine","status":"publish","type":"product","link":"https:\/\/www.zkprintpack.com\/de\/product\/custom-zipper-pouch-for-medicine\/","title":{"rendered":"Benutzerdefinierte Rei\u00dfverschlusstasche f\u00fcr pflanzliche Medizin Verpackung mit transparentem Fenster"},"content":{"rendered":"<div class=\"wp-block-columns is-layout-flex wp-container-core-columns-is-layout-9d6595d7 wp-block-columns-is-layout-flex\">\n<div class=\"wp-block-column is-layout-flow wp-block-column-is-layout-flow\">\n<h2 class=\"wp-block-heading\">Custom Zipper Pouch f\u00fcr pflanzliche Medizin Merkmale<\/h2>\n\n\n\n<ul class=\"wp-block-list\">\n<li><strong>Luftdichter Verschluss mit Rei\u00dfverschluss:<\/strong> Das integrierte, wiederverschlie\u00dfbare Rei\u00dfverschlusssystem bietet eine sichere, feuchtigkeitsdichte Barriere, die die Frische und Wirksamkeit der pflanzlichen Produkte bewahrt.<\/li>\n\n\n\n<li><strong>Professionelle Einzelhandels\u00e4sthetik:<\/strong> Diese Beutel sind f\u00fcr eine hohe Wirkung in den Regalen konzipiert und bieten ein schlankes, modernes Aussehen, das das Vertrauen der Verbraucher st\u00e4rkt und die Produktqualit\u00e4t hervorhebt.<\/li>\n\n\n\n<li><strong>Langlebige Konstruktion:<\/strong> Unsere ma\u00dfgefertigten Rei\u00dfverschlusstaschen bestehen aus mehrschichtigen Materialien und bieten hervorragende Durchsto\u00dffestigkeit und strukturelle Integrit\u00e4t, um den Inhalt w\u00e4hrend des Massenversands und der Handhabung im Einzelhandel zu sch\u00fctzen.<\/li>\n\n\n\n<li><strong>Vollst\u00e4ndige OEM\/ODM-Anpassung:<\/strong> Als direkter Hersteller von Rei\u00dfverschlusstaschen bieten wir v\u00f6llige Flexibilit\u00e4t in Bezug auf Design, Abmessungen und Materialspezifikationen, die perfekt auf Ihre Markenidentit\u00e4t abgestimmt sind.<\/li>\n<\/ul>\n<\/div>\n\n\n\n<div class=\"wp-block-column is-layout-flow wp-block-column-is-layout-flow\">\n<figure class=\"wp-block-image size-full\"><img decoding=\"async\" width=\"800\" height=\"800\" src=\"https:\/\/www.zkprintpack.com\/wp-content\/uploads\/2026\/04\/Custom-Herbal-Medicine-Zipper-Pouch-Manufacturer.webp\" alt=\"Benutzerdefinierte pflanzliche Medizin Zipper Pouch Hersteller\" class=\"wp-image-3056\" srcset=\"https:\/\/www.zkprintpack.com\/wp-content\/uploads\/2026\/04\/Custom-Herbal-Medicine-Zipper-Pouch-Manufacturer.webp 800w, https:\/\/www.zkprintpack.com\/wp-content\/uploads\/2026\/04\/Custom-Herbal-Medicine-Zipper-Pouch-Manufacturer-150x150.webp 150w, https:\/\/www.zkprintpack.com\/wp-content\/uploads\/2026\/04\/Custom-Herbal-Medicine-Zipper-Pouch-Manufacturer-768x768.webp 768w, https:\/\/www.zkprintpack.com\/wp-content\/uploads\/2026\/04\/Custom-Herbal-Medicine-Zipper-Pouch-Manufacturer-12x12.webp 12w, https:\/\/www.zkprintpack.com\/wp-content\/uploads\/2026\/04\/Custom-Herbal-Medicine-Zipper-Pouch-Manufacturer-600x600.webp 600w, https:\/\/www.zkprintpack.com\/wp-content\/uploads\/2026\/04\/Custom-Herbal-Medicine-Zipper-Pouch-Manufacturer-300x300.webp 300w, https:\/\/www.zkprintpack.com\/wp-content\/uploads\/2026\/04\/Custom-Herbal-Medicine-Zipper-Pouch-Manufacturer-100x100.webp 100w\" sizes=\"(max-width: 800px) 100vw, 800px\" \/><\/figure>\n<\/div>\n<\/div>\n\n\n\n<p><\/p>","protected":false},"excerpt":{"rendered":"<p>Individuell gestalteter Gro\u00dfhandels-Rei\u00dfverschlussbeutel. Mit einem sauberen, professionellen Profil und reichlich Platz f\u00fcr das Branding bieten diese Beutel die M\u00f6glichkeit, die Qualit\u00e4t Ihres Produkts sofort zu vermitteln. Ganz gleich, ob Sie lose Kr\u00e4uter, Teemischungen oder pulverf\u00f6rmige Nahrungserg\u00e4nzungsmittel verpacken, unsere Verpackungen bieten die n\u00f6tige Haltbarkeit, um die Lieferkette zu \u00fcberstehen und gleichzeitig ein hochwertiges Erscheinungsbild im Einzelhandel zu bewahren. Kontaktieren Sie uns jetzt!<\/p>\n<h2>Parameter der benutzerdefinierten Rei\u00dfverschluss Tasche f\u00fcr pflanzliche Medizin<\/h2>\n<ul>\n<li><strong>Hersteller:<\/strong>\u00a0<a href=\"https:\/\/www.zkprintpack.com\/de\/\">Zhongjia Verpackung<\/a><\/li>\n<li><strong>Material:<\/strong>\u00a0PET\/PE, PET\/NY\/PE, PET\/AL\/NY\/PE, usw.<\/li>\n<li><strong>Tasche Typ<\/strong>: <strong>Flachbeutel<\/strong><\/li>\n<li><strong>Gr\u00f6\u00dfe<\/strong>: Benutzerdefiniert<\/li>\n<li><strong>Individuelle Bestellung<\/strong>: Akzeptieren Sie OEM &amp; ODM<\/li>\n<li><strong>Kostenlose Probe<\/strong>: Unterst\u00fctzung<\/li>\n<li><strong>Verwendung<\/strong>Lebensmittel, medizinische K\u00fcche, Kr\u00e4utermedizin und andere<\/li>\n<li><strong>Farbe<\/strong>: Kann angepasst werden<\/li>\n<li><strong>Zielm\u00e4rkte<\/strong>: \u00dcberall auf der Welt<\/li>\n<\/ul>","protected":false},"featured_media":3056,"comment_status":"closed","ping_status":"closed","template":"","meta":{"_acf_changed":false},"market":[],"product_brand":[],"product_cat":[67,53],"product_tag":[],"class_list":{"0":"post-3055","1":"product","2":"type-product","3":"status-publish","4":"has-post-thumbnail","6":"product_cat-custom-flat-pouch","7":"product_cat-three-side-seal-pouch-wholesale","9":"first","10":"instock","11":"shipping-taxable","12":"product-type-simple"},"acf":[],"_links":{"self":[{"href":"https:\/\/www.zkprintpack.com\/de\/wp-json\/wp\/v2\/product\/3055","targetHints":{"allow":["GET"]}}],"collection":[{"href":"https:\/\/www.zkprintpack.com\/de\/wp-json\/wp\/v2\/product"}],"about":[{"href":"https:\/\/www.zkprintpack.com\/de\/wp-json\/wp\/v2\/types\/product"}],"replies":[{"embeddable":true,"href":"https:\/\/www.zkprintpack.com\/de\/wp-json\/wp\/v2\/comments?post=3055"}],"wp:featuredmedia":[{"embeddable":true,"href":"https:\/\/www.zkprintpack.com\/de\/wp-json\/wp\/v2\/media\/3056"}],"wp:attachment":[{"href":"https:\/\/www.zkprintpack.com\/de\/wp-json\/wp\/v2\/media?parent=3055"}],"wp:term":[{"taxonomy":"market","embeddable":true,"href":"https:\/\/www.zkprintpack.com\/de\/wp-json\/wp\/v2\/market?post=3055"},{"taxonomy":"product_brand","embeddable":true,"href":"https:\/\/www.zkprintpack.com\/de\/wp-json\/wp\/v2\/product_brand?post=3055"},{"taxonomy":"product_cat","embeddable":true,"href":"https:\/\/www.zkprintpack.com\/de\/wp-json\/wp\/v2\/product_cat?post=3055"},{"taxonomy":"product_tag","embeddable":true,"href":"https:\/\/www.zkprintpack.com\/de\/wp-json\/wp\/v2\/product_tag?post=3055"}],"curies":[{"name":"wp","href":"https:\/\/api.w.org\/{rel}","templated":true}]}}