{"id":3053,"date":"2026-04-23T06:44:22","date_gmt":"2026-04-23T06:44:22","guid":{"rendered":"https:\/\/www.zkprintpack.com\/?post_type=product&#038;p=3053"},"modified":"2026-04-23T06:44:24","modified_gmt":"2026-04-23T06:44:24","slug":"custom-bread-packaging-bag-pouch","status":"publish","type":"product","link":"https:\/\/www.zkprintpack.com\/de\/product\/custom-bread-packaging-bag-pouch\/","title":{"rendered":"Benutzerdefinierte Brot Verpackung Tasche Stand Up Pouch Versorgung Fabrik"},"content":{"rendered":"<div class=\"wp-block-columns is-layout-flex wp-container-core-columns-is-layout-9d6595d7 wp-block-columns-is-layout-flex\">\n<div class=\"wp-block-column is-layout-flow wp-block-column-is-layout-flow\">\n<h2 class=\"wp-block-heading\">Individuelle Brotverpackungsbeutel Merkmale<\/h2>\n\n\n\n<ul class=\"wp-block-list\">\n<li><strong>Premium-Barriereschutz:<\/strong> Die aus lebensmittelechten Materialien gefertigten Beutel bieten eine robuste Barriere gegen Feuchtigkeit und Luft, die f\u00fcr die Frische der Backwaren unerl\u00e4sslich ist.<\/li>\n\n\n\n<li><strong>Hochaufl\u00f6sendes Branding:<\/strong> Unsere fortschrittlichen Druckm\u00f6glichkeiten erm\u00f6glichen lebendige, hochaufl\u00f6sende individuelle Grafiken, die Ihre Markenqualit\u00e4t effektiv an die Verbraucher kommunizieren.<\/li>\n\n\n\n<li><strong>Flexible Anpassung (OEM\/ODM):<\/strong> Wir bieten umfassende OEM\/ODM-Dienstleistungen, einschlie\u00dflich ma\u00dfgeschneiderter Gr\u00f6\u00dfen und Materialzusammensetzungen, die auf Ihre spezifischen Gro\u00dfhandelsanforderungen zugeschnitten sind.<\/li>\n\n\n\n<li><strong>Effizienz der Massenversorgung:<\/strong> Als erfahrener Lieferant von flexiblen Verpackungen sind wir in der Lage, Gro\u00dfauftr\u00e4ge mit gleichbleibender Qualit\u00e4tskontrolle und zuverl\u00e4ssigen Lieferzeiten f\u00fcr Ihr Vertriebsnetz abzuwickeln.<\/li>\n<\/ul>\n<\/div>\n\n\n\n<div class=\"wp-block-column is-layout-flow wp-block-column-is-layout-flow\">\n<figure class=\"wp-block-image size-full\"><img decoding=\"async\" width=\"800\" height=\"800\" src=\"https:\/\/www.zkprintpack.com\/wp-content\/uploads\/2026\/04\/Custom-Bread-Packaging-Bag-Stand-Up-Pouch-Supplier.webp\" alt=\"Benutzerdefinierte Brot Verpackung Tasche Stand Up Pouch Lieferant\" class=\"wp-image-3054\" srcset=\"https:\/\/www.zkprintpack.com\/wp-content\/uploads\/2026\/04\/Custom-Bread-Packaging-Bag-Stand-Up-Pouch-Supplier.webp 800w, https:\/\/www.zkprintpack.com\/wp-content\/uploads\/2026\/04\/Custom-Bread-Packaging-Bag-Stand-Up-Pouch-Supplier-150x150.webp 150w, https:\/\/www.zkprintpack.com\/wp-content\/uploads\/2026\/04\/Custom-Bread-Packaging-Bag-Stand-Up-Pouch-Supplier-768x768.webp 768w, https:\/\/www.zkprintpack.com\/wp-content\/uploads\/2026\/04\/Custom-Bread-Packaging-Bag-Stand-Up-Pouch-Supplier-12x12.webp 12w, https:\/\/www.zkprintpack.com\/wp-content\/uploads\/2026\/04\/Custom-Bread-Packaging-Bag-Stand-Up-Pouch-Supplier-600x600.webp 600w, https:\/\/www.zkprintpack.com\/wp-content\/uploads\/2026\/04\/Custom-Bread-Packaging-Bag-Stand-Up-Pouch-Supplier-300x300.webp 300w, https:\/\/www.zkprintpack.com\/wp-content\/uploads\/2026\/04\/Custom-Bread-Packaging-Bag-Stand-Up-Pouch-Supplier-100x100.webp 100w\" sizes=\"(max-width: 800px) 100vw, 800px\" \/><\/figure>\n<\/div>\n<\/div>","protected":false},"excerpt":{"rendered":"<p>Gro\u00dfhandel benutzerdefinierte Brot Verpackung Tasche. Unsere Beutel sind aus lebensmittelechten Materialien mit hoher Barrierewirkung hergestellt, die vor Feuchtigkeit und Umweltverschmutzung sch\u00fctzen, was f\u00fcr die Erhaltung der Textur und Qualit\u00e4t von Brot und Backwaren entscheidend ist. Kontaktieren Sie uns jetzt!<\/p>\n<h2>Parameter von kundenspezifischen Brotverpackungsbeuteln<\/h2>\n<ul>\n<li><strong>Hersteller:<\/strong>\u00a0<a href=\"https:\/\/www.zkprintpack.com\/de\/\">Zhongjia Verpackung<\/a><\/li>\n<li><strong>Material:<\/strong>\u00a0PET\/PE, PET\/NY\/PE, PET\/AL\/NY\/PE, usw.<\/li>\n<li><strong>Tasche Typ<\/strong>: <strong>Stand Up Pouch<\/strong><\/li>\n<li><strong>Gr\u00f6\u00dfe<\/strong>: Benutzerdefiniert<\/li>\n<li><strong>Individuelle Bestellung<\/strong>: Akzeptieren Sie OEM &amp; ODM<\/li>\n<li><strong>Kostenlose Probe<\/strong>: Unterst\u00fctzung<\/li>\n<li><strong>Verwendung<\/strong>: Brot, Snacks und andere<\/li>\n<li><strong>Farbe<\/strong>: Kann angepasst werden<\/li>\n<li><strong>Zielm\u00e4rkte<\/strong>: \u00dcberall auf der Welt<\/li>\n<\/ul>","protected":false},"featured_media":3054,"comment_status":"closed","ping_status":"closed","template":"","meta":{"_acf_changed":false},"market":[61],"product_brand":[],"product_cat":[50],"product_tag":[],"class_list":{"0":"post-3053","1":"product","2":"type-product","3":"status-publish","4":"has-post-thumbnail","6":"market-snack-packaging-supplier","7":"product_cat-stand-up-pouches-wholesale","9":"first","10":"instock","11":"shipping-taxable","12":"product-type-simple"},"acf":[],"_links":{"self":[{"href":"https:\/\/www.zkprintpack.com\/de\/wp-json\/wp\/v2\/product\/3053","targetHints":{"allow":["GET"]}}],"collection":[{"href":"https:\/\/www.zkprintpack.com\/de\/wp-json\/wp\/v2\/product"}],"about":[{"href":"https:\/\/www.zkprintpack.com\/de\/wp-json\/wp\/v2\/types\/product"}],"replies":[{"embeddable":true,"href":"https:\/\/www.zkprintpack.com\/de\/wp-json\/wp\/v2\/comments?post=3053"}],"wp:featuredmedia":[{"embeddable":true,"href":"https:\/\/www.zkprintpack.com\/de\/wp-json\/wp\/v2\/media\/3054"}],"wp:attachment":[{"href":"https:\/\/www.zkprintpack.com\/de\/wp-json\/wp\/v2\/media?parent=3053"}],"wp:term":[{"taxonomy":"market","embeddable":true,"href":"https:\/\/www.zkprintpack.com\/de\/wp-json\/wp\/v2\/market?post=3053"},{"taxonomy":"product_brand","embeddable":true,"href":"https:\/\/www.zkprintpack.com\/de\/wp-json\/wp\/v2\/product_brand?post=3053"},{"taxonomy":"product_cat","embeddable":true,"href":"https:\/\/www.zkprintpack.com\/de\/wp-json\/wp\/v2\/product_cat?post=3053"},{"taxonomy":"product_tag","embeddable":true,"href":"https:\/\/www.zkprintpack.com\/de\/wp-json\/wp\/v2\/product_tag?post=3053"}],"curies":[{"name":"wp","href":"https:\/\/api.w.org\/{rel}","templated":true}]}}