{"id":3046,"date":"2026-04-23T06:48:08","date_gmt":"2026-04-23T06:48:08","guid":{"rendered":"https:\/\/www.zkprintpack.com\/?post_type=product&#038;p=3046"},"modified":"2026-04-23T06:48:10","modified_gmt":"2026-04-23T06:48:10","slug":"custom-shampoo-sachet-roll-stock","status":"publish","type":"product","link":"https:\/\/www.zkprintpack.com\/de\/product\/custom-shampoo-sachet-roll-stock\/","title":{"rendered":"Kundenspezifische Shampoo-Sachet-Rollenfolie f\u00fcr Fl\u00fcssigkeitsverpackungen f\u00fcr K\u00f6rperpflegeprodukte"},"content":{"rendered":"<div class=\"wp-block-columns is-layout-flex wp-container-core-columns-is-layout-9d6595d7 wp-block-columns-is-layout-flex\">\n<div class=\"wp-block-column is-layout-flow wp-block-column-is-layout-flow\">\n<h2 class=\"wp-block-heading\">Individuelle Shampoo-Sachet-Rolle Merkmale<\/h2>\n\n\n\n<ul class=\"wp-block-list\">\n<li><strong>Optimiert f\u00fcr die Automatisierung:<\/strong> Unsere Rollenware f\u00fcr K\u00f6rperpflegeprodukte ist speziell f\u00fcr automatisierte Hochgeschwindigkeits-Form-F\u00fcll-Siegel-Maschinen entwickelt worden, die eine nahtlose Integration in Ihre bestehenden Produktionslinien gew\u00e4hrleisten.<\/li>\n\n\n\n<li><strong>Erstklassige Druckqualit\u00e4t:<\/strong> Wir setzen fortschrittliche Drucktechnologien ein, um lebendige, hochaufl\u00f6sende Grafiken zu liefern, die den Wiedererkennungswert der Marke und die Attraktivit\u00e4t der Verkaufsregale erh\u00f6hen.<\/li>\n\n\n\n<li><strong>Au\u00dfergew\u00f6hnlicher Barriereschutz:<\/strong> Jede Folie ist so konstruiert, dass sie eine zuverl\u00e4ssige Barriere gegen Feuchtigkeit und Luft bildet und so die Integrit\u00e4t der Formulierung und die Haltbarkeit des fl\u00fcssigen Inhalts erh\u00e4lt.<\/li>\n\n\n\n<li><strong>Vollst\u00e4ndige kundenspezifische Anpassung (OEM\/ODM):<\/strong> Als Hersteller von Folien, die direkt von der Rolle kommen, bieten wir einen umfassenden Service zur Anpassung von Rollenbreite, Folienst\u00e4rke und kundenspezifischen Grafikdesigns, um Ihre spezifischen betrieblichen Anforderungen zu erf\u00fcllen.<\/li>\n<\/ul>\n<\/div>\n\n\n\n<div class=\"wp-block-column is-layout-flow wp-block-column-is-layout-flow\">\n<figure class=\"wp-block-image size-full\"><img decoding=\"async\" width=\"800\" height=\"800\" src=\"https:\/\/www.zkprintpack.com\/wp-content\/uploads\/2026\/04\/Custom-Shampoo-Sachet-Roll-Stock-Film-3.webp\" alt=\"Individuelle Shampoo-Sachet-Rolle Stock Film (3)\" class=\"wp-image-3052\" srcset=\"https:\/\/www.zkprintpack.com\/wp-content\/uploads\/2026\/04\/Custom-Shampoo-Sachet-Roll-Stock-Film-3.webp 800w, https:\/\/www.zkprintpack.com\/wp-content\/uploads\/2026\/04\/Custom-Shampoo-Sachet-Roll-Stock-Film-3-150x150.webp 150w, https:\/\/www.zkprintpack.com\/wp-content\/uploads\/2026\/04\/Custom-Shampoo-Sachet-Roll-Stock-Film-3-768x768.webp 768w, https:\/\/www.zkprintpack.com\/wp-content\/uploads\/2026\/04\/Custom-Shampoo-Sachet-Roll-Stock-Film-3-12x12.webp 12w, https:\/\/www.zkprintpack.com\/wp-content\/uploads\/2026\/04\/Custom-Shampoo-Sachet-Roll-Stock-Film-3-600x600.webp 600w, https:\/\/www.zkprintpack.com\/wp-content\/uploads\/2026\/04\/Custom-Shampoo-Sachet-Roll-Stock-Film-3-300x300.webp 300w, https:\/\/www.zkprintpack.com\/wp-content\/uploads\/2026\/04\/Custom-Shampoo-Sachet-Roll-Stock-Film-3-100x100.webp 100w\" sizes=\"(max-width: 800px) 100vw, 800px\" \/><\/figure>\n<\/div>\n<\/div>\n\n\n\n<p><\/p>","protected":false},"excerpt":{"rendered":"<p>Gro\u00dfhandel benutzerdefinierte Shampoo-Beutel Rolle Lager. Diese L\u00f6sung ist ideal f\u00fcr Shampoos, Conditioner oder andere fl\u00fcssige Sch\u00f6nheitsprodukte. Sie wurde speziell f\u00fcr automatische Hochgeschwindigkeits-Beutelabf\u00fcllmaschinen entwickelt. Kontaktieren Sie uns jetzt!<\/p>\n<h2>Parameter der benutzerdefinierten Shampoo-Sachet-Rollenware<\/h2>\n<ul>\n<li><strong>Hersteller:\u00a0<a href=\"https:\/\/www.zkprintpack.com\/de\/\">Zhongjia Verpackung<\/a><\/strong><\/li>\n<li><strong>Material:<\/strong>\u00a0PET\/PE, PET\/NY\/PE, PET\/AL\/NY\/PE, usw.<\/li>\n<li><strong>Tasche Typ<\/strong>: <strong>Rollstock-Film<\/strong><\/li>\n<li><strong>Gr\u00f6\u00dfe<\/strong>: Benutzerdefiniert<\/li>\n<li><strong>Individuelle Bestellung<\/strong>: Akzeptieren Sie OEM &amp; ODM<\/li>\n<li><strong>Kostenlose Probe<\/strong>: Unterst\u00fctzung<\/li>\n<li><strong>Verwendung<\/strong>: Shampoo, K\u00f6rperpflegefl\u00fcssigkeiten und andere Produkte<\/li>\n<li><strong>Farbe<\/strong>: Kann angepasst werden<\/li>\n<li><strong>Zielm\u00e4rkte<\/strong>: \u00dcberall auf der Welt<\/li>\n<\/ul>","protected":false},"featured_media":3050,"comment_status":"closed","ping_status":"closed","template":"","meta":{"_acf_changed":false},"market":[51],"product_brand":[],"product_cat":[57],"product_tag":[],"class_list":{"0":"post-3046","1":"product","2":"type-product","3":"status-publish","4":"has-post-thumbnail","6":"market-personal-care-and-cosmetic","7":"product_cat-rollstock-film-supplier","9":"first","10":"instock","11":"shipping-taxable","12":"product-type-simple"},"acf":[],"_links":{"self":[{"href":"https:\/\/www.zkprintpack.com\/de\/wp-json\/wp\/v2\/product\/3046","targetHints":{"allow":["GET"]}}],"collection":[{"href":"https:\/\/www.zkprintpack.com\/de\/wp-json\/wp\/v2\/product"}],"about":[{"href":"https:\/\/www.zkprintpack.com\/de\/wp-json\/wp\/v2\/types\/product"}],"replies":[{"embeddable":true,"href":"https:\/\/www.zkprintpack.com\/de\/wp-json\/wp\/v2\/comments?post=3046"}],"wp:featuredmedia":[{"embeddable":true,"href":"https:\/\/www.zkprintpack.com\/de\/wp-json\/wp\/v2\/media\/3050"}],"wp:attachment":[{"href":"https:\/\/www.zkprintpack.com\/de\/wp-json\/wp\/v2\/media?parent=3046"}],"wp:term":[{"taxonomy":"market","embeddable":true,"href":"https:\/\/www.zkprintpack.com\/de\/wp-json\/wp\/v2\/market?post=3046"},{"taxonomy":"product_brand","embeddable":true,"href":"https:\/\/www.zkprintpack.com\/de\/wp-json\/wp\/v2\/product_brand?post=3046"},{"taxonomy":"product_cat","embeddable":true,"href":"https:\/\/www.zkprintpack.com\/de\/wp-json\/wp\/v2\/product_cat?post=3046"},{"taxonomy":"product_tag","embeddable":true,"href":"https:\/\/www.zkprintpack.com\/de\/wp-json\/wp\/v2\/product_tag?post=3046"}],"curies":[{"name":"wp","href":"https:\/\/api.w.org\/{rel}","templated":true}]}}