{"id":3044,"date":"2026-04-23T03:56:45","date_gmt":"2026-04-23T03:56:45","guid":{"rendered":"https:\/\/www.zkprintpack.com\/?post_type=product&#038;p=3044"},"modified":"2026-04-23T03:56:47","modified_gmt":"2026-04-23T03:56:47","slug":"custom-printed-flat-pouch-wholesale","status":"publish","type":"product","link":"https:\/\/www.zkprintpack.com\/de\/product\/custom-printed-flat-pouch-wholesale\/","title":{"rendered":"Individuell bedruckte flache Tasche Gro\u00dfhandel, Versorgung Lebensmittel Tasche mit transparentem Fenster"},"content":{"rendered":"<div class=\"wp-block-columns is-layout-flex wp-container-core-columns-is-layout-9d6595d7 wp-block-columns-is-layout-flex\">\n<div class=\"wp-block-column is-layout-flow wp-block-column-is-layout-flow\">\n<h2 class=\"wp-block-heading\">Individuell bedruckte flache Tasche Merkmale<\/h2>\n\n\n\n<ul class=\"wp-block-list\">\n<li><strong>Eindrucksvoller individueller Druck:<\/strong> Unsere fortschrittlichen Druckverfahren mit wasserbasierter Tinte erm\u00f6glichen scharfe, lebendige Grafiken, die die Aufmerksamkeit der Verbraucher auf sich ziehen und Ihre Markenidentit\u00e4t in den Verkaufsregalen st\u00e4rken.<\/li>\n\n\n\n<li><strong>Platzsparendes Design:<\/strong> Das Profil des Flachbeutels ist f\u00fcr eine optimale Lagerung und Transporteffizienz ausgelegt, wodurch die Versandkosten f\u00fcr den Gro\u00dfhandel gesenkt werden.<\/li>\n\n\n\n<li><strong>Vielseitige Lebensmittelanwendung:<\/strong> Diese Beutel bieten eine sichere, lebensmittelechte Umgebung, die sich ideal f\u00fcr die Verpackung einer breiten Palette von Trockenwaren, speziellen Snacks und pulverf\u00f6rmigen Lebensmitteln eignet.<\/li>\n\n\n\n<li><strong>Vollst\u00e4ndige Anpassung (OEM\/ODM):<\/strong> Als erfahrener Anbieter von kundenspezifisch bedruckten Flachbeuteln bieten wir Ihnen einen umfassenden Service zur Anpassung an Ihre Bed\u00fcrfnisse, einschlie\u00dflich ma\u00dfgeschneiderter Gr\u00f6\u00dfenanpassung, Materialauswahl und Integration eines einzigartigen Designs f\u00fcr Ihre Marke.<\/li>\n<\/ul>\n<\/div>\n\n\n\n<div class=\"wp-block-column is-layout-flow wp-block-column-is-layout-flow\">\n<figure class=\"wp-block-image size-full\"><img decoding=\"async\" width=\"800\" height=\"800\" src=\"https:\/\/www.zkprintpack.com\/wp-content\/uploads\/2026\/04\/custom-printed-flat-pouch-for-food.webp\" alt=\"Individuell bedruckter Flachbeutel f\u00fcr Lebensmittel\" class=\"wp-image-3045\" srcset=\"https:\/\/www.zkprintpack.com\/wp-content\/uploads\/2026\/04\/custom-printed-flat-pouch-for-food.webp 800w, https:\/\/www.zkprintpack.com\/wp-content\/uploads\/2026\/04\/custom-printed-flat-pouch-for-food-150x150.webp 150w, https:\/\/www.zkprintpack.com\/wp-content\/uploads\/2026\/04\/custom-printed-flat-pouch-for-food-768x768.webp 768w, https:\/\/www.zkprintpack.com\/wp-content\/uploads\/2026\/04\/custom-printed-flat-pouch-for-food-12x12.webp 12w, https:\/\/www.zkprintpack.com\/wp-content\/uploads\/2026\/04\/custom-printed-flat-pouch-for-food-600x600.webp 600w, https:\/\/www.zkprintpack.com\/wp-content\/uploads\/2026\/04\/custom-printed-flat-pouch-for-food-300x300.webp 300w, https:\/\/www.zkprintpack.com\/wp-content\/uploads\/2026\/04\/custom-printed-flat-pouch-for-food-100x100.webp 100w\" sizes=\"(max-width: 800px) 100vw, 800px\" \/><\/figure>\n<\/div>\n<\/div>\n\n\n\n<p><\/p>","protected":false},"excerpt":{"rendered":"<p>Individuell bedruckte Flachbeutel f\u00fcr den Gro\u00dfhandel. Diese auf Vielseitigkeit und Regaltauglichkeit ausgelegten Beutel bieten eine saubere, professionelle \u00c4sthetik, die Ihrer Marke hilft, sich in einem wettbewerbsintensiven Einzelhandelsumfeld abzuheben. Kontaktieren Sie uns jetzt!<\/p>\n<h2>Parameter des individuell bedruckten Flachbeutels<\/h2>\n<ul>\n<li><strong>Hersteller: <span style=\"color: #ff0000;\"><a style=\"color: #ff0000;\" href=\"https:\/\/www.zkprintpack.com\/de\/\">Zhongjia Verpackung<\/a><\/span><\/strong><\/li>\n<li><strong>Material:<\/strong>\u00a0PET\/PE, PET\/NY\/PE, PET\/AL\/NY\/PE, usw.<\/li>\n<li><strong>Tasche Typ<\/strong>: <strong>Flachbeutel<\/strong><\/li>\n<li><strong>Gr\u00f6\u00dfe<\/strong>: Benutzerdefiniert<\/li>\n<li><strong>Individuelle Bestellung<\/strong>: Akzeptieren Sie OEM &amp; ODM<\/li>\n<li><strong>Kostenlose Probe<\/strong>: Unterst\u00fctzung<\/li>\n<li><strong>Verwendung<\/strong>Lebensmittel, medizinische K\u00fcche und andere<\/li>\n<li><strong>Farbe<\/strong>: Kann angepasst werden<\/li>\n<li><strong>Zielm\u00e4rkte<\/strong>: \u00dcberall auf der Welt<\/li>\n<\/ul>","protected":false},"featured_media":3045,"comment_status":"closed","ping_status":"closed","template":"","meta":{"_acf_changed":false},"market":[61],"product_brand":[],"product_cat":[67,53],"product_tag":[],"class_list":{"0":"post-3044","1":"product","2":"type-product","3":"status-publish","4":"has-post-thumbnail","6":"market-snack-packaging-supplier","7":"product_cat-custom-flat-pouch","8":"product_cat-three-side-seal-pouch-wholesale","10":"first","11":"instock","12":"shipping-taxable","13":"product-type-simple"},"acf":[],"_links":{"self":[{"href":"https:\/\/www.zkprintpack.com\/de\/wp-json\/wp\/v2\/product\/3044","targetHints":{"allow":["GET"]}}],"collection":[{"href":"https:\/\/www.zkprintpack.com\/de\/wp-json\/wp\/v2\/product"}],"about":[{"href":"https:\/\/www.zkprintpack.com\/de\/wp-json\/wp\/v2\/types\/product"}],"replies":[{"embeddable":true,"href":"https:\/\/www.zkprintpack.com\/de\/wp-json\/wp\/v2\/comments?post=3044"}],"wp:featuredmedia":[{"embeddable":true,"href":"https:\/\/www.zkprintpack.com\/de\/wp-json\/wp\/v2\/media\/3045"}],"wp:attachment":[{"href":"https:\/\/www.zkprintpack.com\/de\/wp-json\/wp\/v2\/media?parent=3044"}],"wp:term":[{"taxonomy":"market","embeddable":true,"href":"https:\/\/www.zkprintpack.com\/de\/wp-json\/wp\/v2\/market?post=3044"},{"taxonomy":"product_brand","embeddable":true,"href":"https:\/\/www.zkprintpack.com\/de\/wp-json\/wp\/v2\/product_brand?post=3044"},{"taxonomy":"product_cat","embeddable":true,"href":"https:\/\/www.zkprintpack.com\/de\/wp-json\/wp\/v2\/product_cat?post=3044"},{"taxonomy":"product_tag","embeddable":true,"href":"https:\/\/www.zkprintpack.com\/de\/wp-json\/wp\/v2\/product_tag?post=3044"}],"curies":[{"name":"wp","href":"https:\/\/api.w.org\/{rel}","templated":true}]}}