{"id":3017,"date":"2026-04-17T03:22:54","date_gmt":"2026-04-17T03:22:54","guid":{"rendered":"https:\/\/www.zkprintpack.com\/?post_type=product&#038;p=3017"},"modified":"2026-04-17T03:22:56","modified_gmt":"2026-04-17T03:22:56","slug":"custom-condom-packaging-film-supply","status":"publish","type":"product","link":"https:\/\/www.zkprintpack.com\/de\/product\/custom-condom-packaging-film-supply\/","title":{"rendered":"Kundenspezifische Kondom-Verpackungsfolie im Gro\u00dfhandel - hohe Barriere, medizinische Qualit\u00e4t"},"content":{"rendered":"<div class=\"wp-block-columns is-layout-flex wp-container-core-columns-is-layout-9d6595d7 wp-block-columns-is-layout-flex\">\n<div class=\"wp-block-column is-layout-flow wp-block-column-is-layout-flow\">\n<h2 class=\"wp-block-heading\">Kundenspezifische Kondomverpackungsfolie Merkmale<\/h2>\n\n\n\n<ul class=\"wp-block-list\">\n<li><strong>Absolut luftdichter Barriereschutz: <\/strong>Die Verpackung bietet eine 100% luftdichte Versiegelung, um Sauerstoff, Feuchtigkeit und mikrobielle Kontamination zu verhindern. Dies ist entscheidend f\u00fcr die Aufrechterhaltung der Latexstabilit\u00e4t, der Integrit\u00e4t des Gleitmittels und der allgemeinen Produktsicherheit w\u00e4hrend der gesamten Lagerzeit.<\/li>\n\n\n\n<li><strong>Kompatibilit\u00e4t von Materialien medizinischer Qualit\u00e4t: <\/strong>Alle Verpackungsschichten sind auf vollst\u00e4ndige Kompatibilit\u00e4t mit Latex, Silikon\u00f6l und funktionellen Zusatzstoffen ausgelegt. Dadurch wird sichergestellt, dass es zu keiner sch\u00e4dlichen Migration oder Wechselwirkung kommt, die die Produktleistung oder die Sicherheit der Anwender beeintr\u00e4chtigen k\u00f6nnte.<\/li>\n\n\n\n<li><strong>Hohe Durchsto\u00dffestigkeit f\u00fcr Schutz in der realen Welt: <\/strong>Die Struktur ist verst\u00e4rkt, um Einstiche und Abrieb durch \u00e4u\u00dfere Gegenst\u00e4nde wie Schl\u00fcssel oder M\u00fcnzen zu verhindern. Dies gew\u00e4hrleistet die Unversehrtheit des Produkts w\u00e4hrend des Transports, der Lagerung und des t\u00e4glichen Tragens.<\/li>\n\n\n\n<li><strong>Vollst\u00e4ndige OEM\/ODM-Anpassung f\u00fcr Markenidentit\u00e4t:<\/strong> B2B-K\u00e4ufer k\u00f6nnen die Abmessungen der Folie, die metallischen Effekte und die Materialzusammensetzung auf spezifische Marktanforderungen und technische Hardware-Anforderungen abstimmen.<\/li>\n<\/ul>\n<\/div>\n\n\n\n<div class=\"wp-block-column is-layout-flow wp-block-column-is-layout-flow\">\n<figure class=\"wp-block-image size-full\"><img decoding=\"async\" width=\"800\" height=\"800\" src=\"https:\/\/www.zkprintpack.com\/wp-content\/uploads\/2026\/04\/Custom-Condom-Packaging-Film-1.webp\" alt=\"Kundenspezifische Kondomverpackungsfolie (1)\" class=\"wp-image-3018\" srcset=\"https:\/\/www.zkprintpack.com\/wp-content\/uploads\/2026\/04\/Custom-Condom-Packaging-Film-1.webp 800w, https:\/\/www.zkprintpack.com\/wp-content\/uploads\/2026\/04\/Custom-Condom-Packaging-Film-1-150x150.webp 150w, https:\/\/www.zkprintpack.com\/wp-content\/uploads\/2026\/04\/Custom-Condom-Packaging-Film-1-768x768.webp 768w, https:\/\/www.zkprintpack.com\/wp-content\/uploads\/2026\/04\/Custom-Condom-Packaging-Film-1-12x12.webp 12w, https:\/\/www.zkprintpack.com\/wp-content\/uploads\/2026\/04\/Custom-Condom-Packaging-Film-1-600x600.webp 600w, https:\/\/www.zkprintpack.com\/wp-content\/uploads\/2026\/04\/Custom-Condom-Packaging-Film-1-300x300.webp 300w, https:\/\/www.zkprintpack.com\/wp-content\/uploads\/2026\/04\/Custom-Condom-Packaging-Film-1-100x100.webp 100w\" sizes=\"(max-width: 800px) 100vw, 800px\" \/><\/figure>\n<\/div>\n<\/div>\n\n\n\n<p><\/p>","protected":false},"excerpt":{"rendered":"<p>Gro\u00dfhandel mit kundenspezifischen Kondomverpackungsfolien. Unsere Folienrollen sind speziell f\u00fcr automatisierte Hochgeschwindigkeits-Verpackungslinien mit Vierseitenschwei\u00dfung entwickelt worden, um einen maximalen Durchsatz und betriebliche Effizienz zu gew\u00e4hrleisten. Fordern Sie jetzt Ihr Angebot an!<\/p>\n<h2>Parameter der kundenspezifischen Kondomverpackungsfolie<\/h2>\n<ul>\n<li><strong>Material:<\/strong>\u00a0PET\/PE, PET\/NY\/PE, PET\/AL\/NY\/PE, usw.<\/li>\n<li><strong>Tasche Typ<\/strong>: <strong>Rollstock-Film<\/strong><\/li>\n<li><strong>Gr\u00f6\u00dfe<\/strong>: Benutzerdefiniert<\/li>\n<li><strong>Individuelle Bestellung<\/strong>: Akzeptieren Sie OEM &amp; ODM<\/li>\n<li><strong>Kostenlose Probe<\/strong>: Unterst\u00fctzung<\/li>\n<li><strong>Verwendung<\/strong>: Kondom, und andere<\/li>\n<li><strong>Farbe<\/strong>: Kann angepasst werden<\/li>\n<li><strong>Zielm\u00e4rkte<\/strong>: \u00dcberall auf der Welt<\/li>\n<\/ul>","protected":false},"featured_media":3018,"comment_status":"closed","ping_status":"closed","template":"","meta":{"_acf_changed":false},"market":[51],"product_brand":[],"product_cat":[57],"product_tag":[],"class_list":{"0":"post-3017","1":"product","2":"type-product","3":"status-publish","4":"has-post-thumbnail","6":"market-personal-care-and-cosmetic","7":"product_cat-rollstock-film-supplier","9":"first","10":"instock","11":"shipping-taxable","12":"product-type-simple"},"acf":[],"_links":{"self":[{"href":"https:\/\/www.zkprintpack.com\/de\/wp-json\/wp\/v2\/product\/3017","targetHints":{"allow":["GET"]}}],"collection":[{"href":"https:\/\/www.zkprintpack.com\/de\/wp-json\/wp\/v2\/product"}],"about":[{"href":"https:\/\/www.zkprintpack.com\/de\/wp-json\/wp\/v2\/types\/product"}],"replies":[{"embeddable":true,"href":"https:\/\/www.zkprintpack.com\/de\/wp-json\/wp\/v2\/comments?post=3017"}],"wp:featuredmedia":[{"embeddable":true,"href":"https:\/\/www.zkprintpack.com\/de\/wp-json\/wp\/v2\/media\/3018"}],"wp:attachment":[{"href":"https:\/\/www.zkprintpack.com\/de\/wp-json\/wp\/v2\/media?parent=3017"}],"wp:term":[{"taxonomy":"market","embeddable":true,"href":"https:\/\/www.zkprintpack.com\/de\/wp-json\/wp\/v2\/market?post=3017"},{"taxonomy":"product_brand","embeddable":true,"href":"https:\/\/www.zkprintpack.com\/de\/wp-json\/wp\/v2\/product_brand?post=3017"},{"taxonomy":"product_cat","embeddable":true,"href":"https:\/\/www.zkprintpack.com\/de\/wp-json\/wp\/v2\/product_cat?post=3017"},{"taxonomy":"product_tag","embeddable":true,"href":"https:\/\/www.zkprintpack.com\/de\/wp-json\/wp\/v2\/product_tag?post=3017"}],"curies":[{"name":"wp","href":"https:\/\/api.w.org\/{rel}","templated":true}]}}