{"id":3014,"date":"2026-04-17T03:27:55","date_gmt":"2026-04-17T03:27:55","guid":{"rendered":"https:\/\/www.zkprintpack.com\/?post_type=product&#038;p=3014"},"modified":"2026-04-17T03:27:57","modified_gmt":"2026-04-17T03:27:57","slug":"custom-condom-foil-laminate-film","status":"publish","type":"product","link":"https:\/\/www.zkprintpack.com\/de\/product\/custom-condom-foil-laminate-film\/","title":{"rendered":"Individuell bedrucktes Kondom Folienlaminat Gro\u00dfhandel Lieferung - Rollstock Film Hersteller Lieferung"},"content":{"rendered":"<div class=\"wp-block-columns is-layout-flex wp-container-core-columns-is-layout-9d6595d7 wp-block-columns-is-layout-flex\">\n<div class=\"wp-block-column is-layout-flow wp-block-column-is-layout-flow\">\n<h2 class=\"wp-block-heading\">Individuell bedruckte Kondomfolie Laminatfilm Merkmale<\/h2>\n\n\n\n<ul class=\"wp-block-list\">\n<li><strong>Qualit\u00e4tskontrolle und Zuverl\u00e4ssigkeit nach medizinischen Ma\u00dfst\u00e4ben:<\/strong> Als Hersteller von Direktfolienrollen halten wir uns an strenge Produktionsprotokolle, um sicherzustellen, dass jede Rolle die f\u00fcr empfindliche K\u00f6rperpflegeprodukte erforderlichen Hygiene- und Haltbarkeitsstandards erf\u00fcllt.<\/li>\n\n\n\n<li><strong>Hochbarriere-Folienkaschierung f\u00fcr maximalen Schutz:<\/strong> Unsere mehrschichtige Aluminiumfolienstruktur bietet eine absolute Barriere gegen Licht, Feuchtigkeit und Sauerstoff, um Produktsicherheit und Haltbarkeit zu gew\u00e4hrleisten.<\/li>\n\n\n\n<li><strong>Optimiert f\u00fcr automatisierte Hochgeschwindigkeitsmaschinen:<\/strong> Diese Folienrollen sind auf hervorragende Gleiteigenschaften und gleichm\u00e4\u00dfige Hei\u00dfsiegelung ausgelegt und erm\u00f6glichen eine hocheffiziente Produktion auf automatisierten Vierseiten-Siegelanlagen.<\/li>\n\n\n\n<li><strong>Vollst\u00e4ndige OEM\/ODM-Anpassung f\u00fcr Markenidentit\u00e4t:<\/strong> B2B-K\u00e4ufer k\u00f6nnen die Abmessungen der Folie, die metallischen Effekte und die Materialzusammensetzung auf spezifische Marktanforderungen und technische Hardware-Anforderungen abstimmen.<\/li>\n<\/ul>\n<\/div>\n\n\n\n<div class=\"wp-block-column is-layout-flow wp-block-column-is-layout-flow\">\n<figure class=\"wp-block-image size-full\"><img decoding=\"async\" width=\"800\" height=\"800\" src=\"https:\/\/www.zkprintpack.com\/wp-content\/uploads\/2026\/04\/Custom-Condom-Foil-Laminate-Film-2.webp\" alt=\"Kundenspezifischer Kondomfolien-Laminatfilm (2)\" class=\"wp-image-3016\" srcset=\"https:\/\/www.zkprintpack.com\/wp-content\/uploads\/2026\/04\/Custom-Condom-Foil-Laminate-Film-2.webp 800w, https:\/\/www.zkprintpack.com\/wp-content\/uploads\/2026\/04\/Custom-Condom-Foil-Laminate-Film-2-150x150.webp 150w, https:\/\/www.zkprintpack.com\/wp-content\/uploads\/2026\/04\/Custom-Condom-Foil-Laminate-Film-2-768x768.webp 768w, https:\/\/www.zkprintpack.com\/wp-content\/uploads\/2026\/04\/Custom-Condom-Foil-Laminate-Film-2-12x12.webp 12w, https:\/\/www.zkprintpack.com\/wp-content\/uploads\/2026\/04\/Custom-Condom-Foil-Laminate-Film-2-600x600.webp 600w, https:\/\/www.zkprintpack.com\/wp-content\/uploads\/2026\/04\/Custom-Condom-Foil-Laminate-Film-2-300x300.webp 300w, https:\/\/www.zkprintpack.com\/wp-content\/uploads\/2026\/04\/Custom-Condom-Foil-Laminate-Film-2-100x100.webp 100w\" sizes=\"(max-width: 800px) 100vw, 800px\" \/><\/figure>\n<\/div>\n<\/div>\n\n\n\n<p><\/p>","protected":false},"excerpt":{"rendered":"<p>Zhongjia bietet kundenspezifisch bedruckte Kondomfolienlaminate an, die f\u00fcr h\u00f6chste Sicherheits- und Barrierestandards entwickelt wurden. Dies ist entscheidend f\u00fcr die Aufrechterhaltung der Stabilit\u00e4t von Gleitmitteln und die Gew\u00e4hrleistung der langfristigen Integrit\u00e4t des Produkts. Fordern Sie jetzt Ihr Angebot an!<\/p>\n<h2>Parameter der individuell bedruckten Kondomfolie Laminatfilm<\/h2>\n<ul>\n<li><strong>Material:<\/strong>\u00a0PET\/PE, PET\/NY\/PE, PET\/AL\/NY\/PE, usw.<\/li>\n<li><strong>Tasche Typ<\/strong>: <strong>Rollstock-Film<\/strong><\/li>\n<li><strong>Gr\u00f6\u00dfe<\/strong>: Benutzerdefiniert<\/li>\n<li><strong>Individuelle Bestellung<\/strong>: Akzeptieren Sie OEM &amp; ODM<\/li>\n<li><strong>Kostenlose Probe<\/strong>: Unterst\u00fctzung<\/li>\n<li><strong>Verwendung<\/strong>: Kondom, und andere<\/li>\n<li><strong>Farbe<\/strong>: Kann angepasst werden<\/li>\n<li><strong>Zielm\u00e4rkte<\/strong>: \u00dcberall auf der Welt<\/li>\n<\/ul>","protected":false},"featured_media":3016,"comment_status":"closed","ping_status":"closed","template":"","meta":{"_acf_changed":false},"market":[51],"product_brand":[],"product_cat":[57],"product_tag":[],"class_list":{"0":"post-3014","1":"product","2":"type-product","3":"status-publish","4":"has-post-thumbnail","6":"market-personal-care-and-cosmetic","7":"product_cat-rollstock-film-supplier","9":"first","10":"instock","11":"shipping-taxable","12":"product-type-simple"},"acf":[],"_links":{"self":[{"href":"https:\/\/www.zkprintpack.com\/de\/wp-json\/wp\/v2\/product\/3014","targetHints":{"allow":["GET"]}}],"collection":[{"href":"https:\/\/www.zkprintpack.com\/de\/wp-json\/wp\/v2\/product"}],"about":[{"href":"https:\/\/www.zkprintpack.com\/de\/wp-json\/wp\/v2\/types\/product"}],"replies":[{"embeddable":true,"href":"https:\/\/www.zkprintpack.com\/de\/wp-json\/wp\/v2\/comments?post=3014"}],"wp:featuredmedia":[{"embeddable":true,"href":"https:\/\/www.zkprintpack.com\/de\/wp-json\/wp\/v2\/media\/3016"}],"wp:attachment":[{"href":"https:\/\/www.zkprintpack.com\/de\/wp-json\/wp\/v2\/media?parent=3014"}],"wp:term":[{"taxonomy":"market","embeddable":true,"href":"https:\/\/www.zkprintpack.com\/de\/wp-json\/wp\/v2\/market?post=3014"},{"taxonomy":"product_brand","embeddable":true,"href":"https:\/\/www.zkprintpack.com\/de\/wp-json\/wp\/v2\/product_brand?post=3014"},{"taxonomy":"product_cat","embeddable":true,"href":"https:\/\/www.zkprintpack.com\/de\/wp-json\/wp\/v2\/product_cat?post=3014"},{"taxonomy":"product_tag","embeddable":true,"href":"https:\/\/www.zkprintpack.com\/de\/wp-json\/wp\/v2\/product_tag?post=3014"}],"curies":[{"name":"wp","href":"https:\/\/api.w.org\/{rel}","templated":true}]}}