{"id":3011,"date":"2026-04-17T03:32:17","date_gmt":"2026-04-17T03:32:17","guid":{"rendered":"https:\/\/www.zkprintpack.com\/?post_type=product&#038;p=3011"},"modified":"2026-04-17T03:32:19","modified_gmt":"2026-04-17T03:32:19","slug":"oem-printed-toy-packaging-film-roll","status":"publish","type":"product","link":"https:\/\/www.zkprintpack.com\/de\/product\/oem-printed-toy-packaging-film-roll\/","title":{"rendered":"OEM bedruckte Spielzeug-Verpackungsfolienrolle - vollst\u00e4ndig anpassbar, kurze Vorlaufzeit"},"content":{"rendered":"<div class=\"wp-block-columns is-layout-flex wp-container-core-columns-is-layout-9d6595d7 wp-block-columns-is-layout-flex\">\n<div class=\"wp-block-column is-layout-flow wp-block-column-is-layout-flow\">\n<h2 class=\"wp-block-heading\">OEM bedruckte Spielzeugverpackungsfolienrolle Merkmale<\/h2>\n\n\n\n<ul class=\"wp-block-list\">\n<li><strong>Lebendiger Druck f\u00fcr die Wirkung im Einzelhandel:<\/strong> Unsere Fabrik liefert hochaufl\u00f6senden Mehrfarbendruck, der komplexe Zeichendesigns mit scharfen Details und leuchtenden Farben zum Leben erweckt und die Aufmerksamkeit der Regale auf sich zieht.<\/li>\n\n\n\n<li><strong>Robuste Barriere und Durchstichfestigkeit:<\/strong> Die mehrschichtige Laminatstruktur bietet einen hervorragenden Schutz vor Feuchtigkeit und Staub, so dass empfindliche Spielzeugprodukte und Schreibwaren in jedem Klima gesch\u00fctzt bleiben.<\/li>\n\n\n\n<li><strong>Vollst\u00e4ndig anpassbar OEM\/ODM Spezifikationen:<\/strong> Wir bieten B2B-K\u00e4ufern die vollst\u00e4ndige Kontrolle \u00fcber Rollenabmessungen, Kerngr\u00f6\u00dfen und Materialmischungen, um eine perfekte Kompatibilit\u00e4t mit spezifischen Verpackungsmaterialien zu gew\u00e4hrleisten.<\/li>\n\n\n\n<li><strong>Kosteneffiziente Bulk-Logistikl\u00f6sung:<\/strong> Der Bezug von Verpackungen in Rollenform reduziert das Lagervolumen und senkt die internationalen Frachtkosten, was f\u00fcr Gro\u00dfh\u00e4ndler einen erheblichen finanziellen Vorteil darstellt.<\/li>\n<\/ul>\n<\/div>\n\n\n\n<div class=\"wp-block-column is-layout-flow wp-block-column-is-layout-flow\">\n<figure class=\"wp-block-image size-full\"><img decoding=\"async\" width=\"800\" height=\"800\" src=\"https:\/\/www.zkprintpack.com\/wp-content\/uploads\/2026\/04\/OEM-printed-toy-packaging-film-roll-2.webp\" alt=\"OEM bedruckte Spielzeugverpackungsfolienrolle 2\" class=\"wp-image-3013\" srcset=\"https:\/\/www.zkprintpack.com\/wp-content\/uploads\/2026\/04\/OEM-printed-toy-packaging-film-roll-2.webp 800w, https:\/\/www.zkprintpack.com\/wp-content\/uploads\/2026\/04\/OEM-printed-toy-packaging-film-roll-2-150x150.webp 150w, https:\/\/www.zkprintpack.com\/wp-content\/uploads\/2026\/04\/OEM-printed-toy-packaging-film-roll-2-768x768.webp 768w, https:\/\/www.zkprintpack.com\/wp-content\/uploads\/2026\/04\/OEM-printed-toy-packaging-film-roll-2-12x12.webp 12w, https:\/\/www.zkprintpack.com\/wp-content\/uploads\/2026\/04\/OEM-printed-toy-packaging-film-roll-2-600x600.webp 600w, https:\/\/www.zkprintpack.com\/wp-content\/uploads\/2026\/04\/OEM-printed-toy-packaging-film-roll-2-300x300.webp 300w, https:\/\/www.zkprintpack.com\/wp-content\/uploads\/2026\/04\/OEM-printed-toy-packaging-film-roll-2-100x100.webp 100w\" sizes=\"(max-width: 800px) 100vw, 800px\" \/><\/figure>\n<\/div>\n<\/div>\n\n\n\n<p><\/p>","protected":false},"excerpt":{"rendered":"<p>OEM bedruckte Spielzeugverpackungsrollen f\u00fcr den Gro\u00dfhandel. Als Hersteller flexibler Verpackungen versorgen wir B2B-Kunden - darunter Spielwarenh\u00e4ndler, Importeure von Schreibwaren und globale Gro\u00dfh\u00e4ndler - mit flexiblen Verpackungsmaterialien, die ein Gleichgewicht zwischen lebendiger \u00c4sthetik und industrieller Haltbarkeit bieten. Indem Sie direkt von unserem Werk beziehen, sichern Sie sich eine zuverl\u00e4ssige Lieferkette, eine konsistente Farbabstimmung und wettbewerbsf\u00e4hige Direktpreise, um Ihre Gewinnspannen zu maximieren. Kontaktieren Sie uns jetzt!<\/p>\n<h2>Parameter der OEM bedruckten Spielzeugverpackungsfolienrolle<\/h2>\n<ul>\n<li><strong>Material:<\/strong>\u00a0PET\/PE, PET\/NY\/PE, PET\/AL\/NY\/PE, usw.<\/li>\n<li><strong>Tasche Typ<\/strong>: <strong>Rollstock-Film<\/strong><\/li>\n<li><strong>Gr\u00f6\u00dfe<\/strong>: Benutzerdefiniert<\/li>\n<li><strong>Individuelle Bestellung<\/strong>: Akzeptieren Sie OEM &amp; ODM<\/li>\n<li><strong>Kostenlose Probe<\/strong>: Unterst\u00fctzung<\/li>\n<li><strong>Verwendung<\/strong>: Spielzeugkarte, Gidget und andere<\/li>\n<li><strong>Farbe<\/strong>: Kann angepasst werden<\/li>\n<li><strong>Zielm\u00e4rkte<\/strong>: \u00dcberall auf der Welt<\/li>\n<\/ul>","protected":false},"featured_media":3012,"comment_status":"closed","ping_status":"closed","template":"","meta":{"_acf_changed":false},"market":[69],"product_brand":[],"product_cat":[57],"product_tag":[],"class_list":{"0":"post-3011","1":"product","2":"type-product","3":"status-publish","4":"has-post-thumbnail","6":"market-custom-toy-packaging-supplier","7":"product_cat-rollstock-film-supplier","9":"first","10":"instock","11":"shipping-taxable","12":"product-type-simple"},"acf":[],"_links":{"self":[{"href":"https:\/\/www.zkprintpack.com\/de\/wp-json\/wp\/v2\/product\/3011","targetHints":{"allow":["GET"]}}],"collection":[{"href":"https:\/\/www.zkprintpack.com\/de\/wp-json\/wp\/v2\/product"}],"about":[{"href":"https:\/\/www.zkprintpack.com\/de\/wp-json\/wp\/v2\/types\/product"}],"replies":[{"embeddable":true,"href":"https:\/\/www.zkprintpack.com\/de\/wp-json\/wp\/v2\/comments?post=3011"}],"wp:featuredmedia":[{"embeddable":true,"href":"https:\/\/www.zkprintpack.com\/de\/wp-json\/wp\/v2\/media\/3012"}],"wp:attachment":[{"href":"https:\/\/www.zkprintpack.com\/de\/wp-json\/wp\/v2\/media?parent=3011"}],"wp:term":[{"taxonomy":"market","embeddable":true,"href":"https:\/\/www.zkprintpack.com\/de\/wp-json\/wp\/v2\/market?post=3011"},{"taxonomy":"product_brand","embeddable":true,"href":"https:\/\/www.zkprintpack.com\/de\/wp-json\/wp\/v2\/product_brand?post=3011"},{"taxonomy":"product_cat","embeddable":true,"href":"https:\/\/www.zkprintpack.com\/de\/wp-json\/wp\/v2\/product_cat?post=3011"},{"taxonomy":"product_tag","embeddable":true,"href":"https:\/\/www.zkprintpack.com\/de\/wp-json\/wp\/v2\/product_tag?post=3011"}],"curies":[{"name":"wp","href":"https:\/\/api.w.org\/{rel}","templated":true}]}}