{"id":3007,"date":"2026-04-17T03:35:41","date_gmt":"2026-04-17T03:35:41","guid":{"rendered":"https:\/\/www.zkprintpack.com\/?post_type=product&#038;p=3007"},"modified":"2026-04-17T03:35:42","modified_gmt":"2026-04-17T03:35:42","slug":"custom-plastic-packaging-film-for-toy","status":"publish","type":"product","link":"https:\/\/www.zkprintpack.com\/de\/product\/custom-plastic-packaging-film-for-toy\/","title":{"rendered":"Kundenspezifische Kunststoffverpackungsfolie f\u00fcr Spielzeug und Gidgets - Roll Film Factory Supply"},"content":{"rendered":"<div class=\"wp-block-columns is-layout-flex wp-container-core-columns-is-layout-9d6595d7 wp-block-columns-is-layout-flex\">\n<div class=\"wp-block-column is-layout-flow wp-block-column-is-layout-flow\">\n<h2 class=\"wp-block-heading\">Kundenspezifische Kunststoffverpackungsfolie f\u00fcr Spielzeug Merkmale<\/h2>\n\n\n\n<ul class=\"wp-block-list\">\n<li><strong>Automatisierte Hochgeschwindigkeits-Kompatibilit\u00e4t:<\/strong> Unsere Verpackungsfolien sind so konstruiert, dass sie in automatisierten Hochgeschwindigkeitsanlagen reibungslos laufen und eine gleichm\u00e4\u00dfige Versiegelung in der Gro\u00dfproduktion gew\u00e4hrleisten.<\/li>\n\n\n\n<li><strong>Lebendiger High-Definition-Druck:<\/strong> Wir verwenden eine Drucktechnologie auf Wasserbasis, um scharfe, lebendige Grafiken zu produzieren und die Emissionen zu senken.<\/li>\n\n\n\n<li><strong>Robuste sch\u00fctzende Barriereeigenschaften:<\/strong> Der mehrschichtige, laminierte Kunststoff bietet hervorragende Durchsto\u00dffestigkeit und Schutz vor Feuchtigkeit, so dass Spielzeug und empfindliche Sammlerst\u00fccke w\u00e4hrend der gesamten Lieferkette in einwandfreiem Zustand bleiben.<\/li>\n\n\n\n<li><strong>Skalierbare werksdirekte Anpassung:<\/strong> Wir bieten einen umfassenden OEM\/ODM-Support, der es Ihnen erm\u00f6glicht, Folienspezifikationen, Rollenabmessungen und Veredelungen auf die individuellen Anforderungen Ihrer Marke und Ihrer Verpackungsanlagen abzustimmen.<\/li>\n<\/ul>\n<\/div>\n\n\n\n<div class=\"wp-block-column is-layout-flow wp-block-column-is-layout-flow\">\n<figure class=\"wp-block-image size-full\"><img decoding=\"async\" width=\"800\" height=\"800\" src=\"https:\/\/www.zkprintpack.com\/wp-content\/uploads\/2026\/04\/custom-plastic-packaging-film-for-toy-3.webp\" alt=\"Kundenspezifische Kunststoffverpackungsfolie f\u00fcr Spielzeug 3\" class=\"wp-image-3010\" srcset=\"https:\/\/www.zkprintpack.com\/wp-content\/uploads\/2026\/04\/custom-plastic-packaging-film-for-toy-3.webp 800w, https:\/\/www.zkprintpack.com\/wp-content\/uploads\/2026\/04\/custom-plastic-packaging-film-for-toy-3-150x150.webp 150w, https:\/\/www.zkprintpack.com\/wp-content\/uploads\/2026\/04\/custom-plastic-packaging-film-for-toy-3-768x768.webp 768w, https:\/\/www.zkprintpack.com\/wp-content\/uploads\/2026\/04\/custom-plastic-packaging-film-for-toy-3-12x12.webp 12w, https:\/\/www.zkprintpack.com\/wp-content\/uploads\/2026\/04\/custom-plastic-packaging-film-for-toy-3-600x600.webp 600w, https:\/\/www.zkprintpack.com\/wp-content\/uploads\/2026\/04\/custom-plastic-packaging-film-for-toy-3-300x300.webp 300w, https:\/\/www.zkprintpack.com\/wp-content\/uploads\/2026\/04\/custom-plastic-packaging-film-for-toy-3-100x100.webp 100w\" sizes=\"(max-width: 800px) 100vw, 800px\" \/><\/figure>\n<\/div>\n<\/div>\n\n\n\n<p><\/p>","protected":false},"excerpt":{"rendered":"<p>Zhongjia Printing bietet ma\u00dfgeschneiderte Kunststoffverpackungsfolien f\u00fcr Spielzeug an. Diese L\u00f6sung ist ideal f\u00fcr B2B-K\u00e4ufer, einschlie\u00dflich Spielzeugvertreibern, Importeuren von Schreibwaren und globalen Gro\u00dfh\u00e4ndlern, die die Produktionsgeschwindigkeit optimieren m\u00f6chten, ohne Kompromisse bei der \u00c4sthetik einzugehen. Kontaktieren Sie uns jetzt!<\/p>\n<h2>Parameter der benutzerdefinierten Kunststoffverpackungsfolie f\u00fcr Spielzeug<\/h2>\n<ul>\n<li><strong>Material:<\/strong>\u00a0PET\/PE, PET\/NY\/PE, PET\/AL\/NY\/PE, usw.<\/li>\n<li><strong>Tasche Typ<\/strong>: <strong>Rollstock-Film<\/strong><\/li>\n<li><strong>Gr\u00f6\u00dfe<\/strong>: Benutzerdefiniert<\/li>\n<li><strong>Individuelle Bestellung<\/strong>: Akzeptieren Sie OEM &amp; ODM<\/li>\n<li><strong>Kostenlose Probe<\/strong>: Unterst\u00fctzung<\/li>\n<li><strong>Verwendung<\/strong>: Spielzeugkarte, Gidget und andere<\/li>\n<li><strong>Farbe<\/strong>: Kann angepasst werden<\/li>\n<li><strong>Zielm\u00e4rkte<\/strong>: \u00dcberall auf der Welt<\/li>\n<\/ul>","protected":false},"featured_media":3010,"comment_status":"closed","ping_status":"closed","template":"","meta":{"_acf_changed":false},"market":[69],"product_brand":[],"product_cat":[57],"product_tag":[],"class_list":{"0":"post-3007","1":"product","2":"type-product","3":"status-publish","4":"has-post-thumbnail","6":"market-custom-toy-packaging-supplier","7":"product_cat-rollstock-film-supplier","9":"first","10":"instock","11":"shipping-taxable","12":"product-type-simple"},"acf":[],"_links":{"self":[{"href":"https:\/\/www.zkprintpack.com\/de\/wp-json\/wp\/v2\/product\/3007","targetHints":{"allow":["GET"]}}],"collection":[{"href":"https:\/\/www.zkprintpack.com\/de\/wp-json\/wp\/v2\/product"}],"about":[{"href":"https:\/\/www.zkprintpack.com\/de\/wp-json\/wp\/v2\/types\/product"}],"replies":[{"embeddable":true,"href":"https:\/\/www.zkprintpack.com\/de\/wp-json\/wp\/v2\/comments?post=3007"}],"wp:featuredmedia":[{"embeddable":true,"href":"https:\/\/www.zkprintpack.com\/de\/wp-json\/wp\/v2\/media\/3010"}],"wp:attachment":[{"href":"https:\/\/www.zkprintpack.com\/de\/wp-json\/wp\/v2\/media?parent=3007"}],"wp:term":[{"taxonomy":"market","embeddable":true,"href":"https:\/\/www.zkprintpack.com\/de\/wp-json\/wp\/v2\/market?post=3007"},{"taxonomy":"product_brand","embeddable":true,"href":"https:\/\/www.zkprintpack.com\/de\/wp-json\/wp\/v2\/product_brand?post=3007"},{"taxonomy":"product_cat","embeddable":true,"href":"https:\/\/www.zkprintpack.com\/de\/wp-json\/wp\/v2\/product_cat?post=3007"},{"taxonomy":"product_tag","embeddable":true,"href":"https:\/\/www.zkprintpack.com\/de\/wp-json\/wp\/v2\/product_tag?post=3007"}],"curies":[{"name":"wp","href":"https:\/\/api.w.org\/{rel}","templated":true}]}}