{"id":3003,"date":"2026-04-17T03:19:17","date_gmt":"2026-04-17T03:19:17","guid":{"rendered":"https:\/\/www.zkprintpack.com\/?post_type=product&#038;p=3003"},"modified":"2026-04-17T03:19:18","modified_gmt":"2026-04-17T03:19:18","slug":"custom-toy-card-packaging-film","status":"publish","type":"product","link":"https:\/\/www.zkprintpack.com\/de\/product\/custom-toy-card-packaging-film\/","title":{"rendered":"Benutzerdefinierte Spielzeugkarten-Verpackungsfolie, Chiikawa Graphics - OEM-Rollfilm Hersteller Versorgung"},"content":{"rendered":"<div class=\"wp-block-columns is-layout-flex wp-container-core-columns-is-layout-9d6595d7 wp-block-columns-is-layout-flex\">\n<div class=\"wp-block-column is-layout-flow wp-block-column-is-layout-flow\">\n<h2 class=\"wp-block-heading\">Individuelle Spielzeugkarten-Verpackungsfolie Merkmale<\/h2>\n\n\n\n<ul class=\"wp-block-list\">\n<li><strong>Optimiert f\u00fcr automatisierte Hochgeschwindigkeitsverpackungen:<\/strong> Diese Folienrollen sind f\u00fcr eine nahtlose Leistung auf vertikalen und horizontalen Form-F\u00fcll-Siegel-Maschinen ausgelegt und maximieren die Produktionseffizienz f\u00fcr Hersteller von Sch\u00fcttgut.<\/li>\n\n\n\n<li><strong>Hochwertiger Rotationstiefdruck f\u00fcr ein lebendiges Branding:<\/strong> Unsere Fabrik liefert hochaufl\u00f6senden Mehrfarbendruck, der komplexe Zeichenvorlagen und Branding mit au\u00dfergew\u00f6hnlicher Farbgenauigkeit und Regalattraktivit\u00e4t zum Leben erweckt.<\/li>\n\n\n\n<li><strong>Vielseitige Anwendung f\u00fcr verschiedene Konsumg\u00fcter:<\/strong> Diese flexible Verpackungsfolie ist ideal f\u00fcr den Spielzeug- und Schreibwarenbereich, eignet sich aber auch f\u00fcr kleine Elektronikartikel, Werbeartikel und Mehrfachpackungen im Einzelhandel.<\/li>\n\n\n\n<li><strong>Vollst\u00e4ndige OEM\/ODM-Spezifikation Flexibilit\u00e4t:<\/strong> B2B-Kunden k\u00f6nnen Rollenabmessungen, Kerngr\u00f6\u00dfen und Materialmischungen vollst\u00e4ndig an ihre spezifischen Produktanforderungen und ihre technische Ausstattung anpassen.<\/li>\n<\/ul>\n<\/div>\n\n\n\n<div class=\"wp-block-column is-layout-flow wp-block-column-is-layout-flow\">\n<figure class=\"wp-block-image size-full\"><img decoding=\"async\" width=\"800\" height=\"800\" src=\"https:\/\/www.zkprintpack.com\/wp-content\/uploads\/2026\/04\/Custom-Flexible-Packaging-Film-for-Toys-1.webp\" alt=\"Kundenspezifische flexible Verpackungsfolie f\u00fcr Spielzeug 1\" class=\"wp-image-3004\" srcset=\"https:\/\/www.zkprintpack.com\/wp-content\/uploads\/2026\/04\/Custom-Flexible-Packaging-Film-for-Toys-1.webp 800w, https:\/\/www.zkprintpack.com\/wp-content\/uploads\/2026\/04\/Custom-Flexible-Packaging-Film-for-Toys-1-150x150.webp 150w, https:\/\/www.zkprintpack.com\/wp-content\/uploads\/2026\/04\/Custom-Flexible-Packaging-Film-for-Toys-1-768x768.webp 768w, https:\/\/www.zkprintpack.com\/wp-content\/uploads\/2026\/04\/Custom-Flexible-Packaging-Film-for-Toys-1-12x12.webp 12w, https:\/\/www.zkprintpack.com\/wp-content\/uploads\/2026\/04\/Custom-Flexible-Packaging-Film-for-Toys-1-600x600.webp 600w, https:\/\/www.zkprintpack.com\/wp-content\/uploads\/2026\/04\/Custom-Flexible-Packaging-Film-for-Toys-1-300x300.webp 300w, https:\/\/www.zkprintpack.com\/wp-content\/uploads\/2026\/04\/Custom-Flexible-Packaging-Film-for-Toys-1-100x100.webp 100w\" sizes=\"(max-width: 800px) 100vw, 800px\" \/><\/figure>\n<\/div>\n<\/div>\n\n\n\n<p><\/p>","protected":false},"excerpt":{"rendered":"<p>Zhongjia Printing bietet ma\u00dfgeschneiderte Folienl\u00f6sungen f\u00fcr Spielzeugkartenverpackungen an. Diese Folienrollen erm\u00f6glichen eine kontinuierliche, hochvolumige Produktion, was die Arbeitskosten erheblich senkt und den Durchsatz f\u00fcr gro\u00dfe <b data-path-to-node=\"6\" data-index-in-node=\"336\">Masse<\/b> Operationen. Kontaktieren Sie uns jetzt!<\/p>\n<h2>Parameter der benutzerdefinierten Spielzeugkarten-Verpackungsfolie<\/h2>\n<ul>\n<li><strong>Material:<\/strong>\u00a0PET\/PE, PET\/NY\/PE, PET\/AL\/NY\/PE, usw.<\/li>\n<li><strong>Tasche Typ<\/strong>: <strong>Rollstock-Film<\/strong><\/li>\n<li><strong>Gr\u00f6\u00dfe<\/strong>: Benutzerdefiniert<\/li>\n<li><strong>Individuelle Bestellung<\/strong>: Akzeptieren Sie OEM &amp; ODM<\/li>\n<li><strong>Kostenlose Probe<\/strong>: Unterst\u00fctzung<\/li>\n<li><strong>Verwendung<\/strong>: Spielzeugkarte, und andere<\/li>\n<li><strong>Farbe<\/strong>: Kann angepasst werden<\/li>\n<li><strong>Zielm\u00e4rkte<\/strong>: \u00dcberall auf der Welt<\/li>\n<\/ul>","protected":false},"featured_media":3006,"comment_status":"closed","ping_status":"closed","template":"","meta":{"_acf_changed":false},"market":[69],"product_brand":[],"product_cat":[57],"product_tag":[],"class_list":{"0":"post-3003","1":"product","2":"type-product","3":"status-publish","4":"has-post-thumbnail","6":"market-custom-toy-packaging-supplier","7":"product_cat-rollstock-film-supplier","9":"first","10":"instock","11":"shipping-taxable","12":"product-type-simple"},"acf":[],"_links":{"self":[{"href":"https:\/\/www.zkprintpack.com\/de\/wp-json\/wp\/v2\/product\/3003","targetHints":{"allow":["GET"]}}],"collection":[{"href":"https:\/\/www.zkprintpack.com\/de\/wp-json\/wp\/v2\/product"}],"about":[{"href":"https:\/\/www.zkprintpack.com\/de\/wp-json\/wp\/v2\/types\/product"}],"replies":[{"embeddable":true,"href":"https:\/\/www.zkprintpack.com\/de\/wp-json\/wp\/v2\/comments?post=3003"}],"wp:featuredmedia":[{"embeddable":true,"href":"https:\/\/www.zkprintpack.com\/de\/wp-json\/wp\/v2\/media\/3006"}],"wp:attachment":[{"href":"https:\/\/www.zkprintpack.com\/de\/wp-json\/wp\/v2\/media?parent=3003"}],"wp:term":[{"taxonomy":"market","embeddable":true,"href":"https:\/\/www.zkprintpack.com\/de\/wp-json\/wp\/v2\/market?post=3003"},{"taxonomy":"product_brand","embeddable":true,"href":"https:\/\/www.zkprintpack.com\/de\/wp-json\/wp\/v2\/product_brand?post=3003"},{"taxonomy":"product_cat","embeddable":true,"href":"https:\/\/www.zkprintpack.com\/de\/wp-json\/wp\/v2\/product_cat?post=3003"},{"taxonomy":"product_tag","embeddable":true,"href":"https:\/\/www.zkprintpack.com\/de\/wp-json\/wp\/v2\/product_tag?post=3003"}],"curies":[{"name":"wp","href":"https:\/\/api.w.org\/{rel}","templated":true}]}}