{"id":3001,"date":"2026-04-17T03:12:38","date_gmt":"2026-04-17T03:12:38","guid":{"rendered":"https:\/\/www.zkprintpack.com\/?post_type=product&#038;p=3001"},"modified":"2026-04-17T03:12:40","modified_gmt":"2026-04-17T03:12:40","slug":"oem-dry-food-packaging-pouches-supply","status":"publish","type":"product","link":"https:\/\/www.zkprintpack.com\/de\/product\/oem-dry-food-packaging-pouches-supply\/","title":{"rendered":"OEM-Verpackungsbeutel f\u00fcr trockene Lebensmittel Gro\u00dfhandel Versorgung - hohe Barriere, transparentes Fenster"},"content":{"rendered":"<div class=\"wp-block-columns is-layout-flex wp-container-core-columns-is-layout-9d6595d7 wp-block-columns-is-layout-flex\">\n<div class=\"wp-block-column is-layout-flow wp-block-column-is-layout-flow\">\n<h2 class=\"wp-block-heading\">OEM-Verpackungsbeutel f\u00fcr trockene Lebensmittel Merkmale<\/h2>\n\n\n\n<ul class=\"wp-block-list\">\n<li><strong>Integriertes Sichtfenster f\u00fcr Produkttransparenz:<\/strong> Ein pr\u00e4zise platziertes, transparentes Fenster erm\u00f6glicht es den Verbrauchern, den Inhalt direkt zu sehen, was die Frische des Produkts unterstreicht und das Kaufvertrauen erh\u00f6ht.<\/li>\n\n\n\n<li><strong>Hochbarriereschutz f\u00fcr Trockeng\u00fcter:<\/strong> Unsere Beutel werden aus mehrschichtigen Folien hergestellt, die Feuchtigkeit wirksam abdichten und somit die ideale Wahl f\u00fcr Nudeln, St\u00e4rke und andere feuchtigkeitsempfindliche trockene Lebensmittel sind.<\/li>\n\n\n\n<li><strong>Werksdirekte OEM-Anpassung und Druck:<\/strong> Wir bieten Ihnen eine umfassende Anpassung an Ihre Marke, einschlie\u00dflich kundenspezifischer Gr\u00f6\u00dfen, praktischer Aufrei\u00dfkerben und eines lebendigen Tiefdrucks, der der \u00c4sthetik des Marktes entspricht.<\/li>\n\n\n\n<li><strong>Langlebige, hitzeversiegelbare Konstruktion:<\/strong> Unsere Beutel sind f\u00fcr Hochgeschwindigkeitsabf\u00fcllanlagen konzipiert und verf\u00fcgen \u00fcber robuste Seitendichtungen, die ein Platzen verhindern und die Produktintegrit\u00e4t w\u00e4hrend des gesamten globalen Vertriebszyklus aufrechterhalten.<\/li>\n<\/ul>\n<\/div>\n\n\n\n<div class=\"wp-block-column is-layout-flow wp-block-column-is-layout-flow\">\n<figure class=\"wp-block-image size-full\"><img decoding=\"async\" width=\"800\" height=\"800\" src=\"https:\/\/www.zkprintpack.com\/wp-content\/uploads\/2026\/04\/OEM-dry-food-packaging-pouches-wholesale.webp\" alt=\"OEM-Verpackungsbeutel f\u00fcr trockene Lebensmittel im Gro\u00dfhandel\" class=\"wp-image-3002\" srcset=\"https:\/\/www.zkprintpack.com\/wp-content\/uploads\/2026\/04\/OEM-dry-food-packaging-pouches-wholesale.webp 800w, https:\/\/www.zkprintpack.com\/wp-content\/uploads\/2026\/04\/OEM-dry-food-packaging-pouches-wholesale-150x150.webp 150w, https:\/\/www.zkprintpack.com\/wp-content\/uploads\/2026\/04\/OEM-dry-food-packaging-pouches-wholesale-768x768.webp 768w, https:\/\/www.zkprintpack.com\/wp-content\/uploads\/2026\/04\/OEM-dry-food-packaging-pouches-wholesale-12x12.webp 12w, https:\/\/www.zkprintpack.com\/wp-content\/uploads\/2026\/04\/OEM-dry-food-packaging-pouches-wholesale-600x600.webp 600w, https:\/\/www.zkprintpack.com\/wp-content\/uploads\/2026\/04\/OEM-dry-food-packaging-pouches-wholesale-300x300.webp 300w, https:\/\/www.zkprintpack.com\/wp-content\/uploads\/2026\/04\/OEM-dry-food-packaging-pouches-wholesale-100x100.webp 100w\" sizes=\"(max-width: 800px) 100vw, 800px\" \/><\/figure>\n<\/div>\n<\/div>\n\n\n\n<p><\/p>","protected":false},"excerpt":{"rendered":"<p>OEM-Verpackungsbeutel f\u00fcr Trockenfutter im Gro\u00dfhandel. Gefertigt aus hochwertigen mehrschichtigen laminierten Materialien, bieten diese Beutel einen wesentlichen Schutz gegen Feuchtigkeit und Sauerstoff, um sicherzustellen, dass dehydrierte oder pulverisierte Produkte ihre beabsichtigte Textur und ihren Geschmack von Anfang an behalten. <b data-path-to-node=\"6\" data-index-in-node=\"559\">Werk<\/b> in die K\u00fcche des Verbrauchers. Kontaktieren Sie uns jetzt!<\/p>\n<h2>Parameter der OEM-Verpackung f\u00fcr trockene Lebensmittel Beutel<\/h2>\n<ul>\n<li><strong>Material:<\/strong>\u00a0PET\/PE, PET\/NY\/PE, PET\/AL\/NY\/PE, usw.<\/li>\n<li><strong>Tasche Typ<\/strong>: <strong>Flachbeutel<\/strong><\/li>\n<li><strong>Gr\u00f6\u00dfe<\/strong>: Benutzerdefiniert<\/li>\n<li><strong>Individuelle Bestellung<\/strong>: Akzeptieren Sie OEM &amp; ODM<\/li>\n<li><strong>Kostenlose Probe<\/strong>: Unterst\u00fctzung<\/li>\n<li><strong>Verwendung<\/strong>: Trockengem\u00fcse, Trockenfutter und andere<\/li>\n<li><strong>Farbe<\/strong>: Kann angepasst werden<\/li>\n<li><strong>Zielm\u00e4rkte<\/strong>: \u00dcberall auf der Welt<\/li>\n<\/ul>","protected":false},"featured_media":3002,"comment_status":"closed","ping_status":"closed","template":"","meta":{"_acf_changed":false},"market":[],"product_brand":[],"product_cat":[67,53],"product_tag":[],"class_list":{"0":"post-3001","1":"product","2":"type-product","3":"status-publish","4":"has-post-thumbnail","6":"product_cat-custom-flat-pouch","7":"product_cat-three-side-seal-pouch-wholesale","9":"first","10":"instock","11":"shipping-taxable","12":"product-type-simple"},"acf":[],"_links":{"self":[{"href":"https:\/\/www.zkprintpack.com\/de\/wp-json\/wp\/v2\/product\/3001","targetHints":{"allow":["GET"]}}],"collection":[{"href":"https:\/\/www.zkprintpack.com\/de\/wp-json\/wp\/v2\/product"}],"about":[{"href":"https:\/\/www.zkprintpack.com\/de\/wp-json\/wp\/v2\/types\/product"}],"replies":[{"embeddable":true,"href":"https:\/\/www.zkprintpack.com\/de\/wp-json\/wp\/v2\/comments?post=3001"}],"wp:featuredmedia":[{"embeddable":true,"href":"https:\/\/www.zkprintpack.com\/de\/wp-json\/wp\/v2\/media\/3002"}],"wp:attachment":[{"href":"https:\/\/www.zkprintpack.com\/de\/wp-json\/wp\/v2\/media?parent=3001"}],"wp:term":[{"taxonomy":"market","embeddable":true,"href":"https:\/\/www.zkprintpack.com\/de\/wp-json\/wp\/v2\/market?post=3001"},{"taxonomy":"product_brand","embeddable":true,"href":"https:\/\/www.zkprintpack.com\/de\/wp-json\/wp\/v2\/product_brand?post=3001"},{"taxonomy":"product_cat","embeddable":true,"href":"https:\/\/www.zkprintpack.com\/de\/wp-json\/wp\/v2\/product_cat?post=3001"},{"taxonomy":"product_tag","embeddable":true,"href":"https:\/\/www.zkprintpack.com\/de\/wp-json\/wp\/v2\/product_tag?post=3001"}],"curies":[{"name":"wp","href":"https:\/\/api.w.org\/{rel}","templated":true}]}}