{"id":2997,"date":"2026-04-17T03:39:02","date_gmt":"2026-04-17T03:39:02","guid":{"rendered":"https:\/\/www.zkprintpack.com\/?post_type=product&#038;p=2997"},"modified":"2026-04-17T03:39:05","modified_gmt":"2026-04-17T03:39:05","slug":"custom-vegetable-packaging-bag","status":"publish","type":"product","link":"https:\/\/www.zkprintpack.com\/de\/product\/custom-vegetable-packaging-bag\/","title":{"rendered":"Benutzerdefinierte Gem\u00fcseverpackungsbeutel - Bulk-geformte Beutel f\u00fcr Trockenfutter, Trockengem\u00fcseverpackungen"},"content":{"rendered":"<div class=\"wp-block-columns is-layout-flex wp-container-core-columns-is-layout-9d6595d7 wp-block-columns-is-layout-flex\">\n<div class=\"wp-block-column is-layout-flow wp-block-column-is-layout-flow\">\n<h2 class=\"wp-block-heading\">Kundenspezifische Gem\u00fcseverpackungsbeutel Merkmale<\/h2>\n\n\n\n<ul class=\"wp-block-list\">\n<li><strong>Wiederverschlie\u00dfbarer Rei\u00dfverschluss f\u00fcr den Erhalt der Frische:<\/strong> Der integrierte Press-to-Close-Rei\u00dfverschluss erm\u00f6glicht es den Verbrauchern, die Knackigkeit und den Geschmack des getrockneten Gem\u00fcses zu erhalten, was einen erheblichen Mehrwert f\u00fcr Premium-Snackmarken darstellt.<\/li>\n\n\n\n<li><strong>Vielseitiges Merchandising mit integrierten Aufh\u00e4ngel\u00f6chern:<\/strong> Jeder Beutel ist mit einem vorgestanzten Aufh\u00e4ngeloch versehen und bietet Gro\u00df- und Einzelh\u00e4ndlern flexible Pr\u00e4sentationsm\u00f6glichkeiten sowohl f\u00fcr Regalaufsteller als auch f\u00fcr H\u00e4ngestreifen-Konfigurationen.<\/li>\n\n\n\n<li><strong>Ma\u00dfgeschneidertes OEM\/ODM Branding und Fensterdesign:<\/strong> Wir bieten Ihnen die M\u00f6glichkeit, die Formen und Gr\u00f6\u00dfen der Grafikzonen vollst\u00e4ndig an Ihre Bed\u00fcrfnisse anzupassen. So k\u00f6nnen Sie die Qualit\u00e4t und die Farbe des Inhalts Ihrer Snacks hervorheben und das Vertrauen der Verbraucher st\u00e4rken.<\/li>\n\n\n\n<li><strong>Hochbarrierematerial f\u00fcr verl\u00e4ngerte Lagerf\u00e4higkeit:<\/strong> Die aus speziellen Mehrschichtfolien hergestellten Beutel bieten einen hervorragenden Schutz vor Feuchtigkeit und Sauerstoff, was f\u00fcr die Konservierung vakuumgebackener oder dehydrierter Snacks unerl\u00e4sslich ist.<\/li>\n<\/ul>\n<\/div>\n\n\n\n<div class=\"wp-block-column is-layout-flow wp-block-column-is-layout-flow\">\n<figure class=\"wp-block-image size-full\"><img decoding=\"async\" width=\"800\" height=\"800\" src=\"https:\/\/www.zkprintpack.com\/wp-content\/uploads\/2026\/04\/Custom-Vegetable-Packaging-Bags-3.webp\" alt=\"Kundenspezifische Verpackungsbeutel f\u00fcr Gem\u00fcse (3)\" class=\"wp-image-3000\" srcset=\"https:\/\/www.zkprintpack.com\/wp-content\/uploads\/2026\/04\/Custom-Vegetable-Packaging-Bags-3.webp 800w, https:\/\/www.zkprintpack.com\/wp-content\/uploads\/2026\/04\/Custom-Vegetable-Packaging-Bags-3-150x150.webp 150w, https:\/\/www.zkprintpack.com\/wp-content\/uploads\/2026\/04\/Custom-Vegetable-Packaging-Bags-3-768x768.webp 768w, https:\/\/www.zkprintpack.com\/wp-content\/uploads\/2026\/04\/Custom-Vegetable-Packaging-Bags-3-12x12.webp 12w, https:\/\/www.zkprintpack.com\/wp-content\/uploads\/2026\/04\/Custom-Vegetable-Packaging-Bags-3-600x600.webp 600w, https:\/\/www.zkprintpack.com\/wp-content\/uploads\/2026\/04\/Custom-Vegetable-Packaging-Bags-3-300x300.webp 300w, https:\/\/www.zkprintpack.com\/wp-content\/uploads\/2026\/04\/Custom-Vegetable-Packaging-Bags-3-100x100.webp 100w\" sizes=\"(max-width: 800px) 100vw, 800px\" \/><\/figure>\n<\/div>\n<\/div>\n\n\n\n<p><\/p>","protected":false},"excerpt":{"rendered":"<p>Gro\u00dfhandel mit kundenspezifischen Verpackungsbeuteln f\u00fcr Gem\u00fcse sowie Verpackungsbeuteln f\u00fcr trockene Lebensmittel. Abgesehen von seiner einzigartigen Form ist dieser Beutel f\u00fcr die Funktionalit\u00e4t im Einzelhandel ausgelegt. Er verf\u00fcgt \u00fcber einen zuverl\u00e4ssigen, wiederverschlie\u00dfbaren Rei\u00dfverschluss, um die Knusprigkeit der Produkte zu erhalten, und ein Aufh\u00e4ngeloch f\u00fcr vielseitige Verkaufsf\u00f6rderungsoptionen, die es Einzelh\u00e4ndlern erm\u00f6glichen, Produkte auf Stecktafeln oder Regalstreifen zu pr\u00e4sentieren. Kontaktieren Sie uns jetzt!<\/p>\n<h2>Parameter von kundenspezifischen Gem\u00fcseverpackungsbeuteln<\/h2>\n<ul>\n<li><strong>Material:<\/strong>\u00a0PET\/PE, PET\/NY\/PE, PET\/AL\/NY\/PE, usw.<\/li>\n<li><strong>Tasche Typ<\/strong>: <strong>Geformter Beutel<\/strong><\/li>\n<li><strong>Gr\u00f6\u00dfe<\/strong>: Benutzerdefiniert<\/li>\n<li><strong>Individuelle Bestellung<\/strong>: Akzeptieren Sie OEM &amp; ODM<\/li>\n<li><strong>Kostenlose Probe<\/strong>: Unterst\u00fctzung<\/li>\n<li><strong>Verwendung<\/strong>: Trockengem\u00fcse, Trockenfutter und andere<\/li>\n<li><strong>Farbe<\/strong>: Kann angepasst werden<\/li>\n<li><strong>Zielm\u00e4rkte<\/strong>: \u00dcberall auf der Welt<\/li>\n<\/ul>","protected":false},"featured_media":2999,"comment_status":"closed","ping_status":"closed","template":"","meta":{"_acf_changed":false},"market":[61],"product_brand":[],"product_cat":[52],"product_tag":[],"class_list":{"0":"post-2997","1":"product","2":"type-product","3":"status-publish","4":"has-post-thumbnail","6":"market-snack-packaging-supplier","7":"product_cat-shaped-pouches-factory","9":"first","10":"instock","11":"shipping-taxable","12":"product-type-simple"},"acf":[],"_links":{"self":[{"href":"https:\/\/www.zkprintpack.com\/de\/wp-json\/wp\/v2\/product\/2997","targetHints":{"allow":["GET"]}}],"collection":[{"href":"https:\/\/www.zkprintpack.com\/de\/wp-json\/wp\/v2\/product"}],"about":[{"href":"https:\/\/www.zkprintpack.com\/de\/wp-json\/wp\/v2\/types\/product"}],"replies":[{"embeddable":true,"href":"https:\/\/www.zkprintpack.com\/de\/wp-json\/wp\/v2\/comments?post=2997"}],"wp:featuredmedia":[{"embeddable":true,"href":"https:\/\/www.zkprintpack.com\/de\/wp-json\/wp\/v2\/media\/2999"}],"wp:attachment":[{"href":"https:\/\/www.zkprintpack.com\/de\/wp-json\/wp\/v2\/media?parent=2997"}],"wp:term":[{"taxonomy":"market","embeddable":true,"href":"https:\/\/www.zkprintpack.com\/de\/wp-json\/wp\/v2\/market?post=2997"},{"taxonomy":"product_brand","embeddable":true,"href":"https:\/\/www.zkprintpack.com\/de\/wp-json\/wp\/v2\/product_brand?post=2997"},{"taxonomy":"product_cat","embeddable":true,"href":"https:\/\/www.zkprintpack.com\/de\/wp-json\/wp\/v2\/product_cat?post=2997"},{"taxonomy":"product_tag","embeddable":true,"href":"https:\/\/www.zkprintpack.com\/de\/wp-json\/wp\/v2\/product_tag?post=2997"}],"curies":[{"name":"wp","href":"https:\/\/api.w.org\/{rel}","templated":true}]}}