{"id":2993,"date":"2026-04-17T02:48:12","date_gmt":"2026-04-17T02:48:12","guid":{"rendered":"https:\/\/www.zkprintpack.com\/?post_type=product&#038;p=2993"},"modified":"2026-04-17T02:48:14","modified_gmt":"2026-04-17T02:48:14","slug":"oem-refill-spout-pouch-for-detergent","status":"publish","type":"product","link":"https:\/\/www.zkprintpack.com\/de\/product\/oem-refill-spout-pouch-for-detergent\/","title":{"rendered":"Kundenspezifischer Nachf\u00fcllbeutel f\u00fcr fl\u00fcssige Reinigungsmittel - Gro\u00dfer Nachf\u00fcllbeutel f\u00fcr chemische Fl\u00fcssigkeiten"},"content":{"rendered":"<div class=\"wp-block-columns is-layout-flex wp-container-core-columns-is-layout-9d6595d7 wp-block-columns-is-layout-flex\">\n<div class=\"wp-block-column is-layout-flow wp-block-column-is-layout-flow\">\n<h2 class=\"wp-block-heading\">Kundenspezifischer Nachf\u00fcllbeutel f\u00fcr fl\u00fcssige Reinigungsmittel Merkmale<\/h2>\n\n\n\n<ul class=\"wp-block-list\">\n<li><strong>Ergonomischer, gestanzter Griff f\u00fcr hohe Beanspruchung:<\/strong> Der integrierte Griff erm\u00f6glicht es den Verbrauchern, schwere Fl\u00fcssigkeitsinhalte leicht zu tragen und auszugie\u00dfen, was einen bedeutenden funktionalen Vorteil f\u00fcr Nachf\u00fcllpackungen mit einem Fassungsverm\u00f6gen von 1,68 kg darstellt.<\/li>\n\n\n\n<li><strong>Auslaufsicherer Eckauslauf und sicherer Verschluss:<\/strong> Unsere pr\u00e4zisionsgefertigten Ausgie\u00dfer und Schraubverschl\u00fcsse sorgen f\u00fcr eine hermetische Abdichtung, die ein Auslaufen w\u00e4hrend des Transports verhindert und eine pr\u00e4zise, unauff\u00e4llige Dosierung durch den Endverbraucher erm\u00f6glicht.<\/li>\n\n\n\n<li><strong>Hochfeste mehrschichtige Laminierung:<\/strong> Diese aus Hochbarrierefolien hergestellten Beutel bieten eine hervorragende Haltbarkeit und Durchsto\u00dffestigkeit und sch\u00fctzen Fl\u00fcssigwaschmittel vor Umweltsch\u00e4den und chemischer Auslaugung.<\/li>\n\n\n\n<li><strong>Werksdirekte OEM- und Markenanpassung:<\/strong> Wir bieten umfassende Unterst\u00fctzung f\u00fcr kundenspezifische Bedruckung und strukturelle Anpassungen, die es Gro\u00dfh\u00e4ndlern erm\u00f6glichen, Nachf\u00fclllinien mit Markenaufdruck auf den Markt zu bringen, die perfekt auf die \u00e4sthetischen und funktionalen Pr\u00e4ferenzen ihres Marktes abgestimmt sind.<\/li>\n<\/ul>\n<\/div>\n\n\n\n<div class=\"wp-block-column is-layout-flow wp-block-column-is-layout-flow\">\n<figure class=\"wp-block-image size-full\"><img decoding=\"async\" width=\"800\" height=\"800\" src=\"https:\/\/www.zkprintpack.com\/wp-content\/uploads\/2026\/04\/Custom-Refill-Spout-Pouch-for-Liquid-Detergent-1.webp\" alt=\"Individueller Nachf\u00fcllbeutel f\u00fcr Fl\u00fcssigwaschmittel (1)\" class=\"wp-image-2994\" srcset=\"https:\/\/www.zkprintpack.com\/wp-content\/uploads\/2026\/04\/Custom-Refill-Spout-Pouch-for-Liquid-Detergent-1.webp 800w, https:\/\/www.zkprintpack.com\/wp-content\/uploads\/2026\/04\/Custom-Refill-Spout-Pouch-for-Liquid-Detergent-1-150x150.webp 150w, https:\/\/www.zkprintpack.com\/wp-content\/uploads\/2026\/04\/Custom-Refill-Spout-Pouch-for-Liquid-Detergent-1-768x768.webp 768w, https:\/\/www.zkprintpack.com\/wp-content\/uploads\/2026\/04\/Custom-Refill-Spout-Pouch-for-Liquid-Detergent-1-12x12.webp 12w, https:\/\/www.zkprintpack.com\/wp-content\/uploads\/2026\/04\/Custom-Refill-Spout-Pouch-for-Liquid-Detergent-1-600x600.webp 600w, https:\/\/www.zkprintpack.com\/wp-content\/uploads\/2026\/04\/Custom-Refill-Spout-Pouch-for-Liquid-Detergent-1-300x300.webp 300w, https:\/\/www.zkprintpack.com\/wp-content\/uploads\/2026\/04\/Custom-Refill-Spout-Pouch-for-Liquid-Detergent-1-100x100.webp 100w\" sizes=\"(max-width: 800px) 100vw, 800px\" \/><\/figure>\n<\/div>\n<\/div>\n\n\n\n<p><\/p>","protected":false},"excerpt":{"rendered":"<p>Optimieren Sie die Verteilung Ihrer fl\u00fcssigen Produkte mit unseren leistungsstarken <b data-path-to-node=\"5\" data-index-in-node=\"68\">Individueller Ausgussbeutel<\/b>, speziell f\u00fcr die anspruchsvollen Anforderungen der Haushaltschemie- und Reinigungsmittelindustrie entwickelt. Der integrierte Eckauslauf und der sichere Schraubverschluss sorgen f\u00fcr eine auslaufsichere Abdichtung und ein kontrolliertes Ausgie\u00dfen und machen ihn zur idealen Wahl f\u00fcr Fl\u00fcssigwaschmittel, Sp\u00fclmittel und Industriereiniger. Kontaktieren Sie uns jetzt!<\/p>\n<h2>Parameter des kundenspezifischen Nachf\u00fcllbeutels<\/h2>\n<ul>\n<li><strong>Material:<\/strong>\u00a0PET\/PE, PET\/NY\/PE, PET\/AL\/NY\/PE, usw.<\/li>\n<li><strong>Tasche Typ<\/strong>: <strong>Ausgie\u00dferbeutel<\/strong><\/li>\n<li><strong>Gr\u00f6\u00dfe<\/strong>: Benutzerdefiniert<\/li>\n<li><strong>Individuelle Bestellung<\/strong>: Akzeptieren Sie OEM &amp; ODM<\/li>\n<li><strong>Kostenlose Probe<\/strong>: Unterst\u00fctzung<\/li>\n<li><strong>Verwendung<\/strong>: Fl\u00fcssige Reinigungsmittel, chemische Fl\u00fcssigkeiten, industrielle Fl\u00fcssigkeiten und andere<\/li>\n<li><strong>Farbe<\/strong>: Kann angepasst werden<\/li>\n<li><strong>Zielm\u00e4rkte<\/strong>: \u00dcberall auf der Welt<\/li>\n<\/ul>","protected":false},"featured_media":2996,"comment_status":"closed","ping_status":"closed","template":"","meta":{"_acf_changed":false},"market":[51],"product_brand":[],"product_cat":[56],"product_tag":[],"class_list":{"0":"post-2993","1":"product","2":"type-product","3":"status-publish","4":"has-post-thumbnail","6":"market-personal-care-and-cosmetic","7":"product_cat-custom-spout-pouches-supplier","9":"first","10":"instock","11":"shipping-taxable","12":"product-type-simple"},"acf":[],"_links":{"self":[{"href":"https:\/\/www.zkprintpack.com\/de\/wp-json\/wp\/v2\/product\/2993","targetHints":{"allow":["GET"]}}],"collection":[{"href":"https:\/\/www.zkprintpack.com\/de\/wp-json\/wp\/v2\/product"}],"about":[{"href":"https:\/\/www.zkprintpack.com\/de\/wp-json\/wp\/v2\/types\/product"}],"replies":[{"embeddable":true,"href":"https:\/\/www.zkprintpack.com\/de\/wp-json\/wp\/v2\/comments?post=2993"}],"wp:featuredmedia":[{"embeddable":true,"href":"https:\/\/www.zkprintpack.com\/de\/wp-json\/wp\/v2\/media\/2996"}],"wp:attachment":[{"href":"https:\/\/www.zkprintpack.com\/de\/wp-json\/wp\/v2\/media?parent=2993"}],"wp:term":[{"taxonomy":"market","embeddable":true,"href":"https:\/\/www.zkprintpack.com\/de\/wp-json\/wp\/v2\/market?post=2993"},{"taxonomy":"product_brand","embeddable":true,"href":"https:\/\/www.zkprintpack.com\/de\/wp-json\/wp\/v2\/product_brand?post=2993"},{"taxonomy":"product_cat","embeddable":true,"href":"https:\/\/www.zkprintpack.com\/de\/wp-json\/wp\/v2\/product_cat?post=2993"},{"taxonomy":"product_tag","embeddable":true,"href":"https:\/\/www.zkprintpack.com\/de\/wp-json\/wp\/v2\/product_tag?post=2993"}],"curies":[{"name":"wp","href":"https:\/\/api.w.org\/{rel}","templated":true}]}}