{"id":2990,"date":"2026-04-17T02:12:57","date_gmt":"2026-04-17T02:12:57","guid":{"rendered":"https:\/\/www.zkprintpack.com\/?post_type=product&#038;p=2990"},"modified":"2026-04-17T02:13:00","modified_gmt":"2026-04-17T02:13:00","slug":"custom-dry-food-packaging-pouch-supply","status":"publish","type":"product","link":"https:\/\/www.zkprintpack.com\/de\/product\/custom-dry-food-packaging-pouch-supply\/","title":{"rendered":"Benutzerdefinierte trockene Lebensmittel Verpackung Beutel, flachen Boden Beutel Bulk - Pouch Packaging Factory Supply"},"content":{"rendered":"<div class=\"wp-block-columns is-layout-flex wp-container-core-columns-is-layout-9d6595d7 wp-block-columns-is-layout-flex\">\n<div class=\"wp-block-column is-layout-flow wp-block-column-is-layout-flow\">\n<h2 class=\"wp-block-heading\">Kundenspezifische Verpackungen f\u00fcr trockene Lebensmittel Merkmale<\/h2>\n\n\n\n<ul class=\"wp-block-list\">\n<li><strong>Professionelles Stand-up-Design f\u00fcr den Einzelhandel:<\/strong> Mit seinem starken, flachen Boden steht dieser Beutel aufrecht, ohne externe Unterst\u00fctzung, und bietet eine saubere, einzelhandelsgerechte Pr\u00e4sentation. Dieses Design optimiert den Platz im Regal und zieht die Aufmerksamkeit der Verbraucher auf sich.<\/li>\n\n\n\n<li><strong>Starke Hitzeversiegelung mit einfachem \u00d6ffnungsdesign: <\/strong>Alle Siegelkanten sind f\u00fcr eine hochfeste Hei\u00dfsiegelung ausgelegt, um das Entweichen von Luft und das Eindringen von Feuchtigkeit zu verhindern. Eine benutzerfreundliche Aufrei\u00dfkerbe oder ein wiederverschlie\u00dfbarer Verschluss verbessern die Verbraucherfreundlichkeit nach dem \u00d6ffnen.<\/li>\n\n\n\n<li><strong>Optimierte Barriereeigenschaften f\u00fcr verl\u00e4ngerte Lagerf\u00e4higkeit:<\/strong> Unsere Materiallaminatstrukturen bieten einen hervorragenden Schutz vor Sauerstoff und Feuchtigkeit, was f\u00fcr den Erhalt der Frische und Knusprigkeit Ihrer Tofuprodukte unerl\u00e4sslich ist und die Qualit\u00e4t bei der Lieferung an Ihre Endkunden gew\u00e4hrleistet.<\/li>\n\n\n\n<li><strong>Leicht zu \u00f6ffnendes Design<\/strong><br>Vorgestanzte Aufrei\u00dfkerben erm\u00f6glichen dem Verbraucher ein schnelles \u00d6ffnen des Beutels ohne Schere. Die saubere Aufrei\u00dflinie verbessert das Erstgebrauchserlebnis und erh\u00e4lt die Integrit\u00e4t der Verpackung vor dem \u00d6ffnen.<\/li>\n\n\n\n<li>Als spezialisierte Gro\u00dfhandelsfabrik f\u00fcr Flachbodenbeutel k\u00f6nnen wir eine fabrikm\u00e4\u00dfige Direktproduktion mit einem ausgefeilten Beutelherstellungs- und Druckverfahren anbieten. So k\u00f6nnen wir eine stabile Basis f\u00fcr gro\u00dfe Auftragsvolumina bieten.<\/li>\n<\/ul>\n<\/div>\n\n\n\n<div class=\"wp-block-column is-layout-flow wp-block-column-is-layout-flow\">\n<figure class=\"wp-block-image size-full\"><img decoding=\"async\" width=\"800\" height=\"800\" src=\"https:\/\/www.zkprintpack.com\/wp-content\/uploads\/2026\/04\/custom-dry-food-pakcaging-pouch.webp\" alt=\"Trockenfutterbeutel nach Ma\u00df\" class=\"wp-image-2989\" srcset=\"https:\/\/www.zkprintpack.com\/wp-content\/uploads\/2026\/04\/custom-dry-food-pakcaging-pouch.webp 800w, https:\/\/www.zkprintpack.com\/wp-content\/uploads\/2026\/04\/custom-dry-food-pakcaging-pouch-150x150.webp 150w, https:\/\/www.zkprintpack.com\/wp-content\/uploads\/2026\/04\/custom-dry-food-pakcaging-pouch-768x768.webp 768w, https:\/\/www.zkprintpack.com\/wp-content\/uploads\/2026\/04\/custom-dry-food-pakcaging-pouch-12x12.webp 12w, https:\/\/www.zkprintpack.com\/wp-content\/uploads\/2026\/04\/custom-dry-food-pakcaging-pouch-600x600.webp 600w, https:\/\/www.zkprintpack.com\/wp-content\/uploads\/2026\/04\/custom-dry-food-pakcaging-pouch-300x300.webp 300w, https:\/\/www.zkprintpack.com\/wp-content\/uploads\/2026\/04\/custom-dry-food-pakcaging-pouch-100x100.webp 100w\" sizes=\"(max-width: 800px) 100vw, 800px\" \/><\/figure>\n<\/div>\n<\/div>\n\n\n\n<p><\/p>","protected":false},"excerpt":{"rendered":"<p>Kundenspezifische Verpackung f\u00fcr trockene Lebensmittel in Beuteln mit einem Hersteller, der die Beutel direkt produziert. Diese Verpackung ist so konzipiert, dass die knackige Textur erhalten bleibt und gleichzeitig hochbarrieref\u00e4hige Materialien mit traditioneller handgezeichneter visueller Gestaltung kombiniert werden, um sowohl den Produktschutz als auch die Attraktivit\u00e4t im Regal zu verbessern. Kontaktieren Sie uns jetzt!<\/p>\n<h2>Parameter der kundenspezifischen Verpackung f\u00fcr trockene Lebensmittel<\/h2>\n<ul>\n<li><strong>Hersteller:<\/strong> Zhongjia Verpackung<\/li>\n<li><strong>Material:<\/strong>\u00a0PET\/PE, PET\/NY\/PE, PET\/AL\/NY\/PE, usw.<\/li>\n<li><strong>Tasche Typ<\/strong>: <strong>Flachboden-Beutel<\/strong><\/li>\n<li><strong>Gr\u00f6\u00dfe<\/strong>: Benutzerdefiniert<\/li>\n<li><strong>Individuelle Bestellung<\/strong>: Akzeptieren Sie OEM &amp; ODM<\/li>\n<li><strong>Kostenlose Probe<\/strong>: Unterst\u00fctzung<\/li>\n<li><strong>Verwendung<\/strong>: Tofuhaut, Trockenfutter und andere<\/li>\n<li><strong>Farbe<\/strong>: Kann angepasst werden<\/li>\n<li><strong>Zielm\u00e4rkte<\/strong>: \u00dcberall auf der Welt<\/li>\n<\/ul>","protected":false},"featured_media":2989,"comment_status":"closed","ping_status":"closed","template":"","meta":{"_acf_changed":false},"market":[],"product_brand":[],"product_cat":[55],"product_tag":[],"class_list":{"0":"post-2990","1":"product","2":"type-product","3":"status-publish","4":"has-post-thumbnail","6":"product_cat-flat-bottom-pouches-wholesale","8":"first","9":"instock","10":"shipping-taxable","11":"product-type-simple"},"acf":[],"_links":{"self":[{"href":"https:\/\/www.zkprintpack.com\/de\/wp-json\/wp\/v2\/product\/2990","targetHints":{"allow":["GET"]}}],"collection":[{"href":"https:\/\/www.zkprintpack.com\/de\/wp-json\/wp\/v2\/product"}],"about":[{"href":"https:\/\/www.zkprintpack.com\/de\/wp-json\/wp\/v2\/types\/product"}],"replies":[{"embeddable":true,"href":"https:\/\/www.zkprintpack.com\/de\/wp-json\/wp\/v2\/comments?post=2990"}],"wp:featuredmedia":[{"embeddable":true,"href":"https:\/\/www.zkprintpack.com\/de\/wp-json\/wp\/v2\/media\/2989"}],"wp:attachment":[{"href":"https:\/\/www.zkprintpack.com\/de\/wp-json\/wp\/v2\/media?parent=2990"}],"wp:term":[{"taxonomy":"market","embeddable":true,"href":"https:\/\/www.zkprintpack.com\/de\/wp-json\/wp\/v2\/market?post=2990"},{"taxonomy":"product_brand","embeddable":true,"href":"https:\/\/www.zkprintpack.com\/de\/wp-json\/wp\/v2\/product_brand?post=2990"},{"taxonomy":"product_cat","embeddable":true,"href":"https:\/\/www.zkprintpack.com\/de\/wp-json\/wp\/v2\/product_cat?post=2990"},{"taxonomy":"product_tag","embeddable":true,"href":"https:\/\/www.zkprintpack.com\/de\/wp-json\/wp\/v2\/product_tag?post=2990"}],"curies":[{"name":"wp","href":"https:\/\/api.w.org\/{rel}","templated":true}]}}