{"id":2988,"date":"2026-04-17T03:44:31","date_gmt":"2026-04-17T03:44:31","guid":{"rendered":"https:\/\/www.zkprintpack.com\/?post_type=product&#038;p=2988"},"modified":"2026-04-17T03:44:34","modified_gmt":"2026-04-17T03:44:34","slug":"custom-flat-bottom-pouch-for-noodles","status":"publish","type":"product","link":"https:\/\/www.zkprintpack.com\/de\/product\/custom-flat-bottom-pouch-for-noodles\/","title":{"rendered":"Benutzerdefinierte Flachbodenbeutel f\u00fcr Nudeln - Bulk Pouch Packaging Lieferant"},"content":{"rendered":"<div class=\"wp-block-columns is-layout-flex wp-container-core-columns-is-layout-9d6595d7 wp-block-columns-is-layout-flex\">\n<div class=\"wp-block-column is-layout-flow wp-block-column-is-layout-flow\">\n<h2 class=\"wp-block-heading\">Custom Flat Bottom Pouches Merkmale<\/h2>\n\n\n\n<ul class=\"wp-block-list\">\n<li><strong>Premium Flat Bottom Structure f\u00fcr maximale Stabilit\u00e4t:<\/strong> Der verst\u00e4rkte, kastenf\u00f6rmige Boden sorgt daf\u00fcr, dass der Beutel aufrecht bleibt, selbst wenn er mit schwerem Inhalt gef\u00fcllt ist. Diese vertikale Stabilit\u00e4t optimiert den Platz im Regal und sorgt f\u00fcr ein hochwertiges, professionelles Aussehen, das Einzelh\u00e4ndler gegen\u00fcber durchh\u00e4ngenden Alternativen bevorzugen.<\/li>\n\n\n\n<li><strong>Five-Sided Branding Real Estate:<\/strong> Dieses Design bietet deutlich mehr Platz f\u00fcr Werbung als Standardbeutel. So k\u00f6nnen Marken die Seitenfalten und den Boden f\u00fcr Barcodes, Herkunftsgeschichten oder mehrsprachige Anweisungen nutzen, ohne das Hauptdesign auf der Vorderseite zu \u00fcberladen.<\/li>\n\n\n\n<li><strong>Fortschrittlicher Barriereschutz f\u00fcr verl\u00e4ngerte Lagerf\u00e4higkeit:<\/strong> Unsere Beutel werden aus hochleistungsf\u00e4higen Verbundfolien hergestellt, die einen hervorragenden Schutz gegen \u00e4u\u00dfere Einfl\u00fcsse bieten. Dies ist entscheidend f\u00fcr die Erhaltung der Textur und des Geschmacks von trockenen Lebensmitteln und stellt sicher, dass sie den Endverbraucher in bester Verfassung erreichen.<\/li>\n\n\n\n<li><strong>Vollst\u00e4ndige OEM\/ODM-Anpassung f\u00fcr B2B-Marken:<\/strong> Als direkte <strong>Anbieter<\/strong>, bieten wir umfangreiche Anpassungsm\u00f6glichkeiten. Sie k\u00f6nnen matte, gl\u00e4nzende oder Soft-Touch-Oberfl\u00e4chen festlegen, Klarsichtfenster integrieren, um die Produktqualit\u00e4t zu pr\u00e4sentieren, und aus verschiedenen Verschlusssystemen w\u00e4hlen, um die spezifischen funktionalen Anforderungen Ihres Zielmarktes zu erf\u00fcllen.<\/li>\n\n\n\n<li><strong>Gro\u00dfserien-Fabrikproduktion und Massengutlogistik:<\/strong> Wir sind ausgestattet f\u00fcr die Abwicklung gro\u00dfer <strong>Gro\u00dfhandel<\/strong> Bestellungen mit gleichbleibender Qualit\u00e4tskontrolle. Unser rationalisierter Herstellungsprozess gew\u00e4hrleistet wettbewerbsf\u00e4hige Vorlaufzeiten und einen zuverl\u00e4ssigen Versand f\u00fcr internationale Importeure und Gro\u00dfh\u00e4ndler, die einen langfristigen Produktionspartner suchen.<\/li>\n<\/ul>\n<\/div>\n\n\n\n<div class=\"wp-block-column is-layout-flow wp-block-column-is-layout-flow\">\n<figure class=\"wp-block-image size-full\"><img decoding=\"async\" width=\"800\" height=\"800\" src=\"https:\/\/www.zkprintpack.com\/wp-content\/uploads\/2026\/04\/custom-flat-bottom-pouch-factory.webp\" alt=\"Fabrik f\u00fcr kundenspezifische Flachbodenbeutel\" class=\"wp-image-2992\" srcset=\"https:\/\/www.zkprintpack.com\/wp-content\/uploads\/2026\/04\/custom-flat-bottom-pouch-factory.webp 800w, https:\/\/www.zkprintpack.com\/wp-content\/uploads\/2026\/04\/custom-flat-bottom-pouch-factory-150x150.webp 150w, https:\/\/www.zkprintpack.com\/wp-content\/uploads\/2026\/04\/custom-flat-bottom-pouch-factory-768x768.webp 768w, https:\/\/www.zkprintpack.com\/wp-content\/uploads\/2026\/04\/custom-flat-bottom-pouch-factory-12x12.webp 12w, https:\/\/www.zkprintpack.com\/wp-content\/uploads\/2026\/04\/custom-flat-bottom-pouch-factory-600x600.webp 600w, https:\/\/www.zkprintpack.com\/wp-content\/uploads\/2026\/04\/custom-flat-bottom-pouch-factory-300x300.webp 300w, https:\/\/www.zkprintpack.com\/wp-content\/uploads\/2026\/04\/custom-flat-bottom-pouch-factory-100x100.webp 100w\" sizes=\"(max-width: 800px) 100vw, 800px\" \/><\/figure>\n<\/div>\n<\/div>\n\n\n\n<p><\/p>","protected":false},"excerpt":{"rendered":"<p>Kundenspezifischer Flachbodenbeutel f\u00fcr Nudeln, Lieferung durch den Hersteller. Dieser Beutel verf\u00fcgt \u00fcber einen v\u00f6llig flachen, rechteckigen Boden, der es ihm erm\u00f6glicht, fest wie eine Schachtel zu stehen. Unsere Beutel sind ideal f\u00fcr schwere Anwendungen wie Nudeln, Reis, Tiernahrung und lose Snacks und werden aus mehrschichtigen Hochbarrierelaminaten hergestellt. Kontaktieren Sie uns jetzt!<\/p>\n<h2>Parameter des kundenspezifischen Flachbodenbeutels f\u00fcr Nudeln<\/h2>\n<ul>\n<li><strong>Material:<\/strong>\u00a0PET\/PE, PET\/NY\/PE, PET\/AL\/NY\/PE, usw.<\/li>\n<li><strong>Tasche Typ<\/strong>: <strong>Flachboden-Beutel<\/strong><\/li>\n<li><strong>Gr\u00f6\u00dfe<\/strong>: Benutzerdefiniert<\/li>\n<li><strong>Individuelle Bestellung<\/strong>: Akzeptieren Sie OEM &amp; ODM<\/li>\n<li><strong>Kostenlose Probe<\/strong>: Unterst\u00fctzung<\/li>\n<li><strong>Verwendung<\/strong>: Nudeln, Trockenfutter und andere<\/li>\n<li><strong>Farbe<\/strong>: Kann angepasst werden<\/li>\n<li><strong>Zielm\u00e4rkte<\/strong>: \u00dcberall auf der Welt<\/li>\n<\/ul>","protected":false},"featured_media":2991,"comment_status":"closed","ping_status":"closed","template":"","meta":{"_acf_changed":false},"market":[],"product_brand":[],"product_cat":[55],"product_tag":[],"class_list":{"0":"post-2988","1":"product","2":"type-product","3":"status-publish","4":"has-post-thumbnail","6":"product_cat-flat-bottom-pouches-wholesale","8":"first","9":"instock","10":"shipping-taxable","11":"product-type-simple"},"acf":[],"_links":{"self":[{"href":"https:\/\/www.zkprintpack.com\/de\/wp-json\/wp\/v2\/product\/2988","targetHints":{"allow":["GET"]}}],"collection":[{"href":"https:\/\/www.zkprintpack.com\/de\/wp-json\/wp\/v2\/product"}],"about":[{"href":"https:\/\/www.zkprintpack.com\/de\/wp-json\/wp\/v2\/types\/product"}],"replies":[{"embeddable":true,"href":"https:\/\/www.zkprintpack.com\/de\/wp-json\/wp\/v2\/comments?post=2988"}],"wp:featuredmedia":[{"embeddable":true,"href":"https:\/\/www.zkprintpack.com\/de\/wp-json\/wp\/v2\/media\/2991"}],"wp:attachment":[{"href":"https:\/\/www.zkprintpack.com\/de\/wp-json\/wp\/v2\/media?parent=2988"}],"wp:term":[{"taxonomy":"market","embeddable":true,"href":"https:\/\/www.zkprintpack.com\/de\/wp-json\/wp\/v2\/market?post=2988"},{"taxonomy":"product_brand","embeddable":true,"href":"https:\/\/www.zkprintpack.com\/de\/wp-json\/wp\/v2\/product_brand?post=2988"},{"taxonomy":"product_cat","embeddable":true,"href":"https:\/\/www.zkprintpack.com\/de\/wp-json\/wp\/v2\/product_cat?post=2988"},{"taxonomy":"product_tag","embeddable":true,"href":"https:\/\/www.zkprintpack.com\/de\/wp-json\/wp\/v2\/product_tag?post=2988"}],"curies":[{"name":"wp","href":"https:\/\/api.w.org\/{rel}","templated":true}]}}