{"id":2923,"date":"2026-03-26T09:21:35","date_gmt":"2026-03-26T09:21:35","guid":{"rendered":"https:\/\/www.zkprintpack.com\/?post_type=product&#038;p=2923"},"modified":"2026-03-26T09:21:37","modified_gmt":"2026-03-26T09:21:37","slug":"custom-candy-packaging-bag-factory","status":"publish","type":"product","link":"https:\/\/www.zkprintpack.com\/de\/product\/custom-candy-packaging-bag-factory\/","title":{"rendered":"Kundenspezifische Verpackung f\u00fcr S\u00fc\u00dfigkeiten - Hochtransparente 3-Seiten-Siegelbeutel Lieferung"},"content":{"rendered":"<div class=\"wp-block-columns is-layout-flex wp-container-core-columns-is-layout-9d6595d7 wp-block-columns-is-layout-flex\">\n<div class=\"wp-block-column is-layout-flow wp-block-column-is-layout-flow\">\n<h2 class=\"wp-block-heading\">Custom Candy Packaging Bag Features<\/h2>\n\n\n\n<ul class=\"wp-block-list\">\n<li><strong>Moisture and Freezer Burn Protection<br><\/strong>Our custom candy packaging bag features high water vapor barrier properties, reducing moisture loss and preventing ice crystal formation. This helps maintain smooth texture and product quality.<\/li>\n\n\n\n<li><strong>Ultrahoher Feuchtigkeitsbarriereschutz<br><\/strong>The custom candy packaging bag uses high-barrier materials to prevent moisture absorption. This protects dried fruits from becoming sticky, moldy, or degraded.<\/li>\n\n\n\n<li><strong>High-Transparency Product Display<\/strong><br>A clear window allows direct visibility of the product\u2019s color and quality. This builds consumer trust by showcasing the actual contents.<\/li>\n\n\n\n<li><strong>Leicht zu \u00f6ffnendes Design<\/strong><br>Vorgestanzte Aufrei\u00dfkerben erm\u00f6glichen dem Verbraucher ein schnelles \u00d6ffnen des Beutels ohne Schere. Die saubere Aufrei\u00dflinie verbessert das Erstgebrauchserlebnis und erh\u00e4lt die Integrit\u00e4t der Verpackung vor dem \u00d6ffnen.<\/li>\n\n\n\n<li>As a specialized custom 3-side seal pouch factory, we can provide factory-direct production with a refined bag-making and printing process. Thus, we can provide a stable basis for large volume orders.<\/li>\n<\/ul>\n<\/div>\n\n\n\n<div class=\"wp-block-column is-layout-flow wp-block-column-is-layout-flow\">\n<figure class=\"wp-block-image size-full\"><img decoding=\"async\" width=\"800\" height=\"800\" src=\"https:\/\/www.zkprintpack.com\/wp-content\/uploads\/2026\/03\/custom-printed-candy-packaging-bag-2.webp\" alt=\"custom printed candy packaging bag (2)\" class=\"wp-image-2924\" srcset=\"https:\/\/www.zkprintpack.com\/wp-content\/uploads\/2026\/03\/custom-printed-candy-packaging-bag-2.webp 800w, https:\/\/www.zkprintpack.com\/wp-content\/uploads\/2026\/03\/custom-printed-candy-packaging-bag-2-150x150.webp 150w, https:\/\/www.zkprintpack.com\/wp-content\/uploads\/2026\/03\/custom-printed-candy-packaging-bag-2-768x768.webp 768w, https:\/\/www.zkprintpack.com\/wp-content\/uploads\/2026\/03\/custom-printed-candy-packaging-bag-2-12x12.webp 12w, https:\/\/www.zkprintpack.com\/wp-content\/uploads\/2026\/03\/custom-printed-candy-packaging-bag-2-600x600.webp 600w, https:\/\/www.zkprintpack.com\/wp-content\/uploads\/2026\/03\/custom-printed-candy-packaging-bag-2-300x300.webp 300w, https:\/\/www.zkprintpack.com\/wp-content\/uploads\/2026\/03\/custom-printed-candy-packaging-bag-2-100x100.webp 100w\" sizes=\"(max-width: 800px) 100vw, 800px\" \/><\/figure>\n<\/div>\n<\/div>\n\n\n\n<p><\/p>","protected":false},"excerpt":{"rendered":"<p>Custom 3-side seal pouch solutions, custom candy packaging bag. This custom candy packaging bag preserves texture and flavor, prevents damage during distribution, and enhances product appeal at the point of sale. Get a free sample now!<\/p>\n<h2>Parameters of Custom Candy Packaging Bag<\/h2>\n<ul>\n<li><strong>Material:<\/strong>\u00a0PET\/PE, PET\/NY\/PE, PET\/AL\/NY\/PE, usw.<\/li>\n<li><strong>Tasche Typ<\/strong>: <strong>3-Seiten-Dichtung<\/strong><strong>\u00a0Beutel<\/strong><\/li>\n<li><strong>Gr\u00f6\u00dfe<\/strong>: Benutzerdefiniert<\/li>\n<li><strong>Individuelle Bestellung<\/strong>: Akzeptieren Sie OEM &amp; ODM<\/li>\n<li><strong>Kostenlose Probe<\/strong>: Unterst\u00fctzung<\/li>\n<li><strong>Verwendung<\/strong>: Candy, and other<\/li>\n<li><strong>Farbe<\/strong>: Kann angepasst werden<\/li>\n<li><strong>Zielm\u00e4rkte<\/strong>: \u00dcberall auf der Welt<\/li>\n<\/ul>","protected":false},"featured_media":2925,"comment_status":"closed","ping_status":"closed","template":"","meta":{"_acf_changed":false},"market":[60],"product_brand":[],"product_cat":[53],"product_tag":[],"class_list":{"0":"post-2923","1":"product","2":"type-product","3":"status-publish","4":"has-post-thumbnail","6":"market-confectionery-packaging-supplier","7":"product_cat-three-side-seal-pouch-wholesale","9":"first","10":"instock","11":"shipping-taxable","12":"product-type-simple"},"acf":[],"_links":{"self":[{"href":"https:\/\/www.zkprintpack.com\/de\/wp-json\/wp\/v2\/product\/2923","targetHints":{"allow":["GET"]}}],"collection":[{"href":"https:\/\/www.zkprintpack.com\/de\/wp-json\/wp\/v2\/product"}],"about":[{"href":"https:\/\/www.zkprintpack.com\/de\/wp-json\/wp\/v2\/types\/product"}],"replies":[{"embeddable":true,"href":"https:\/\/www.zkprintpack.com\/de\/wp-json\/wp\/v2\/comments?post=2923"}],"wp:featuredmedia":[{"embeddable":true,"href":"https:\/\/www.zkprintpack.com\/de\/wp-json\/wp\/v2\/media\/2925"}],"wp:attachment":[{"href":"https:\/\/www.zkprintpack.com\/de\/wp-json\/wp\/v2\/media?parent=2923"}],"wp:term":[{"taxonomy":"market","embeddable":true,"href":"https:\/\/www.zkprintpack.com\/de\/wp-json\/wp\/v2\/market?post=2923"},{"taxonomy":"product_brand","embeddable":true,"href":"https:\/\/www.zkprintpack.com\/de\/wp-json\/wp\/v2\/product_brand?post=2923"},{"taxonomy":"product_cat","embeddable":true,"href":"https:\/\/www.zkprintpack.com\/de\/wp-json\/wp\/v2\/product_cat?post=2923"},{"taxonomy":"product_tag","embeddable":true,"href":"https:\/\/www.zkprintpack.com\/de\/wp-json\/wp\/v2\/product_tag?post=2923"}],"curies":[{"name":"wp","href":"https:\/\/api.w.org\/{rel}","templated":true}]}}