{"id":2918,"date":"2026-03-26T09:26:34","date_gmt":"2026-03-26T09:26:34","guid":{"rendered":"https:\/\/www.zkprintpack.com\/?post_type=product&#038;p=2918"},"modified":"2026-03-26T09:26:37","modified_gmt":"2026-03-26T09:26:37","slug":"wholesale-3-side-seal-pouch-herbal-bag","status":"publish","type":"product","link":"https:\/\/www.zkprintpack.com\/de\/product\/wholesale-3-side-seal-pouch-herbal-bag\/","title":{"rendered":"Gro\u00dfhandel 3-Seiten-Siegel-Beutel-Versorgung f\u00fcr Kr\u00e4uter und Nutraceutical Verpackung"},"content":{"rendered":"<div class=\"wp-block-columns is-layout-flex wp-container-core-columns-is-layout-9d6595d7 wp-block-columns-is-layout-flex\">\n<div class=\"wp-block-column is-layout-flow wp-block-column-is-layout-flow\">\n<h2 class=\"wp-block-heading\">Gro\u00dfhandel 3-Seiten-Siegel-Beutel Merkmale<\/h2>\n\n\n\n<ul class=\"wp-block-list\">\n<li><strong>Ultrahoher Feuchtigkeitsbarriereschutz<\/strong><br>Unser Gro\u00dfhandelsbeutel mit 3-seitiger Versiegelung zeichnet sich durch eine mehrschichtige Konstruktion mit hervorragender Wasserdampfbest\u00e4ndigkeit aus, um eine trockene innere Umgebung zu gew\u00e4hrleisten. Dies verhindert Schimmelbildung, Feuchtigkeitsaufnahme und Qualit\u00e4tseinbu\u00dfen bei empfindlichen pflanzlichen Produkten.<\/li>\n\n\n\n<li><strong>Verst\u00e4rktes Design der Aufh\u00e4ngel\u00f6cher<\/strong><br>Das integrierte Aufh\u00e4ngeloch ist so verst\u00e4rkt, dass es das gesamte Produktgewicht w\u00e4hrend der Auslage im Einzelhandel oder bei der Lagerung tr\u00e4gt. Ein sauberer Schnitt und verst\u00e4rkte Kanten verhindern das Einrei\u00dfen bei der Handhabung.<\/li>\n\n\n\n<li><strong>Hochtransparentes Sichtfenster<\/strong><br>Dieser Gro\u00dfhandelsbeutel mit 3-seitiger Versiegelung verf\u00fcgt \u00fcber ein durchsichtiges Fenster, durch das die Verbraucher die Produktqualit\u00e4t visuell \u00fcberpr\u00fcfen k\u00f6nnen. Das Material bewahrt die Klarheit ohne Verzerrung und unterst\u00fctzt gleichzeitig die sch\u00fctzenden Barrierefunktionen.<\/li>\n\n\n\n<li><strong>Leicht zu \u00f6ffnendes Design<\/strong><br>Vorgestanzte Aufrei\u00dfkerben erm\u00f6glichen dem Verbraucher ein schnelles \u00d6ffnen des Beutels ohne Schere. Die saubere Aufrei\u00dflinie verbessert das Erstgebrauchserlebnis und erh\u00e4lt die Integrit\u00e4t der Verpackung vor dem \u00d6ffnen.<\/li>\n\n\n\n<li>Als spezialisierte Gro\u00dfhandelsfabrik f\u00fcr 3-Seiten-Siegelbeutel k\u00f6nnen wir eine Direktproduktion mit einem ausgefeilten Beutelherstellungs- und Druckverfahren anbieten. So k\u00f6nnen wir eine stabile Basis f\u00fcr gro\u00dfe Volumenauftr\u00e4ge bieten.<\/li>\n<\/ul>\n<\/div>\n\n\n\n<div class=\"wp-block-column is-layout-flow wp-block-column-is-layout-flow\">\n<figure class=\"wp-block-image size-full\"><img decoding=\"async\" width=\"800\" height=\"800\" src=\"https:\/\/www.zkprintpack.com\/wp-content\/uploads\/2026\/03\/Wholesale-3-Side-Seal-Pouches-for-Pharmaceutical.webp\" alt=\"Gro\u00dfhandel 3-Seiten-Siegel-Beutel f\u00fcr pharmazeutische\" class=\"wp-image-2920\" srcset=\"https:\/\/www.zkprintpack.com\/wp-content\/uploads\/2026\/03\/Wholesale-3-Side-Seal-Pouches-for-Pharmaceutical.webp 800w, https:\/\/www.zkprintpack.com\/wp-content\/uploads\/2026\/03\/Wholesale-3-Side-Seal-Pouches-for-Pharmaceutical-150x150.webp 150w, https:\/\/www.zkprintpack.com\/wp-content\/uploads\/2026\/03\/Wholesale-3-Side-Seal-Pouches-for-Pharmaceutical-768x768.webp 768w, https:\/\/www.zkprintpack.com\/wp-content\/uploads\/2026\/03\/Wholesale-3-Side-Seal-Pouches-for-Pharmaceutical-12x12.webp 12w, https:\/\/www.zkprintpack.com\/wp-content\/uploads\/2026\/03\/Wholesale-3-Side-Seal-Pouches-for-Pharmaceutical-600x600.webp 600w, https:\/\/www.zkprintpack.com\/wp-content\/uploads\/2026\/03\/Wholesale-3-Side-Seal-Pouches-for-Pharmaceutical-300x300.webp 300w, https:\/\/www.zkprintpack.com\/wp-content\/uploads\/2026\/03\/Wholesale-3-Side-Seal-Pouches-for-Pharmaceutical-100x100.webp 100w\" sizes=\"(max-width: 800px) 100vw, 800px\" \/><\/figure>\n<\/div>\n<\/div>\n\n\n\n<p><\/p>","protected":false},"excerpt":{"rendered":"<p>Zhongjia Printing bietet Gro\u00dfhandelsl\u00f6sungen f\u00fcr 3-Seiten-Siegelbeutel f\u00fcr Kr\u00e4uter- und Nutrazeutikaverpackungen an. Dieser Gro\u00dfhandel 3-Seiten-Siegelbeutel wurde entwickelt, um die Wirksamkeit zu bewahren, den Abbau zu verhindern und die wiederholte Verwendung zu unterst\u00fctzen, w\u00e4hrend die Produktauthentizit\u00e4t und die hochwertige Regalpr\u00e4sentation verst\u00e4rkt werden. Perfekter Schutz der Produktintegrit\u00e4t, Erhaltung des Geschmacks und Unterst\u00fctzung praktischer, mehrfacher Verwendungsszenarien bei gleichzeitiger Aufrechterhaltung einer starken Regalattraktivit\u00e4t. Fordern Sie jetzt ein kostenloses Muster an!<\/p>\n<h2>Parameter des Gro\u00dfhandels 3-Seiten-Siegel-Beutel<\/h2>\n<ul>\n<li><strong>Material:<\/strong>\u00a0PET\/PE, PET\/NY\/PE, PET\/AL\/NY\/PE, usw.<\/li>\n<li><strong>Tasche Typ<\/strong>: <strong>3-Seiten-Dichtung<\/strong><strong>\u00a0Beutel<\/strong><\/li>\n<li><strong>Gr\u00f6\u00dfe<\/strong>: Benutzerdefiniert<\/li>\n<li><strong>Individuelle Bestellung<\/strong>: Akzeptieren Sie OEM &amp; ODM<\/li>\n<li><strong>Kostenlose Probe<\/strong>: Unterst\u00fctzung<\/li>\n<li><strong>Verwendung<\/strong>: Pflanzliche Nutrazeutika und andere<\/li>\n<li><strong>Farbe<\/strong>: Kann angepasst werden<\/li>\n<li><strong>Zielm\u00e4rkte<\/strong>: \u00dcberall auf der Welt<\/li>\n<\/ul>","protected":false},"featured_media":2920,"comment_status":"closed","ping_status":"closed","template":"","meta":{"_acf_changed":false},"market":[],"product_brand":[],"product_cat":[53,67],"product_tag":[],"class_list":{"0":"post-2918","1":"product","2":"type-product","3":"status-publish","4":"has-post-thumbnail","6":"product_cat-three-side-seal-pouch-wholesale","7":"product_cat-custom-flat-pouch","9":"first","10":"instock","11":"shipping-taxable","12":"product-type-simple"},"acf":[],"_links":{"self":[{"href":"https:\/\/www.zkprintpack.com\/de\/wp-json\/wp\/v2\/product\/2918","targetHints":{"allow":["GET"]}}],"collection":[{"href":"https:\/\/www.zkprintpack.com\/de\/wp-json\/wp\/v2\/product"}],"about":[{"href":"https:\/\/www.zkprintpack.com\/de\/wp-json\/wp\/v2\/types\/product"}],"replies":[{"embeddable":true,"href":"https:\/\/www.zkprintpack.com\/de\/wp-json\/wp\/v2\/comments?post=2918"}],"wp:featuredmedia":[{"embeddable":true,"href":"https:\/\/www.zkprintpack.com\/de\/wp-json\/wp\/v2\/media\/2920"}],"wp:attachment":[{"href":"https:\/\/www.zkprintpack.com\/de\/wp-json\/wp\/v2\/media?parent=2918"}],"wp:term":[{"taxonomy":"market","embeddable":true,"href":"https:\/\/www.zkprintpack.com\/de\/wp-json\/wp\/v2\/market?post=2918"},{"taxonomy":"product_brand","embeddable":true,"href":"https:\/\/www.zkprintpack.com\/de\/wp-json\/wp\/v2\/product_brand?post=2918"},{"taxonomy":"product_cat","embeddable":true,"href":"https:\/\/www.zkprintpack.com\/de\/wp-json\/wp\/v2\/product_cat?post=2918"},{"taxonomy":"product_tag","embeddable":true,"href":"https:\/\/www.zkprintpack.com\/de\/wp-json\/wp\/v2\/product_tag?post=2918"}],"curies":[{"name":"wp","href":"https:\/\/api.w.org\/{rel}","templated":true}]}}