{"id":2865,"date":"2026-03-13T11:10:29","date_gmt":"2026-03-13T11:10:29","guid":{"rendered":"https:\/\/www.zkprintpack.com\/?post_type=product&#038;p=2865"},"modified":"2026-03-13T11:10:31","modified_gmt":"2026-03-13T11:10:31","slug":"customized-spout-pouch-chemical-liquid","status":"publish","type":"product","link":"https:\/\/www.zkprintpack.com\/de\/product\/customized-spout-pouch-chemical-liquid\/","title":{"rendered":"Kundenspezifischer Ausgie\u00dferbeutel f\u00fcr Bauchemikalien, Beutel f\u00fcr fl\u00fcssige Baustoffe"},"content":{"rendered":"<div class=\"wp-block-columns is-layout-flex wp-container-core-columns-is-layout-9d6595d7 wp-block-columns-is-layout-flex\">\n<div class=\"wp-block-column is-layout-flow wp-block-column-is-layout-flow\">\n<h2 class=\"wp-block-heading\">Kundenspezifische Ausgie\u00dfertasche Merkmale<\/h2>\n\n\n\n<ul class=\"wp-block-list\">\n<li><strong>Chemikalienresistente Innenschicht<br><\/strong>Das Innenmaterial unserer ma\u00dfgefertigten Ausgie\u00dferbeutel ist so konzipiert, dass es gegen L\u00f6sungsmittel, Polymere, Harze und Zusatzstoffe, die \u00fcblicherweise in Bauchemikalien vorkommen, best\u00e4ndig ist. Dies verhindert Materialverschlechterung, Aufquellen oder Verunreinigung w\u00e4hrend der Langzeitlagerung.<\/li>\n\n\n\n<li><strong>Sichere Integration von Verschluss und Ausguss<\/strong><br>Der Ausgie\u00dfer sorgt f\u00fcr eine kontrollierte Produktabgabe bei gleichzeitig dichtem Verschluss. Diese Verschl\u00fcsse verhindern ein Auslaufen und erm\u00f6glichen es, die Verpackung mehrfach zu \u00f6ffnen und wieder zu verschlie\u00dfen.<\/li>\n\n\n\n<li><strong>Dauerhafte industrielle Druckqualit\u00e4t<\/strong><br>Der hoch haftende Druck sorgt daf\u00fcr, dass Logos, Produktnamen und technische Informationen w\u00e4hrend des gesamten Produktlebenszyklus deutlich erkennbar bleiben. Die Grafiken sind widerstandsf\u00e4hig gegen Abrieb und Umwelteinfl\u00fcsse, wie sie auf Baustellen h\u00e4ufig vorkommen.<\/li>\n\n\n\n<li><strong>Zuverl\u00e4ssige, lecksichere Abdichtung<br><\/strong>Dieser ma\u00dfgeschneiderte Ausgie\u00dferbeutel verf\u00fcgt \u00fcber starke Hei\u00dfsiegelkanten, die sicherstellen, dass viskose Fl\u00fcssigkeiten, Beschichtungen oder Pasten w\u00e4hrend des Transports und der Lagerung sicher eingeschlossen bleiben. Die Siegelstruktur ist so konstruiert, dass sie Stapeldruck und Handhabungsst\u00f6\u00dfen standh\u00e4lt.<\/li>\n\n\n\n<li>Als spezialisierter Hersteller kundenspezifischer Ausgie\u00dferbeutel k\u00f6nnen wir die Produktion direkt im Werk mit einem ausgefeilten Beutelherstellungs- und Druckverfahren anbieten. So k\u00f6nnen wir eine stabile Basis f\u00fcr gro\u00dfe Auftragsvolumina bieten.<\/li>\n<\/ul>\n<\/div>\n\n\n\n<div class=\"wp-block-column is-layout-flow wp-block-column-is-layout-flow\">\n<figure class=\"wp-block-image size-full\"><img decoding=\"async\" width=\"800\" height=\"800\" src=\"https:\/\/www.zkprintpack.com\/wp-content\/uploads\/2026\/03\/customized-spout-pouch-4.webp\" alt=\"kundenspezifischer T\u00fcllenbeutel (4)\" class=\"wp-image-2869\" srcset=\"https:\/\/www.zkprintpack.com\/wp-content\/uploads\/2026\/03\/customized-spout-pouch-4.webp 800w, https:\/\/www.zkprintpack.com\/wp-content\/uploads\/2026\/03\/customized-spout-pouch-4-150x150.webp 150w, https:\/\/www.zkprintpack.com\/wp-content\/uploads\/2026\/03\/customized-spout-pouch-4-768x768.webp 768w, https:\/\/www.zkprintpack.com\/wp-content\/uploads\/2026\/03\/customized-spout-pouch-4-12x12.webp 12w, https:\/\/www.zkprintpack.com\/wp-content\/uploads\/2026\/03\/customized-spout-pouch-4-600x600.webp 600w, https:\/\/www.zkprintpack.com\/wp-content\/uploads\/2026\/03\/customized-spout-pouch-4-300x300.webp 300w, https:\/\/www.zkprintpack.com\/wp-content\/uploads\/2026\/03\/customized-spout-pouch-4-100x100.webp 100w\" sizes=\"(max-width: 800px) 100vw, 800px\" \/><\/figure>\n<\/div>\n<\/div>\n\n\n\n<p><\/p>","protected":false},"excerpt":{"rendered":"<p>Diese kundenspezifischen T\u00fcllenbeutel sind f\u00fcr Bauchemikalien wie wasserfeste Beschichtungen, Dichtstoffe, M\u00f6rtelkleber und Baupasten konzipiert. Die aus chemikalienbest\u00e4ndigen Materialien und verst\u00e4rkten Dichtungsstrukturen gefertigten Beutel gew\u00e4hrleisten eine sichere Lagerung, einen auslaufsicheren Transport und eine bequeme Anwendung in anspruchsvollen Baustellenumgebungen.<\/p>\n<h2>Parameter des kundenspezifischen Ausgussbeutels<\/h2>\n<ul>\n<li><strong>Material:<\/strong>\u00a0PET\/PE, PET\/NY\/PE, PET\/AL\/NY\/PE, usw.<\/li>\n<li><strong>Tasche Typ<\/strong>: <strong>Ausgie\u00dfer <\/strong><strong>Beutel<\/strong><\/li>\n<li><strong>Gr\u00f6\u00dfe<\/strong>: Benutzerdefiniert<\/li>\n<li><strong>Individuelle Bestellung<\/strong>: Akzeptieren Sie OEM &amp; ODM<\/li>\n<li><strong>Kostenlose Probe<\/strong>: Unterst\u00fctzung<\/li>\n<li><strong>Verwendung<\/strong>: Baufl\u00fcssigkeit, und andere<\/li>\n<li><strong>Farbe<\/strong>: Kann angepasst werden<\/li>\n<li><strong>Zielm\u00e4rkte<\/strong>: \u00dcberall auf der Welt<\/li>\n<\/ul>","protected":false},"featured_media":2870,"comment_status":"closed","ping_status":"closed","template":"","meta":{"_acf_changed":false},"market":[],"product_brand":[],"product_cat":[56],"product_tag":[],"class_list":{"0":"post-2865","1":"product","2":"type-product","3":"status-publish","4":"has-post-thumbnail","6":"product_cat-custom-spout-pouches-supplier","8":"first","9":"instock","10":"shipping-taxable","11":"product-type-simple"},"acf":[],"_links":{"self":[{"href":"https:\/\/www.zkprintpack.com\/de\/wp-json\/wp\/v2\/product\/2865","targetHints":{"allow":["GET"]}}],"collection":[{"href":"https:\/\/www.zkprintpack.com\/de\/wp-json\/wp\/v2\/product"}],"about":[{"href":"https:\/\/www.zkprintpack.com\/de\/wp-json\/wp\/v2\/types\/product"}],"replies":[{"embeddable":true,"href":"https:\/\/www.zkprintpack.com\/de\/wp-json\/wp\/v2\/comments?post=2865"}],"wp:featuredmedia":[{"embeddable":true,"href":"https:\/\/www.zkprintpack.com\/de\/wp-json\/wp\/v2\/media\/2870"}],"wp:attachment":[{"href":"https:\/\/www.zkprintpack.com\/de\/wp-json\/wp\/v2\/media?parent=2865"}],"wp:term":[{"taxonomy":"market","embeddable":true,"href":"https:\/\/www.zkprintpack.com\/de\/wp-json\/wp\/v2\/market?post=2865"},{"taxonomy":"product_brand","embeddable":true,"href":"https:\/\/www.zkprintpack.com\/de\/wp-json\/wp\/v2\/product_brand?post=2865"},{"taxonomy":"product_cat","embeddable":true,"href":"https:\/\/www.zkprintpack.com\/de\/wp-json\/wp\/v2\/product_cat?post=2865"},{"taxonomy":"product_tag","embeddable":true,"href":"https:\/\/www.zkprintpack.com\/de\/wp-json\/wp\/v2\/product_tag?post=2865"}],"curies":[{"name":"wp","href":"https:\/\/api.w.org\/{rel}","templated":true}]}}