{"id":2860,"date":"2026-03-13T11:14:57","date_gmt":"2026-03-13T11:14:57","guid":{"rendered":"https:\/\/www.zkprintpack.com\/?post_type=product&#038;p=2860"},"modified":"2026-03-13T11:14:59","modified_gmt":"2026-03-13T11:14:59","slug":"wholesale-rice-packaging-bag-factory","status":"publish","type":"product","link":"https:\/\/www.zkprintpack.com\/de\/product\/wholesale-rice-packaging-bag-factory\/","title":{"rendered":"Gro\u00dfhandel Reis Verpackung Tasche, Carry Hole Design - Quad Seal Pouch Versorgung"},"content":{"rendered":"<div class=\"wp-block-columns is-layout-flex wp-container-core-columns-is-layout-9d6595d7 wp-block-columns-is-layout-flex\">\n<div class=\"wp-block-column is-layout-flow wp-block-column-is-layout-flow\">\n<h2 class=\"wp-block-heading\">Benutzerdefinierte Gro\u00dfhandel Reis Verpackung Tasche Merkmale<\/h2>\n\n\n\n<ul class=\"wp-block-list\">\n<li><strong>Struktur aus hochfestem laminiertem Material<\/strong><br>Unsere Gro\u00dfhandels-Reisverpackungsbeutel bestehen aus haltbaren, mehrschichtigen Verbundmaterialien, die dem Gewicht von Getreideprodukten standhalten. Diese Struktur bietet eine hohe Widerstandsf\u00e4higkeit gegen Rei\u00dfen, Einstiche und Abrieb bei Lagerung und Transport.<\/li>\n\n\n\n<li><strong>Hervorragender Schutz vor Feuchtigkeitseinwirkung<\/strong><br>Die Verpackung enth\u00e4lt eine hohe Feuchtigkeitsbarriere, die das Eindringen von Wasserdampf in den Beutel verhindert. Dadurch bleibt der Reis trocken, was Schimmelbildung, Insektenbefall und Qualit\u00e4tseinbu\u00dfen w\u00e4hrend der Lagerung verhindert.<\/li>\n\n\n\n<li><strong>Zuverl\u00e4ssig hei\u00dfversiegelte Kanten<\/strong><br>Alle Dichtungsbereiche, einschlie\u00dflich der Seitendichtungen und der Bodendichtung, sind f\u00fcr eine hohe Dichtungsst\u00e4rke ausgelegt. Dies verhindert das Auslaufen von Getreide und sorgt daf\u00fcr, dass der Beutel w\u00e4hrend des gesamten Vertriebs und der Handhabung intakt bleibt.<\/li>\n\n\n\n<li><strong>Verst\u00e4rktes Tragegriff-Design<br><\/strong>Der gestanzte Griff an der Oberseite des Gro\u00dfhandels-Reisbeutels ist verst\u00e4rkt, um das gesamte Produktgewicht sicher zu tragen. Dank dieser Konstruktion k\u00f6nnen die Verbraucher schwere Reiss\u00e4cke bequem tragen, ohne dass die Gefahr besteht, dass sie reissen.<\/li>\n\n\n\n<li>Als spezialisierter Hersteller von Reisverpackungsbeuteln f\u00fcr den Gro\u00dfhandel k\u00f6nnen wir die Produktion direkt ab Werk mit einem ausgefeilten Beutelherstellungs- und Druckverfahren anbieten. So k\u00f6nnen wir eine stabile Basis f\u00fcr gro\u00dfe Auftragsvolumina bieten.<\/li>\n<\/ul>\n<\/div>\n\n\n\n<div class=\"wp-block-column is-layout-flow wp-block-column-is-layout-flow\">\n<figure class=\"wp-block-image size-full\"><img decoding=\"async\" width=\"800\" height=\"800\" src=\"https:\/\/www.zkprintpack.com\/wp-content\/uploads\/2026\/03\/wholesale-rice-packaging-bags-3.webp\" alt=\"Verpackungsbeutel f\u00fcr Reis im Gro\u00dfhandel (3)\" class=\"wp-image-2863\" srcset=\"https:\/\/www.zkprintpack.com\/wp-content\/uploads\/2026\/03\/wholesale-rice-packaging-bags-3.webp 800w, https:\/\/www.zkprintpack.com\/wp-content\/uploads\/2026\/03\/wholesale-rice-packaging-bags-3-150x150.webp 150w, https:\/\/www.zkprintpack.com\/wp-content\/uploads\/2026\/03\/wholesale-rice-packaging-bags-3-768x768.webp 768w, https:\/\/www.zkprintpack.com\/wp-content\/uploads\/2026\/03\/wholesale-rice-packaging-bags-3-12x12.webp 12w, https:\/\/www.zkprintpack.com\/wp-content\/uploads\/2026\/03\/wholesale-rice-packaging-bags-3-600x600.webp 600w, https:\/\/www.zkprintpack.com\/wp-content\/uploads\/2026\/03\/wholesale-rice-packaging-bags-3-300x300.webp 300w, https:\/\/www.zkprintpack.com\/wp-content\/uploads\/2026\/03\/wholesale-rice-packaging-bags-3-100x100.webp 100w\" sizes=\"(max-width: 800px) 100vw, 800px\" \/><\/figure>\n<\/div>\n<\/div>\n\n\n\n<p><\/p>","protected":false},"excerpt":{"rendered":"<p>Gro\u00dfhandels-Reisverpackungsbeutel, entwickelt f\u00fcr lose Getreideprodukte. Mit hochfesten laminierten Materialien, verst\u00e4rkten Tragestrukturen und ausgezeichnetem Feuchtigkeitsschutz gew\u00e4hrleistet er einen sicheren Transport, langfristige Frische und eine starke Regalpr\u00e4sentation f\u00fcr die Premium-Reismarke.<\/p>\n<h2>Parameter der Gro\u00dfhandel Reis Verpackung Tasche<\/h2>\n<ul>\n<li><strong>Material:<\/strong>\u00a0PET\/PE, PET\/NY\/PE, PET\/AL\/NY\/PE, usw.<\/li>\n<li><strong>Tasche Typ<\/strong>: <strong>Vierfachdichtung <\/strong><strong>Beutel<\/strong><\/li>\n<li><strong>Gr\u00f6\u00dfe<\/strong>: Benutzerdefiniert<\/li>\n<li><strong>Individuelle Bestellung<\/strong>: Akzeptieren Sie OEM &amp; ODM<\/li>\n<li><strong>Kostenlose Probe<\/strong>: Unterst\u00fctzung<\/li>\n<li><strong>Verwendung<\/strong>: Reis, Getreide und andere<\/li>\n<li><strong>Farbe<\/strong>: Kann angepasst werden<\/li>\n<li><strong>Zielm\u00e4rkte<\/strong>: \u00dcberall auf der Welt<\/li>\n<\/ul>","protected":false},"featured_media":2862,"comment_status":"closed","ping_status":"closed","template":"","meta":{"_acf_changed":false},"market":[],"product_brand":[],"product_cat":[54],"product_tag":[],"class_list":{"0":"post-2860","1":"product","2":"type-product","3":"status-publish","4":"has-post-thumbnail","6":"product_cat-quad-seal-pouch-supplier","8":"first","9":"instock","10":"shipping-taxable","11":"product-type-simple"},"acf":[],"_links":{"self":[{"href":"https:\/\/www.zkprintpack.com\/de\/wp-json\/wp\/v2\/product\/2860","targetHints":{"allow":["GET"]}}],"collection":[{"href":"https:\/\/www.zkprintpack.com\/de\/wp-json\/wp\/v2\/product"}],"about":[{"href":"https:\/\/www.zkprintpack.com\/de\/wp-json\/wp\/v2\/types\/product"}],"replies":[{"embeddable":true,"href":"https:\/\/www.zkprintpack.com\/de\/wp-json\/wp\/v2\/comments?post=2860"}],"wp:featuredmedia":[{"embeddable":true,"href":"https:\/\/www.zkprintpack.com\/de\/wp-json\/wp\/v2\/media\/2862"}],"wp:attachment":[{"href":"https:\/\/www.zkprintpack.com\/de\/wp-json\/wp\/v2\/media?parent=2860"}],"wp:term":[{"taxonomy":"market","embeddable":true,"href":"https:\/\/www.zkprintpack.com\/de\/wp-json\/wp\/v2\/market?post=2860"},{"taxonomy":"product_brand","embeddable":true,"href":"https:\/\/www.zkprintpack.com\/de\/wp-json\/wp\/v2\/product_brand?post=2860"},{"taxonomy":"product_cat","embeddable":true,"href":"https:\/\/www.zkprintpack.com\/de\/wp-json\/wp\/v2\/product_cat?post=2860"},{"taxonomy":"product_tag","embeddable":true,"href":"https:\/\/www.zkprintpack.com\/de\/wp-json\/wp\/v2\/product_tag?post=2860"}],"curies":[{"name":"wp","href":"https:\/\/api.w.org\/{rel}","templated":true}]}}