{"id":2854,"date":"2026-03-13T11:11:07","date_gmt":"2026-03-13T11:11:07","guid":{"rendered":"https:\/\/www.zkprintpack.com\/?post_type=product&#038;p=2854"},"modified":"2026-03-24T10:33:23","modified_gmt":"2026-03-24T10:33:23","slug":"wholesale-spout-pouches-factory-direct","status":"publish","type":"product","link":"https:\/\/www.zkprintpack.com\/de\/product\/wholesale-spout-pouches-factory-direct\/","title":{"rendered":"Gro\u00dfhandel Spout Beutel mit Handle Hole, Factory Direct - Spout Beutel Taschen Fabrik"},"content":{"rendered":"<div class=\"wp-block-columns is-layout-flex wp-container-core-columns-is-layout-9d6595d7 wp-block-columns-is-layout-flex\">\n<div class=\"wp-block-column is-layout-flow wp-block-column-is-layout-flow\">\n<h2 class=\"wp-block-heading\">Benutzerdefinierte Gro\u00dfhandel Auslaufbeutel Merkmal<\/h2>\n\n\n\n<ul class=\"wp-block-list\">\n<li><strong>Hochfeste, lecksichere Abdichtung<\/strong><br>Unsere Gro\u00dfhandelsbeutel mit Ausgie\u00dfer verwenden eine verst\u00e4rkte Hei\u00dfsiegeltechnologie, um ein Auslaufen w\u00e4hrend der Abf\u00fcllung, des Transports und der Lagerung zu verhindern. Diese Struktur gew\u00e4hrleistet einen sicheren Einschluss von Fl\u00fcssigkeiten, viskosen Produkten und Pulvern unter Druck oder Bewegung.<\/li>\n\n\n\n<li><strong>Chemikalienbest\u00e4ndiges Innenmaterial<br><\/strong>Die innere Schicht ist so konzipiert, dass sie chemischen Komponenten wie Polymeren, Tensiden, Duftstoffen und Zusatzstoffen standh\u00e4lt. Dies verhindert Materialverschlechterung, Migration oder Verunreinigung des verpackten Produkts.<\/li>\n\n\n\n<li><strong>Langlebige Konstruktion f\u00fcr industrielle Handhabung<\/strong><br>Hochfeste Verbundfolien verleihen diesen Gro\u00dfhandelsausgie\u00dferbeuteln eine hohe Durchsto\u00df-, Abrieb- und Sto\u00dffestigkeit. Dank dieser Widerstandsf\u00e4higkeit k\u00f6nnen die Verpackungen in Logistikumgebungen, Lagern und auf Baustellen zuverl\u00e4ssig eingesetzt werden.<\/li>\n\n\n\n<li><strong>Strapazierf\u00e4higer und lang anhaltender Druck<\/strong><br>Hochadh\u00e4sive Druckfarben sorgen daf\u00fcr, dass Markeninformationen, Produktkennzeichnungen und Gebrauchsanweisungen klar und deutlich sichtbar bleiben. Die Grafiken widerstehen Abrieb, Verblassen und Umwelteinfl\u00fcssen w\u00e4hrend der Verteilung.<\/li>\n\n\n\n<li>Als spezialisierte Gro\u00dfhandelsfabrik f\u00fcr Ausgie\u00dferbeutel k\u00f6nnen wir eine fabrikm\u00e4\u00dfige Direktproduktion mit einem ausgefeilten Beutelherstellungs- und Druckverfahren anbieten. So k\u00f6nnen wir eine stabile Basis f\u00fcr gro\u00dfe Volumenauftr\u00e4ge bieten.<\/li>\n<\/ul>\n<\/div>\n\n\n\n<div class=\"wp-block-column is-layout-flow wp-block-column-is-layout-flow\">\n<figure class=\"wp-block-image size-full\"><img decoding=\"async\" width=\"800\" height=\"800\" src=\"https:\/\/www.zkprintpack.com\/wp-content\/uploads\/2026\/03\/Wholesale-Spout-Pouches-Factory-4.webp\" alt=\"Gro\u00dfhandel T\u00fcllenbeutel Fabrik (4)\" class=\"wp-image-2858\" srcset=\"https:\/\/www.zkprintpack.com\/wp-content\/uploads\/2026\/03\/Wholesale-Spout-Pouches-Factory-4.webp 800w, https:\/\/www.zkprintpack.com\/wp-content\/uploads\/2026\/03\/Wholesale-Spout-Pouches-Factory-4-150x150.webp 150w, https:\/\/www.zkprintpack.com\/wp-content\/uploads\/2026\/03\/Wholesale-Spout-Pouches-Factory-4-768x768.webp 768w, https:\/\/www.zkprintpack.com\/wp-content\/uploads\/2026\/03\/Wholesale-Spout-Pouches-Factory-4-12x12.webp 12w, https:\/\/www.zkprintpack.com\/wp-content\/uploads\/2026\/03\/Wholesale-Spout-Pouches-Factory-4-600x600.webp 600w, https:\/\/www.zkprintpack.com\/wp-content\/uploads\/2026\/03\/Wholesale-Spout-Pouches-Factory-4-300x300.webp 300w, https:\/\/www.zkprintpack.com\/wp-content\/uploads\/2026\/03\/Wholesale-Spout-Pouches-Factory-4-100x100.webp 100w\" sizes=\"(max-width: 800px) 100vw, 800px\" \/><\/figure>\n<\/div>\n<\/div>\n\n\n\n<p><\/p>","protected":false},"excerpt":{"rendered":"<p>Gro\u00dfhandel Ausgie\u00dfer Beutel Fabrik Versorgung. Diese T\u00fcllenbeutel sind f\u00fcr Industriechemikalien, Haushaltsreiniger und pulverf\u00f6rmige Gew\u00fcrze konzipiert, die eine hohe Haltbarkeit, Auslaufschutz und ein n\u00fctzliches Griffloch erfordern.<\/p>\n<h2>Parameter des Gro\u00dfhandels Ausgie\u00dferbeutel<\/h2>\n<ul>\n<li><strong>Material:<\/strong>\u00a0PET\/PE, PET\/NY\/PE, PET\/AL\/NY\/PE, usw.<\/li>\n<li><strong>Tasche Typ<\/strong>: <strong>Ausgie\u00dfer <\/strong><strong>Beutel<\/strong><\/li>\n<li><strong>Gr\u00f6\u00dfe<\/strong>: Benutzerdefiniert<\/li>\n<li><strong>Individuelle Bestellung<\/strong>: Akzeptieren Sie OEM &amp; ODM<\/li>\n<li><strong>Kostenlose Probe<\/strong>: Unterst\u00fctzung<\/li>\n<li><strong>Verwendung<\/strong>: Industrielle Emulsionen, Sp\u00fclmittel, Harzpulver und andere<\/li>\n<li><strong>Farbe<\/strong>: Kann angepasst werden<\/li>\n<li><strong>Zielm\u00e4rkte<\/strong>: \u00dcberall auf der Welt<\/li>\n<\/ul>","protected":false},"featured_media":2858,"comment_status":"closed","ping_status":"closed","template":"","meta":{"_acf_changed":false},"market":[51],"product_brand":[],"product_cat":[56],"product_tag":[],"class_list":{"0":"post-2854","1":"product","2":"type-product","3":"status-publish","4":"has-post-thumbnail","6":"market-personal-care-and-cosmetic","7":"product_cat-custom-spout-pouches-supplier","9":"first","10":"instock","11":"shipping-taxable","12":"product-type-simple"},"acf":[],"_links":{"self":[{"href":"https:\/\/www.zkprintpack.com\/de\/wp-json\/wp\/v2\/product\/2854","targetHints":{"allow":["GET"]}}],"collection":[{"href":"https:\/\/www.zkprintpack.com\/de\/wp-json\/wp\/v2\/product"}],"about":[{"href":"https:\/\/www.zkprintpack.com\/de\/wp-json\/wp\/v2\/types\/product"}],"replies":[{"embeddable":true,"href":"https:\/\/www.zkprintpack.com\/de\/wp-json\/wp\/v2\/comments?post=2854"}],"wp:featuredmedia":[{"embeddable":true,"href":"https:\/\/www.zkprintpack.com\/de\/wp-json\/wp\/v2\/media\/2858"}],"wp:attachment":[{"href":"https:\/\/www.zkprintpack.com\/de\/wp-json\/wp\/v2\/media?parent=2854"}],"wp:term":[{"taxonomy":"market","embeddable":true,"href":"https:\/\/www.zkprintpack.com\/de\/wp-json\/wp\/v2\/market?post=2854"},{"taxonomy":"product_brand","embeddable":true,"href":"https:\/\/www.zkprintpack.com\/de\/wp-json\/wp\/v2\/product_brand?post=2854"},{"taxonomy":"product_cat","embeddable":true,"href":"https:\/\/www.zkprintpack.com\/de\/wp-json\/wp\/v2\/product_cat?post=2854"},{"taxonomy":"product_tag","embeddable":true,"href":"https:\/\/www.zkprintpack.com\/de\/wp-json\/wp\/v2\/product_tag?post=2854"}],"curies":[{"name":"wp","href":"https:\/\/api.w.org\/{rel}","templated":true}]}}