{"id":2850,"date":"2026-03-13T11:16:14","date_gmt":"2026-03-13T11:16:14","guid":{"rendered":"https:\/\/www.zkprintpack.com\/?post_type=product&#038;p=2850"},"modified":"2026-03-13T11:16:16","modified_gmt":"2026-03-13T11:16:16","slug":"wholesale-flat-bottom-pouch-supply","status":"publish","type":"product","link":"https:\/\/www.zkprintpack.com\/de\/product\/wholesale-flat-bottom-pouch-supply\/","title":{"rendered":"Gro\u00dfhandel flachen Boden Beutel mit Rei\u00dfverschluss, Factory Supply - flachen Boden Beutel Verpackung Fabrik"},"content":{"rendered":"<div class=\"wp-block-columns is-layout-flex wp-container-core-columns-is-layout-9d6595d7 wp-block-columns-is-layout-flex\">\n<div class=\"wp-block-column is-layout-flow wp-block-column-is-layout-flow\">\n<h2 class=\"wp-block-heading\">Benutzerdefinierte Gro\u00dfhandel flachen Boden Pouch Merkmale<\/h2>\n\n\n\n<ul class=\"wp-block-list\">\n<li><strong>Stabiler Stand-up-Bodenzwickel<br><\/strong>Unser Gro\u00dfhandelsbeutel mit flachem Boden verf\u00fcgt \u00fcber eine Bodenfalte, die sich ausdehnt und eine stabile Basis bildet, wenn er gef\u00fcllt ist. Dadurch kann der Beutel aufrecht in Einzelhandelsregalen und zu Hause stehen, was die Aufbewahrung und die visuelle Pr\u00e4sentation verbessert.<\/li>\n\n\n\n<li><strong>Langlebiger, wiederverschlie\u00dfbarer Rei\u00dfverschluss<br><\/strong>Ein hochwertiger Rei\u00dfverschluss erm\u00f6glicht es, den Beutel mehrfach zu \u00f6ffnen und wieder zu verschlie\u00dfen. Dadurch bleibt die Frische nach dem \u00d6ffnen erhalten.<\/li>\n\n\n\n<li><strong>Hohe Sauerstoffbarriere zum Schutz der Frische<br><\/strong>F\u00fcr den Gro\u00dfhandels-Flachbodenbeutel werden hochbarrierelaminierte Materialien verwendet, die die Sauerstoff\u00fcbertragung reduzieren. Dies tr\u00e4gt dazu bei, dass Geschmack, Farbe und N\u00e4hrwert w\u00e4hrend der gesamten Haltbarkeitsdauer des Produkts erhalten bleiben.<\/li>\n\n\n\n<li><strong>Leicht zu \u00f6ffnendes Design<\/strong><br>Vorgestanzte Aufrei\u00dfkerben erm\u00f6glichen dem Verbraucher ein schnelles \u00d6ffnen des Beutels ohne Schere. Die saubere Aufrei\u00dflinie verbessert das Erstgebrauchserlebnis und erh\u00e4lt die Integrit\u00e4t der Verpackung vor dem \u00d6ffnen.<\/li>\n\n\n\n<li>Als spezialisierte Gro\u00dfhandelsfabrik f\u00fcr Flachbodenbeutel k\u00f6nnen wir eine fabrikm\u00e4\u00dfige Direktproduktion mit einem ausgefeilten Beutelherstellungs- und Druckverfahren anbieten. So k\u00f6nnen wir eine stabile Basis f\u00fcr gro\u00dfe Auftragsvolumina bieten.<\/li>\n<\/ul>\n<\/div>\n\n\n\n<div class=\"wp-block-column is-layout-flow wp-block-column-is-layout-flow\">\n<figure class=\"wp-block-image size-full\"><img decoding=\"async\" width=\"800\" height=\"800\" src=\"https:\/\/www.zkprintpack.com\/wp-content\/uploads\/2026\/03\/Flat-Bottom-Pouch-Factory.webp\" alt=\"Flachboden-Beutel-Fabrik\" class=\"wp-image-2852\" srcset=\"https:\/\/www.zkprintpack.com\/wp-content\/uploads\/2026\/03\/Flat-Bottom-Pouch-Factory.webp 800w, https:\/\/www.zkprintpack.com\/wp-content\/uploads\/2026\/03\/Flat-Bottom-Pouch-Factory-150x150.webp 150w, https:\/\/www.zkprintpack.com\/wp-content\/uploads\/2026\/03\/Flat-Bottom-Pouch-Factory-768x768.webp 768w, https:\/\/www.zkprintpack.com\/wp-content\/uploads\/2026\/03\/Flat-Bottom-Pouch-Factory-12x12.webp 12w, https:\/\/www.zkprintpack.com\/wp-content\/uploads\/2026\/03\/Flat-Bottom-Pouch-Factory-600x600.webp 600w, https:\/\/www.zkprintpack.com\/wp-content\/uploads\/2026\/03\/Flat-Bottom-Pouch-Factory-300x300.webp 300w, https:\/\/www.zkprintpack.com\/wp-content\/uploads\/2026\/03\/Flat-Bottom-Pouch-Factory-100x100.webp 100w\" sizes=\"(max-width: 800px) 100vw, 800px\" \/><\/figure>\n<\/div>\n<\/div>\n\n\n\n<p><\/p>","protected":false},"excerpt":{"rendered":"<p>Gro\u00dfhandel flachen Boden Beutel, Fabrik Versorgung. Er verf\u00fcgt \u00fcber Hochbarrierematerialien und einen wiederverschlie\u00dfbaren Rei\u00dfverschluss, der die Frische sch\u00fctzt und gleichzeitig eine erstklassige Pr\u00e4sentation im Regal und einen bequemen t\u00e4glichen Gebrauch erm\u00f6glicht.<\/p>\n<h2>Parameter des Gro\u00dfhandels Flachbodenbeutel<\/h2>\n<ul>\n<li><strong>Material:<\/strong>\u00a0PET\/PE, PET\/NY\/PE, PET\/AL\/NY\/PE, usw.<\/li>\n<li><strong>Tasche Typ<\/strong>: <strong>Flachboden-Beutel<\/strong><\/li>\n<li><strong>Gr\u00f6\u00dfe<\/strong>: Benutzerdefiniert<\/li>\n<li><strong>Individuelle Bestellung<\/strong>: Akzeptieren Sie OEM &amp; ODM<\/li>\n<li><strong>Kostenlose Probe<\/strong>: Unterst\u00fctzung<\/li>\n<li><strong>Verwendung<\/strong>: Nudeln, und andere<\/li>\n<li><strong>Farbe<\/strong>: Kann angepasst werden<\/li>\n<li><strong>Zielm\u00e4rkte<\/strong>: \u00dcberall auf der Welt<\/li>\n<\/ul>","protected":false},"featured_media":2853,"comment_status":"closed","ping_status":"closed","template":"","meta":{"_acf_changed":false},"market":[],"product_brand":[],"product_cat":[55],"product_tag":[],"class_list":{"0":"post-2850","1":"product","2":"type-product","3":"status-publish","4":"has-post-thumbnail","6":"product_cat-flat-bottom-pouches-wholesale","8":"first","9":"instock","10":"shipping-taxable","11":"product-type-simple"},"acf":[],"_links":{"self":[{"href":"https:\/\/www.zkprintpack.com\/de\/wp-json\/wp\/v2\/product\/2850","targetHints":{"allow":["GET"]}}],"collection":[{"href":"https:\/\/www.zkprintpack.com\/de\/wp-json\/wp\/v2\/product"}],"about":[{"href":"https:\/\/www.zkprintpack.com\/de\/wp-json\/wp\/v2\/types\/product"}],"replies":[{"embeddable":true,"href":"https:\/\/www.zkprintpack.com\/de\/wp-json\/wp\/v2\/comments?post=2850"}],"wp:featuredmedia":[{"embeddable":true,"href":"https:\/\/www.zkprintpack.com\/de\/wp-json\/wp\/v2\/media\/2853"}],"wp:attachment":[{"href":"https:\/\/www.zkprintpack.com\/de\/wp-json\/wp\/v2\/media?parent=2850"}],"wp:term":[{"taxonomy":"market","embeddable":true,"href":"https:\/\/www.zkprintpack.com\/de\/wp-json\/wp\/v2\/market?post=2850"},{"taxonomy":"product_brand","embeddable":true,"href":"https:\/\/www.zkprintpack.com\/de\/wp-json\/wp\/v2\/product_brand?post=2850"},{"taxonomy":"product_cat","embeddable":true,"href":"https:\/\/www.zkprintpack.com\/de\/wp-json\/wp\/v2\/product_cat?post=2850"},{"taxonomy":"product_tag","embeddable":true,"href":"https:\/\/www.zkprintpack.com\/de\/wp-json\/wp\/v2\/product_tag?post=2850"}],"curies":[{"name":"wp","href":"https:\/\/api.w.org\/{rel}","templated":true}]}}