{"id":2665,"date":"2026-02-25T07:29:11","date_gmt":"2026-02-25T07:29:11","guid":{"rendered":"https:\/\/www.zkprintpack.com\/?post_type=product&#038;p=2665"},"modified":"2026-02-25T07:29:14","modified_gmt":"2026-02-25T07:29:14","slug":"custom-printed-candy-bags-wholesale","status":"publish","type":"product","link":"https:\/\/www.zkprintpack.com\/de\/product\/custom-printed-candy-bags-wholesale\/","title":{"rendered":"Kundenspezifisch bedruckte Bonbont\u00fcten Hersteller, Hochbarriere-Verbundfolien Gro\u00dfhandel"},"content":{"rendered":"<div class=\"wp-block-columns is-layout-flex wp-container-core-columns-is-layout-9d6595d7 wp-block-columns-is-layout-flex\">\n<div class=\"wp-block-column is-layout-flow wp-block-column-is-layout-flow\">\n<h2 class=\"wp-block-heading\">Individuell bedruckte Bonbont\u00fcten Merkmale<\/h2>\n\n\n\n<ul class=\"wp-block-list\">\n<li><strong>Hohe Sauerstoffbarriere zum Schutz der Kollagenpeptidaktivit\u00e4t<\/strong><br>Unsere individuell bedruckten Bonbont\u00fcten weisen eine hohe Sauerstoffbest\u00e4ndigkeit auf, um die Oxidation zu verringern und die Stabilit\u00e4t der Kollagenpeptide und die Wirksamkeit des Produkts zu erhalten.<\/li>\n\n\n\n<li><strong>Leicht zu \u00f6ffnendes Design f\u00fcr eine bessere Verbrauchererfahrung<\/strong><br>Die integrierte Aufrei\u00dfkerbe sorgt f\u00fcr ein schnelles \u00d6ffnen ohne Werkzeug und verbessert die Benutzerfreundlichkeit beim Snackverzehr.<\/li>\n\n\n\n<li><strong>Light-Blocking-Design f\u00fcr die Konservierung von Inhaltsstoffen<\/strong><br>Unsere individuell bedruckten Bonbont\u00fcten verwenden undurchsichtige Folienstrukturen oder Schutzdrucke, die die Lichteinwirkung reduzieren und die Haltbarkeit von funktionalen Gummiprodukten erh\u00f6hen.<\/li>\n\n\n\n<li><strong>Hochwertiger visueller Stil f\u00fcr die Positionierung im Bereich Sch\u00f6nheit und Gesundheit<\/strong><br>Das klare wei\u00df-rosa Design und die realistischen Fruchtgrafiken sorgen f\u00fcr ein hochwertiges Markenimage, das sich f\u00fcr den modernen Einzelhandel eignet.<\/li>\n\n\n\n<li>Als spezialisierter Hersteller von individuell bedruckten Bonbont\u00fcten k\u00f6nnen wir eine Direktproduktion mit einem ausgefeilten Beutelherstellungs- und Druckverfahren anbieten. So k\u00f6nnen wir eine stabile Basis f\u00fcr gro\u00dfe Auftragsvolumina bieten.<\/li>\n<\/ul>\n<\/div>\n\n\n\n<div class=\"wp-block-column is-layout-flow wp-block-column-is-layout-flow\">\n<figure class=\"wp-block-image size-full\"><img decoding=\"async\" width=\"800\" height=\"800\" src=\"https:\/\/www.zkprintpack.com\/wp-content\/uploads\/2026\/02\/Custom-Printed-Candy-Bags-Manufacturer-1.webp\" alt=\"Individuell bedruckte Bonbont\u00fcten Hersteller (1)\" class=\"wp-image-2666\" srcset=\"https:\/\/www.zkprintpack.com\/wp-content\/uploads\/2026\/02\/Custom-Printed-Candy-Bags-Manufacturer-1.webp 800w, https:\/\/www.zkprintpack.com\/wp-content\/uploads\/2026\/02\/Custom-Printed-Candy-Bags-Manufacturer-1-150x150.webp 150w, https:\/\/www.zkprintpack.com\/wp-content\/uploads\/2026\/02\/Custom-Printed-Candy-Bags-Manufacturer-1-768x768.webp 768w, https:\/\/www.zkprintpack.com\/wp-content\/uploads\/2026\/02\/Custom-Printed-Candy-Bags-Manufacturer-1-12x12.webp 12w, https:\/\/www.zkprintpack.com\/wp-content\/uploads\/2026\/02\/Custom-Printed-Candy-Bags-Manufacturer-1-600x600.webp 600w, https:\/\/www.zkprintpack.com\/wp-content\/uploads\/2026\/02\/Custom-Printed-Candy-Bags-Manufacturer-1-300x300.webp 300w, https:\/\/www.zkprintpack.com\/wp-content\/uploads\/2026\/02\/Custom-Printed-Candy-Bags-Manufacturer-1-100x100.webp 100w\" sizes=\"(max-width: 800px) 100vw, 800px\" \/><\/figure>\n<\/div>\n<\/div>\n\n\n\n<p><\/p>","protected":false},"excerpt":{"rendered":"<p>Gro\u00dfhandel benutzerdefinierte gedruckte S\u00fc\u00dfigkeiten Taschen f\u00fcr Kollagen-Peptid-Gummi. Es wurde entwickelt, um die Feuchtigkeitsaufnahme zu verhindern, die flauschige Textur zu erhalten, die aktiven funktionellen Inhaltsstoffe zu bewahren und die Gummitextur zu erhalten. Gro\u00dfbestellungen unterst\u00fctzt. Kontaktieren Sie uns jetzt!<\/p>\n<h2>Parameter von individuell bedruckten Bonbont\u00fcten<\/h2>\n<ul>\n<li><strong>Material:<\/strong>\u00a0PET\/PE, PET\/NY\/PE, PET\/AL\/NY\/PE, usw.<\/li>\n<li><strong>Tasche Typ<\/strong>: <strong>Rollstock-Film\u00a0<\/strong><\/li>\n<li><strong>Gr\u00f6\u00dfe<\/strong>: Benutzerdefiniert<\/li>\n<li><strong>Individuelle Bestellung<\/strong>: Akzeptieren Sie OEM &amp; ODM<\/li>\n<li><strong>Kostenlose Probe<\/strong>: Unterst\u00fctzung<\/li>\n<li><strong>Verwendung<\/strong>: Gew\u00fcrze, Snacks, Lebensmittel, S\u00fc\u00dfigkeiten, So\u00dfen und andere<\/li>\n<li><strong>Farbe<\/strong>: Kann angepasst werden<\/li>\n<li><strong>Zielm\u00e4rkte<\/strong>: \u00dcberall auf der Welt<\/li>\n<\/ul>","protected":false},"featured_media":2668,"comment_status":"closed","ping_status":"closed","template":"","meta":{"_acf_changed":false},"market":[60],"product_brand":[],"product_cat":[57],"product_tag":[],"class_list":{"0":"post-2665","1":"product","2":"type-product","3":"status-publish","4":"has-post-thumbnail","6":"market-confectionery-packaging-supplier","7":"product_cat-rollstock-film-supplier","9":"first","10":"instock","11":"shipping-taxable","12":"product-type-simple"},"acf":[],"_links":{"self":[{"href":"https:\/\/www.zkprintpack.com\/de\/wp-json\/wp\/v2\/product\/2665","targetHints":{"allow":["GET"]}}],"collection":[{"href":"https:\/\/www.zkprintpack.com\/de\/wp-json\/wp\/v2\/product"}],"about":[{"href":"https:\/\/www.zkprintpack.com\/de\/wp-json\/wp\/v2\/types\/product"}],"replies":[{"embeddable":true,"href":"https:\/\/www.zkprintpack.com\/de\/wp-json\/wp\/v2\/comments?post=2665"}],"wp:featuredmedia":[{"embeddable":true,"href":"https:\/\/www.zkprintpack.com\/de\/wp-json\/wp\/v2\/media\/2668"}],"wp:attachment":[{"href":"https:\/\/www.zkprintpack.com\/de\/wp-json\/wp\/v2\/media?parent=2665"}],"wp:term":[{"taxonomy":"market","embeddable":true,"href":"https:\/\/www.zkprintpack.com\/de\/wp-json\/wp\/v2\/market?post=2665"},{"taxonomy":"product_brand","embeddable":true,"href":"https:\/\/www.zkprintpack.com\/de\/wp-json\/wp\/v2\/product_brand?post=2665"},{"taxonomy":"product_cat","embeddable":true,"href":"https:\/\/www.zkprintpack.com\/de\/wp-json\/wp\/v2\/product_cat?post=2665"},{"taxonomy":"product_tag","embeddable":true,"href":"https:\/\/www.zkprintpack.com\/de\/wp-json\/wp\/v2\/product_tag?post=2665"}],"curies":[{"name":"wp","href":"https:\/\/api.w.org\/{rel}","templated":true}]}}