{"id":2661,"date":"2026-02-25T07:36:41","date_gmt":"2026-02-25T07:36:41","guid":{"rendered":"https:\/\/www.zkprintpack.com\/?post_type=product&#038;p=2661"},"modified":"2026-04-15T01:18:25","modified_gmt":"2026-04-15T01:18:25","slug":"custom-cosmetic-packaging-pouches","status":"publish","type":"product","link":"https:\/\/www.zkprintpack.com\/de\/product\/custom-cosmetic-packaging-pouches\/","title":{"rendered":"Kundenspezifische Kosmetikverpackungsbeutel - chemisch sicher, hohe Sauerstoffbarriere"},"content":{"rendered":"<div class=\"wp-block-columns is-layout-flex wp-container-core-columns-is-layout-9d6595d7 wp-block-columns-is-layout-flex\">\n<div class=\"wp-block-column is-layout-flow wp-block-column-is-layout-flow\">\n<h2 class=\"wp-block-heading\">Kundenspezifische Kosmetikverpackungsbeutel Merkmale<\/h2>\n\n\n\n<ul class=\"wp-block-list\">\n<li><strong>Formelsichere chemische Kompatibilit\u00e4t<br><\/strong>Die Innenschicht unserer ma\u00dfgefertigten Kosmetikverpackungen ist chemisch inert und vollst\u00e4ndig mit Hautpflegeformulierungen kompatibel, um Reaktionen zu verhindern, die zu Verf\u00e4rbungen, Abbau oder sch\u00e4dlicher Migration f\u00fchren k\u00f6nnten. Kompatibilit\u00e4tstests k\u00f6nnen auf der Grundlage Ihrer spezifischen Rezeptur durchgef\u00fchrt werden.<\/li>\n\n\n\n<li><strong>Hohe Sauerstoffbarriere f\u00fcr Wirkstoffschutz<\/strong><br>Diese ma\u00dfgefertigten Kosmetikverpackungen weisen Hochbarrierestrukturen auf, die dazu beitragen, die Sauerstoffeinwirkung zu blockieren und empfindliche Inhaltsstoffe wie Vitamin C und Retinol vor Oxidation und Wirkungsverlust zu sch\u00fctzen.<\/li>\n\n\n\n<li><strong>Feuchtigkeitskontrolle zur Erhaltung der Textur<\/strong><br>Die hervorragende Wasserdampfbarriere verhindert, dass Cremes und Gele austrocknen oder Feuchtigkeit aufnehmen, und sorgt so f\u00fcr eine stabile Viskosit\u00e4t und gleichbleibende Produkttextur \u00fcber die gesamte Haltbarkeitsdauer.<\/li>\n\n\n\n<li><strong>Luxuri\u00f6se Oberfl\u00e4chenveredelungsoptionen<\/strong><br>Unterst\u00fctzt matte Oberfl\u00e4chen, Soft-Touch-Lackierung, Spot-UV, Hei\u00dfpr\u00e4gung (Gold\/Silber) und andere hochwertige Verfahren zur Verbesserung der Produktdifferenzierung und der Positionierung im oberen Preissegment.<\/li>\n\n\n\n<li>Als spezialisierter Hersteller kundenspezifischer Kosmetikverpackungen k\u00f6nnen wir die Produktion direkt im Werk mit einem ausgefeilten Beutelherstellungs- und Druckverfahren anbieten. So k\u00f6nnen wir eine stabile Basis f\u00fcr gro\u00dfe Auftragsvolumina bieten.<\/li>\n<\/ul>\n<\/div>\n\n\n\n<div class=\"wp-block-column is-layout-flow wp-block-column-is-layout-flow\">\n<figure class=\"wp-block-image size-full\"><img decoding=\"async\" width=\"800\" height=\"800\" src=\"https:\/\/www.zkprintpack.com\/wp-content\/uploads\/2026\/02\/Custom-Cosmetic-Packaging-3-Side-Seal-Pouch.webp\" alt=\"Kundenspezifische Kosmetikverpackung 3-Seiten-Siegel-Beutel\" class=\"wp-image-2662\" srcset=\"https:\/\/www.zkprintpack.com\/wp-content\/uploads\/2026\/02\/Custom-Cosmetic-Packaging-3-Side-Seal-Pouch.webp 800w, https:\/\/www.zkprintpack.com\/wp-content\/uploads\/2026\/02\/Custom-Cosmetic-Packaging-3-Side-Seal-Pouch-150x150.webp 150w, https:\/\/www.zkprintpack.com\/wp-content\/uploads\/2026\/02\/Custom-Cosmetic-Packaging-3-Side-Seal-Pouch-768x768.webp 768w, https:\/\/www.zkprintpack.com\/wp-content\/uploads\/2026\/02\/Custom-Cosmetic-Packaging-3-Side-Seal-Pouch-12x12.webp 12w, https:\/\/www.zkprintpack.com\/wp-content\/uploads\/2026\/02\/Custom-Cosmetic-Packaging-3-Side-Seal-Pouch-600x600.webp 600w, https:\/\/www.zkprintpack.com\/wp-content\/uploads\/2026\/02\/Custom-Cosmetic-Packaging-3-Side-Seal-Pouch-300x300.webp 300w, https:\/\/www.zkprintpack.com\/wp-content\/uploads\/2026\/02\/Custom-Cosmetic-Packaging-3-Side-Seal-Pouch-100x100.webp 100w\" sizes=\"(max-width: 800px) 100vw, 800px\" \/><\/figure>\n<\/div>\n<\/div>\n\n\n\n<p><\/p>","protected":false},"excerpt":{"rendered":"<p>Gro\u00dfhandel kundenspezifische kosmetische Verpackung Beutel Versorgung. Unsere ma\u00dfgefertigten Kosmetikverpackungen mit hoher Sauerstoff-, Feuchtigkeits- und Lichtbarriere zeichnen sich durch eine zuverl\u00e4ssige Versiegelung und eine luxuri\u00f6se Bedruckung aus, um aktive Inhaltsstoffe zu sch\u00fctzen und gleichzeitig ein hochwertiges Markenerlebnis zu bieten. Ideal f\u00fcr Seren, Lotionen, Gele, Cremes, Emulsionen usw. Gro\u00dfauftr\u00e4ge werden unterst\u00fctzt. Kontaktieren Sie uns jetzt!<\/p>\n<h2>Parameter von kundenspezifischen Kosmetikverpackungen und Beuteln<\/h2>\n<ul>\n<li><strong>Material:<\/strong>\u00a0PET\/PE, PET\/NY\/PE, PET\/AL\/NY\/PE, usw.<\/li>\n<li><strong>Tasche Typ<\/strong>: <strong>Dreiseitige Siegelrandtasche<\/strong><\/li>\n<li><strong>Gr\u00f6\u00dfe<\/strong>: Benutzerdefiniert<\/li>\n<li><strong>Individuelle Bestellung<\/strong>: Akzeptieren Sie OEM &amp; ODM<\/li>\n<li><strong>Kostenlose Probe<\/strong>: Unterst\u00fctzung<\/li>\n<li><strong>Verwendung<\/strong>: Gew\u00fcrze, Snacks, Lebensmittel, S\u00fc\u00dfigkeiten, So\u00dfen und andere<\/li>\n<li><strong>Farbe<\/strong>: Kann angepasst werden<\/li>\n<li><strong>Zielm\u00e4rkte<\/strong>: \u00dcberall auf der Welt<\/li>\n<\/ul>","protected":false},"featured_media":2662,"comment_status":"closed","ping_status":"closed","template":"","meta":{"_acf_changed":false},"market":[58,51],"product_brand":[],"product_cat":[53],"product_tag":[],"class_list":{"0":"post-2661","1":"product","2":"type-product","3":"status-publish","4":"has-post-thumbnail","6":"market-face-mask-packaging-supplier","7":"market-personal-care-and-cosmetic","8":"product_cat-three-side-seal-pouch-wholesale","10":"first","11":"instock","12":"shipping-taxable","13":"product-type-simple"},"acf":[],"_links":{"self":[{"href":"https:\/\/www.zkprintpack.com\/de\/wp-json\/wp\/v2\/product\/2661","targetHints":{"allow":["GET"]}}],"collection":[{"href":"https:\/\/www.zkprintpack.com\/de\/wp-json\/wp\/v2\/product"}],"about":[{"href":"https:\/\/www.zkprintpack.com\/de\/wp-json\/wp\/v2\/types\/product"}],"replies":[{"embeddable":true,"href":"https:\/\/www.zkprintpack.com\/de\/wp-json\/wp\/v2\/comments?post=2661"}],"wp:featuredmedia":[{"embeddable":true,"href":"https:\/\/www.zkprintpack.com\/de\/wp-json\/wp\/v2\/media\/2662"}],"wp:attachment":[{"href":"https:\/\/www.zkprintpack.com\/de\/wp-json\/wp\/v2\/media?parent=2661"}],"wp:term":[{"taxonomy":"market","embeddable":true,"href":"https:\/\/www.zkprintpack.com\/de\/wp-json\/wp\/v2\/market?post=2661"},{"taxonomy":"product_brand","embeddable":true,"href":"https:\/\/www.zkprintpack.com\/de\/wp-json\/wp\/v2\/product_brand?post=2661"},{"taxonomy":"product_cat","embeddable":true,"href":"https:\/\/www.zkprintpack.com\/de\/wp-json\/wp\/v2\/product_cat?post=2661"},{"taxonomy":"product_tag","embeddable":true,"href":"https:\/\/www.zkprintpack.com\/de\/wp-json\/wp\/v2\/product_tag?post=2661"}],"curies":[{"name":"wp","href":"https:\/\/api.w.org\/{rel}","templated":true}]}}