{"id":2659,"date":"2026-02-25T07:41:29","date_gmt":"2026-02-25T07:41:29","guid":{"rendered":"https:\/\/www.zkprintpack.com\/?post_type=product&#038;p=2659"},"modified":"2026-02-25T07:42:28","modified_gmt":"2026-02-25T07:42:28","slug":"wholesale-custom-candy-pouches-supply","status":"publish","type":"product","link":"https:\/\/www.zkprintpack.com\/de\/product\/wholesale-custom-candy-pouches-supply\/","title":{"rendered":"Benutzerdefinierte Candy Pouches Gro\u00dfhandel Versorgung - Aroma Retention, Low MVTR"},"content":{"rendered":"<div class=\"wp-block-columns is-layout-flex wp-container-core-columns-is-layout-9d6595d7 wp-block-columns-is-layout-flex\">\n<div class=\"wp-block-column is-layout-flow wp-block-column-is-layout-flow\">\n<h2 class=\"wp-block-heading\">Kundenspezifische Bonbontaschen Merkmale<\/h2>\n\n\n\n<ul class=\"wp-block-list\">\n<li><strong>Niedrige MVTR f\u00fcr Anti-Stick-Leistung<\/strong><br>Die Folienstruktur unserer kundenspezifischen S\u00fc\u00dfwarenbeutel kann mit einer niedrigen MVTR-Kontrolle entworfen werden, um die Trockenheit zu erhalten und eine leichte, fluffige Textur w\u00e4hrend der gesamten Haltbarkeit zu gew\u00e4hrleisten.<\/li>\n\n\n\n<li><strong>Geschmackssperre zur Verhinderung von Ranzigwerden<br><\/strong>Bei Marshmallows, die Milchpulver, Fette oder Aromastoffe enthalten, helfen die ma\u00dfgeschneiderten Beutel, die Geruchsentwicklung und den Geschmacksverlust zu reduzieren, indem sie die Sauerstoff- und Aromabest\u00e4ndigkeit verbessern.<\/li>\n\n\n\n<li><strong>Glatte Easy-Tear-\u00d6ffnung f\u00fcr Instant-Snacks<\/strong><br>F\u00fcr ein m\u00fcheloses \u00d6ffnen kann eine Aufrei\u00dfkerbe angebracht werden, die es den Verbrauchern erm\u00f6glicht, die Packung schnell mit einer Hand zu \u00f6ffnen, was f\u00fcr die Verwendung von Einzelportionen entscheidend ist.<\/li>\n\n\n\n<li><strong>Eindrucksvoller Cartoon-Druck f\u00fcr den Kindermarkt<br><\/strong>Der leuchtend gelbe Hintergrund und die lebhaften Cartoon-Eiscreme-Grafiken k\u00f6nnen mit hoher Farbgenauigkeit und enger Registrierung gedruckt werden, um eine gute Sichtbarkeit im Regal und eine kinderfreundliche Attraktivit\u00e4t zu gew\u00e4hrleisten.<\/li>\n\n\n\n<li>Als spezialisierter Hersteller kundenspezifischer Bonbont\u00fcten k\u00f6nnen wir die Produktion direkt ab Werk mit einem ausgefeilten Beutelherstellungs- und Druckverfahren anbieten. So k\u00f6nnen wir eine stabile Basis f\u00fcr gro\u00dfe Auftragsvolumina bieten.<\/li>\n<\/ul>\n<\/div>\n\n\n\n<div class=\"wp-block-column is-layout-flow wp-block-column-is-layout-flow\">\n<figure class=\"wp-block-image size-full\"><img decoding=\"async\" width=\"800\" height=\"800\" src=\"https:\/\/www.zkprintpack.com\/wp-content\/uploads\/2026\/02\/custom-candy-pouches-wholesale.webp\" alt=\"benutzerdefinierte Bonbontaschen Gro\u00dfhandel\" class=\"wp-image-2660\" srcset=\"https:\/\/www.zkprintpack.com\/wp-content\/uploads\/2026\/02\/custom-candy-pouches-wholesale.webp 800w, https:\/\/www.zkprintpack.com\/wp-content\/uploads\/2026\/02\/custom-candy-pouches-wholesale-150x150.webp 150w, https:\/\/www.zkprintpack.com\/wp-content\/uploads\/2026\/02\/custom-candy-pouches-wholesale-768x768.webp 768w, https:\/\/www.zkprintpack.com\/wp-content\/uploads\/2026\/02\/custom-candy-pouches-wholesale-12x12.webp 12w, https:\/\/www.zkprintpack.com\/wp-content\/uploads\/2026\/02\/custom-candy-pouches-wholesale-600x600.webp 600w, https:\/\/www.zkprintpack.com\/wp-content\/uploads\/2026\/02\/custom-candy-pouches-wholesale-300x300.webp 300w, https:\/\/www.zkprintpack.com\/wp-content\/uploads\/2026\/02\/custom-candy-pouches-wholesale-100x100.webp 100w\" sizes=\"(max-width: 800px) 100vw, 800px\" \/><\/figure>\n<\/div>\n<\/div>\n\n\n\n<p><\/p>","protected":false},"excerpt":{"rendered":"<p>Gro\u00dfhandel benutzerdefinierte S\u00fc\u00dfigkeiten Beutel Versorgung. Diese benutzerdefinierten S\u00fc\u00dfigkeiten Beutel sind f\u00fcr Eis geformt Produkte, mit starken Feuchtigkeitsschutz, Aroma behalten, und zuverl\u00e4ssige W\u00e4rmeversiegelung zu halten S\u00fc\u00dfigkeiten flauschig, trocken und frisch. Ideal f\u00fcr russische und EAEU-M\u00e4rkte. Gro\u00dfbestellungen werden unterst\u00fctzt. Kontaktieren Sie uns jetzt!<\/p>\n<h2>Parameter f\u00fcr kundenspezifische Bonbon-Beutel<\/h2>\n<ul>\n<li><strong>Hersteller: <a href=\"https:\/\/www.zkprintpack.com\/de\/\"><span style=\"color: #ff0000;\">Zhongjia Verpackung<\/span><\/a><\/strong><\/li>\n<li><strong>Material:<\/strong>\u00a0PET\/PE, PET\/NY\/PE, PET\/AL\/NY\/PE, usw.<\/li>\n<li><strong>Tasche Typ<\/strong>: <strong>Flachbeutel<\/strong><\/li>\n<li><strong>Gr\u00f6\u00dfe<\/strong>: Benutzerdefiniert<\/li>\n<li><strong>Individuelle Bestellung<\/strong>: Akzeptieren Sie OEM &amp; ODM<\/li>\n<li><strong>Kostenlose Probe<\/strong>: Unterst\u00fctzung<\/li>\n<li><strong>Verwendung<\/strong>: Gew\u00fcrze, Snacks, Lebensmittel, S\u00fc\u00dfigkeiten, So\u00dfen und andere<\/li>\n<li><strong>Farbe<\/strong>: Kann angepasst werden<\/li>\n<li><strong>Zielm\u00e4rkte<\/strong>: \u00dcberall auf der Welt<\/li>\n<\/ul>","protected":false},"featured_media":2660,"comment_status":"closed","ping_status":"closed","template":"","meta":{"_acf_changed":false},"market":[60],"product_brand":[],"product_cat":[67,53],"product_tag":[],"class_list":{"0":"post-2659","1":"product","2":"type-product","3":"status-publish","4":"has-post-thumbnail","6":"market-confectionery-packaging-supplier","7":"product_cat-custom-flat-pouch","8":"product_cat-three-side-seal-pouch-wholesale","10":"first","11":"instock","12":"shipping-taxable","13":"product-type-simple"},"acf":[],"_links":{"self":[{"href":"https:\/\/www.zkprintpack.com\/de\/wp-json\/wp\/v2\/product\/2659","targetHints":{"allow":["GET"]}}],"collection":[{"href":"https:\/\/www.zkprintpack.com\/de\/wp-json\/wp\/v2\/product"}],"about":[{"href":"https:\/\/www.zkprintpack.com\/de\/wp-json\/wp\/v2\/types\/product"}],"replies":[{"embeddable":true,"href":"https:\/\/www.zkprintpack.com\/de\/wp-json\/wp\/v2\/comments?post=2659"}],"wp:featuredmedia":[{"embeddable":true,"href":"https:\/\/www.zkprintpack.com\/de\/wp-json\/wp\/v2\/media\/2660"}],"wp:attachment":[{"href":"https:\/\/www.zkprintpack.com\/de\/wp-json\/wp\/v2\/media?parent=2659"}],"wp:term":[{"taxonomy":"market","embeddable":true,"href":"https:\/\/www.zkprintpack.com\/de\/wp-json\/wp\/v2\/market?post=2659"},{"taxonomy":"product_brand","embeddable":true,"href":"https:\/\/www.zkprintpack.com\/de\/wp-json\/wp\/v2\/product_brand?post=2659"},{"taxonomy":"product_cat","embeddable":true,"href":"https:\/\/www.zkprintpack.com\/de\/wp-json\/wp\/v2\/product_cat?post=2659"},{"taxonomy":"product_tag","embeddable":true,"href":"https:\/\/www.zkprintpack.com\/de\/wp-json\/wp\/v2\/product_tag?post=2659"}],"curies":[{"name":"wp","href":"https:\/\/api.w.org\/{rel}","templated":true}]}}