{"id":2655,"date":"2026-02-25T08:13:42","date_gmt":"2026-02-25T08:13:42","guid":{"rendered":"https:\/\/www.zkprintpack.com\/?post_type=product&#038;p=2655"},"modified":"2026-02-25T08:13:44","modified_gmt":"2026-02-25T08:13:44","slug":"custom-candy-packaging-bags-supply","status":"publish","type":"product","link":"https:\/\/www.zkprintpack.com\/de\/product\/custom-candy-packaging-bags-supply\/","title":{"rendered":"Benutzerdefinierte S\u00fc\u00dfigkeiten Verpackung Taschen Versorgung Gro\u00dfhandel Rollstock Film Hersteller"},"content":{"rendered":"<div class=\"wp-block-columns is-layout-flex wp-container-core-columns-is-layout-9d6595d7 wp-block-columns-is-layout-flex\">\n<div class=\"wp-block-column is-layout-flow wp-block-column-is-layout-flow\">\n<h2 class=\"wp-block-heading\">Kundenspezifische Bonbonverpackungst\u00fcten Merkmale<\/h2>\n\n\n\n<ul class=\"wp-block-list\">\n<li><strong>Feuchtigkeitsbarriere f\u00fcr weiche Zuckerwatte<\/strong><br>Der kundenspezifische Verpackungsbeutel f\u00fcr Zuckerwatte ist zuverl\u00e4ssig wasserdampfbest\u00e4ndig und verhindert das Verkleben und Verklumpen durch Feuchtigkeit, so dass die Zuckerwatte fluffig und frisch bleibt.<\/li>\n\n\n\n<li><strong>Leicht zu \u00f6ffnendes Design f\u00fcr eine bessere Verbrauchererfahrung<\/strong><br>Die integrierte Aufrei\u00dfkerbe sorgt f\u00fcr ein schnelles \u00d6ffnen ohne Werkzeug und verbessert die Benutzerfreundlichkeit beim Snackverzehr.<\/li>\n\n\n\n<li><strong>Optionales transparentes Fenster f\u00fcr Produktsichtbarkeit<\/strong><br>Unsere individuelle Verpackung f\u00fcr S\u00fc\u00dfigkeiten verf\u00fcgt \u00fcber ein teilweise durchsichtiges Fenster, das hinzugef\u00fcgt werden kann, um das Aussehen eines Gummibonbons direkt zu zeigen, was die Authentizit\u00e4t und die Wahrnehmung von \u201cechten Zutaten\u201d verst\u00e4rkt.<\/li>\n\n\n\n<li><strong>Heller, niedlicher Druck f\u00fcr hohe Attraktivit\u00e4t im Regal<\/strong><br>Lebendige Cartoon-Fruchtgrafiken und leuchtende Farben sind so optimiert, dass sie Kinder und junge Verbraucher ansprechen und den Wiedererkennungswert der Marke erh\u00f6hen.<\/li>\n\n\n\n<li>Als spezialisierter Hersteller kundenspezifischer S\u00fc\u00dfwarenverpackungen k\u00f6nnen wir die Produktion direkt ab Werk mit einem ausgefeilten Beutelherstellungs- und Druckverfahren anbieten. So k\u00f6nnen wir eine stabile Basis f\u00fcr gro\u00dfe Auftragsvolumina bieten.<\/li>\n<\/ul>\n<\/div>\n\n\n\n<div class=\"wp-block-column is-layout-flow wp-block-column-is-layout-flow\">\n<figure class=\"wp-block-image size-full\"><img decoding=\"async\" width=\"800\" height=\"800\" src=\"https:\/\/www.zkprintpack.com\/wp-content\/uploads\/2026\/02\/custom-candy-packaging-bags-wholesale-manufacturer-2.webp\" alt=\"benutzerdefinierte S\u00fc\u00dfigkeiten Verpackung Taschen Gro\u00dfhandel Hersteller (2)\" class=\"wp-image-2658\" srcset=\"https:\/\/www.zkprintpack.com\/wp-content\/uploads\/2026\/02\/custom-candy-packaging-bags-wholesale-manufacturer-2.webp 800w, https:\/\/www.zkprintpack.com\/wp-content\/uploads\/2026\/02\/custom-candy-packaging-bags-wholesale-manufacturer-2-150x150.webp 150w, https:\/\/www.zkprintpack.com\/wp-content\/uploads\/2026\/02\/custom-candy-packaging-bags-wholesale-manufacturer-2-768x768.webp 768w, https:\/\/www.zkprintpack.com\/wp-content\/uploads\/2026\/02\/custom-candy-packaging-bags-wholesale-manufacturer-2-12x12.webp 12w, https:\/\/www.zkprintpack.com\/wp-content\/uploads\/2026\/02\/custom-candy-packaging-bags-wholesale-manufacturer-2-600x600.webp 600w, https:\/\/www.zkprintpack.com\/wp-content\/uploads\/2026\/02\/custom-candy-packaging-bags-wholesale-manufacturer-2-300x300.webp 300w, https:\/\/www.zkprintpack.com\/wp-content\/uploads\/2026\/02\/custom-candy-packaging-bags-wholesale-manufacturer-2-100x100.webp 100w\" sizes=\"(max-width: 800px) 100vw, 800px\" \/><\/figure>\n<\/div>\n<\/div>\n\n\n\n<p><\/p>","protected":false},"excerpt":{"rendered":"<p>Gro\u00dfhandel benutzerdefinierte S\u00fc\u00dfigkeiten Verpackung Taschen. Sie verhindern die Feuchtigkeitsaufnahme, erhalten die flauschige Textur und sch\u00fctzen die S\u00fc\u00dfigkeiten vor dem Zerdr\u00fccken w\u00e4hrend des Transports und der Stapelung im Regal. Gro\u00dfauftr\u00e4ge werden unterst\u00fctzt. Kontaktieren Sie uns jetzt!<\/p>\n<h2>Parameter von benutzerdefinierten S\u00fc\u00dfigkeiten-Verpackungst\u00fcten<\/h2>\n<ul>\n<li><strong>Material:<\/strong>\u00a0PET\/PE, PET\/NY\/PE, PET\/AL\/NY\/PE, usw.<\/li>\n<li><strong>Tasche Typ<\/strong>: <strong>Flachbeutel<\/strong><\/li>\n<li><strong>Gr\u00f6\u00dfe<\/strong>: Benutzerdefiniert<\/li>\n<li><strong>Individuelle Bestellung<\/strong>: Akzeptieren Sie OEM &amp; ODM<\/li>\n<li><strong>Kostenlose Probe<\/strong>: Unterst\u00fctzung<\/li>\n<li><strong>Verwendung<\/strong>: Gew\u00fcrze, Snacks, Lebensmittel, S\u00fc\u00dfigkeiten, So\u00dfen und andere<\/li>\n<li><strong>Farbe<\/strong>: Kann angepasst werden<\/li>\n<li><strong>Zielm\u00e4rkte<\/strong>: \u00dcberall auf der Welt<\/li>\n<\/ul>","protected":false},"featured_media":2656,"comment_status":"closed","ping_status":"closed","template":"","meta":{"_acf_changed":false},"market":[60],"product_brand":[],"product_cat":[67],"product_tag":[],"class_list":{"0":"post-2655","1":"product","2":"type-product","3":"status-publish","4":"has-post-thumbnail","6":"market-confectionery-packaging-supplier","7":"product_cat-custom-flat-pouch","9":"first","10":"instock","11":"shipping-taxable","12":"product-type-simple"},"acf":[],"_links":{"self":[{"href":"https:\/\/www.zkprintpack.com\/de\/wp-json\/wp\/v2\/product\/2655","targetHints":{"allow":["GET"]}}],"collection":[{"href":"https:\/\/www.zkprintpack.com\/de\/wp-json\/wp\/v2\/product"}],"about":[{"href":"https:\/\/www.zkprintpack.com\/de\/wp-json\/wp\/v2\/types\/product"}],"replies":[{"embeddable":true,"href":"https:\/\/www.zkprintpack.com\/de\/wp-json\/wp\/v2\/comments?post=2655"}],"wp:featuredmedia":[{"embeddable":true,"href":"https:\/\/www.zkprintpack.com\/de\/wp-json\/wp\/v2\/media\/2656"}],"wp:attachment":[{"href":"https:\/\/www.zkprintpack.com\/de\/wp-json\/wp\/v2\/media?parent=2655"}],"wp:term":[{"taxonomy":"market","embeddable":true,"href":"https:\/\/www.zkprintpack.com\/de\/wp-json\/wp\/v2\/market?post=2655"},{"taxonomy":"product_brand","embeddable":true,"href":"https:\/\/www.zkprintpack.com\/de\/wp-json\/wp\/v2\/product_brand?post=2655"},{"taxonomy":"product_cat","embeddable":true,"href":"https:\/\/www.zkprintpack.com\/de\/wp-json\/wp\/v2\/product_cat?post=2655"},{"taxonomy":"product_tag","embeddable":true,"href":"https:\/\/www.zkprintpack.com\/de\/wp-json\/wp\/v2\/product_tag?post=2655"}],"curies":[{"name":"wp","href":"https:\/\/api.w.org\/{rel}","templated":true}]}}