{"id":2637,"date":"2026-02-05T01:48:06","date_gmt":"2026-02-05T01:48:06","guid":{"rendered":"https:\/\/www.zkprintpack.com\/?post_type=product&#038;p=2637"},"modified":"2026-02-05T01:48:08","modified_gmt":"2026-02-05T01:48:08","slug":"tomato-sauce-packaging-pouch-wholesale","status":"publish","type":"product","link":"https:\/\/www.zkprintpack.com\/de\/product\/tomato-sauce-packaging-pouch-wholesale\/","title":{"rendered":"Benutzerdefinierte Tomatenso\u00dfe Verpackung Beutel Gro\u00dfhandel Versorgung - Tear Notch"},"content":{"rendered":"<div class=\"wp-block-columns is-layout-flex wp-container-core-columns-is-layout-9d6595d7 wp-block-columns-is-layout-flex\">\n<div class=\"wp-block-column is-layout-flow wp-block-column-is-layout-flow\">\n<h2 class=\"wp-block-heading\">Benutzerdefinierte Tomatenso\u00dfe Verpackung Beutel Gro\u00dfhandel Merkmale<\/h2>\n\n\n\n<ul class=\"wp-block-list\">\n<li><strong>Robuste Struktur f\u00fcr 1kg-Saucenanwendungen:<\/strong><br>Unsere Gro\u00dfhandelsverpackungen f\u00fcr Tomatenso\u00dfe bestehen aus hochfesten Verbundfolien und bieten eine hervorragende Berstfestigkeit und Fallbest\u00e4ndigkeit, die einen sicheren Transport und ein sicheres Stapeln bei schwerem F\u00fcllgewicht gew\u00e4hrleisten.<\/li>\n\n\n\n<li><strong>Sichere Materialien in Lebensmittelqualit\u00e4t:<\/strong><br>Alle Materialien unserer Tomatenso\u00dfen-Verpackungsbeutel f\u00fcr den Gro\u00dfhandel werden unter Einhaltung der Sicherheitsvorschriften f\u00fcr den Kontakt mit Lebensmitteln hergestellt, wobei eine vollst\u00e4ndige Dokumentation zur \u00dcberpr\u00fcfung durch den Kunden verf\u00fcgbar ist.<\/li>\n\n\n\n<li><strong>Leicht zu \u00f6ffnende Aufrei\u00dfkerbe f\u00fcr Bequemlichkeit:<\/strong> <br>Diese kundenspezifische Gew\u00fcrzverpackung verf\u00fcgt \u00fcber eine Aufrei\u00dfkerbe, um die Benutzerfreundlichkeit sowohl beim Kochen zu Hause als auch in der Gastronomie zu verbessern.<\/li>\n\n\n\n<li><strong>Druck mit wasserbasierter Tinte<\/strong>:<br>Unsere Gro\u00dfhandelsverpackungen f\u00fcr Tomatenso\u00dfe werden mit wasserbasierter Tinte bedruckt, um Emissionen zu reduzieren und unseren Kunden eine nachhaltige Verpackung zu erm\u00f6glichen.<\/li>\n\n\n\n<li>Als spezialisiertes Gro\u00dfhandelsunternehmen f\u00fcr die Herstellung von Beuteln f\u00fcr Tomatenso\u00dfe k\u00f6nnen wir eine Direktproduktion mit einem ausgefeilten Beutelherstellungs- und Druckverfahren anbieten. So k\u00f6nnen wir eine stabile Basis f\u00fcr gro\u00dfe Volumenauftr\u00e4ge bieten.<\/li>\n<\/ul>\n<\/div>\n\n\n\n<div class=\"wp-block-column is-layout-flow wp-block-column-is-layout-flow\">\n<figure class=\"wp-block-image size-full\"><img decoding=\"async\" width=\"800\" height=\"800\" src=\"https:\/\/www.zkprintpack.com\/wp-content\/uploads\/2026\/02\/Tomato-sauce-pouch-packaging-Wholesale-Manufacturer-1-1.webp\" alt=\"Tomatensauce Beutel Verpackung Gro\u00dfhandel Hersteller (1)\" class=\"wp-image-2639\" srcset=\"https:\/\/www.zkprintpack.com\/wp-content\/uploads\/2026\/02\/Tomato-sauce-pouch-packaging-Wholesale-Manufacturer-1-1.webp 800w, https:\/\/www.zkprintpack.com\/wp-content\/uploads\/2026\/02\/Tomato-sauce-pouch-packaging-Wholesale-Manufacturer-1-1-150x150.webp 150w, https:\/\/www.zkprintpack.com\/wp-content\/uploads\/2026\/02\/Tomato-sauce-pouch-packaging-Wholesale-Manufacturer-1-1-768x768.webp 768w, https:\/\/www.zkprintpack.com\/wp-content\/uploads\/2026\/02\/Tomato-sauce-pouch-packaging-Wholesale-Manufacturer-1-1-12x12.webp 12w, https:\/\/www.zkprintpack.com\/wp-content\/uploads\/2026\/02\/Tomato-sauce-pouch-packaging-Wholesale-Manufacturer-1-1-600x600.webp 600w, https:\/\/www.zkprintpack.com\/wp-content\/uploads\/2026\/02\/Tomato-sauce-pouch-packaging-Wholesale-Manufacturer-1-1-300x300.webp 300w, https:\/\/www.zkprintpack.com\/wp-content\/uploads\/2026\/02\/Tomato-sauce-pouch-packaging-Wholesale-Manufacturer-1-1-100x100.webp 100w\" sizes=\"(max-width: 800px) 100vw, 800px\" \/><\/figure>\n<\/div>\n<\/div>\n\n\n\n<p><\/p>","protected":false},"excerpt":{"rendered":"<p>Mit hochfesten laminierten Materialien und hervorragender Versiegelungsleistung gew\u00e4hrleisten unsere Gro\u00dfhandelsverpackungsbeutel f\u00fcr Tomatenso\u00dfe einen auslaufsicheren Schutz, lange Haltbarkeit und Exporttauglichkeit. Gro\u00dfbestellungen werden unterst\u00fctzt. Kontaktieren Sie uns jetzt!<\/p>\n<h2>Parameter des Verpackungsbeutels f\u00fcr Tomatenso\u00dfe<\/h2>\n<ul>\n<li><strong>Material:<\/strong>\u00a0PET\/PE, PET\/NY\/PE, PET\/AL\/NY\/PE, usw.<\/li>\n<li><strong>Tasche Typ<\/strong>: <strong>Dreiseitige Siegelrandtasche<\/strong><\/li>\n<li><strong>Gr\u00f6\u00dfe<\/strong>: Benutzerdefiniert<\/li>\n<li><strong>Individuelle Bestellung<\/strong>: Akzeptieren Sie OEM &amp; ODM<\/li>\n<li><strong>Kostenlose Probe<\/strong>: Unterst\u00fctzung<\/li>\n<li><strong>Verwendung<\/strong>: Pulver, Snacks, Lebensmittel, S\u00fc\u00dfigkeiten, So\u00dfen und andere<\/li>\n<li><strong>Farbe<\/strong>: Kann angepasst werden<\/li>\n<li><strong>Zielm\u00e4rkte<\/strong>: \u00dcberall auf der Welt<\/li>\n<\/ul>","protected":false},"featured_media":2638,"comment_status":"closed","ping_status":"closed","template":"","meta":{"_acf_changed":false},"market":[59],"product_brand":[],"product_cat":[53],"product_tag":[],"class_list":{"0":"post-2637","1":"product","2":"type-product","3":"status-publish","4":"has-post-thumbnail","6":"market-sauce-and-condiment-packaging-supplier","7":"product_cat-three-side-seal-pouch-wholesale","9":"first","10":"instock","11":"shipping-taxable","12":"product-type-simple"},"acf":[],"_links":{"self":[{"href":"https:\/\/www.zkprintpack.com\/de\/wp-json\/wp\/v2\/product\/2637","targetHints":{"allow":["GET"]}}],"collection":[{"href":"https:\/\/www.zkprintpack.com\/de\/wp-json\/wp\/v2\/product"}],"about":[{"href":"https:\/\/www.zkprintpack.com\/de\/wp-json\/wp\/v2\/types\/product"}],"replies":[{"embeddable":true,"href":"https:\/\/www.zkprintpack.com\/de\/wp-json\/wp\/v2\/comments?post=2637"}],"wp:featuredmedia":[{"embeddable":true,"href":"https:\/\/www.zkprintpack.com\/de\/wp-json\/wp\/v2\/media\/2638"}],"wp:attachment":[{"href":"https:\/\/www.zkprintpack.com\/de\/wp-json\/wp\/v2\/media?parent=2637"}],"wp:term":[{"taxonomy":"market","embeddable":true,"href":"https:\/\/www.zkprintpack.com\/de\/wp-json\/wp\/v2\/market?post=2637"},{"taxonomy":"product_brand","embeddable":true,"href":"https:\/\/www.zkprintpack.com\/de\/wp-json\/wp\/v2\/product_brand?post=2637"},{"taxonomy":"product_cat","embeddable":true,"href":"https:\/\/www.zkprintpack.com\/de\/wp-json\/wp\/v2\/product_cat?post=2637"},{"taxonomy":"product_tag","embeddable":true,"href":"https:\/\/www.zkprintpack.com\/de\/wp-json\/wp\/v2\/product_tag?post=2637"}],"curies":[{"name":"wp","href":"https:\/\/api.w.org\/{rel}","templated":true}]}}