{"id":2633,"date":"2026-02-05T01:50:45","date_gmt":"2026-02-05T01:50:45","guid":{"rendered":"https:\/\/www.zkprintpack.com\/?post_type=product&#038;p=2633"},"modified":"2026-02-05T01:50:51","modified_gmt":"2026-02-05T01:50:51","slug":"custom-spice-packaging-bag-powder","status":"publish","type":"product","link":"https:\/\/www.zkprintpack.com\/de\/product\/custom-spice-packaging-bag-powder\/","title":{"rendered":"Benutzerdefinierte Gew\u00fcrz Verpackung Taschen Hersteller Versorgung - Tear Notch, High Definition Printing"},"content":{"rendered":"<div class=\"wp-block-columns is-layout-flex wp-container-core-columns-is-layout-9d6595d7 wp-block-columns-is-layout-flex\">\n<div class=\"wp-block-column is-layout-flow wp-block-column-is-layout-flow\">\n<h2 class=\"wp-block-heading\">Kundenspezifische Gew\u00fcrzverpackungsbeutel Merkmale<\/h2>\n\n\n\n<ul class=\"wp-block-list\">\n<li><strong>Zuverl\u00e4ssige Hei\u00dfsiegelfestigkeit:<\/strong><br>Der Siegelbereich des kundenspezifischen Gew\u00fcrzverpackungsbeutels ist f\u00fcr eine gleichm\u00e4\u00dfige, hochfeste W\u00e4rmeversiegelung ausgelegt, um Leckagen, ein langsames Entweichen des Pulvers oder ein Versagen der Versiegelung aufgrund von Verunreinigungen w\u00e4hrend der Bef\u00fcllung zu verhindern.<\/li>\n\n\n\n<li><strong>Sichere Materialien in Lebensmittelqualit\u00e4t:<\/strong><br>Alle Materialien unserer ma\u00dfgefertigten Gew\u00fcrzverpackungen werden gem\u00e4\u00df den Sicherheitsvorschriften f\u00fcr den Kontakt mit Lebensmitteln hergestellt, wobei die vollst\u00e4ndige Dokumentation zur \u00dcberpr\u00fcfung durch den Kunden zur Verf\u00fcgung steht.<\/li>\n\n\n\n<li><strong>Leicht zu \u00f6ffnende Aufrei\u00dfkerbe f\u00fcr Bequemlichkeit:<\/strong> <br>Diese kundenspezifische Gew\u00fcrzverpackung verf\u00fcgt \u00fcber eine Aufrei\u00dfkerbe, um die Benutzerfreundlichkeit sowohl beim Kochen zu Hause als auch in der Gastronomie zu verbessern.<\/li>\n\n\n\n<li><strong>Hochaufl\u00f6sender Druck f\u00fcr starke Marken- und Regalwirkung:<\/strong><br>Der kundenspezifische Gew\u00fcrzverpackungsbeutel unterst\u00fctzt eine lebendige, konsistente Farbwiedergabe und hochaufl\u00f6sende Lebensmittelbilder, um den Appetit zu steigern und gleichzeitig sicherzustellen, dass die Markenidentit\u00e4t \u00fcber alle SKUs hinweg klar und einheitlich bleibt.<\/li>\n\n\n\n<li>Als spezialisiertes Unternehmen f\u00fcr die Herstellung von Gew\u00fcrzverpackungen k\u00f6nnen wir die Produktion direkt im Werk mit einem ausgefeilten Beutelherstellungs- und Druckverfahren anbieten. So k\u00f6nnen wir eine stabile Basis f\u00fcr gro\u00dfe Auftragsvolumina bieten.<\/li>\n<\/ul>\n<\/div>\n\n\n\n<div class=\"wp-block-column is-layout-flow wp-block-column-is-layout-flow\">\n<figure class=\"wp-block-image size-full\"><img decoding=\"async\" width=\"800\" height=\"800\" src=\"https:\/\/www.zkprintpack.com\/wp-content\/uploads\/2026\/02\/China-Three-Side-Seal-Bag-Wholesale-Manufacturer-2.webp\" alt=\"China Dreiseitensiegelbeutel Gro\u00dfhandel Hersteller (2)\" class=\"wp-image-2636\" srcset=\"https:\/\/www.zkprintpack.com\/wp-content\/uploads\/2026\/02\/China-Three-Side-Seal-Bag-Wholesale-Manufacturer-2.webp 800w, https:\/\/www.zkprintpack.com\/wp-content\/uploads\/2026\/02\/China-Three-Side-Seal-Bag-Wholesale-Manufacturer-2-150x150.webp 150w, https:\/\/www.zkprintpack.com\/wp-content\/uploads\/2026\/02\/China-Three-Side-Seal-Bag-Wholesale-Manufacturer-2-768x768.webp 768w, https:\/\/www.zkprintpack.com\/wp-content\/uploads\/2026\/02\/China-Three-Side-Seal-Bag-Wholesale-Manufacturer-2-12x12.webp 12w, https:\/\/www.zkprintpack.com\/wp-content\/uploads\/2026\/02\/China-Three-Side-Seal-Bag-Wholesale-Manufacturer-2-600x600.webp 600w, https:\/\/www.zkprintpack.com\/wp-content\/uploads\/2026\/02\/China-Three-Side-Seal-Bag-Wholesale-Manufacturer-2-300x300.webp 300w, https:\/\/www.zkprintpack.com\/wp-content\/uploads\/2026\/02\/China-Three-Side-Seal-Bag-Wholesale-Manufacturer-2-100x100.webp 100w\" sizes=\"(max-width: 800px) 100vw, 800px\" \/><\/figure>\n<\/div>\n<\/div>\n\n\n\n<p><\/p>","protected":false},"excerpt":{"rendered":"<p>Dieser ma\u00dfgeschneiderte Gew\u00fcrzbeutel wurde f\u00fcr Gew\u00fcrzmischungen und zusammengesetzte Gew\u00fcrzpulver entwickelt und bietet ultimativen Feuchtigkeitsschutz, starke Aromabindung und lange Lagerstabilit\u00e4t. Gro\u00dfbestellungen werden unterst\u00fctzt. Kontaktieren Sie uns jetzt!<\/p>\n<h2>Parameter der benutzerdefinierten Gew\u00fcrz Verpackung Tasche\u00a0<\/h2>\n<ul>\n<li><strong>Material:<\/strong>\u00a0PET\/PE, PET\/NY\/PE, PET\/AL\/NY\/PE, usw.<\/li>\n<li><strong>Tasche Typ<\/strong>: <strong>Dreiseitige Siegelrandtasche<\/strong><\/li>\n<li><strong>Gr\u00f6\u00dfe<\/strong>: Benutzerdefiniert<\/li>\n<li><strong>Individuelle Bestellung<\/strong>: Akzeptieren Sie OEM &amp; ODM<\/li>\n<li><strong>Kostenlose Probe<\/strong>: Unterst\u00fctzung<\/li>\n<li><strong>Verwendung<\/strong>: Pulver, Snacks, Lebensmittel, S\u00fc\u00dfigkeiten, So\u00dfen und andere<\/li>\n<li><strong>Farbe<\/strong>: Kann angepasst werden<\/li>\n<li><strong>Zielm\u00e4rkte<\/strong>: \u00dcberall auf der Welt<\/li>\n<\/ul>","protected":false},"featured_media":2634,"comment_status":"closed","ping_status":"closed","template":"","meta":{"_acf_changed":false},"market":[62,59],"product_brand":[],"product_cat":[53],"product_tag":[],"class_list":{"0":"post-2633","1":"product","2":"type-product","3":"status-publish","4":"has-post-thumbnail","6":"market-powder-packaging-supplier","7":"market-sauce-and-condiment-packaging-supplier","8":"product_cat-three-side-seal-pouch-wholesale","10":"first","11":"instock","12":"shipping-taxable","13":"product-type-simple"},"acf":[],"_links":{"self":[{"href":"https:\/\/www.zkprintpack.com\/de\/wp-json\/wp\/v2\/product\/2633","targetHints":{"allow":["GET"]}}],"collection":[{"href":"https:\/\/www.zkprintpack.com\/de\/wp-json\/wp\/v2\/product"}],"about":[{"href":"https:\/\/www.zkprintpack.com\/de\/wp-json\/wp\/v2\/types\/product"}],"replies":[{"embeddable":true,"href":"https:\/\/www.zkprintpack.com\/de\/wp-json\/wp\/v2\/comments?post=2633"}],"wp:featuredmedia":[{"embeddable":true,"href":"https:\/\/www.zkprintpack.com\/de\/wp-json\/wp\/v2\/media\/2634"}],"wp:attachment":[{"href":"https:\/\/www.zkprintpack.com\/de\/wp-json\/wp\/v2\/media?parent=2633"}],"wp:term":[{"taxonomy":"market","embeddable":true,"href":"https:\/\/www.zkprintpack.com\/de\/wp-json\/wp\/v2\/market?post=2633"},{"taxonomy":"product_brand","embeddable":true,"href":"https:\/\/www.zkprintpack.com\/de\/wp-json\/wp\/v2\/product_brand?post=2633"},{"taxonomy":"product_cat","embeddable":true,"href":"https:\/\/www.zkprintpack.com\/de\/wp-json\/wp\/v2\/product_cat?post=2633"},{"taxonomy":"product_tag","embeddable":true,"href":"https:\/\/www.zkprintpack.com\/de\/wp-json\/wp\/v2\/product_tag?post=2633"}],"curies":[{"name":"wp","href":"https:\/\/api.w.org\/{rel}","templated":true}]}}