{"id":2628,"date":"2026-02-05T02:09:31","date_gmt":"2026-02-05T02:09:31","guid":{"rendered":"https:\/\/www.zkprintpack.com\/?post_type=product&#038;p=2628"},"modified":"2026-02-05T02:09:34","modified_gmt":"2026-02-05T02:09:34","slug":"custom-sauce-packaging-bags-wholesale","status":"publish","type":"product","link":"https:\/\/www.zkprintpack.com\/de\/product\/custom-sauce-packaging-bags-wholesale\/","title":{"rendered":"Kundenspezifische So\u00dfenverpackungsbeutel - wiederverschlie\u00dfbarer Rei\u00dfverschluss und Aufh\u00e4ngeloch"},"content":{"rendered":"<div class=\"wp-block-columns is-layout-flex wp-container-core-columns-is-layout-9d6595d7 wp-block-columns-is-layout-flex\">\n<div class=\"wp-block-column is-layout-flow wp-block-column-is-layout-flow\">\n<h2 class=\"wp-block-heading\">Kundenspezifische So\u00dfenverpackungsbeutel Merkmale<\/h2>\n\n\n\n<ul class=\"wp-block-list\">\n<li><strong>Wiederverschlie\u00dfbarer Rei\u00dfverschluss Struktur:<\/strong> Ma\u00dfgeschneiderte So\u00dfenverpackungen mit Rei\u00dfverschluss werden f\u00fcr pulverf\u00f6rmige Produkte dringend empfohlen, um ein wiederholtes \u00d6ffnen und Wiederverschlie\u00dfen zu erm\u00f6glichen und so die Trockenheit, die frei flie\u00dfende Textur und das lang anhaltende Aroma zu erhalten.<\/li>\n\n\n\n<li><strong>Sichere Materialien in Lebensmittelqualit\u00e4t:<\/strong> Alle Materialien unserer ma\u00dfgefertigten Saucenverpackungen werden gem\u00e4\u00df den Sicherheitsvorschriften f\u00fcr den Kontakt mit Lebensmitteln hergestellt, wobei die vollst\u00e4ndige Dokumentation zur \u00dcberpr\u00fcfung durch den Kunden zur Verf\u00fcgung steht.<\/li>\n\n\n\n<li><strong>Leicht zu \u00f6ffnende Aufrei\u00dfkerbe f\u00fcr Bequemlichkeit:<\/strong> Das Design mit klarer Aufrei\u00dfkerbe oder gezackter \u00d6ffnung erm\u00f6glicht ein m\u00fcheloses \u00d6ffnen ohne Schere und verbessert die Benutzerfreundlichkeit sowohl in der K\u00fcche als auch in der Gastronomie.<\/li>\n\n\n\n<li><strong>Hochaufl\u00f6sender Druck f\u00fcr starke Marken- und Regalwirkung:<\/strong> Der kundenspezifische So\u00dfenverpackungsbeutel unterst\u00fctzt eine lebendige, konsistente Farbwiedergabe und hochaufl\u00f6sende Lebensmittelbilder, um den Appetit zu steigern und gleichzeitig sicherzustellen, dass die Markenidentit\u00e4t \u00fcber alle SKUs hinweg klar und einheitlich bleibt.<\/li>\n\n\n\n<li>Als spezialisierter Hersteller von Saucenbeuteln k\u00f6nnen wir die Produktion direkt im Werk mit einem ausgefeilten Beutelherstellungs- und Druckverfahren anbieten. So k\u00f6nnen wir eine stabile Basis f\u00fcr gro\u00dfe Auftragsvolumina bieten.<\/li>\n<\/ul>\n<\/div>\n\n\n\n<div class=\"wp-block-column is-layout-flow wp-block-column-is-layout-flow\">\n<figure class=\"wp-block-image size-full\"><img decoding=\"async\" width=\"800\" height=\"800\" src=\"https:\/\/www.zkprintpack.com\/wp-content\/uploads\/2026\/02\/custom-sauce-packaging-bag-manufacturer-1.webp\" alt=\"Hersteller von Verpackungsbeuteln f\u00fcr So\u00dfen - 1\" class=\"wp-image-2629\" srcset=\"https:\/\/www.zkprintpack.com\/wp-content\/uploads\/2026\/02\/custom-sauce-packaging-bag-manufacturer-1.webp 800w, https:\/\/www.zkprintpack.com\/wp-content\/uploads\/2026\/02\/custom-sauce-packaging-bag-manufacturer-1-150x150.webp 150w, https:\/\/www.zkprintpack.com\/wp-content\/uploads\/2026\/02\/custom-sauce-packaging-bag-manufacturer-1-768x768.webp 768w, https:\/\/www.zkprintpack.com\/wp-content\/uploads\/2026\/02\/custom-sauce-packaging-bag-manufacturer-1-12x12.webp 12w, https:\/\/www.zkprintpack.com\/wp-content\/uploads\/2026\/02\/custom-sauce-packaging-bag-manufacturer-1-600x600.webp 600w, https:\/\/www.zkprintpack.com\/wp-content\/uploads\/2026\/02\/custom-sauce-packaging-bag-manufacturer-1-300x300.webp 300w, https:\/\/www.zkprintpack.com\/wp-content\/uploads\/2026\/02\/custom-sauce-packaging-bag-manufacturer-1-100x100.webp 100w\" sizes=\"(max-width: 800px) 100vw, 800px\" \/><\/figure>\n<\/div>\n<\/div>\n\n\n\n<div class=\"wp-block-columns is-layout-flex wp-container-core-columns-is-layout-9d6595d7 wp-block-columns-is-layout-flex\">\n<div class=\"wp-block-column is-layout-flow wp-block-column-is-layout-flow\">\n<figure class=\"wp-block-image size-full\"><img decoding=\"async\" width=\"800\" height=\"800\" src=\"https:\/\/www.zkprintpack.com\/wp-content\/uploads\/2026\/02\/custom-sauce-packaging-bag-manufacturer.webp\" alt=\"Hersteller von So\u00dfenverpackungsbeuteln\" class=\"wp-image-2632\" srcset=\"https:\/\/www.zkprintpack.com\/wp-content\/uploads\/2026\/02\/custom-sauce-packaging-bag-manufacturer.webp 800w, https:\/\/www.zkprintpack.com\/wp-content\/uploads\/2026\/02\/custom-sauce-packaging-bag-manufacturer-150x150.webp 150w, https:\/\/www.zkprintpack.com\/wp-content\/uploads\/2026\/02\/custom-sauce-packaging-bag-manufacturer-768x768.webp 768w, https:\/\/www.zkprintpack.com\/wp-content\/uploads\/2026\/02\/custom-sauce-packaging-bag-manufacturer-12x12.webp 12w, https:\/\/www.zkprintpack.com\/wp-content\/uploads\/2026\/02\/custom-sauce-packaging-bag-manufacturer-600x600.webp 600w, https:\/\/www.zkprintpack.com\/wp-content\/uploads\/2026\/02\/custom-sauce-packaging-bag-manufacturer-300x300.webp 300w, https:\/\/www.zkprintpack.com\/wp-content\/uploads\/2026\/02\/custom-sauce-packaging-bag-manufacturer-100x100.webp 100w\" sizes=\"(max-width: 800px) 100vw, 800px\" \/><\/figure>\n<\/div>\n\n\n\n<div class=\"wp-block-column is-layout-flow wp-block-column-is-layout-flow\">\n<figure class=\"wp-block-image size-full\"><img decoding=\"async\" width=\"800\" height=\"800\" src=\"https:\/\/www.zkprintpack.com\/wp-content\/uploads\/2026\/02\/custom-sauce-packaging-bag-2.webp\" alt=\"Verpackungsbeutel f\u00fcr So\u00dfen (2)\" class=\"wp-image-2631\" srcset=\"https:\/\/www.zkprintpack.com\/wp-content\/uploads\/2026\/02\/custom-sauce-packaging-bag-2.webp 800w, https:\/\/www.zkprintpack.com\/wp-content\/uploads\/2026\/02\/custom-sauce-packaging-bag-2-150x150.webp 150w, https:\/\/www.zkprintpack.com\/wp-content\/uploads\/2026\/02\/custom-sauce-packaging-bag-2-768x768.webp 768w, https:\/\/www.zkprintpack.com\/wp-content\/uploads\/2026\/02\/custom-sauce-packaging-bag-2-12x12.webp 12w, https:\/\/www.zkprintpack.com\/wp-content\/uploads\/2026\/02\/custom-sauce-packaging-bag-2-600x600.webp 600w, https:\/\/www.zkprintpack.com\/wp-content\/uploads\/2026\/02\/custom-sauce-packaging-bag-2-300x300.webp 300w, https:\/\/www.zkprintpack.com\/wp-content\/uploads\/2026\/02\/custom-sauce-packaging-bag-2-100x100.webp 100w\" sizes=\"(max-width: 800px) 100vw, 800px\" \/><\/figure>\n<\/div>\n<\/div>","protected":false},"excerpt":{"rendered":"<p>Kundenspezifische So\u00dfenverpackungen im Gro\u00dfhandel. Durch die Kombination von lebensmittelkonformen Materialien, starker Siegelleistung, hohem Barriereschutz und erstklassiger Druckqualit\u00e4t werden Produktfrische, Sicherheit und Regalwirkung in Ihren Zielm\u00e4rkten gew\u00e4hrleistet. Gro\u00dfbestellungen werden unterst\u00fctzt. Kontaktieren Sie uns jetzt!<\/p>\n<h2>Parameter von kundenspezifischen So\u00dfenverpackungsbeuteln<\/h2>\n<ul>\n<li><strong>Material:<\/strong>\u00a0PET\/PE, PET\/NY\/PE, PET\/AL\/NY\/PE, usw.<\/li>\n<li><strong>Tasche Typ<\/strong>: <strong>Stand Up Pouch<\/strong><\/li>\n<li><strong>Gr\u00f6\u00dfe<\/strong>: Benutzerdefiniert<\/li>\n<li><strong>Individuelle Bestellung<\/strong>: Akzeptieren Sie OEM &amp; ODM<\/li>\n<li><strong>Kostenlose Probe<\/strong>: Unterst\u00fctzung<\/li>\n<li><strong>Verwendung<\/strong>: Gew\u00fcrze, Snacks, Lebensmittel, S\u00fc\u00dfigkeiten, So\u00dfen und andere<\/li>\n<li><strong>Farbe<\/strong>: Kann angepasst werden<\/li>\n<li><strong>Zielm\u00e4rkte<\/strong>: \u00dcberall auf der Welt<\/li>\n<\/ul>","protected":false},"featured_media":2629,"comment_status":"closed","ping_status":"closed","template":"","meta":{"_acf_changed":false},"market":[62,59],"product_brand":[],"product_cat":[50],"product_tag":[],"class_list":{"0":"post-2628","1":"product","2":"type-product","3":"status-publish","4":"has-post-thumbnail","6":"market-powder-packaging-supplier","7":"market-sauce-and-condiment-packaging-supplier","8":"product_cat-stand-up-pouches-wholesale","10":"first","11":"instock","12":"shipping-taxable","13":"product-type-simple"},"acf":[],"_links":{"self":[{"href":"https:\/\/www.zkprintpack.com\/de\/wp-json\/wp\/v2\/product\/2628","targetHints":{"allow":["GET"]}}],"collection":[{"href":"https:\/\/www.zkprintpack.com\/de\/wp-json\/wp\/v2\/product"}],"about":[{"href":"https:\/\/www.zkprintpack.com\/de\/wp-json\/wp\/v2\/types\/product"}],"replies":[{"embeddable":true,"href":"https:\/\/www.zkprintpack.com\/de\/wp-json\/wp\/v2\/comments?post=2628"}],"wp:featuredmedia":[{"embeddable":true,"href":"https:\/\/www.zkprintpack.com\/de\/wp-json\/wp\/v2\/media\/2629"}],"wp:attachment":[{"href":"https:\/\/www.zkprintpack.com\/de\/wp-json\/wp\/v2\/media?parent=2628"}],"wp:term":[{"taxonomy":"market","embeddable":true,"href":"https:\/\/www.zkprintpack.com\/de\/wp-json\/wp\/v2\/market?post=2628"},{"taxonomy":"product_brand","embeddable":true,"href":"https:\/\/www.zkprintpack.com\/de\/wp-json\/wp\/v2\/product_brand?post=2628"},{"taxonomy":"product_cat","embeddable":true,"href":"https:\/\/www.zkprintpack.com\/de\/wp-json\/wp\/v2\/product_cat?post=2628"},{"taxonomy":"product_tag","embeddable":true,"href":"https:\/\/www.zkprintpack.com\/de\/wp-json\/wp\/v2\/product_tag?post=2628"}],"curies":[{"name":"wp","href":"https:\/\/api.w.org\/{rel}","templated":true}]}}