{"id":2621,"date":"2026-02-05T02:02:48","date_gmt":"2026-02-05T02:02:48","guid":{"rendered":"https:\/\/www.zkprintpack.com\/?post_type=product&#038;p=2621"},"modified":"2026-02-05T02:02:54","modified_gmt":"2026-02-05T02:02:54","slug":"custom-condiment-packaging-bags-bulk","status":"publish","type":"product","link":"https:\/\/www.zkprintpack.com\/de\/product\/custom-condiment-packaging-bags-bulk\/","title":{"rendered":"Kundenspezifische Gew\u00fcrzverpackungsbeutel - Aufrei\u00dfkerbe, auslaufsicher, hochbarrierefrei"},"content":{"rendered":"<div class=\"wp-block-columns is-layout-flex wp-container-core-columns-is-layout-9d6595d7 wp-block-columns-is-layout-flex\">\n<div class=\"wp-block-column is-layout-flow wp-block-column-is-layout-flow\">\n<h2 class=\"wp-block-heading\">Kundenspezifische Gew\u00fcrzverpackungsbeutel Merkmale<\/h2>\n\n\n\n<ul class=\"wp-block-list\">\n<li><strong>Zuverl\u00e4ssige, lecksichere Versiegelung:<\/strong><br>Die verbesserte Hei\u00dfsiegelintegrit\u00e4t dieser kundenspezifischen Gew\u00fcrzverpackungsbeutel gew\u00e4hrleistet eine gleichbleibende Versiegelungsleistung, die ein Auslaufen unter Innendruck verhindert und das Risiko von Reklamationen w\u00e4hrend des Versands und der Handhabung minimiert.<\/li>\n\n\n\n<li><strong>Hohe Sauerstoffbarriere:<\/strong><br>Unsere kundenspezifischen Gew\u00fcrzverpackungsbeutel verf\u00fcgen \u00fcber eine Hochbarrierestruktur, die das Eindringen von Sauerstoff verhindert, die Farbstabilit\u00e4t der Tomaten sch\u00fctzt und das Oxidationsrisiko, das zu Geschmacksverlusten oder zum Aufquellen des Beutels f\u00fchren kann, verringert.<\/li>\n\n\n\n<li><strong>Leicht zu \u00f6ffnende Aufrei\u00dfkerbe f\u00fcr Bequemlichkeit:<\/strong> <br>Das Design mit klarer Aufrei\u00dfkerbe oder gezackter \u00d6ffnung erm\u00f6glicht ein m\u00fcheloses \u00d6ffnen ohne Schere und verbessert die Benutzerfreundlichkeit sowohl in der K\u00fcche als auch in der Gastronomie.<\/li>\n\n\n\n<li><strong>Druck mit wasserbasierter Tinte<\/strong>:<br>Unsere ma\u00dfgefertigten Gew\u00fcrzverpackungen werden mit wasserbasierter Tinte bedruckt, um Emissionen zu reduzieren und unseren Kunden zu einer nachhaltigen Verpackung zu verhelfen.<\/li>\n\n\n\n<li>Als spezialisiertes Unternehmen f\u00fcr die Herstellung kundenspezifischer Gew\u00fcrzverpackungen k\u00f6nnen wir die Produktion direkt ab Werk mit einem ausgefeilten Beutelherstellungs- und Druckverfahren anbieten. So k\u00f6nnen wir eine stabile Basis f\u00fcr gro\u00dfe Auftragsvolumina bieten.<\/li>\n<\/ul>\n<\/div>\n\n\n\n<div class=\"wp-block-column is-layout-flow wp-block-column-is-layout-flow\">\n<figure class=\"wp-block-image size-full\"><img decoding=\"async\" width=\"800\" height=\"800\" src=\"https:\/\/www.zkprintpack.com\/wp-content\/uploads\/2026\/02\/Custom-Condiment-Packaging-Bag-Manufacturer-1.webp\" alt=\"Benutzerdefinierte Gew\u00fcrzverpackungsbeutel Hersteller - 1\" class=\"wp-image-2622\" srcset=\"https:\/\/www.zkprintpack.com\/wp-content\/uploads\/2026\/02\/Custom-Condiment-Packaging-Bag-Manufacturer-1.webp 800w, https:\/\/www.zkprintpack.com\/wp-content\/uploads\/2026\/02\/Custom-Condiment-Packaging-Bag-Manufacturer-1-150x150.webp 150w, https:\/\/www.zkprintpack.com\/wp-content\/uploads\/2026\/02\/Custom-Condiment-Packaging-Bag-Manufacturer-1-768x768.webp 768w, https:\/\/www.zkprintpack.com\/wp-content\/uploads\/2026\/02\/Custom-Condiment-Packaging-Bag-Manufacturer-1-12x12.webp 12w, https:\/\/www.zkprintpack.com\/wp-content\/uploads\/2026\/02\/Custom-Condiment-Packaging-Bag-Manufacturer-1-600x600.webp 600w, https:\/\/www.zkprintpack.com\/wp-content\/uploads\/2026\/02\/Custom-Condiment-Packaging-Bag-Manufacturer-1-300x300.webp 300w, https:\/\/www.zkprintpack.com\/wp-content\/uploads\/2026\/02\/Custom-Condiment-Packaging-Bag-Manufacturer-1-100x100.webp 100w\" sizes=\"(max-width: 800px) 100vw, 800px\" \/><\/figure>\n<\/div>\n<\/div>\n\n\n\n<div class=\"wp-block-columns is-layout-flex wp-container-core-columns-is-layout-9d6595d7 wp-block-columns-is-layout-flex\">\n<div class=\"wp-block-column is-layout-flow wp-block-column-is-layout-flow\">\n<figure class=\"wp-block-image size-full\"><img decoding=\"async\" width=\"800\" height=\"800\" src=\"https:\/\/www.zkprintpack.com\/wp-content\/uploads\/2026\/02\/Custom-Condiment-Packaging-Bag-Wholesale-Manufacturer-3.webp\" alt=\"Benutzerdefinierte Gew\u00fcrzverpackung Tasche Gro\u00dfhandel Hersteller (3)\" class=\"wp-image-2625\" srcset=\"https:\/\/www.zkprintpack.com\/wp-content\/uploads\/2026\/02\/Custom-Condiment-Packaging-Bag-Wholesale-Manufacturer-3.webp 800w, https:\/\/www.zkprintpack.com\/wp-content\/uploads\/2026\/02\/Custom-Condiment-Packaging-Bag-Wholesale-Manufacturer-3-150x150.webp 150w, https:\/\/www.zkprintpack.com\/wp-content\/uploads\/2026\/02\/Custom-Condiment-Packaging-Bag-Wholesale-Manufacturer-3-768x768.webp 768w, https:\/\/www.zkprintpack.com\/wp-content\/uploads\/2026\/02\/Custom-Condiment-Packaging-Bag-Wholesale-Manufacturer-3-12x12.webp 12w, https:\/\/www.zkprintpack.com\/wp-content\/uploads\/2026\/02\/Custom-Condiment-Packaging-Bag-Wholesale-Manufacturer-3-600x600.webp 600w, https:\/\/www.zkprintpack.com\/wp-content\/uploads\/2026\/02\/Custom-Condiment-Packaging-Bag-Wholesale-Manufacturer-3-300x300.webp 300w, https:\/\/www.zkprintpack.com\/wp-content\/uploads\/2026\/02\/Custom-Condiment-Packaging-Bag-Wholesale-Manufacturer-3-100x100.webp 100w\" sizes=\"(max-width: 800px) 100vw, 800px\" \/><\/figure>\n<\/div>\n\n\n\n<div class=\"wp-block-column is-layout-flow wp-block-column-is-layout-flow\">\n<figure class=\"wp-block-image size-full\"><img decoding=\"async\" width=\"800\" height=\"800\" src=\"https:\/\/www.zkprintpack.com\/wp-content\/uploads\/2026\/02\/Custom-Condiment-Packaging-Bag-Wholesale-Manufacturer-4.webp\" alt=\"Benutzerdefinierte Gew\u00fcrzverpackung Tasche Gro\u00dfhandel Hersteller (4)\" class=\"wp-image-2626\" srcset=\"https:\/\/www.zkprintpack.com\/wp-content\/uploads\/2026\/02\/Custom-Condiment-Packaging-Bag-Wholesale-Manufacturer-4.webp 800w, https:\/\/www.zkprintpack.com\/wp-content\/uploads\/2026\/02\/Custom-Condiment-Packaging-Bag-Wholesale-Manufacturer-4-150x150.webp 150w, https:\/\/www.zkprintpack.com\/wp-content\/uploads\/2026\/02\/Custom-Condiment-Packaging-Bag-Wholesale-Manufacturer-4-768x768.webp 768w, https:\/\/www.zkprintpack.com\/wp-content\/uploads\/2026\/02\/Custom-Condiment-Packaging-Bag-Wholesale-Manufacturer-4-12x12.webp 12w, https:\/\/www.zkprintpack.com\/wp-content\/uploads\/2026\/02\/Custom-Condiment-Packaging-Bag-Wholesale-Manufacturer-4-600x600.webp 600w, https:\/\/www.zkprintpack.com\/wp-content\/uploads\/2026\/02\/Custom-Condiment-Packaging-Bag-Wholesale-Manufacturer-4-300x300.webp 300w, https:\/\/www.zkprintpack.com\/wp-content\/uploads\/2026\/02\/Custom-Condiment-Packaging-Bag-Wholesale-Manufacturer-4-100x100.webp 100w\" sizes=\"(max-width: 800px) 100vw, 800px\" \/><\/figure>\n<\/div>\n\n\n\n<div class=\"wp-block-column is-layout-flow wp-block-column-is-layout-flow\">\n<figure class=\"wp-block-image size-full\"><img decoding=\"async\" width=\"800\" height=\"800\" src=\"https:\/\/www.zkprintpack.com\/wp-content\/uploads\/2026\/02\/Custom-Condiment-Packaging-Bag-Wholesale-Manufacturer-2.webp\" alt=\"Benutzerdefinierte Gew\u00fcrzverpackung Tasche Gro\u00dfhandel Hersteller (2)\" class=\"wp-image-2624\" srcset=\"https:\/\/www.zkprintpack.com\/wp-content\/uploads\/2026\/02\/Custom-Condiment-Packaging-Bag-Wholesale-Manufacturer-2.webp 800w, https:\/\/www.zkprintpack.com\/wp-content\/uploads\/2026\/02\/Custom-Condiment-Packaging-Bag-Wholesale-Manufacturer-2-150x150.webp 150w, https:\/\/www.zkprintpack.com\/wp-content\/uploads\/2026\/02\/Custom-Condiment-Packaging-Bag-Wholesale-Manufacturer-2-768x768.webp 768w, https:\/\/www.zkprintpack.com\/wp-content\/uploads\/2026\/02\/Custom-Condiment-Packaging-Bag-Wholesale-Manufacturer-2-12x12.webp 12w, https:\/\/www.zkprintpack.com\/wp-content\/uploads\/2026\/02\/Custom-Condiment-Packaging-Bag-Wholesale-Manufacturer-2-600x600.webp 600w, https:\/\/www.zkprintpack.com\/wp-content\/uploads\/2026\/02\/Custom-Condiment-Packaging-Bag-Wholesale-Manufacturer-2-300x300.webp 300w, https:\/\/www.zkprintpack.com\/wp-content\/uploads\/2026\/02\/Custom-Condiment-Packaging-Bag-Wholesale-Manufacturer-2-100x100.webp 100w\" sizes=\"(max-width: 800px) 100vw, 800px\" \/><\/figure>\n<\/div>\n<\/div>","protected":false},"excerpt":{"rendered":"<p>Unsere ma\u00dfgefertigten Gew\u00fcrzverpackungen gew\u00e4hrleisten Produktfrische, Auslaufsicherheit und eine erstklassige Pr\u00e4sentation im Regal, sowohl im Haushalt als auch in der Gastronomie. Gro\u00dfauftr\u00e4ge werden unterst\u00fctzt. Kontaktieren Sie uns jetzt!<\/p>\n<h2>Parameter von kundenspezifischen Gew\u00fcrzverpackungsbeuteln\u00a0<\/h2>\n<ul>\n<li><strong>Material:<\/strong>\u00a0PET\/PE, PET\/NY\/PE, PET\/AL\/NY\/PE, usw.<\/li>\n<li><strong>Tasche Typ<\/strong>: <strong>Dreiseitige Siegelrandtasche<\/strong><\/li>\n<li><strong>Gr\u00f6\u00dfe<\/strong>: Benutzerdefiniert<\/li>\n<li><strong>Individuelle Bestellung<\/strong>: Akzeptieren Sie OEM &amp; ODM<\/li>\n<li><strong>Kostenlose Probe<\/strong>: Unterst\u00fctzung<\/li>\n<li><strong>Verwendung<\/strong>: Gew\u00fcrzpulver, Snacks, Lebensmittel, S\u00fc\u00dfigkeiten, So\u00dfen und andere<\/li>\n<li><strong>Farbe<\/strong>: Kann angepasst werden<\/li>\n<li><strong>Zielm\u00e4rkte<\/strong>: \u00dcberall auf der Welt<\/li>\n<\/ul>","protected":false},"featured_media":2622,"comment_status":"closed","ping_status":"closed","template":"","meta":{"_acf_changed":false},"market":[59],"product_brand":[],"product_cat":[53,67],"product_tag":[],"class_list":{"0":"post-2621","1":"product","2":"type-product","3":"status-publish","4":"has-post-thumbnail","6":"market-sauce-and-condiment-packaging-supplier","7":"product_cat-three-side-seal-pouch-wholesale","8":"product_cat-custom-flat-pouch","10":"first","11":"instock","12":"shipping-taxable","13":"product-type-simple"},"acf":[],"_links":{"self":[{"href":"https:\/\/www.zkprintpack.com\/de\/wp-json\/wp\/v2\/product\/2621","targetHints":{"allow":["GET"]}}],"collection":[{"href":"https:\/\/www.zkprintpack.com\/de\/wp-json\/wp\/v2\/product"}],"about":[{"href":"https:\/\/www.zkprintpack.com\/de\/wp-json\/wp\/v2\/types\/product"}],"replies":[{"embeddable":true,"href":"https:\/\/www.zkprintpack.com\/de\/wp-json\/wp\/v2\/comments?post=2621"}],"wp:featuredmedia":[{"embeddable":true,"href":"https:\/\/www.zkprintpack.com\/de\/wp-json\/wp\/v2\/media\/2622"}],"wp:attachment":[{"href":"https:\/\/www.zkprintpack.com\/de\/wp-json\/wp\/v2\/media?parent=2621"}],"wp:term":[{"taxonomy":"market","embeddable":true,"href":"https:\/\/www.zkprintpack.com\/de\/wp-json\/wp\/v2\/market?post=2621"},{"taxonomy":"product_brand","embeddable":true,"href":"https:\/\/www.zkprintpack.com\/de\/wp-json\/wp\/v2\/product_brand?post=2621"},{"taxonomy":"product_cat","embeddable":true,"href":"https:\/\/www.zkprintpack.com\/de\/wp-json\/wp\/v2\/product_cat?post=2621"},{"taxonomy":"product_tag","embeddable":true,"href":"https:\/\/www.zkprintpack.com\/de\/wp-json\/wp\/v2\/product_tag?post=2621"}],"curies":[{"name":"wp","href":"https:\/\/api.w.org\/{rel}","templated":true}]}}