{"id":2619,"date":"2026-02-05T01:58:19","date_gmt":"2026-02-05T01:58:19","guid":{"rendered":"https:\/\/www.zkprintpack.com\/?post_type=product&#038;p=2619"},"modified":"2026-02-05T01:58:22","modified_gmt":"2026-02-05T01:58:22","slug":"oem-chili-seasoning-packaging-bag-bulk","status":"publish","type":"product","link":"https:\/\/www.zkprintpack.com\/de\/product\/oem-chili-seasoning-packaging-bag-bulk\/","title":{"rendered":"Benutzerdefinierte Chili Gew\u00fcrz Verpackung Tasche Gro\u00dfhandel drei Seite Seal Beutel Versorgung Fabrik"},"content":{"rendered":"<div class=\"wp-block-columns is-layout-flex wp-container-core-columns-is-layout-9d6595d7 wp-block-columns-is-layout-flex\">\n<div class=\"wp-block-column is-layout-flow wp-block-column-is-layout-flow\">\n<h2 class=\"wp-block-heading\">Benutzerdefinierte Chili Gew\u00fcrz Verpackung Tasche Merkmale<\/h2>\n\n\n\n<ul class=\"wp-block-list\">\n<li><strong>Doppelte unabh\u00e4ngige Beutelstruktur f\u00fcr perfekte Separation:<\/strong> Zwei Innenbeutel (Sauce + Chili-\u00d6l) sind einzeln verpackt, um eine vollst\u00e4ndige physische Isolierung zu gew\u00e4hrleisten und eine Vermischung der Aromen oder eine Kreuzkontamination w\u00e4hrend Lagerung und Transport zu verhindern.<\/li>\n\n\n\n<li><strong>Hervorragende Sauerstoffbarriere zur Verhinderung von Oxidation und Ranzigwerden:<\/strong> Hochbarrierematerialien (Folien oder transparente metallisierte Strukturen) reduzieren die Sauerstoffdurchl\u00e4ssigkeit erheblich und sch\u00fctzen so das Gew\u00fcrzaroma, die Frische der So\u00dfe und die Farbstabilit\u00e4t des Chili-\u00d6ls.<\/li>\n\n\n\n<li><strong>Hochfeste Folie:<\/strong> Die laminierte Struktur bietet eine ausgezeichnete Durchsto\u00dffestigkeit, Zugfestigkeit und Reibungsbest\u00e4ndigkeit und verhindert das Brechen von Beuteln beim Stapeln, Transport und bei der Handhabung.<\/li>\n\n\n\n<li><strong>Druck mit wasserbasierter Tinte<\/strong>: Unsere Chili-Gew\u00fcrzverpackungen werden mit wasserbasierter Tinte bedruckt, um Emissionen zu reduzieren und unseren Kunden zu einer nachhaltigen Verpackung zu verhelfen.<\/li>\n\n\n\n<li>Als spezialisiertes Unternehmen f\u00fcr die Herstellung von Verpackungsbeuteln f\u00fcr Chiligew\u00fcrze k\u00f6nnen wir die Produktion direkt ab Werk mit einem ausgefeilten Beutelherstellungs- und Druckverfahren anbieten. So k\u00f6nnen wir eine stabile Basis f\u00fcr Gro\u00dfauftr\u00e4ge bieten.<\/li>\n<\/ul>\n<\/div>\n\n\n\n<div class=\"wp-block-column is-layout-flow wp-block-column-is-layout-flow\">\n<figure class=\"wp-block-image size-full\"><img decoding=\"async\" width=\"800\" height=\"800\" src=\"https:\/\/www.zkprintpack.com\/wp-content\/uploads\/2026\/02\/Chili-seasoning-packaging-bag-wholesale.webp\" alt=\"Chili Gew\u00fcrz Verpackung Tasche Gro\u00dfhandel\" class=\"wp-image-2620\" srcset=\"https:\/\/www.zkprintpack.com\/wp-content\/uploads\/2026\/02\/Chili-seasoning-packaging-bag-wholesale.webp 800w, https:\/\/www.zkprintpack.com\/wp-content\/uploads\/2026\/02\/Chili-seasoning-packaging-bag-wholesale-150x150.webp 150w, https:\/\/www.zkprintpack.com\/wp-content\/uploads\/2026\/02\/Chili-seasoning-packaging-bag-wholesale-768x768.webp 768w, https:\/\/www.zkprintpack.com\/wp-content\/uploads\/2026\/02\/Chili-seasoning-packaging-bag-wholesale-12x12.webp 12w, https:\/\/www.zkprintpack.com\/wp-content\/uploads\/2026\/02\/Chili-seasoning-packaging-bag-wholesale-600x600.webp 600w, https:\/\/www.zkprintpack.com\/wp-content\/uploads\/2026\/02\/Chili-seasoning-packaging-bag-wholesale-300x300.webp 300w, https:\/\/www.zkprintpack.com\/wp-content\/uploads\/2026\/02\/Chili-seasoning-packaging-bag-wholesale-100x100.webp 100w\" sizes=\"(max-width: 800px) 100vw, 800px\" \/><\/figure>\n<\/div>\n<\/div>\n\n\n\n<p><\/p>","protected":false},"excerpt":{"rendered":"<p>Zhongjia Packaging bietet Chili-Gew\u00fcrzverpackungen f\u00fcr den Gro\u00dfhandel an. Sie sind ideal f\u00fcr Marken, die auf Komfort, Frische und erstklassigen Geschmack Wert legen. Sie gew\u00e4hrleistet, dass \u201czwei Saucen in einer Packung\u201d von der Produktion bis zum Verzehr perfekt getrennt, sicher und geschmackvoll bleiben. Gro\u00dfbestellungen werden unterst\u00fctzt. Kontaktieren Sie uns jetzt!<\/p>\n<h2>Parameter der benutzerdefinierten Chili Gew\u00fcrz Verpackung Tasche\u00a0<\/h2>\n<ul>\n<li><strong>Material:<\/strong>\u00a0PET\/PE, PET\/NY\/PE, PET\/AL\/NY\/PE, usw.<\/li>\n<li><strong>Tasche Typ<\/strong>: <strong>Dreiseitige Siegelrandtasche<\/strong><\/li>\n<li><strong>Gr\u00f6\u00dfe<\/strong>: Benutzerdefiniert<\/li>\n<li><strong>Individuelle Bestellung<\/strong>: Akzeptieren Sie OEM &amp; ODM<\/li>\n<li><strong>Kostenlose Probe<\/strong>: Unterst\u00fctzung<\/li>\n<li><strong>Verwendung<\/strong>: Gew\u00fcrzpulver, Snacks, Lebensmittel, S\u00fc\u00dfigkeiten und andere<\/li>\n<li><strong>Farbe<\/strong>: Kann angepasst werden<\/li>\n<li><strong>Zielm\u00e4rkte<\/strong>: \u00dcberall auf der Welt<\/li>\n<\/ul>","protected":false},"featured_media":2620,"comment_status":"closed","ping_status":"closed","template":"","meta":{"_acf_changed":false},"market":[62,59],"product_brand":[],"product_cat":[53,67],"product_tag":[],"class_list":{"0":"post-2619","1":"product","2":"type-product","3":"status-publish","4":"has-post-thumbnail","6":"market-powder-packaging-supplier","7":"market-sauce-and-condiment-packaging-supplier","8":"product_cat-three-side-seal-pouch-wholesale","9":"product_cat-custom-flat-pouch","11":"first","12":"instock","13":"shipping-taxable","14":"product-type-simple"},"acf":[],"_links":{"self":[{"href":"https:\/\/www.zkprintpack.com\/de\/wp-json\/wp\/v2\/product\/2619","targetHints":{"allow":["GET"]}}],"collection":[{"href":"https:\/\/www.zkprintpack.com\/de\/wp-json\/wp\/v2\/product"}],"about":[{"href":"https:\/\/www.zkprintpack.com\/de\/wp-json\/wp\/v2\/types\/product"}],"replies":[{"embeddable":true,"href":"https:\/\/www.zkprintpack.com\/de\/wp-json\/wp\/v2\/comments?post=2619"}],"wp:featuredmedia":[{"embeddable":true,"href":"https:\/\/www.zkprintpack.com\/de\/wp-json\/wp\/v2\/media\/2620"}],"wp:attachment":[{"href":"https:\/\/www.zkprintpack.com\/de\/wp-json\/wp\/v2\/media?parent=2619"}],"wp:term":[{"taxonomy":"market","embeddable":true,"href":"https:\/\/www.zkprintpack.com\/de\/wp-json\/wp\/v2\/market?post=2619"},{"taxonomy":"product_brand","embeddable":true,"href":"https:\/\/www.zkprintpack.com\/de\/wp-json\/wp\/v2\/product_brand?post=2619"},{"taxonomy":"product_cat","embeddable":true,"href":"https:\/\/www.zkprintpack.com\/de\/wp-json\/wp\/v2\/product_cat?post=2619"},{"taxonomy":"product_tag","embeddable":true,"href":"https:\/\/www.zkprintpack.com\/de\/wp-json\/wp\/v2\/product_tag?post=2619"}],"curies":[{"name":"wp","href":"https:\/\/api.w.org\/{rel}","templated":true}]}}