{"id":2546,"date":"2026-01-23T10:50:09","date_gmt":"2026-01-23T10:50:09","guid":{"rendered":"https:\/\/www.zkprintpack.com\/?post_type=product&#038;p=2546"},"modified":"2026-01-23T10:50:13","modified_gmt":"2026-01-23T10:50:13","slug":"wholesale-snack-food-packaging-bags","status":"publish","type":"product","link":"https:\/\/www.zkprintpack.com\/de\/product\/wholesale-snack-food-packaging-bags\/","title":{"rendered":"Gro\u00dfhandel Snack Food Verpackung Taschen, Stand Up Pouches Fabrik Hersteller"},"content":{"rendered":"<div class=\"wp-block-columns is-layout-flex wp-container-core-columns-is-layout-9d6595d7 wp-block-columns-is-layout-flex\">\n<div class=\"wp-block-column is-layout-flow wp-block-column-is-layout-flow\">\n<h2 class=\"wp-block-heading\">Gro\u00dfhandel Snack Food Verpackung Taschen Merkmale<\/h2>\n\n\n\n<ul class=\"wp-block-list\">\n<li><strong>Hochaufl\u00f6sendes Fenster f\u00fcr die Anzeige echter Produkte:<\/strong><br>Eine der Snack-Verpackungen f\u00fcr den Gro\u00dfhandel verf\u00fcgt \u00fcber ein transparentes Fenster und verwendet eine hochgl\u00e4nzende, hochtransparente Folie, um die nat\u00fcrliche Farbe und Textur der Tintenfisch-Krabben-Cracker zur Geltung zu bringen und durch die sichtbare Qualit\u00e4t sofortiges Vertrauen beim Verbraucher zu schaffen.<\/li>\n\n\n\n<li><strong>Hohe Sauerstoffbarriere f\u00fcr Frische:<\/strong><br>Die Verbundstruktur unserer Snack-Verpackungen f\u00fcr den Gro\u00dfhandel bietet eine hervorragende Sauerstoffbarriere, die die Oxidation der Proteine und Fette von Meeresfr\u00fcchten effektiv verlangsamt und so Geruchs- und Geschmacksverschlechterungen verhindert.<\/li>\n\n\n\n<li><strong>Zuverl\u00e4ssiger Feuchtigkeitsschutz f\u00fcr knackige Textur:<\/strong><br>Diese Gro\u00dfhandelssnack-Verpackungst\u00fcten haben eine hohe Wasserdampfbest\u00e4ndigkeit, die dazu beitr\u00e4gt, die gew\u00fcnschte knusprige oder z\u00e4he Textur von Meeresfr\u00fcchtesnacks zu erhalten, selbst in feuchten Lager- oder Vertriebsumgebungen.<\/li>\n\n\n\n<li><strong>Lebensmittelsicherheit und Einhaltung der Etikettierungsvorschriften:<\/strong><br>Alle Materialien entsprechen den Sicherheitsstandards f\u00fcr den Kontakt mit Lebensmitteln und bieten ausreichend Platz f\u00fcr die Auflistung von Inhaltsstoffen, N\u00e4hrwertangaben, Haltbarkeitsdaten und Herstellerangaben.<\/li>\n\n\n\n<li>Als spezialisiertes Unternehmen f\u00fcr die Herstellung von Snack-Verpackungsbeuteln k\u00f6nnen wir eine fabrikinterne Produktion mit einem ausgefeilten Beutelherstellungs- und Druckverfahren anbieten. So k\u00f6nnen wir eine stabile Basis f\u00fcr Gro\u00dfauftr\u00e4ge schaffen.<\/li>\n<\/ul>\n<\/div>\n\n\n\n<div class=\"wp-block-column is-layout-flow wp-block-column-is-layout-flow\">\n<figure class=\"wp-block-image size-full\"><img decoding=\"async\" width=\"800\" height=\"800\" src=\"https:\/\/www.zkprintpack.com\/wp-content\/uploads\/2026\/01\/Wholesale-snack-food-packaging.webp\" alt=\"\" class=\"wp-image-2547\" srcset=\"https:\/\/www.zkprintpack.com\/wp-content\/uploads\/2026\/01\/Wholesale-snack-food-packaging.webp 800w, https:\/\/www.zkprintpack.com\/wp-content\/uploads\/2026\/01\/Wholesale-snack-food-packaging-150x150.webp 150w, https:\/\/www.zkprintpack.com\/wp-content\/uploads\/2026\/01\/Wholesale-snack-food-packaging-768x768.webp 768w, https:\/\/www.zkprintpack.com\/wp-content\/uploads\/2026\/01\/Wholesale-snack-food-packaging-12x12.webp 12w, https:\/\/www.zkprintpack.com\/wp-content\/uploads\/2026\/01\/Wholesale-snack-food-packaging-600x600.webp 600w, https:\/\/www.zkprintpack.com\/wp-content\/uploads\/2026\/01\/Wholesale-snack-food-packaging-300x300.webp 300w, https:\/\/www.zkprintpack.com\/wp-content\/uploads\/2026\/01\/Wholesale-snack-food-packaging-100x100.webp 100w\" sizes=\"(max-width: 800px) 100vw, 800px\" \/><\/figure>\n<\/div>\n<\/div>\n\n\n\n<p><\/p>","protected":false},"excerpt":{"rendered":"<p>Gro\u00dfhandelssnack-Verpackungst\u00fcten f\u00fcr Marken. Diese Snack-Verpackungst\u00fcten vereinen kristallklare Produktsichtbarkeit mit fortschrittlichen Sauerstoff- und Feuchtigkeitsbarrieren, die f\u00fcr lang anhaltende Frische sorgen und gleichzeitig die grafischen Details klar kommunizieren. Gro\u00dfbestellungen im Gro\u00dfhandel m\u00f6glich. Kontaktieren Sie uns jetzt!<\/p>\n<h2>Parameter von Snack-Food-Verpackungsbeuteln<\/h2>\n<ul>\n<li><strong>Material:<\/strong>\u00a0PET\/PE, PET\/NY\/PE, PET\/AL\/NY\/PE, usw.<\/li>\n<li><strong>Tasche Typ<\/strong>: <strong>Stand Up Pouch<\/strong><\/li>\n<li><strong>Gr\u00f6\u00dfe<\/strong>: Benutzerdefiniert<\/li>\n<li><strong>Individuelle Bestellung<\/strong>: Akzeptieren Sie OEM &amp; ODM<\/li>\n<li><strong>Kostenlose Probe<\/strong>: Unterst\u00fctzung<\/li>\n<li><strong>Verwendung<\/strong>: Snacks, Lebensmittel, S\u00fc\u00dfigkeiten und andere<\/li>\n<li><strong>Farbe<\/strong>: Kann angepasst werden<\/li>\n<li><strong>Zielm\u00e4rkte<\/strong>: \u00dcberall auf der Welt<\/li>\n<\/ul>","protected":false},"featured_media":2547,"comment_status":"closed","ping_status":"closed","template":"","meta":{"_acf_changed":false},"market":[61],"product_brand":[],"product_cat":[50],"product_tag":[],"class_list":{"0":"post-2546","1":"product","2":"type-product","3":"status-publish","4":"has-post-thumbnail","6":"market-snack-packaging-supplier","7":"product_cat-stand-up-pouches-wholesale","9":"first","10":"instock","11":"shipping-taxable","12":"product-type-simple"},"acf":[],"_links":{"self":[{"href":"https:\/\/www.zkprintpack.com\/de\/wp-json\/wp\/v2\/product\/2546","targetHints":{"allow":["GET"]}}],"collection":[{"href":"https:\/\/www.zkprintpack.com\/de\/wp-json\/wp\/v2\/product"}],"about":[{"href":"https:\/\/www.zkprintpack.com\/de\/wp-json\/wp\/v2\/types\/product"}],"replies":[{"embeddable":true,"href":"https:\/\/www.zkprintpack.com\/de\/wp-json\/wp\/v2\/comments?post=2546"}],"wp:featuredmedia":[{"embeddable":true,"href":"https:\/\/www.zkprintpack.com\/de\/wp-json\/wp\/v2\/media\/2547"}],"wp:attachment":[{"href":"https:\/\/www.zkprintpack.com\/de\/wp-json\/wp\/v2\/media?parent=2546"}],"wp:term":[{"taxonomy":"market","embeddable":true,"href":"https:\/\/www.zkprintpack.com\/de\/wp-json\/wp\/v2\/market?post=2546"},{"taxonomy":"product_brand","embeddable":true,"href":"https:\/\/www.zkprintpack.com\/de\/wp-json\/wp\/v2\/product_brand?post=2546"},{"taxonomy":"product_cat","embeddable":true,"href":"https:\/\/www.zkprintpack.com\/de\/wp-json\/wp\/v2\/product_cat?post=2546"},{"taxonomy":"product_tag","embeddable":true,"href":"https:\/\/www.zkprintpack.com\/de\/wp-json\/wp\/v2\/product_tag?post=2546"}],"curies":[{"name":"wp","href":"https:\/\/api.w.org\/{rel}","templated":true}]}}