{"id":2544,"date":"2026-01-29T17:53:26","date_gmt":"2026-01-29T17:53:26","guid":{"rendered":"https:\/\/www.zkprintpack.com\/?post_type=product&#038;p=2544"},"modified":"2026-01-29T17:53:27","modified_gmt":"2026-01-29T17:53:27","slug":"wholesale-dried-pork-packaging-bag","status":"publish","type":"product","link":"https:\/\/www.zkprintpack.com\/de\/product\/wholesale-dried-pork-packaging-bag\/","title":{"rendered":"Gro\u00dfhandel getrocknetes Schweinefleisch Verpackung Tasche - Verpackung Taschen Hersteller"},"content":{"rendered":"<div class=\"wp-block-columns is-layout-flex wp-container-core-columns-is-layout-9d6595d7 wp-block-columns-is-layout-flex\">\n<div class=\"wp-block-column is-layout-flow wp-block-column-is-layout-flow\">\n<h2 class=\"wp-block-heading\">Gro\u00dfhandel getrocknetes Schweinefleisch Verpackung Tasche Merkmale<\/h2>\n\n\n\n<ul class=\"wp-block-list\">\n<li><strong>Fortschrittliche Sauerstoff- und Feuchtigkeitsbarriere:<\/strong><br>Der Hochleistungs-Verpackungsbeutel f\u00fcr getrocknetes Schweinefleisch verhindert Oxidation und Feuchtigkeitsaufnahme und sorgt daf\u00fcr, dass das D\u00f6rrfleisch w\u00e4hrend der gesamten Haltbarkeitsdauer geschmackvoll und knackig bleibt.<\/li>\n\n\n\n<li><strong>\u00d6lbest\u00e4ndiges und langlebiges Material:<\/strong><br>Die Innenschichten unseres getrockneten Prok-Verpackungsbeutels verhindern das Austreten von Fett und sind durchsto\u00dfsicher, wodurch die Druckqualit\u00e4t und die strukturelle Integrit\u00e4t w\u00e4hrend des Transports und der Handhabung gew\u00e4hrleistet werden.<\/li>\n\n\n\n<li><strong>Spielerisches und auff\u00e4lliges Bildmaterial:<\/strong><br>Cartoon-Figuren und leuchtende Farbdrucke sorgen f\u00fcr ein lebendiges, ansprechendes Erscheinungsbild, das j\u00fcngere Verbraucher anspricht und gleichzeitig ein Gleichgewicht zwischen traditionellen Elementen herstellt.<\/li>\n\n\n\n<li><strong>Klare Produktkennzeichnung und Informationshierarchie:<\/strong><br>Gro\u00dfer, auff\u00e4lliger Text auf der Verpackung von getrocknetem Schweinefleisch kommuniziert sofort das Produkt; Nettogewicht, Markenlogo und Geschmacksbeschreibung sind leicht zu lesen.<\/li>\n\n\n\n<li>Als spezialisiertes Unternehmen f\u00fcr die Herstellung von Snack-Verpackungsbeuteln k\u00f6nnen wir eine fabrikinterne Produktion mit einem ausgefeilten Beutelherstellungs- und Druckverfahren anbieten. So k\u00f6nnen wir eine stabile Basis f\u00fcr Gro\u00dfauftr\u00e4ge schaffen.<\/li>\n<\/ul>\n<\/div>\n\n\n\n<div class=\"wp-block-column is-layout-flow wp-block-column-is-layout-flow\">\n<figure class=\"wp-block-image size-full\"><img decoding=\"async\" width=\"800\" height=\"800\" src=\"https:\/\/www.zkprintpack.com\/wp-content\/uploads\/2026\/01\/Wholesale-Dried-Pork-Packaging-Bags.webp\" alt=\"Gro\u00dfhandel getrocknetes Schweinefleisch Verpackungsbeutel\" class=\"wp-image-2545\" srcset=\"https:\/\/www.zkprintpack.com\/wp-content\/uploads\/2026\/01\/Wholesale-Dried-Pork-Packaging-Bags.webp 800w, https:\/\/www.zkprintpack.com\/wp-content\/uploads\/2026\/01\/Wholesale-Dried-Pork-Packaging-Bags-150x150.webp 150w, https:\/\/www.zkprintpack.com\/wp-content\/uploads\/2026\/01\/Wholesale-Dried-Pork-Packaging-Bags-768x768.webp 768w, https:\/\/www.zkprintpack.com\/wp-content\/uploads\/2026\/01\/Wholesale-Dried-Pork-Packaging-Bags-12x12.webp 12w, https:\/\/www.zkprintpack.com\/wp-content\/uploads\/2026\/01\/Wholesale-Dried-Pork-Packaging-Bags-600x600.webp 600w, https:\/\/www.zkprintpack.com\/wp-content\/uploads\/2026\/01\/Wholesale-Dried-Pork-Packaging-Bags-300x300.webp 300w, https:\/\/www.zkprintpack.com\/wp-content\/uploads\/2026\/01\/Wholesale-Dried-Pork-Packaging-Bags-100x100.webp 100w\" sizes=\"(max-width: 800px) 100vw, 800px\" \/><\/figure>\n<\/div>\n<\/div>\n\n\n\n<p><\/p>","protected":false},"excerpt":{"rendered":"<p>Gro\u00dfhandelspackung f\u00fcr getrocknetes Schweinefleisch, die traditionelle Handwerkskunst mit verspieltem Design verbindet. Die Verpackung mit hoher Barrierewirkung bewahrt Frische und Textur, w\u00e4hrend die lebendige Optik sowohl junge als auch familienorientierte Verbraucher anspricht. Gro\u00dfbestellungen im Gro\u00dfhandel m\u00f6glich. Kontaktieren Sie uns jetzt!<\/p>\n<h2>Parameter des Verpackungsbeutels f\u00fcr getrocknetes Schweinefleisch<\/h2>\n<ul>\n<li><strong>Material:<\/strong>\u00a0PET\/PE, PET\/NY\/PE, PET\/AL\/NY\/PE, usw.<\/li>\n<li><strong>Tasche Typ<\/strong>: <strong>Dreiseitige Siegelrandtasche<\/strong><\/li>\n<li><strong>Gr\u00f6\u00dfe<\/strong>: Benutzerdefiniert<\/li>\n<li><strong>Individuelle Bestellung<\/strong>: Akzeptieren Sie OEM &amp; ODM<\/li>\n<li><strong>Kostenlose Probe<\/strong>: Unterst\u00fctzung<\/li>\n<li><strong>Verwendung<\/strong>: Snacks, Lebensmittel, S\u00fc\u00dfigkeiten und andere<\/li>\n<li><strong>Farbe<\/strong>: Kann angepasst werden<\/li>\n<li><strong>Zielm\u00e4rkte<\/strong>: \u00dcberall auf der Welt<\/li>\n<\/ul>","protected":false},"featured_media":2545,"comment_status":"closed","ping_status":"closed","template":"","meta":{"_acf_changed":false},"market":[61],"product_brand":[],"product_cat":[53],"product_tag":[],"class_list":{"0":"post-2544","1":"product","2":"type-product","3":"status-publish","4":"has-post-thumbnail","6":"market-snack-packaging-supplier","7":"product_cat-three-side-seal-pouch-wholesale","9":"first","10":"instock","11":"shipping-taxable","12":"product-type-simple"},"acf":[],"_links":{"self":[{"href":"https:\/\/www.zkprintpack.com\/de\/wp-json\/wp\/v2\/product\/2544","targetHints":{"allow":["GET"]}}],"collection":[{"href":"https:\/\/www.zkprintpack.com\/de\/wp-json\/wp\/v2\/product"}],"about":[{"href":"https:\/\/www.zkprintpack.com\/de\/wp-json\/wp\/v2\/types\/product"}],"replies":[{"embeddable":true,"href":"https:\/\/www.zkprintpack.com\/de\/wp-json\/wp\/v2\/comments?post=2544"}],"wp:featuredmedia":[{"embeddable":true,"href":"https:\/\/www.zkprintpack.com\/de\/wp-json\/wp\/v2\/media\/2545"}],"wp:attachment":[{"href":"https:\/\/www.zkprintpack.com\/de\/wp-json\/wp\/v2\/media?parent=2544"}],"wp:term":[{"taxonomy":"market","embeddable":true,"href":"https:\/\/www.zkprintpack.com\/de\/wp-json\/wp\/v2\/market?post=2544"},{"taxonomy":"product_brand","embeddable":true,"href":"https:\/\/www.zkprintpack.com\/de\/wp-json\/wp\/v2\/product_brand?post=2544"},{"taxonomy":"product_cat","embeddable":true,"href":"https:\/\/www.zkprintpack.com\/de\/wp-json\/wp\/v2\/product_cat?post=2544"},{"taxonomy":"product_tag","embeddable":true,"href":"https:\/\/www.zkprintpack.com\/de\/wp-json\/wp\/v2\/product_tag?post=2544"}],"curies":[{"name":"wp","href":"https:\/\/api.w.org\/{rel}","templated":true}]}}