{"id":2542,"date":"2026-01-23T10:59:35","date_gmt":"2026-01-23T10:59:35","guid":{"rendered":"https:\/\/www.zkprintpack.com\/?post_type=product&#038;p=2542"},"modified":"2026-01-29T17:55:07","modified_gmt":"2026-01-29T17:55:07","slug":"oem-nut-packaging-film-wholesale","status":"publish","type":"product","link":"https:\/\/www.zkprintpack.com\/de\/product\/oem-nut-packaging-film-wholesale\/","title":{"rendered":"Bulk Nut Verpackung Film Rollstock Gro\u00dfhandel - Direct-Factory Supply"},"content":{"rendered":"<div class=\"wp-block-columns is-layout-flex wp-container-core-columns-is-layout-9d6595d7 wp-block-columns-is-layout-flex\">\n<div class=\"wp-block-column is-layout-flow wp-block-column-is-layout-flow\">\n<h2 class=\"wp-block-heading\">Benutzerdefinierte Nussverpackungsfolie Gro\u00dfhandel Merkmale<\/h2>\n\n\n\n<ul class=\"wp-block-list\">\n<li><strong>Hervorragende Sauerstoff- und Feuchtigkeitsbarriere:<\/strong><br>Die Hochleistungsfolie f\u00fcr Nussverpackungen im Gro\u00dfhandel verhindert Oxidation und Feuchtigkeitsaufnahme, so dass gemischte N\u00fcsse w\u00e4hrend der gesamten Haltbarkeitsdauer knusprig und geschmackvoll bleiben.<\/li>\n\n\n\n<li><strong>Physischer Schutz f\u00fcr zerbrechliche N\u00fcsse:<\/strong><br>Langlebiges, durchsto\u00dffestes Material und starke, hei\u00dfgesiegelte Kanten unserer Nussverpackungsfolie sch\u00fctzen N\u00fcsse vor Quetschungen und Besch\u00e4digungen w\u00e4hrend des Transports und der Handhabung.<\/li>\n\n\n\n<li><strong>Hohe Aufl\u00f6sung:<\/strong><br>Bei der Herstellung von Verpackungsfolien f\u00fcr N\u00fcsse verwenden wir Druckfarben auf Wasserbasis, um eine klare grafische Aufl\u00f6sung zu erhalten und gleichzeitig die Emissionen zu reduzieren.<\/li>\n\n\n\n<li><strong>Produktionsfreundliches Design:<\/strong><br>Diese Verpackungsfolie f\u00fcr N\u00fcsse ist mit vertikalen Hochgeschwindigkeitsabf\u00fcllmaschinen kompatibel und gew\u00e4hrleistet eine stabile Versiegelung, eine effiziente Produktion und eine gleichbleibende Qualit\u00e4t \u00fcber alle Chargen hinweg.<\/li>\n\n\n\n<li>Als spezialisiertes Unternehmen f\u00fcr die Herstellung von Snack-Verpackungsfolien von der Rolle k\u00f6nnen wir eine fabrikinterne Produktion mit einem ausgefeilten Beutelherstellungs- und Druckverfahren anbieten. So k\u00f6nnen wir eine stabile Basis f\u00fcr Gro\u00dfauftr\u00e4ge schaffen.<\/li>\n<\/ul>\n<\/div>\n\n\n\n<div class=\"wp-block-column is-layout-flow wp-block-column-is-layout-flow\">\n<figure class=\"wp-block-image size-full\"><img decoding=\"async\" width=\"800\" height=\"800\" src=\"https:\/\/www.zkprintpack.com\/wp-content\/uploads\/2026\/01\/nut-packaging-film-wholesale.webp\" alt=\"\" class=\"wp-image-2543\" srcset=\"https:\/\/www.zkprintpack.com\/wp-content\/uploads\/2026\/01\/nut-packaging-film-wholesale.webp 800w, https:\/\/www.zkprintpack.com\/wp-content\/uploads\/2026\/01\/nut-packaging-film-wholesale-150x150.webp 150w, https:\/\/www.zkprintpack.com\/wp-content\/uploads\/2026\/01\/nut-packaging-film-wholesale-768x768.webp 768w, https:\/\/www.zkprintpack.com\/wp-content\/uploads\/2026\/01\/nut-packaging-film-wholesale-12x12.webp 12w, https:\/\/www.zkprintpack.com\/wp-content\/uploads\/2026\/01\/nut-packaging-film-wholesale-600x600.webp 600w, https:\/\/www.zkprintpack.com\/wp-content\/uploads\/2026\/01\/nut-packaging-film-wholesale-300x300.webp 300w, https:\/\/www.zkprintpack.com\/wp-content\/uploads\/2026\/01\/nut-packaging-film-wholesale-100x100.webp 100w\" sizes=\"(max-width: 800px) 100vw, 800px\" \/><\/figure>\n<\/div>\n<\/div>\n\n\n\n<p><\/p>","protected":false},"excerpt":{"rendered":"<p>Unsere Nussverpackungsfolien f\u00fcr den Gro\u00dfhandel wurden entwickelt, um die Knackigkeit und den nat\u00fcrlichen Geschmack von Mandeln, Haseln\u00fcssen, Cashews und anderen N\u00fcssen zu bewahren. Die fortschrittlichen Barrierematerialien halten sie frisch und machen sie zu einer zuverl\u00e4ssigen, bequemen und gesunden Snackwahl. Gro\u00dfbestellungen im Gro\u00dfhandel m\u00f6glich. Kontaktieren Sie uns jetzt!<\/p>\n<h2>Parameter der Verpackungsfolie f\u00fcr N\u00fcsse\u00a0<\/h2>\n<ul>\n<li><strong>Material:<\/strong>\u00a0PET\/PE, PET\/NY\/PE, PET\/AL\/NY\/PE, usw.<\/li>\n<li><strong>Tasche Typ<\/strong>: <strong>Verpackung Rollstock Film<\/strong><\/li>\n<li><strong>Gr\u00f6\u00dfe<\/strong>: Benutzerdefiniert<\/li>\n<li><strong>Individuelle Bestellung<\/strong>: Akzeptieren Sie OEM &amp; ODM<\/li>\n<li><strong>Kostenlose Probe<\/strong>: Unterst\u00fctzung<\/li>\n<li><strong>Verwendung<\/strong>: Snacks, Lebensmittel, S\u00fc\u00dfigkeiten und andere<\/li>\n<li><strong>Farbe<\/strong>: Kann angepasst werden<\/li>\n<li><strong>Zielm\u00e4rkte<\/strong>: \u00dcberall auf der Welt<\/li>\n<\/ul>","protected":false},"featured_media":2543,"comment_status":"closed","ping_status":"closed","template":"","meta":{"_acf_changed":false},"market":[61],"product_brand":[],"product_cat":[57],"product_tag":[],"class_list":{"0":"post-2542","1":"product","2":"type-product","3":"status-publish","4":"has-post-thumbnail","6":"market-snack-packaging-supplier","7":"product_cat-rollstock-film-supplier","9":"first","10":"instock","11":"shipping-taxable","12":"product-type-simple"},"acf":[],"_links":{"self":[{"href":"https:\/\/www.zkprintpack.com\/de\/wp-json\/wp\/v2\/product\/2542","targetHints":{"allow":["GET"]}}],"collection":[{"href":"https:\/\/www.zkprintpack.com\/de\/wp-json\/wp\/v2\/product"}],"about":[{"href":"https:\/\/www.zkprintpack.com\/de\/wp-json\/wp\/v2\/types\/product"}],"replies":[{"embeddable":true,"href":"https:\/\/www.zkprintpack.com\/de\/wp-json\/wp\/v2\/comments?post=2542"}],"wp:featuredmedia":[{"embeddable":true,"href":"https:\/\/www.zkprintpack.com\/de\/wp-json\/wp\/v2\/media\/2543"}],"wp:attachment":[{"href":"https:\/\/www.zkprintpack.com\/de\/wp-json\/wp\/v2\/media?parent=2542"}],"wp:term":[{"taxonomy":"market","embeddable":true,"href":"https:\/\/www.zkprintpack.com\/de\/wp-json\/wp\/v2\/market?post=2542"},{"taxonomy":"product_brand","embeddable":true,"href":"https:\/\/www.zkprintpack.com\/de\/wp-json\/wp\/v2\/product_brand?post=2542"},{"taxonomy":"product_cat","embeddable":true,"href":"https:\/\/www.zkprintpack.com\/de\/wp-json\/wp\/v2\/product_cat?post=2542"},{"taxonomy":"product_tag","embeddable":true,"href":"https:\/\/www.zkprintpack.com\/de\/wp-json\/wp\/v2\/product_tag?post=2542"}],"curies":[{"name":"wp","href":"https:\/\/api.w.org\/{rel}","templated":true}]}}