{"id":2540,"date":"2026-01-23T10:20:09","date_gmt":"2026-01-23T10:20:09","guid":{"rendered":"https:\/\/www.zkprintpack.com\/?post_type=product&#038;p=2540"},"modified":"2026-01-23T10:20:11","modified_gmt":"2026-01-23T10:20:11","slug":"eco-friendly-biscuit-packaging-bags","status":"publish","type":"product","link":"https:\/\/www.zkprintpack.com\/de\/product\/eco-friendly-biscuit-packaging-bags\/","title":{"rendered":"Bulk Eco-Friendly Biscuit Verpackung Taschen Gro\u00dfhandel - Factory Supply"},"content":{"rendered":"<div class=\"wp-block-columns is-layout-flex wp-container-core-columns-is-layout-9d6595d7 wp-block-columns-is-layout-flex\">\n<div class=\"wp-block-column is-layout-flow wp-block-column-is-layout-flow\">\n<h2 class=\"wp-block-heading\">Umweltfreundliche Keks-Verpackungst\u00fcten f\u00fcr den Gro\u00dfhandel Merkmale<\/h2>\n\n\n\n<ul class=\"wp-block-list\">\n<li><strong>Frische und Geschmackssicherung:<\/strong><br>Die moderaten Sauerstoffbarrierematerialien unserer umweltfreundlichen Keksverpackungsbeutel tragen dazu bei, das delikate Aroma und den Geschmack der Garnelen zu erhalten und gleichzeitig die Oxidation der geringen Menge an nat\u00fcrlichen Fetten im Produkt zu verhindern.<\/li>\n\n\n\n<li><strong>Strukturelle Unterst\u00fctzung f\u00fcr zerbrechliche Snacks:<\/strong><br>Hochfeste, robuste Materialien sch\u00fctzen die d\u00fcnnen, gebackenen Cracker vor Bruch und sorgen daf\u00fcr, dass sie unversehrt von der Fabrik ins Regal gelangen.<\/li>\n\n\n\n<li><strong>Bequemes \u00d6ffnen und Verbrauchen:<\/strong><br>Dieser umweltfreundliche Keksverpackungsbeutel ist mit einer leicht aufrei\u00dfbaren \u00d6ffnung versehen, die optional mit einer wiederverschlie\u00dfbaren Funktion erg\u00e4nzt werden kann, um die Benutzererfahrung zu verbessern und die Frische nach dem Teilverzehr zu erhalten.<\/li>\n\n\n\n<li><strong>Regalfertiges Convenience Store Design:<\/strong><br>Die leuchtenden und attraktiven Farbakzente dieser umweltfreundlichen Keksverpackung machen das Produkt in den \u00fcberf\u00fcllten Regalen der Lebensmittelgesch\u00e4fte gut sichtbar und ansprechend.<\/li>\n\n\n\n<li>Als spezialisierter Hersteller von Snack-Verpackungsbeuteln k\u00f6nnen wir eine fabrikinterne Produktion mit einem ausgefeilten Beutelherstellungs- und Druckverfahren anbieten. So k\u00f6nnen wir eine stabile Basis f\u00fcr Gro\u00dfauftr\u00e4ge schaffen.<\/li>\n<\/ul>\n<\/div>\n\n\n\n<div class=\"wp-block-column is-layout-flow wp-block-column-is-layout-flow\">\n<figure class=\"wp-block-image size-full\"><img decoding=\"async\" width=\"800\" height=\"800\" src=\"https:\/\/www.zkprintpack.com\/wp-content\/uploads\/2026\/01\/eco-friendly-Biscuit-packaging-bags-wholesale.webp\" alt=\"Umweltfreundliche Keksverpackung\" class=\"wp-image-2541\" srcset=\"https:\/\/www.zkprintpack.com\/wp-content\/uploads\/2026\/01\/eco-friendly-Biscuit-packaging-bags-wholesale.webp 800w, https:\/\/www.zkprintpack.com\/wp-content\/uploads\/2026\/01\/eco-friendly-Biscuit-packaging-bags-wholesale-150x150.webp 150w, https:\/\/www.zkprintpack.com\/wp-content\/uploads\/2026\/01\/eco-friendly-Biscuit-packaging-bags-wholesale-768x768.webp 768w, https:\/\/www.zkprintpack.com\/wp-content\/uploads\/2026\/01\/eco-friendly-Biscuit-packaging-bags-wholesale-12x12.webp 12w, https:\/\/www.zkprintpack.com\/wp-content\/uploads\/2026\/01\/eco-friendly-Biscuit-packaging-bags-wholesale-600x600.webp 600w, https:\/\/www.zkprintpack.com\/wp-content\/uploads\/2026\/01\/eco-friendly-Biscuit-packaging-bags-wholesale-300x300.webp 300w, https:\/\/www.zkprintpack.com\/wp-content\/uploads\/2026\/01\/eco-friendly-Biscuit-packaging-bags-wholesale-100x100.webp 100w\" sizes=\"(max-width: 800px) 100vw, 800px\" \/><\/figure>\n<\/div>\n<\/div>\n\n\n\n<p><\/p>","protected":false},"excerpt":{"rendered":"<p>Unser umweltfreundlicher Keksverpackungsbeutel besteht aus hochbarrieref\u00e4higen Materialien, um sicherzustellen, dass der Geschmack des Kekses gut erhalten bleibt, wenn er den Kunden erreicht. Sie wurde f\u00fcr die Regale von Verbraucherm\u00e4rkten entwickelt und bietet ein sauberes, attraktives Erscheinungsbild und eine vertrauensw\u00fcrdige Markenkommunikation in einem kompakten, verbraucherfreundlichen Format. Gro\u00dfbestellungen m\u00f6glich. Kontaktieren Sie uns jetzt!<\/p>\n<h2>Parameter des umweltfreundlichen Keksverpackungsbeutels<\/h2>\n<ul>\n<li><strong>Material:<\/strong>\u00a0PET\/PE, PET\/NY\/PE, PET\/AL\/NY\/PE, usw.<\/li>\n<li><strong>Tasche Typ<\/strong>: <strong>Dreiseitige Siegelrandtasche<\/strong><\/li>\n<li><strong>Gr\u00f6\u00dfe<\/strong>: Benutzerdefiniert<\/li>\n<li><strong>Individuelle Bestellung<\/strong>: Akzeptieren Sie OEM &amp; ODM<\/li>\n<li><strong>Kostenlose Probe<\/strong>: Unterst\u00fctzung<\/li>\n<li><strong>Verwendung<\/strong>: Snacks, Lebensmittel, S\u00fc\u00dfigkeiten und andere<\/li>\n<li><strong>Farbe<\/strong>: Kann angepasst werden<\/li>\n<li><strong>Zielm\u00e4rkte<\/strong>: \u00dcberall auf der Welt<\/li>\n<\/ul>","protected":false},"featured_media":2541,"comment_status":"closed","ping_status":"closed","template":"","meta":{"_acf_changed":false},"market":[61],"product_brand":[],"product_cat":[53,67],"product_tag":[],"class_list":{"0":"post-2540","1":"product","2":"type-product","3":"status-publish","4":"has-post-thumbnail","6":"market-snack-packaging-supplier","7":"product_cat-three-side-seal-pouch-wholesale","8":"product_cat-custom-flat-pouch","10":"first","11":"instock","12":"shipping-taxable","13":"product-type-simple"},"acf":[],"_links":{"self":[{"href":"https:\/\/www.zkprintpack.com\/de\/wp-json\/wp\/v2\/product\/2540","targetHints":{"allow":["GET"]}}],"collection":[{"href":"https:\/\/www.zkprintpack.com\/de\/wp-json\/wp\/v2\/product"}],"about":[{"href":"https:\/\/www.zkprintpack.com\/de\/wp-json\/wp\/v2\/types\/product"}],"replies":[{"embeddable":true,"href":"https:\/\/www.zkprintpack.com\/de\/wp-json\/wp\/v2\/comments?post=2540"}],"wp:featuredmedia":[{"embeddable":true,"href":"https:\/\/www.zkprintpack.com\/de\/wp-json\/wp\/v2\/media\/2541"}],"wp:attachment":[{"href":"https:\/\/www.zkprintpack.com\/de\/wp-json\/wp\/v2\/media?parent=2540"}],"wp:term":[{"taxonomy":"market","embeddable":true,"href":"https:\/\/www.zkprintpack.com\/de\/wp-json\/wp\/v2\/market?post=2540"},{"taxonomy":"product_brand","embeddable":true,"href":"https:\/\/www.zkprintpack.com\/de\/wp-json\/wp\/v2\/product_brand?post=2540"},{"taxonomy":"product_cat","embeddable":true,"href":"https:\/\/www.zkprintpack.com\/de\/wp-json\/wp\/v2\/product_cat?post=2540"},{"taxonomy":"product_tag","embeddable":true,"href":"https:\/\/www.zkprintpack.com\/de\/wp-json\/wp\/v2\/product_tag?post=2540"}],"curies":[{"name":"wp","href":"https:\/\/api.w.org\/{rel}","templated":true}]}}