{"id":2538,"date":"2026-01-29T17:56:29","date_gmt":"2026-01-29T17:56:29","guid":{"rendered":"https:\/\/www.zkprintpack.com\/?post_type=product&#038;p=2538"},"modified":"2026-01-29T17:56:30","modified_gmt":"2026-01-29T17:56:30","slug":"customized-nut-packaging-film-supplier","status":"publish","type":"product","link":"https:\/\/www.zkprintpack.com\/de\/product\/customized-nut-packaging-film-supplier\/","title":{"rendered":"Kundenspezifische Nuss-Verpackungsfolie f\u00fcr Snack-Verpackungen - Factory Packaging Rollstock Supply"},"content":{"rendered":"<div class=\"wp-block-columns is-layout-flex wp-container-core-columns-is-layout-9d6595d7 wp-block-columns-is-layout-flex\">\n<div class=\"wp-block-column is-layout-flow wp-block-column-is-layout-flow\">\n<h2 class=\"wp-block-heading\">Kundenspezifische Nussverpackungsfolie Merkmale<\/h2>\n\n\n\n<ul class=\"wp-block-list\">\n<li><strong>Fortschrittliche Sauerstoffbarriere f\u00fcr \u00f6lreiche Produkte:<\/strong><br>Die mehrschichtige Struktur unserer ma\u00dfgeschneiderten Nussverpackungsfolie bietet eine hervorragende Sauerstoffbarriere, die die Fettoxidation effektiv verlangsamt und ranzigen Fehlgeschmack in N\u00fcssen w\u00e4hrend der gesamten Haltbarkeitsdauer des Produkts verhindert.<\/li>\n\n\n\n<li><strong>Zuverl\u00e4ssiger Feuchtigkeitsschutz f\u00fcr die Knusprigkeitserhaltung:<\/strong><br>Unsere ma\u00dfgeschneiderte Verpackungsfolie f\u00fcr N\u00fcsse besitzt eine hohe Wasserdampfbest\u00e4ndigkeit, die dazu beitr\u00e4gt, dass die N\u00fcsse trocken und knackig bleiben und Textur und Geschmack auch in feuchten Lager- oder Vertriebsumgebungen gesch\u00fctzt werden.<\/li>\n\n\n\n<li><strong>Hoher Durchsto\u00dfwiderstand und hohe Dichtungsst\u00e4rke:<\/strong><br>Die ma\u00dfgeschneiderte Verpackungsfolie f\u00fcr N\u00fcsse bietet eine hohe Durchsto\u00dffestigkeit, um dem Gewicht und der H\u00e4rte der N\u00fcsse standzuhalten, und gew\u00e4hrleistet gleichzeitig eine hohe Hei\u00dfsiegelfestigkeit f\u00fcr eine luftdichte, leckagefreie Leistung.<\/li>\n\n\n\n<li><strong>Hochpr\u00e4ziser Druck:<\/strong><br>Unsere kundenspezifischen Nuss-Verpackungsfolien werden mit scharfen R\u00e4ndern und hoher Farbdeckung bedruckt, um einen starken visuellen Kontrast ohne Farbverl\u00e4ufe oder Verzerrungen zu gew\u00e4hrleisten.<\/li>\n\n\n\n<li>Als spezialisiertes Unternehmen f\u00fcr die Herstellung von Snack-Verpackungsfolien von der Rolle k\u00f6nnen wir eine fabrikinterne Produktion mit einem ausgefeilten Beutelherstellungs- und Druckverfahren anbieten. So k\u00f6nnen wir eine stabile Basis f\u00fcr Gro\u00dfauftr\u00e4ge schaffen.<\/li>\n<\/ul>\n<\/div>\n\n\n\n<div class=\"wp-block-column is-layout-flow wp-block-column-is-layout-flow\">\n<figure class=\"wp-block-image size-full\"><img decoding=\"async\" width=\"800\" height=\"800\" src=\"https:\/\/www.zkprintpack.com\/wp-content\/uploads\/2026\/01\/customized-nut-packaging-film.webp\" alt=\"\" class=\"wp-image-2539\" srcset=\"https:\/\/www.zkprintpack.com\/wp-content\/uploads\/2026\/01\/customized-nut-packaging-film.webp 800w, https:\/\/www.zkprintpack.com\/wp-content\/uploads\/2026\/01\/customized-nut-packaging-film-150x150.webp 150w, https:\/\/www.zkprintpack.com\/wp-content\/uploads\/2026\/01\/customized-nut-packaging-film-768x768.webp 768w, https:\/\/www.zkprintpack.com\/wp-content\/uploads\/2026\/01\/customized-nut-packaging-film-12x12.webp 12w, https:\/\/www.zkprintpack.com\/wp-content\/uploads\/2026\/01\/customized-nut-packaging-film-600x600.webp 600w, https:\/\/www.zkprintpack.com\/wp-content\/uploads\/2026\/01\/customized-nut-packaging-film-300x300.webp 300w, https:\/\/www.zkprintpack.com\/wp-content\/uploads\/2026\/01\/customized-nut-packaging-film-100x100.webp 100w\" sizes=\"(max-width: 800px) 100vw, 800px\" \/><\/figure>\n<\/div>\n<\/div>\n\n\n\n<p><\/p>","protected":false},"excerpt":{"rendered":"<p>Diese ma\u00dfgeschneiderte Nussverpackungsfolie wurde f\u00fcr N\u00fcsse und Snacks entwickelt und kombiniert fortschrittliche Sauerstoff- und Feuchtigkeitsbarrieren mit einem auff\u00e4lligen, kontrastreichen visuellen Design. Dieser Beutel sch\u00fctzt den Geschmack und die Frische und sorgt gleichzeitig f\u00fcr einen unverwechselbaren, energiegeladenen Markenauftritt im Einzelhandelsregal. Gro\u00dfbestellungen sind m\u00f6glich. Kontaktieren Sie uns jetzt!<\/p>\n<h2>Parameter der kundenspezifischen Verpackungsfolie f\u00fcr N\u00fcsse<\/h2>\n<ul>\n<li><strong>Material:<\/strong>\u00a0PET\/PE, PET\/NY\/PE, PET\/AL\/NY\/PE, usw.<\/li>\n<li><strong>Tasche Typ<\/strong>: <strong>Rollstock-Film<\/strong><\/li>\n<li><strong>Gr\u00f6\u00dfe<\/strong>: Benutzerdefiniert<\/li>\n<li><strong>Individuelle Bestellung<\/strong>: Akzeptieren Sie OEM &amp; ODM<\/li>\n<li><strong>Kostenlose Probe<\/strong>: Unterst\u00fctzung<\/li>\n<li><strong>Verwendung<\/strong>: Snacks, Lebensmittel, S\u00fc\u00dfigkeiten und andere<\/li>\n<li><strong>Farbe<\/strong>: Kann angepasst werden<\/li>\n<li><strong>Zielm\u00e4rkte<\/strong>: \u00dcberall auf der Welt<\/li>\n<\/ul>","protected":false},"featured_media":2539,"comment_status":"closed","ping_status":"closed","template":"","meta":{"_acf_changed":false},"market":[61],"product_brand":[],"product_cat":[57],"product_tag":[],"class_list":{"0":"post-2538","1":"product","2":"type-product","3":"status-publish","4":"has-post-thumbnail","6":"market-snack-packaging-supplier","7":"product_cat-rollstock-film-supplier","9":"first","10":"instock","11":"shipping-taxable","12":"product-type-simple"},"acf":[],"_links":{"self":[{"href":"https:\/\/www.zkprintpack.com\/de\/wp-json\/wp\/v2\/product\/2538","targetHints":{"allow":["GET"]}}],"collection":[{"href":"https:\/\/www.zkprintpack.com\/de\/wp-json\/wp\/v2\/product"}],"about":[{"href":"https:\/\/www.zkprintpack.com\/de\/wp-json\/wp\/v2\/types\/product"}],"replies":[{"embeddable":true,"href":"https:\/\/www.zkprintpack.com\/de\/wp-json\/wp\/v2\/comments?post=2538"}],"wp:featuredmedia":[{"embeddable":true,"href":"https:\/\/www.zkprintpack.com\/de\/wp-json\/wp\/v2\/media\/2539"}],"wp:attachment":[{"href":"https:\/\/www.zkprintpack.com\/de\/wp-json\/wp\/v2\/media?parent=2538"}],"wp:term":[{"taxonomy":"market","embeddable":true,"href":"https:\/\/www.zkprintpack.com\/de\/wp-json\/wp\/v2\/market?post=2538"},{"taxonomy":"product_brand","embeddable":true,"href":"https:\/\/www.zkprintpack.com\/de\/wp-json\/wp\/v2\/product_brand?post=2538"},{"taxonomy":"product_cat","embeddable":true,"href":"https:\/\/www.zkprintpack.com\/de\/wp-json\/wp\/v2\/product_cat?post=2538"},{"taxonomy":"product_tag","embeddable":true,"href":"https:\/\/www.zkprintpack.com\/de\/wp-json\/wp\/v2\/product_tag?post=2538"}],"curies":[{"name":"wp","href":"https:\/\/api.w.org\/{rel}","templated":true}]}}