{"id":2536,"date":"2026-01-29T18:10:30","date_gmt":"2026-01-29T18:10:30","guid":{"rendered":"https:\/\/www.zkprintpack.com\/?post_type=product&#038;p=2536"},"modified":"2026-01-29T18:10:33","modified_gmt":"2026-01-29T18:10:33","slug":"custom-snack-pouch-packaging-supplier","status":"publish","type":"product","link":"https:\/\/www.zkprintpack.com\/de\/product\/custom-snack-pouch-packaging-supplier\/","title":{"rendered":"Kundenspezifischer Snack-Beutel mit kr\u00e4ftiger, luxuri\u00f6ser Farbe f\u00fcr Puff- und Knabbergeb\u00e4ckverpackungen"},"content":{"rendered":"<div class=\"wp-block-columns is-layout-flex wp-container-core-columns-is-layout-9d6595d7 wp-block-columns-is-layout-flex\">\n<div class=\"wp-block-column is-layout-flow wp-block-column-is-layout-flow\">\n<h2 class=\"wp-block-heading\">Individuelle Snack-Beutel Merkmale<\/h2>\n\n\n\n<ul class=\"wp-block-list\">\n<li><strong>Hervorragende Feuchtigkeitsbarriere f\u00fcr die Erhaltung der Knusprigkeit:<\/strong><br>Der kundenspezifische Snackbeutel ist mit einer ausgezeichneten Wasserdampfbarriere ausgestattet und verhindert effektiv das Eindringen von Feuchtigkeit, was f\u00fcr die Erhaltung der knusprigen Textur von gebl\u00e4hten und geschichteten Geb\u00e4cksnacks entscheidend ist.<\/li>\n\n\n\n<li><strong>Wirksame Sauerstoffbarriere und Aromaschutz:<\/strong><br>Die Struktur unseres ma\u00dfgeschneiderten Snackbeutels begrenzt die Sauerstoff\u00fcbertragung, um die Oxidation des \u00d6ls zu verringern und die urspr\u00fcnglichen Aromen wie Butter, Milchprodukte oder regionale Gew\u00fcrzspezialit\u00e4ten zu erhalten.<\/li>\n\n\n\n<li><strong>Luxuri\u00f6ser rot-goldener Druck Finish:<\/strong><br>Ein leuchtend roter Hintergrund gepaart mit goldenen Metallelementen, die mit spezieller Goldfarbe oder Hei\u00dfpr\u00e4gung hergestellt werden, sorgt f\u00fcr ein festliches, hochwertiges Erscheinungsbild der Geschenke, das sich f\u00fcr Spezialit\u00e4ten- und Weihnachtsm\u00e4rkte eignet.<\/li>\n\n\n\n<li><strong>Starke geschenkorientierte Marktpositionierung:<\/strong><br>Die Kombination aus ethnisch-kulturellen Hinweisen, festlichen Farben, Aufh\u00e4ngeloch und hochwertiger Materialbeschaffenheit verst\u00e4rkt die Identit\u00e4t des Produkts als hochwertiges regionales Geschenk und nicht als Standard-Snackverpackung.<\/li>\n\n\n\n<li>Als spezialisiertes Unternehmen f\u00fcr die Herstellung von Snack-Verpackungsbeuteln k\u00f6nnen wir eine fabrikinterne Produktion mit einem ausgefeilten Beutelherstellungs- und Druckverfahren anbieten. So k\u00f6nnen wir eine stabile Basis f\u00fcr Gro\u00dfauftr\u00e4ge schaffen.<\/li>\n<\/ul>\n<\/div>\n\n\n\n<div class=\"wp-block-column is-layout-flow wp-block-column-is-layout-flow\">\n<figure class=\"wp-block-image size-full\"><img decoding=\"async\" width=\"800\" height=\"800\" src=\"https:\/\/www.zkprintpack.com\/wp-content\/uploads\/2026\/01\/custom-snack-pouch.webp\" alt=\"\" class=\"wp-image-2537\" srcset=\"https:\/\/www.zkprintpack.com\/wp-content\/uploads\/2026\/01\/custom-snack-pouch.webp 800w, https:\/\/www.zkprintpack.com\/wp-content\/uploads\/2026\/01\/custom-snack-pouch-150x150.webp 150w, https:\/\/www.zkprintpack.com\/wp-content\/uploads\/2026\/01\/custom-snack-pouch-768x768.webp 768w, https:\/\/www.zkprintpack.com\/wp-content\/uploads\/2026\/01\/custom-snack-pouch-12x12.webp 12w, https:\/\/www.zkprintpack.com\/wp-content\/uploads\/2026\/01\/custom-snack-pouch-600x600.webp 600w, https:\/\/www.zkprintpack.com\/wp-content\/uploads\/2026\/01\/custom-snack-pouch-300x300.webp 300w, https:\/\/www.zkprintpack.com\/wp-content\/uploads\/2026\/01\/custom-snack-pouch-100x100.webp 100w\" sizes=\"(max-width: 800px) 100vw, 800px\" \/><\/figure>\n<\/div>\n<\/div>\n\n\n\n<p><\/p>","protected":false},"excerpt":{"rendered":"<p>Unsere ma\u00dfgeschneiderten Snack-Beutel wurden f\u00fcr Puff-Snacks und knusprige Snacks entwickelt und kombinieren starken Feuchtigkeitsschutz, zuverl\u00e4ssige Aufh\u00e4ngung und luxuri\u00f6se, geschenkorientierte Optik. Ideal f\u00fcr Langstreckentransporte, Einzelhandelsauslagen und grenz\u00fcberschreitende M\u00e4rkte. Gro\u00dfbestellungen werden unterst\u00fctzt. Kontaktieren Sie uns jetzt!<\/p>\n<h2>Parameter von kundenspezifischen Snack-Beuteln<\/h2>\n<ul>\n<li><strong>Material:<\/strong>\u00a0PET\/PE, PET\/NY\/PE, PET\/AL\/NY\/PE, usw.<\/li>\n<li><strong>Tasche Typ<\/strong>: <strong>Dreiseitig versiegelter Beutel<\/strong><\/li>\n<li><strong>Gr\u00f6\u00dfe<\/strong>: Benutzerdefiniert<\/li>\n<li><strong>Individuelle Bestellung<\/strong>: Akzeptieren Sie OEM &amp; ODM<\/li>\n<li><strong>Kostenlose Probe<\/strong>: Unterst\u00fctzung<\/li>\n<li><strong>Verwendung<\/strong>: Snacks, Lebensmittel, S\u00fc\u00dfigkeiten und andere<\/li>\n<li><strong>Farbe<\/strong>: Kann angepasst werden<\/li>\n<li><strong>Zielm\u00e4rkte<\/strong>: \u00dcberall auf der Welt<\/li>\n<\/ul>","protected":false},"featured_media":2537,"comment_status":"closed","ping_status":"closed","template":"","meta":{"_acf_changed":false},"market":[61],"product_brand":[],"product_cat":[53,67],"product_tag":[],"class_list":{"0":"post-2536","1":"product","2":"type-product","3":"status-publish","4":"has-post-thumbnail","6":"market-snack-packaging-supplier","7":"product_cat-three-side-seal-pouch-wholesale","8":"product_cat-custom-flat-pouch","10":"first","11":"instock","12":"shipping-taxable","13":"product-type-simple"},"acf":[],"_links":{"self":[{"href":"https:\/\/www.zkprintpack.com\/de\/wp-json\/wp\/v2\/product\/2536","targetHints":{"allow":["GET"]}}],"collection":[{"href":"https:\/\/www.zkprintpack.com\/de\/wp-json\/wp\/v2\/product"}],"about":[{"href":"https:\/\/www.zkprintpack.com\/de\/wp-json\/wp\/v2\/types\/product"}],"replies":[{"embeddable":true,"href":"https:\/\/www.zkprintpack.com\/de\/wp-json\/wp\/v2\/comments?post=2536"}],"wp:featuredmedia":[{"embeddable":true,"href":"https:\/\/www.zkprintpack.com\/de\/wp-json\/wp\/v2\/media\/2537"}],"wp:attachment":[{"href":"https:\/\/www.zkprintpack.com\/de\/wp-json\/wp\/v2\/media?parent=2536"}],"wp:term":[{"taxonomy":"market","embeddable":true,"href":"https:\/\/www.zkprintpack.com\/de\/wp-json\/wp\/v2\/market?post=2536"},{"taxonomy":"product_brand","embeddable":true,"href":"https:\/\/www.zkprintpack.com\/de\/wp-json\/wp\/v2\/product_brand?post=2536"},{"taxonomy":"product_cat","embeddable":true,"href":"https:\/\/www.zkprintpack.com\/de\/wp-json\/wp\/v2\/product_cat?post=2536"},{"taxonomy":"product_tag","embeddable":true,"href":"https:\/\/www.zkprintpack.com\/de\/wp-json\/wp\/v2\/product_tag?post=2536"}],"curies":[{"name":"wp","href":"https:\/\/api.w.org\/{rel}","templated":true}]}}