{"id":2534,"date":"2026-01-23T10:43:23","date_gmt":"2026-01-23T10:43:23","guid":{"rendered":"https:\/\/www.zkprintpack.com\/?post_type=product&#038;p=2534"},"modified":"2026-01-23T10:43:25","modified_gmt":"2026-01-23T10:43:25","slug":"custom-snack-bags-with-clear-window","status":"publish","type":"product","link":"https:\/\/www.zkprintpack.com\/de\/product\/custom-snack-bags-with-clear-window\/","title":{"rendered":"Benutzerdefinierte Snack-Beutel mit Fenster f\u00fcr Meeresfr\u00fcchte, OEM-Lebensmittel-Verpackung Beutel Factory Supply"},"content":{"rendered":"<div class=\"wp-block-columns is-layout-flex wp-container-core-columns-is-layout-9d6595d7 wp-block-columns-is-layout-flex\">\n<div class=\"wp-block-column is-layout-flow wp-block-column-is-layout-flow\">\n<h2 class=\"wp-block-heading\">Individuelle Snack-Taschen Merkmale<\/h2>\n\n\n\n<ul class=\"wp-block-list\">\n<li><strong>Hochtransparentes Fenster f\u00fcr visuelles Vertrauen:<\/strong><br>F\u00fcr den Fensterbereich unserer kundenspezifischen Snack-Beutel werden hochgl\u00e4nzende Folien verwendet, die es den Verbrauchern erm\u00f6glichen, die Farbe, die Textur und die tats\u00e4chlichen Inhaltsstoffe des Produkts klar und deutlich zu erkennen, ohne dass es zu Tr\u00fcbungen oder Verzerrungen kommt.<\/li>\n\n\n\n<li><strong>Feuchtigkeitsschutz zur Erhaltung der Textur:<\/strong><br>Die Struktur der ma\u00dfgeschneiderten Snack-Beutel bietet einen wirksamen Schutz vor Wasserdampf und tr\u00e4gt dazu bei, dass die Meeresfr\u00fcchte-Snacks ihre gew\u00fcnschte Knusprigkeit oder Elastizit\u00e4t behalten und feuchtigkeitsbedingte Qualit\u00e4tseinbu\u00dfen vermieden werden.<\/li>\n\n\n\n<li><strong>Hochwertiger Druck f\u00fcr erstklassiges Branding:<\/strong><br>Der blaue Hintergrund wird mit gleichm\u00e4\u00dfiger Farbdichte und hervorragender S\u00e4ttigung gedruckt, w\u00e4hrend der wei\u00dfe Text und die Hauptaussagen scharf und gut lesbar bleiben, was ein klares, vom Meer inspiriertes, hochwertiges Bild unterstreicht.<\/li>\n\n\n\n<li><strong>Benutzerfreundliches, leicht zu \u00f6ffnendes Design:<br><\/strong>Die integrierte Aufrei\u00dfkerbe unserer individuellen Snack-Beutel sorgt f\u00fcr ein reibungsloses und m\u00fcheloses \u00d6ffnen und bietet ein positives Erlebnis beim ersten Gebrauch, das den hohen Erwartungen entspricht, die das Schaufenster weckt.<\/li>\n\n\n\n<li>Als spezialisiertes Unternehmen f\u00fcr die Herstellung von Snack-Verpackungsbeuteln k\u00f6nnen wir eine fabrikinterne Produktion mit einem ausgefeilten Beutelherstellungs- und Druckverfahren anbieten. So k\u00f6nnen wir eine stabile Basis f\u00fcr Gro\u00dfauftr\u00e4ge schaffen.<\/li>\n<\/ul>\n<\/div>\n\n\n\n<div class=\"wp-block-column is-layout-flow wp-block-column-is-layout-flow\">\n<figure class=\"wp-block-image size-full\"><img decoding=\"async\" width=\"800\" height=\"800\" src=\"https:\/\/www.zkprintpack.com\/wp-content\/uploads\/2026\/01\/custom-snack-bags.webp\" alt=\"individuelle Snack-Taschen\" class=\"wp-image-2535\" srcset=\"https:\/\/www.zkprintpack.com\/wp-content\/uploads\/2026\/01\/custom-snack-bags.webp 800w, https:\/\/www.zkprintpack.com\/wp-content\/uploads\/2026\/01\/custom-snack-bags-150x150.webp 150w, https:\/\/www.zkprintpack.com\/wp-content\/uploads\/2026\/01\/custom-snack-bags-768x768.webp 768w, https:\/\/www.zkprintpack.com\/wp-content\/uploads\/2026\/01\/custom-snack-bags-12x12.webp 12w, https:\/\/www.zkprintpack.com\/wp-content\/uploads\/2026\/01\/custom-snack-bags-600x600.webp 600w, https:\/\/www.zkprintpack.com\/wp-content\/uploads\/2026\/01\/custom-snack-bags-300x300.webp 300w, https:\/\/www.zkprintpack.com\/wp-content\/uploads\/2026\/01\/custom-snack-bags-100x100.webp 100w\" sizes=\"(max-width: 800px) 100vw, 800px\" \/><\/figure>\n<\/div>\n<\/div>\n\n\n\n<p><\/p>","protected":false},"excerpt":{"rendered":"<p>Unsere ma\u00dfgefertigten Snack-Beutel sind f\u00fcr Tintenfisch- und Garnelen-Snacks konzipiert und kombinieren kristallklare Produktsichtbarkeit mit fortschrittlichem Sauerstoff- und Feuchtigkeitsschutz. So bleiben Frische, Knusprigkeit und erstklassige Qualit\u00e4t effektiv erhalten. Gro\u00dfbestellungen werden unterst\u00fctzt. Kontaktieren Sie uns jetzt!<\/p>\n<h2>Parameter f\u00fcr individuelle Snack-Beutel<\/h2>\n<ul>\n<li><strong>Material:<\/strong>\u00a0PET\/PE, PET\/NY\/PE, PET\/AL\/NY\/PE, usw.<\/li>\n<li><strong>Tasche Typ<\/strong>: <strong>Dreiseitig versiegelter Beutel<\/strong><\/li>\n<li><strong>Gr\u00f6\u00dfe<\/strong>: Benutzerdefiniert<\/li>\n<li><strong>Individuelle Bestellung<\/strong>: Akzeptieren Sie OEM &amp; ODM<\/li>\n<li><strong>Kostenlose Probe<\/strong>: Unterst\u00fctzung<\/li>\n<li><strong>Verwendung<\/strong>: Snacks, Lebensmittel, S\u00fc\u00dfigkeiten und andere<\/li>\n<li><strong>Farbe<\/strong>: Kann angepasst werden<\/li>\n<li><strong>Zielm\u00e4rkte<\/strong>: \u00dcberall auf der Welt<\/li>\n<\/ul>","protected":false},"featured_media":2535,"comment_status":"closed","ping_status":"closed","template":"","meta":{"_acf_changed":false},"market":[61],"product_brand":[],"product_cat":[50],"product_tag":[],"class_list":{"0":"post-2534","1":"product","2":"type-product","3":"status-publish","4":"has-post-thumbnail","6":"market-snack-packaging-supplier","7":"product_cat-stand-up-pouches-wholesale","9":"first","10":"instock","11":"shipping-taxable","12":"product-type-simple"},"acf":[],"_links":{"self":[{"href":"https:\/\/www.zkprintpack.com\/de\/wp-json\/wp\/v2\/product\/2534","targetHints":{"allow":["GET"]}}],"collection":[{"href":"https:\/\/www.zkprintpack.com\/de\/wp-json\/wp\/v2\/product"}],"about":[{"href":"https:\/\/www.zkprintpack.com\/de\/wp-json\/wp\/v2\/types\/product"}],"replies":[{"embeddable":true,"href":"https:\/\/www.zkprintpack.com\/de\/wp-json\/wp\/v2\/comments?post=2534"}],"wp:featuredmedia":[{"embeddable":true,"href":"https:\/\/www.zkprintpack.com\/de\/wp-json\/wp\/v2\/media\/2535"}],"wp:attachment":[{"href":"https:\/\/www.zkprintpack.com\/de\/wp-json\/wp\/v2\/media?parent=2534"}],"wp:term":[{"taxonomy":"market","embeddable":true,"href":"https:\/\/www.zkprintpack.com\/de\/wp-json\/wp\/v2\/market?post=2534"},{"taxonomy":"product_brand","embeddable":true,"href":"https:\/\/www.zkprintpack.com\/de\/wp-json\/wp\/v2\/product_brand?post=2534"},{"taxonomy":"product_cat","embeddable":true,"href":"https:\/\/www.zkprintpack.com\/de\/wp-json\/wp\/v2\/product_cat?post=2534"},{"taxonomy":"product_tag","embeddable":true,"href":"https:\/\/www.zkprintpack.com\/de\/wp-json\/wp\/v2\/product_tag?post=2534"}],"curies":[{"name":"wp","href":"https:\/\/api.w.org\/{rel}","templated":true}]}}