{"id":2532,"date":"2026-01-29T18:14:25","date_gmt":"2026-01-29T18:14:25","guid":{"rendered":"https:\/\/www.zkprintpack.com\/?post_type=product&#038;p=2532"},"modified":"2026-03-11T01:12:24","modified_gmt":"2026-03-11T01:12:24","slug":"custom-printed-snack-pouch-bag-factory","status":"publish","type":"product","link":"https:\/\/www.zkprintpack.com\/de\/product\/custom-printed-snack-pouch-bag-factory\/","title":{"rendered":"Individuell bedruckte Snack-Beutel f\u00fcr Edamame und Snack-Verpackungen - Bulk Direct-Factory Supply"},"content":{"rendered":"<div class=\"wp-block-columns is-layout-flex wp-container-core-columns-is-layout-9d6595d7 wp-block-columns-is-layout-flex\">\n<div class=\"wp-block-column is-layout-flow wp-block-column-is-layout-flow\">\n<h2 class=\"wp-block-heading\">Individuell bedruckte Snack Pouch Merkmale<\/h2>\n\n\n\n<ul class=\"wp-block-list\">\n<li><strong>Einzigartige Pod-f\u00f6rmige Struktur:<br><\/strong>Unsere individuell bedruckten Snack-Beutel gew\u00e4hrleisten eine ausgezeichnete Haltbarkeit und eine sofortige Wiedererkennung des Produkts, wodurch sich der Snack von herk\u00f6mmlichen Verpackungsformaten abhebt.<\/li>\n\n\n\n<li><strong>Verst\u00e4rktes Tragegriff-Design:<\/strong><br>Der integrierte runde Griff ist strukturell verst\u00e4rkt, um das gesamte Paketgewicht zuverl\u00e4ssig zu tragen und ein sicheres Tragen und Aufh\u00e4ngen zu erm\u00f6glichen, ohne zu rei\u00dfen.<\/li>\n\n\n\n<li><strong>Ultrahoher Feuchtigkeitsbarriereschutz:<\/strong><br>Die au\u00dfergew\u00f6hnliche Wasserdampfbarriere unseres individuell bedruckten Snackbeutels verhindert, dass Edamame-Snacks Feuchtigkeit aufnehmen, und bewahrt so ihre charakteristische knackige Textur.<\/li>\n\n\n\n<li><strong>Sauerstoff- und Aromabindung:<\/strong><br>Dieser individuell bedruckte Snackbeutel bietet eine wirksame Sauerstoff- und Aromabarriere, um \u00f6lhaltige Gew\u00fcrze zu sch\u00fctzen und den Bohnengeschmack zu bewahren, w\u00e4hrend gleichzeitig Oxidation und Geschmacksverlust verhindert werden.<\/li>\n\n\n\n<li>Als spezialisiertes Unternehmen f\u00fcr die Herstellung von Snack-Verpackungsbeuteln k\u00f6nnen wir eine fabrikinterne Produktion mit einem ausgefeilten Beutelherstellungs- und Druckverfahren anbieten. So k\u00f6nnen wir eine stabile Basis f\u00fcr Gro\u00dfauftr\u00e4ge schaffen.<\/li>\n<\/ul>\n<\/div>\n\n\n\n<div class=\"wp-block-column is-layout-flow wp-block-column-is-layout-flow\">\n<figure class=\"wp-block-image size-full\"><img decoding=\"async\" width=\"800\" height=\"800\" src=\"https:\/\/www.zkprintpack.com\/wp-content\/uploads\/2026\/01\/custom-printed-snack-pouch.webp\" alt=\"\" class=\"wp-image-2533\" srcset=\"https:\/\/www.zkprintpack.com\/wp-content\/uploads\/2026\/01\/custom-printed-snack-pouch.webp 800w, https:\/\/www.zkprintpack.com\/wp-content\/uploads\/2026\/01\/custom-printed-snack-pouch-150x150.webp 150w, https:\/\/www.zkprintpack.com\/wp-content\/uploads\/2026\/01\/custom-printed-snack-pouch-768x768.webp 768w, https:\/\/www.zkprintpack.com\/wp-content\/uploads\/2026\/01\/custom-printed-snack-pouch-12x12.webp 12w, https:\/\/www.zkprintpack.com\/wp-content\/uploads\/2026\/01\/custom-printed-snack-pouch-600x600.webp 600w, https:\/\/www.zkprintpack.com\/wp-content\/uploads\/2026\/01\/custom-printed-snack-pouch-300x300.webp 300w, https:\/\/www.zkprintpack.com\/wp-content\/uploads\/2026\/01\/custom-printed-snack-pouch-100x100.webp 100w\" sizes=\"(max-width: 800px) 100vw, 800px\" \/><\/figure>\n<\/div>\n<\/div>\n\n\n\n<p><\/p>","protected":false},"excerpt":{"rendered":"<p>Unser individuell bedruckter Snackbeutel ist ein Formbeutel f\u00fcr hochwertige Edamame-Snacks, der einen au\u00dfergew\u00f6hnlichen Feuchtigkeitsschutz, eine starke strukturelle Integrit\u00e4t und eine unverwechselbare Wirkung im Regal bietet und gleichzeitig die Verbraucherfreundlichkeit und den Markenwert erh\u00f6ht. Gro\u00dfbestellungen werden unterst\u00fctzt. Kontaktieren Sie uns jetzt!<\/p>\n<h2>Parameter von individuell bedruckten Snack-Beuteln<\/h2>\n<ul>\n<li><strong>Material:<\/strong>\u00a0PET\/PE, PET\/NY\/PE, PET\/AL\/NY\/PE, usw.<\/li>\n<li><strong>Tasche Typ<\/strong>: <strong>Geformter Beutel<\/strong><\/li>\n<li><strong>Gr\u00f6\u00dfe<\/strong>: Benutzerdefiniert<\/li>\n<li><strong>Individuelle Bestellung<\/strong>: Akzeptieren Sie OEM &amp; ODM<\/li>\n<li><strong>Kostenlose Probe<\/strong>: Unterst\u00fctzung<\/li>\n<li><strong>Verwendung<\/strong>: Snacks, Lebensmittel, S\u00fc\u00dfigkeiten und andere<\/li>\n<li><strong>Farbe<\/strong>: Kann angepasst werden<\/li>\n<li><strong>Zielm\u00e4rkte<\/strong>: \u00dcberall auf der Welt<\/li>\n<\/ul>","protected":false},"featured_media":2533,"comment_status":"closed","ping_status":"closed","template":"","meta":{"_acf_changed":false},"market":[61],"product_brand":[],"product_cat":[53,67,52],"product_tag":[],"class_list":{"0":"post-2532","1":"product","2":"type-product","3":"status-publish","4":"has-post-thumbnail","6":"market-snack-packaging-supplier","7":"product_cat-three-side-seal-pouch-wholesale","8":"product_cat-custom-flat-pouch","9":"product_cat-shaped-pouches-factory","11":"first","12":"instock","13":"shipping-taxable","14":"product-type-simple"},"acf":[],"_links":{"self":[{"href":"https:\/\/www.zkprintpack.com\/de\/wp-json\/wp\/v2\/product\/2532","targetHints":{"allow":["GET"]}}],"collection":[{"href":"https:\/\/www.zkprintpack.com\/de\/wp-json\/wp\/v2\/product"}],"about":[{"href":"https:\/\/www.zkprintpack.com\/de\/wp-json\/wp\/v2\/types\/product"}],"replies":[{"embeddable":true,"href":"https:\/\/www.zkprintpack.com\/de\/wp-json\/wp\/v2\/comments?post=2532"}],"wp:featuredmedia":[{"embeddable":true,"href":"https:\/\/www.zkprintpack.com\/de\/wp-json\/wp\/v2\/media\/2533"}],"wp:attachment":[{"href":"https:\/\/www.zkprintpack.com\/de\/wp-json\/wp\/v2\/media?parent=2532"}],"wp:term":[{"taxonomy":"market","embeddable":true,"href":"https:\/\/www.zkprintpack.com\/de\/wp-json\/wp\/v2\/market?post=2532"},{"taxonomy":"product_brand","embeddable":true,"href":"https:\/\/www.zkprintpack.com\/de\/wp-json\/wp\/v2\/product_brand?post=2532"},{"taxonomy":"product_cat","embeddable":true,"href":"https:\/\/www.zkprintpack.com\/de\/wp-json\/wp\/v2\/product_cat?post=2532"},{"taxonomy":"product_tag","embeddable":true,"href":"https:\/\/www.zkprintpack.com\/de\/wp-json\/wp\/v2\/product_tag?post=2532"}],"curies":[{"name":"wp","href":"https:\/\/api.w.org\/{rel}","templated":true}]}}