{"id":2530,"date":"2026-01-29T18:17:03","date_gmt":"2026-01-29T18:17:03","guid":{"rendered":"https:\/\/www.zkprintpack.com\/?post_type=product&#038;p=2530"},"modified":"2026-01-29T18:17:05","modified_gmt":"2026-01-29T18:17:05","slug":"custom-potato-chips-bags-supply","status":"publish","type":"product","link":"https:\/\/www.zkprintpack.com\/de\/product\/custom-potato-chips-bags-supply\/","title":{"rendered":"Kundenspezifische Kartoffelchips-Beutel f\u00fcr knusprige Snack-Verpackungen - Direct-Factory Supply"},"content":{"rendered":"<div class=\"wp-block-columns is-layout-flex wp-container-core-columns-is-layout-9d6595d7 wp-block-columns-is-layout-flex\">\n<div class=\"wp-block-column is-layout-flow wp-block-column-is-layout-flow\">\n<h2 class=\"wp-block-heading\">Individuelle Kartoffelchips-Taschen Merkmale<\/h2>\n\n\n\n<ul class=\"wp-block-list\">\n<li><strong>Geschmackssperre und Frischeerhaltung<\/strong>:<br>Die optimierte Aroma- und Sauerstoffbarriere unserer kundenspezifischen Kartoffelchips-Beutel tr\u00e4gt dazu bei, dass komplexe Aromen wie Kokosnuss und violette S\u00fc\u00dfkartoffel erhalten bleiben, w\u00e4hrend die Oxidation und das Eindringen von Fremdger\u00fcchen minimiert werden.<\/li>\n\n\n\n<li><strong>Starke und verl\u00e4ssliche W\u00e4rmeversiegelung<\/strong>:<br>Die hohe Siegelst\u00e4rke gew\u00e4hrleistet einen luftdichten Verschluss und bildet die Grundlage f\u00fcr den Schutz vor Feuchtigkeit und Frische.<\/li>\n\n\n\n<li><strong>Erstklassige visuelle Druckqualit\u00e4t<\/strong>:<br>Ein leuchtend roter Hintergrund in Kombination mit pr\u00e4zisen violetten und gr\u00fcnen Grafiken verleiht unseren individuellen Kartoffelchips-T\u00fcten ein nat\u00fcrliches und doch energiegeladenes Aussehen, das den Appetit anregt und die Premium-Positionierung verst\u00e4rkt.<\/li>\n\n\n\n<li><strong>Vollst\u00e4ndige Einhaltung der Lebensmittelsicherheit<\/strong>:<br>Alle Verpackungsmaterialien unserer kundenspezifischen Kartoffelchips-T\u00fcten entsprechen den Vorschriften f\u00fcr den Kontakt mit Lebensmitteln in den Zielm\u00e4rkten, was legitime Gesundheitsaussagen und einen sicheren Markteintritt unterst\u00fctzt.<\/li>\n\n\n\n<li>Als spezialisiertes Unternehmen f\u00fcr die Herstellung von Snack-Verpackungsbeuteln k\u00f6nnen wir eine fabrikinterne Produktion mit einem ausgefeilten Beutelherstellungs- und Druckverfahren anbieten. So k\u00f6nnen wir eine stabile Basis f\u00fcr Gro\u00dfauftr\u00e4ge schaffen.<\/li>\n<\/ul>\n<\/div>\n\n\n\n<div class=\"wp-block-column is-layout-flow wp-block-column-is-layout-flow\">\n<figure class=\"wp-block-image size-full\"><img decoding=\"async\" width=\"800\" height=\"800\" src=\"https:\/\/www.zkprintpack.com\/wp-content\/uploads\/2026\/01\/custom-potato-chips-bags.webp\" alt=\"individuelle Kartoffelchips-T\u00fcten\" class=\"wp-image-2531\" srcset=\"https:\/\/www.zkprintpack.com\/wp-content\/uploads\/2026\/01\/custom-potato-chips-bags.webp 800w, https:\/\/www.zkprintpack.com\/wp-content\/uploads\/2026\/01\/custom-potato-chips-bags-150x150.webp 150w, https:\/\/www.zkprintpack.com\/wp-content\/uploads\/2026\/01\/custom-potato-chips-bags-768x768.webp 768w, https:\/\/www.zkprintpack.com\/wp-content\/uploads\/2026\/01\/custom-potato-chips-bags-12x12.webp 12w, https:\/\/www.zkprintpack.com\/wp-content\/uploads\/2026\/01\/custom-potato-chips-bags-600x600.webp 600w, https:\/\/www.zkprintpack.com\/wp-content\/uploads\/2026\/01\/custom-potato-chips-bags-300x300.webp 300w, https:\/\/www.zkprintpack.com\/wp-content\/uploads\/2026\/01\/custom-potato-chips-bags-100x100.webp 100w\" sizes=\"(max-width: 800px) 100vw, 800px\" \/><\/figure>\n<\/div>\n<\/div>\n\n\n\n<p><\/p>","protected":false},"excerpt":{"rendered":"<p>Individuelle Kartoffelchipsbeutel f\u00fcr Chips und knusprige Snacks, die feuchtigkeitsempfindliche Produkte sch\u00fctzen, Geschmack und Textur bewahren und die Positionierung eines gesunden, leichten Snacks klar kommunizieren. Gro\u00dfauftr\u00e4ge werden unterst\u00fctzt. Kontaktieren Sie uns jetzt!<\/p>\n<h2>Parameter von kundenspezifischen Kartoffelchipsbeuteln<\/h2>\n<ul>\n<li><strong>Material:<\/strong>\u00a0PET\/PE, PET\/NY\/PE, PET\/AL\/NY\/PE, usw.<\/li>\n<li><strong>Tasche Typ<\/strong>: <strong>Dreiseitige Siegelrandtasche<\/strong><\/li>\n<li><strong>Gr\u00f6\u00dfe<\/strong>: Benutzerdefiniert<\/li>\n<li><strong>Individuelle Bestellung<\/strong>: Akzeptieren Sie OEM &amp; ODM<\/li>\n<li><strong>Kostenlose Probe<\/strong>: Unterst\u00fctzung<\/li>\n<li><strong>Verwendung<\/strong>: Snacks, Lebensmittel, S\u00fc\u00dfigkeiten und andere<\/li>\n<li><strong>Farbe<\/strong>: Kann angepasst werden<\/li>\n<li><strong>Zielm\u00e4rkte<\/strong>: \u00dcberall auf der Welt<\/li>\n<\/ul>","protected":false},"featured_media":2531,"comment_status":"closed","ping_status":"closed","template":"","meta":{"_acf_changed":false},"market":[61],"product_brand":[],"product_cat":[53,67],"product_tag":[],"class_list":{"0":"post-2530","1":"product","2":"type-product","3":"status-publish","4":"has-post-thumbnail","6":"market-snack-packaging-supplier","7":"product_cat-three-side-seal-pouch-wholesale","8":"product_cat-custom-flat-pouch","10":"first","11":"instock","12":"shipping-taxable","13":"product-type-simple"},"acf":[],"_links":{"self":[{"href":"https:\/\/www.zkprintpack.com\/de\/wp-json\/wp\/v2\/product\/2530","targetHints":{"allow":["GET"]}}],"collection":[{"href":"https:\/\/www.zkprintpack.com\/de\/wp-json\/wp\/v2\/product"}],"about":[{"href":"https:\/\/www.zkprintpack.com\/de\/wp-json\/wp\/v2\/types\/product"}],"replies":[{"embeddable":true,"href":"https:\/\/www.zkprintpack.com\/de\/wp-json\/wp\/v2\/comments?post=2530"}],"wp:featuredmedia":[{"embeddable":true,"href":"https:\/\/www.zkprintpack.com\/de\/wp-json\/wp\/v2\/media\/2531"}],"wp:attachment":[{"href":"https:\/\/www.zkprintpack.com\/de\/wp-json\/wp\/v2\/media?parent=2530"}],"wp:term":[{"taxonomy":"market","embeddable":true,"href":"https:\/\/www.zkprintpack.com\/de\/wp-json\/wp\/v2\/market?post=2530"},{"taxonomy":"product_brand","embeddable":true,"href":"https:\/\/www.zkprintpack.com\/de\/wp-json\/wp\/v2\/product_brand?post=2530"},{"taxonomy":"product_cat","embeddable":true,"href":"https:\/\/www.zkprintpack.com\/de\/wp-json\/wp\/v2\/product_cat?post=2530"},{"taxonomy":"product_tag","embeddable":true,"href":"https:\/\/www.zkprintpack.com\/de\/wp-json\/wp\/v2\/product_tag?post=2530"}],"curies":[{"name":"wp","href":"https:\/\/api.w.org\/{rel}","templated":true}]}}