{"id":2525,"date":"2026-01-15T03:02:31","date_gmt":"2026-01-15T03:02:31","guid":{"rendered":"https:\/\/www.zkprintpack.com\/?post_type=product&#038;p=2525"},"modified":"2026-01-15T03:09:24","modified_gmt":"2026-01-15T03:09:24","slug":"bulk-nuts-packaging-film-roll-for-vffs-hffs","status":"publish","type":"product","link":"https:\/\/www.zkprintpack.com\/de\/product\/bulk-nuts-packaging-film-roll-for-vffs-hffs\/","title":{"rendered":"Sch\u00fcttgut-Verpackungsfolienrolle f\u00fcr VFFS HFFS, Hochbarriere-Rollenmaterial-Folienlieferant"},"content":{"rendered":"<div class=\"wp-block-columns is-layout-flex wp-container-core-columns-is-layout-9d6595d7 wp-block-columns-is-layout-flex\">\n<div class=\"wp-block-column is-layout-flow wp-block-column-is-layout-flow\">\n<h2 class=\"wp-block-heading\">Sch\u00fcttgut-Verpackungsfolienrolle f\u00fcr N\u00fcsse Merkmale<\/h2>\n\n\n\n<ul class=\"wp-block-list\">\n<li><strong>Hochsperrige Struktur zum Schutz von Sch\u00fcttgut aus N\u00fcssen<\/strong><br>Diese Verpackungsfolienrolle f\u00fcr Sch\u00fcttgut wird aus mehrschichtigen Verbundmaterialien hergestellt, die eine hervorragende Best\u00e4ndigkeit gegen Sauerstoff, Feuchtigkeit und Licht bieten. Sie verlangsamt effektiv die Oxidation und Feuchtigkeitsaufnahme und tr\u00e4gt dazu bei, dass die N\u00fcsse w\u00e4hrend der Lagerung und des Vertriebs frisch, knackig und nat\u00fcrlich im Geschmack bleiben.<\/li>\n\n\n\n<li><strong>Optimiert f\u00fcr VFFS &amp; HFFS Verpackungslinien<\/strong><br>Die Folie ist sowohl f\u00fcr vertikale als auch f\u00fcr horizontale Schlauchbeutelmaschinen geeignet und gew\u00e4hrleistet einen reibungslosen Betrieb, eine stabile Siegelkraft und eine gleichm\u00e4\u00dfige Dicke. Dadurch werden Stillstandszeiten und Materialabf\u00e4lle reduziert, was die Folienrolle f\u00fcr Sch\u00fcttgutverpackungen von N\u00fcssen ideal f\u00fcr Hochgeschwindigkeitsverpackungen mit hohen St\u00fcckzahlen macht.<\/li>\n\n\n\n<li><strong>Kosteneffiziente Rollenlagerl\u00f6sung<\/strong><br>Das Rollenformat maximiert die Materialausnutzung und minimiert den Ausschuss beim Schneiden und Versiegeln. In Kombination mit einer zuverl\u00e4ssigen Barriereleistung hilft es Marken und Verarbeitern, die Verpackungskosten zu kontrollieren, ohne die Produktsicherheit zu beeintr\u00e4chtigen.<\/li>\n\n\n\n<li><strong>OEM-Anpassung von einem zuverl\u00e4ssigen Lieferanten<\/strong><br>Als professioneller Anbieter von Rollenware unterst\u00fctzen wir OEM-Kundenanpassungen, einschlie\u00dflich Rollenbreite, Folienstruktur, Oberfl\u00e4chenbeschaffenheit, Fensterdesign und hochwertigem Druck, um die unterschiedlichsten Anforderungen an Nussverpackungen zu erf\u00fcllen.<\/li>\n<\/ul>\n<\/div>\n\n\n\n<div class=\"wp-block-column is-layout-flow wp-block-column-is-layout-flow\">\n<figure class=\"wp-block-image size-full\"><img decoding=\"async\" width=\"800\" height=\"800\" src=\"https:\/\/www.zkprintpack.com\/wp-content\/uploads\/2026\/01\/Bulk-Nuts-Packaging-Film-Roll-for-VFFS-HFFS.webp\" alt=\"Sch\u00fcttgut-Verpackungsfolienrolle f\u00fcr VFFS HFFS\" class=\"wp-image-2526\" srcset=\"https:\/\/www.zkprintpack.com\/wp-content\/uploads\/2026\/01\/Bulk-Nuts-Packaging-Film-Roll-for-VFFS-HFFS.webp 800w, https:\/\/www.zkprintpack.com\/wp-content\/uploads\/2026\/01\/Bulk-Nuts-Packaging-Film-Roll-for-VFFS-HFFS-150x150.webp 150w, https:\/\/www.zkprintpack.com\/wp-content\/uploads\/2026\/01\/Bulk-Nuts-Packaging-Film-Roll-for-VFFS-HFFS-768x768.webp 768w, https:\/\/www.zkprintpack.com\/wp-content\/uploads\/2026\/01\/Bulk-Nuts-Packaging-Film-Roll-for-VFFS-HFFS-12x12.webp 12w, https:\/\/www.zkprintpack.com\/wp-content\/uploads\/2026\/01\/Bulk-Nuts-Packaging-Film-Roll-for-VFFS-HFFS-600x600.webp 600w, https:\/\/www.zkprintpack.com\/wp-content\/uploads\/2026\/01\/Bulk-Nuts-Packaging-Film-Roll-for-VFFS-HFFS-300x300.webp 300w, https:\/\/www.zkprintpack.com\/wp-content\/uploads\/2026\/01\/Bulk-Nuts-Packaging-Film-Roll-for-VFFS-HFFS-100x100.webp 100w\" sizes=\"(max-width: 800px) 100vw, 800px\" \/><\/figure>\n<\/div>\n<\/div>","protected":false},"excerpt":{"rendered":"<p>Willkommen beim Kauf von Nussverpackungsfolienrollen f\u00fcr VFFS- und HFFS-Systeme. Lieferant f\u00fcr hochbarrieref\u00e4hige Rollenware, die Sauerstoff- und Feuchtigkeitsschutz, stabile Maschinenleistung und OEM-Anpassung f\u00fcr gro\u00dfvolumige Nussverpackungsprojekte bietet.<\/p>\n<h2>Parameter der Sch\u00fcttgut-Verpackungsfolienrolle f\u00fcr N\u00fcsse<\/h2>\n<ul>\n<li><strong>Material:<\/strong>\u00a0PET\/PE, PET\/NY\/PE, PET\/AL\/NY\/PE, usw.<\/li>\n<li><strong>Tasche Typ<\/strong>: <strong>Rollenmaterial<\/strong><\/li>\n<li><strong>Gr\u00f6\u00dfe<\/strong>: Benutzerdefiniert<\/li>\n<li><strong>Individuelle Bestellung<\/strong>: Akzeptieren Sie OEM &amp; ODM<\/li>\n<li><strong>Kostenlose Probe<\/strong>: Unterst\u00fctzung<\/li>\n<li><strong>Verwendung<\/strong>: Snacks, Lebensmittel, S\u00fc\u00dfigkeiten und andere<\/li>\n<li><strong>Farbe<\/strong>: Kann angepasst werden<\/li>\n<li><strong>Zielm\u00e4rkte<\/strong>: \u00dcberall auf der Welt<\/li>\n<\/ul>","protected":false},"featured_media":2526,"comment_status":"closed","ping_status":"closed","template":"","meta":{"_acf_changed":false},"market":[63],"product_brand":[],"product_cat":[57],"product_tag":[],"class_list":{"0":"post-2525","1":"product","2":"type-product","3":"status-publish","4":"has-post-thumbnail","6":"market-nuts-packaging-supplier","7":"product_cat-rollstock-film-supplier","9":"first","10":"instock","11":"shipping-taxable","12":"product-type-simple"},"acf":[],"_links":{"self":[{"href":"https:\/\/www.zkprintpack.com\/de\/wp-json\/wp\/v2\/product\/2525","targetHints":{"allow":["GET"]}}],"collection":[{"href":"https:\/\/www.zkprintpack.com\/de\/wp-json\/wp\/v2\/product"}],"about":[{"href":"https:\/\/www.zkprintpack.com\/de\/wp-json\/wp\/v2\/types\/product"}],"replies":[{"embeddable":true,"href":"https:\/\/www.zkprintpack.com\/de\/wp-json\/wp\/v2\/comments?post=2525"}],"wp:featuredmedia":[{"embeddable":true,"href":"https:\/\/www.zkprintpack.com\/de\/wp-json\/wp\/v2\/media\/2526"}],"wp:attachment":[{"href":"https:\/\/www.zkprintpack.com\/de\/wp-json\/wp\/v2\/media?parent=2525"}],"wp:term":[{"taxonomy":"market","embeddable":true,"href":"https:\/\/www.zkprintpack.com\/de\/wp-json\/wp\/v2\/market?post=2525"},{"taxonomy":"product_brand","embeddable":true,"href":"https:\/\/www.zkprintpack.com\/de\/wp-json\/wp\/v2\/product_brand?post=2525"},{"taxonomy":"product_cat","embeddable":true,"href":"https:\/\/www.zkprintpack.com\/de\/wp-json\/wp\/v2\/product_cat?post=2525"},{"taxonomy":"product_tag","embeddable":true,"href":"https:\/\/www.zkprintpack.com\/de\/wp-json\/wp\/v2\/product_tag?post=2525"}],"curies":[{"name":"wp","href":"https:\/\/api.w.org\/{rel}","templated":true}]}}